{"id":156,"date":"2023-03-02T11:06:08","date_gmt":"2023-03-02T14:06:08","guid":{"rendered":"https:\/\/www2.uepg.br\/testeppgagro\/?page_id=156"},"modified":"2024-09-23T10:46:58","modified_gmt":"2024-09-23T13:46:58","slug":"regulamentos","status":"publish","type":"page","link":"https:\/\/www2.uepg.br\/ppgagro\/regulamentos\/","title":{"rendered":"Regulamentos"},"content":{"rendered":"<div id=\"pl-156\"  class=\"panel-layout\" ><div id=\"pg-156-0\"  class=\"panel-grid panel-no-style\" ><div id=\"pgc-156-0-0\"  class=\"panel-grid-cell\" ><div id=\"panel-156-0-0-0\" class=\"so-panel widget widget_sow-editor panel-first-child panel-last-child\" data-index=\"0\" ><div\n\t\t\t\n\t\t\tclass=\"so-widget-sow-editor so-widget-sow-editor-base\"\n\t\t\t\n\t\t>\n<div class=\"siteorigin-widget-tinymce textwidget\">\n\t<p data-wp-editing=\"1\"><a href=\"https:\/\/www2.uepg.br\/ppgagro\/wp-content\/uploads\/sites\/276\/2024\/09\/resolucao-cepe-021-2016-regulamento-do-estagio-de-docencia-de-discentes-dos-cursos-ppg-stricto-sensu.pdf\"><img loading=\"lazy\" class=\"size-full wp-image-331 alignleft\" src=\"https:\/\/www2.uepg.br\/testeppgagro\/wp-content\/uploads\/sites\/276\/2023\/04\/pdf.png\" alt=\"\" width=\"52\" height=\"52\" \/><strong>Resolu\u00e7\u00e3o CEPE N\u00ba 021 de 19 de julho de 2016<\/strong><\/a><\/p>\n<p>Regulamento do est\u00e1gio de doc\u00eancia de discentes dos cursos de p\u00f3s-gradua\u00e7\u00e3o stricto sensu, da UEPG.<\/p>\n<\/div>\n<\/div><\/div><\/div><div id=\"pgc-156-0-1\"  class=\"panel-grid-cell\" ><div id=\"panel-156-0-1-0\" class=\"so-panel widget widget_sow-editor panel-first-child panel-last-child\" data-index=\"1\" ><div\n\t\t\t\n\t\t\tclass=\"so-widget-sow-editor so-widget-sow-editor-base\"\n\t\t\t\n\t\t>\n<div class=\"siteorigin-widget-tinymce textwidget\">\n\t<p><a href=\"https:\/\/www2.uepg.br\/ppgagro\/wp-content\/uploads\/sites\/276\/2024\/09\/resolucao-cepe-021-2016-regulamento-do-estagio-de-docencia-de-discentes-dos-cursos-ppg-stricto-sensu-1.pdf\"><img loading=\"lazy\" class=\"size-full wp-image-331 alignleft\" src=\"https:\/\/www2.uepg.br\/testeppgagro\/wp-content\/uploads\/sites\/276\/2023\/04\/pdf.png\" alt=\"\" width=\"52\" height=\"52\" \/><strong>Resolu\u00e7\u00e3o CEPE N\u00ba 021 de 19 de julho de 2016<\/strong><\/a><\/p>\n<p>Regulamento do est\u00e1gio de doc\u00eancia de discentes dos cursos de p\u00f3s-gradua\u00e7\u00e3o stricto sensu, da UEPG.<\/p>\n<p>&nbsp;<\/p>\n<\/div>\n<\/div><\/div><\/div><div id=\"pgc-156-0-2\"  class=\"panel-grid-cell\" ><div id=\"panel-156-0-2-0\" class=\"so-panel widget widget_sow-editor panel-first-child panel-last-child\" data-index=\"2\" ><div\n\t\t\t\n\t\t\tclass=\"so-widget-sow-editor so-widget-sow-editor-base\"\n\t\t\t\n\t\t>\n<div class=\"siteorigin-widget-tinymce textwidget\">\n\t<p><a href=\"https:\/\/www2.uepg.br\/ppgagro\/wp-content\/uploads\/sites\/276\/2024\/09\/RESOLUCAO_CEPE_N2020.8.pdf\"><img loading=\"lazy\" class=\"size-full wp-image-331 alignleft\" src=\"https:\/\/www2.uepg.br\/testeppgagro\/wp-content\/uploads\/sites\/276\/2023\/04\/pdf.png\" alt=\"\" width=\"52\" height=\"52\" \/><\/a><a href=\"https:\/\/www2.uepg.br\/ppgagro\/wp-content\/uploads\/sites\/276\/2024\/09\/RESOLUCAO_CEPE_N2020.8.pdf\"><strong>Resolu\u00e7\u00e3o CEPE N\u00ba 2020.8<\/strong><\/a><\/p>\n<p>Regulamento do Programa de P\u00f3s-Gradua\u00e7\u00e3o Stricto Sensu em Agronomia - Cursos de Mestrado e Doutorado da UEPG.<\/p>\n<\/div>\n<\/div><\/div><\/div><\/div><div id=\"pg-156-1\"  class=\"panel-grid panel-no-style\" ><div id=\"pgc-156-1-0\"  class=\"panel-grid-cell\" ><div id=\"panel-156-1-0-0\" class=\"so-panel widget widget_sow-editor panel-first-child panel-last-child\" data-index=\"3\" ><div\n\t\t\t\n\t\t\tclass=\"so-widget-sow-editor so-widget-sow-editor-base\"\n\t\t\t\n\t\t>\n<div class=\"siteorigin-widget-tinymce textwidget\">\n\t<p><a href=\"https:\/\/www2.uepg.br\/ppgagro\/wp-content\/uploads\/sites\/276\/2024\/09\/Regimento_N01_2019_PPG-AGRO.pdf\"><img loading=\"lazy\" class=\"size-full wp-image-331 alignleft\" src=\"https:\/\/www2.uepg.br\/testeppgagro\/wp-content\/uploads\/sites\/276\/2023\/04\/pdf.png\" alt=\"\" width=\"52\" height=\"52\" \/><strong>Regimento N\u00ba 01_2019 PPG-AGRO<\/strong><\/a><\/p>\n<p>Crit\u00e9rios de credenciamento, recredenciamento e descredenciamento de docentes no \u00e2mbito do Programa de P\u00f3s-Gradua\u00e7\u00e3o em Agronomia da UEPG.<\/p>\n<\/div>\n<\/div><\/div><\/div><div id=\"pgc-156-1-1\"  class=\"panel-grid-cell\" ><div id=\"panel-156-1-1-0\" class=\"so-panel widget widget_sow-editor panel-first-child panel-last-child\" data-index=\"4\" ><div\n\t\t\t\n\t\t\tclass=\"so-widget-sow-editor so-widget-sow-editor-base\"\n\t\t\t\n\t\t>\n<div class=\"siteorigin-widget-tinymce textwidget\">\n\t<p><a href=\"https:\/\/www2.uepg.br\/ppgagro\/wp-content\/uploads\/sites\/276\/2024\/09\/Resolucao_CEPE_N20_2016.pdf\"><img loading=\"lazy\" class=\"size-full wp-image-331 alignleft\" src=\"https:\/\/www2.uepg.br\/testeppgagro\/wp-content\/uploads\/sites\/276\/2023\/04\/pdf.png\" alt=\"\" width=\"52\" height=\"52\" \/><strong>Resolu\u00e7\u00e3o CEPE N\u00ba 030_2016<\/strong><\/a><\/p>\n<p>Regulamento Geral dos PPG Stricto Sensu da UEPG.<\/p>\n<\/div>\n<\/div><\/div><\/div><div id=\"pgc-156-1-2\"  class=\"panel-grid-cell\" ><div id=\"panel-156-1-2-0\" class=\"so-panel widget widget_sow-editor panel-first-child panel-last-child\" data-index=\"5\" ><div\n\t\t\t\n\t\t\tclass=\"so-widget-sow-editor so-widget-sow-editor-base\"\n\t\t\t\n\t\t>\n<div class=\"siteorigin-widget-tinymce textwidget\">\n\t<p><a href=\"https:\/\/www2.uepg.br\/ppgagro\/wp-content\/uploads\/sites\/276\/2024\/09\/RESOLUCAO_CEPE_N2020.7-1.pdf\"><img loading=\"lazy\" class=\"size-full wp-image-331 alignleft\" src=\"https:\/\/www2.uepg.br\/testeppgagro\/wp-content\/uploads\/sites\/276\/2023\/04\/pdf.png\" alt=\"\" width=\"52\" height=\"52\" \/><strong>Resolu\u00e7\u00e3o CEPE N\u00ba 2020.7<\/strong><\/a><\/p>\n<p>Resolu\u00e7\u00e3o Complementar ao Regulamento geral dos PPG Stricto Sensu da UEPG.<\/p>\n<\/div>\n<\/div><\/div><\/div><\/div><div id=\"pg-156-2\"  class=\"panel-grid panel-no-style\" ><div id=\"pgc-156-2-0\"  class=\"panel-grid-cell\" ><div id=\"panel-156-2-0-0\" class=\"so-panel widget widget_sow-editor panel-first-child panel-last-child\" data-index=\"6\" ><div\n\t\t\t\n\t\t\tclass=\"so-widget-sow-editor so-widget-sow-editor-base\"\n\t\t\t\n\t\t>\n<div class=\"siteorigin-widget-tinymce textwidget\">\n\t<p><a href=\"https:\/\/www2.uepg.br\/ppgagro\/wp-content\/uploads\/sites\/276\/2024\/09\/resolucao-cepe-30-2016-odt.pdf\"><img loading=\"lazy\" class=\"size-full wp-image-331 alignleft\" src=\"https:\/\/www2.uepg.br\/testeppgagro\/wp-content\/uploads\/sites\/276\/2023\/04\/pdf.png\" alt=\"\" width=\"52\" height=\"52\" \/><\/a><a href=\"https:\/\/www2.uepg.br\/ppgagro\/wp-content\/uploads\/sites\/276\/2024\/09\/resolucao-cepe-30-2016-odt.pdf\"><strong><b>Resolu\u00e7\u00e3o CEPE N\u00ba 030_2016<\/b><\/strong><\/a><\/p>\n<p>Regulamento de orienta\u00e7\u00e3o de disserta\u00e7\u00e3o de mestrado e de tese de doutorado nos Programas de P\u00f3s-Gradua\u00e7\u00e3o Stricto Sensu da UEPG, como atividade de ensino.<\/p>\n<p>&nbsp;<\/p>\n<\/div>\n<\/div><\/div><\/div><div id=\"pgc-156-2-1\"  class=\"panel-grid-cell panel-grid-cell-empty panel-grid-cell-mobile-last\" ><\/div><div id=\"pgc-156-2-2\"  class=\"panel-grid-cell panel-grid-cell-empty\" ><\/div><\/div><\/div>","protected":false},"excerpt":{"rendered":"<p>Resolu\u00e7\u00e3o CEPE N\u00ba 021 de 19 de julho de 2016 Regulamento do est\u00e1gio de doc\u00eancia de discentes dos cursos de p\u00f3s-gradua\u00e7\u00e3o stricto sensu, da UEPG. Resolu\u00e7\u00e3o CEPE N\u00ba 021 de 19 de julho de 2016 Regulamento do est\u00e1gio de doc\u00eancia de discentes dos cursos de p\u00f3s-gradua\u00e7\u00e3o stricto sensu, da UEPG. &nbsp; Resolu\u00e7\u00e3o CEPE N\u00ba 2020.8&nbsp;&hellip;<\/p>\n","protected":false},"author":582,"featured_media":0,"parent":0,"menu_order":0,"comment_status":"closed","ping_status":"closed","template":"","meta":[],"_links":{"self":[{"href":"https:\/\/www2.uepg.br\/ppgagro\/wp-json\/wp\/v2\/pages\/156"}],"collection":[{"href":"https:\/\/www2.uepg.br\/ppgagro\/wp-json\/wp\/v2\/pages"}],"about":[{"href":"https:\/\/www2.uepg.br\/ppgagro\/wp-json\/wp\/v2\/types\/page"}],"author":[{"embeddable":true,"href":"https:\/\/www2.uepg.br\/ppgagro\/wp-json\/wp\/v2\/users\/582"}],"replies":[{"embeddable":true,"href":"https:\/\/www2.uepg.br\/ppgagro\/wp-json\/wp\/v2\/comments?post=156"}],"version-history":[{"count":29,"href":"https:\/\/www2.uepg.br\/ppgagro\/wp-json\/wp\/v2\/pages\/156\/revisions"}],"predecessor-version":[{"id":1220,"href":"https:\/\/www2.uepg.br\/ppgagro\/wp-json\/wp\/v2\/pages\/156\/revisions\/1220"}],"wp:attachment":[{"href":"https:\/\/www2.uepg.br\/ppgagro\/wp-json\/wp\/v2\/media?parent=156"}],"curies":[{"name":"wp","href":"https:\/\/api.w.org\/{rel}","templated":true}]}}