{"id":158,"date":"2023-03-02T11:06:08","date_gmt":"2023-03-02T14:06:08","guid":{"rendered":"https:\/\/www2.uepg.br\/testeppgagro\/?page_id=158"},"modified":"2026-02-06T13:43:37","modified_gmt":"2026-02-06T16:43:37","slug":"outros","status":"publish","type":"page","link":"https:\/\/www2.uepg.br\/ppgagro\/outros\/","title":{"rendered":"Outros"},"content":{"rendered":"<div id=\"pl-158\"  class=\"panel-layout\" ><div id=\"pg-158-0\"  class=\"panel-grid panel-no-style\" ><div id=\"pgc-158-0-0\"  class=\"panel-grid-cell\" ><div id=\"panel-158-0-0-0\" class=\"so-panel widget widget_siteorigin-panels-builder panel-first-child panel-last-child\" data-index=\"0\" ><div id=\"pl-w685d87fa21cc9\"  class=\"panel-layout\" ><div id=\"pg-w685d87fa21cc9-0\"  class=\"panel-grid panel-no-style\" ><div id=\"pgc-w685d87fa21cc9-0-0\"  class=\"panel-grid-cell\" ><div id=\"panel-w685d87fa21cc9-0-0-0\" class=\"so-panel widget widget_sow-editor panel-first-child panel-last-child\" data-index=\"0\" ><div\n\t\t\t\n\t\t\tclass=\"so-widget-sow-editor so-widget-sow-editor-base\"\n\t\t\t\n\t\t>\n<div class=\"siteorigin-widget-tinymce textwidget\">\n\t<p><img loading=\"lazy\" class=\"alignnone size-full wp-image-331\" src=\"https:\/\/www2.uepg.br\/ppgagro\/wp-content\/uploads\/sites\/276\/2023\/04\/pdf.png\" alt=\"\" width=\"52\" height=\"52\" \/><a href=\"https:\/\/www2.uepg.br\/ppgagro\/wp-content\/uploads\/sites\/276\/2025\/06\/calendario-2025_2_ppagro.pdf\">Calend\u00e1rio 2\u00ba semestre de 2025<\/a><\/p>\n<p>Calend\u00e1rio do segundo semestre letivo de 2025 do Programa de P\u00f3s-Gradua\u00e7\u00e3o em Agronomia.<\/p>\n<\/div>\n<\/div><\/div><\/div><\/div><\/div><\/div><\/div><div id=\"pgc-158-0-1\"  class=\"panel-grid-cell panel-grid-cell-mobile-last\" ><div id=\"panel-158-0-1-0\" class=\"so-panel widget widget_sow-editor panel-first-child panel-last-child\" data-index=\"1\" ><div\n\t\t\t\n\t\t\tclass=\"so-widget-sow-editor so-widget-sow-editor-base\"\n\t\t\t\n\t\t>\n<div class=\"siteorigin-widget-tinymce textwidget\">\n\t<p data-wp-editing=\"1\"><a href=\"https:\/\/www2.uepg.br\/ppgagro\/wp-content\/uploads\/sites\/276\/2026\/02\/calendario-2026_1_ppagro-1.pdf\"><img loading=\"lazy\" class=\"alignleft wp-image-331 size-full\" src=\"https:\/\/www2.uepg.br\/ppgagro\/wp-content\/uploads\/sites\/276\/2023\/04\/pdf.png\" alt=\"\" width=\"52\" height=\"52\" \/><\/a><a href=\"https:\/\/www2.uepg.br\/ppgagro\/wp-content\/uploads\/sites\/276\/2026\/02\/calendario-2026_1_ppagro-1.pdf\">Calendario: 1\u00ba semestre de 2026<\/a><\/p>\n<p data-wp-editing=\"1\">Calend\u00e1rio do primeiro semestre do ano letivo de 2026 do Programa de P\u00f3s-Gradua\u00e7\u00e3o em Agronomia<\/p>\n<\/div>\n<\/div><\/div><\/div><div id=\"pgc-158-0-2\"  class=\"panel-grid-cell panel-grid-cell-empty\" ><\/div><\/div><div id=\"pg-158-1\"  class=\"panel-grid panel-no-style\" ><div id=\"pgc-158-1-0\"  class=\"panel-grid-cell\" ><div id=\"panel-158-1-0-0\" class=\"so-panel widget widget_sow-editor panel-first-child panel-last-child\" data-index=\"2\" ><div\n\t\t\t\n\t\t\tclass=\"so-widget-sow-editor so-widget-sow-editor-base\"\n\t\t\t\n\t\t>\n<div class=\"siteorigin-widget-tinymce textwidget\">\n\t<p data-wp-editing=\"1\"><a href=\"https:\/\/www2.uepg.br\/ppgagro\/wp-content\/uploads\/sites\/276\/2024\/09\/manual-de-normalizaa-a-o-5-ed-2023-3-.pdf\"><img loading=\"lazy\" class=\"size-full wp-image-331 alignleft\" src=\"https:\/\/www2.uepg.br\/testeppgagro\/wp-content\/uploads\/sites\/276\/2023\/04\/pdf.png\" alt=\"\" width=\"52\" height=\"52\" \/><strong>Manual de Normaliza\u00e7\u00e3o bibliogr\u00e1fica 5 ed 2023<\/strong><\/a><\/p>\n<p data-wp-editing=\"1\">Manual de normaliza\u00e7\u00e3o bibliogr\u00e1fica para trabalhos cient\u00edficos da Universidade Estadual de Ponta Grossa - 4\u00b0 Edi\u00e7\u00e3o<\/p>\n<p data-wp-editing=\"1\">\n<\/div>\n<\/div><\/div><\/div><div id=\"pgc-158-1-1\"  class=\"panel-grid-cell\" ><div id=\"panel-158-1-1-0\" class=\"so-panel widget widget_sow-editor panel-first-child panel-last-child\" data-index=\"3\" ><div\n\t\t\t\n\t\t\tclass=\"so-widget-sow-editor so-widget-sow-editor-base\"\n\t\t\t\n\t\t>\n<div class=\"siteorigin-widget-tinymce textwidget\">\n\t<p data-wp-editing=\"1\"><a href=\"http:\/\/Calend\u00e1rio do ano letivo de 2023 do Programa de P\u00f3s-Gradua\u00e7\u00e3o em Agronomia\"><img loading=\"lazy\" class=\"size-full wp-image-331 alignleft\" src=\"https:\/\/www2.uepg.br\/testeppgagro\/wp-content\/uploads\/sites\/276\/2023\/04\/pdf.png\" alt=\"\" width=\"52\" height=\"52\" \/><\/a><a href=\"https:\/\/www2.uepg.br\/ppgagro\/wp-content\/uploads\/sites\/276\/2024\/12\/calendario-2025_1_ppagro.pdf\">calendario 1\u00ba semestre de 2025<\/a><\/p>\n<p data-wp-editing=\"1\">Calend\u00e1rio do primeiro semestre do ano letivo de 2025 do Programa de P\u00f3s-Gradua\u00e7\u00e3o em Agronomia<\/p>\n<\/div>\n<\/div><\/div><\/div><div id=\"pgc-158-1-2\"  class=\"panel-grid-cell\" ><div id=\"panel-158-1-2-0\" class=\"so-panel widget widget_sow-editor panel-first-child panel-last-child\" data-index=\"4\" ><div\n\t\t\t\n\t\t\tclass=\"so-widget-sow-editor so-widget-sow-editor-base\"\n\t\t\t\n\t\t>\n<div class=\"siteorigin-widget-tinymce textwidget\">\n\t<p data-wp-editing=\"1\"><a href=\"https:\/\/www2.uepg.br\/ppgagro\/wp-content\/uploads\/sites\/276\/2024\/09\/calendario2022-ppagro-1.pdf\"><img loading=\"lazy\" class=\"size-full wp-image-331 alignleft\" src=\"https:\/\/www2.uepg.br\/testeppgagro\/wp-content\/uploads\/sites\/276\/2023\/04\/pdf.png\" alt=\"\" width=\"52\" height=\"52\" \/><strong><b>Calend\u00e1rio 2022<\/b><\/strong><\/a><\/p>\n<p data-wp-editing=\"1\">Calend\u00e1rio do ano letivo de 2022 do Programa de P\u00f3s-Gradua\u00e7\u00e3o em Agronomia<\/p>\n<\/div>\n<\/div><\/div><\/div><\/div><div id=\"pg-158-2\"  class=\"panel-grid panel-no-style\" ><div id=\"pgc-158-2-0\"  class=\"panel-grid-cell\" ><div id=\"panel-158-2-0-0\" class=\"so-panel widget widget_sow-editor panel-first-child panel-last-child\" data-index=\"5\" ><div\n\t\t\t\n\t\t\tclass=\"so-widget-sow-editor so-widget-sow-editor-base\"\n\t\t\t\n\t\t>\n<div class=\"siteorigin-widget-tinymce textwidget\">\n\t<p data-wp-editing=\"1\"><a href=\"https:\/\/www2.uepg.br\/ppgagro\/wp-content\/uploads\/sites\/276\/2024\/09\/20220201-protocolo-2a-edicao-2022-nao-ilustrado-1.pdf\"><img loading=\"lazy\" class=\"size-full wp-image-331 alignleft\" src=\"https:\/\/www2.uepg.br\/testeppgagro\/wp-content\/uploads\/sites\/276\/2023\/04\/pdf.png\" alt=\"\" width=\"52\" height=\"52\" \/><strong>Protocolo de Biosseguran\u00e7a da UEPG - 2a edi\u00e7\u00e3o - fevereiro 2022<\/strong><\/a><\/p>\n<p data-wp-editing=\"1\">Orienta\u00e7\u00f5es e diretrizes destinadas a TODOS OS USU\u00c1RIOS dos campi e demais instala\u00e7\u00f5es da UEPG<\/p>\n<p data-wp-editing=\"1\">\n<\/div>\n<\/div><\/div><\/div><div id=\"pgc-158-2-1\"  class=\"panel-grid-cell\" ><div id=\"panel-158-2-1-0\" class=\"so-panel widget widget_sow-editor panel-first-child panel-last-child\" data-index=\"6\" ><div\n\t\t\t\n\t\t\tclass=\"so-widget-sow-editor so-widget-sow-editor-base\"\n\t\t\t\n\t\t>\n<div class=\"siteorigin-widget-tinymce textwidget\">\n\t<p data-wp-editing=\"1\"><a href=\"https:\/\/www2.uepg.br\/ppgagro\/wp-content\/uploads\/sites\/276\/2024\/09\/autoavaliaci-ai-o-ppgagro-uepg2021-final.pdf\"><img loading=\"lazy\" class=\"size-full wp-image-331 alignleft\" src=\"https:\/\/www2.uepg.br\/testeppgagro\/wp-content\/uploads\/sites\/276\/2023\/04\/pdf.png\" alt=\"\" width=\"52\" height=\"52\" \/><strong>AUTOAVALIA\u00c7\u00c3O DO PPG-Agro\/UEPG<\/strong><\/a><\/p>\n<p data-wp-editing=\"1\">Avalia\u00e7\u00e3o realizada em 2021<\/p>\n<\/div>\n<\/div><\/div><\/div><div id=\"pgc-158-2-2\"  class=\"panel-grid-cell\" ><div id=\"panel-158-2-2-0\" class=\"so-panel widget widget_sow-editor panel-first-child panel-last-child\" data-index=\"7\" ><div\n\t\t\t\n\t\t\tclass=\"so-widget-sow-editor so-widget-sow-editor-base\"\n\t\t\t\n\t\t>\n<div class=\"siteorigin-widget-tinymce textwidget\">\n\t<p data-wp-editing=\"1\"><a href=\"https:\/\/www2.uepg.br\/ppgagro\/outros\/\"><img loading=\"lazy\" class=\"size-full wp-image-331 alignleft\" src=\"https:\/\/www2.uepg.br\/testeppgagro\/wp-content\/uploads\/sites\/276\/2023\/04\/pdf.png\" alt=\"\" width=\"52\" height=\"52\" \/><strong>PROJETO PEDAG\u00d3GICO DO PPG-Agro<\/strong><\/a><\/p>\n<p data-wp-editing=\"1\">edi\u00e7\u00e3o 2021<\/p>\n<\/div>\n<\/div><\/div><\/div><\/div><div id=\"pg-158-3\"  class=\"panel-grid panel-no-style\" ><div id=\"pgc-158-3-0\"  class=\"panel-grid-cell\" ><div id=\"panel-158-3-0-0\" class=\"so-panel widget widget_sow-editor panel-first-child panel-last-child\" data-index=\"8\" ><div\n\t\t\t\n\t\t\tclass=\"so-widget-sow-editor so-widget-sow-editor-base\"\n\t\t\t\n\t\t>\n<div class=\"siteorigin-widget-tinymce textwidget\">\n\t<p data-wp-editing=\"1\"><a href=\"https:\/\/www2.uepg.br\/ppgagro\/outros\/\"><img loading=\"lazy\" class=\"size-full wp-image-331 alignleft\" src=\"https:\/\/www2.uepg.br\/testeppgagro\/wp-content\/uploads\/sites\/276\/2023\/04\/pdf.png\" alt=\"\" width=\"52\" height=\"52\" \/><strong>PLANEJAMENTO ESTRAT\u00c9GICO DO PPG-Agro<\/strong><\/a><\/p>\n<p data-wp-editing=\"1\">edi\u00e7\u00e3o 2021<\/p>\n<p data-wp-editing=\"1\">\n<\/div>\n<\/div><\/div><\/div><div id=\"pgc-158-3-1\"  class=\"panel-grid-cell\" ><div id=\"panel-158-3-1-0\" class=\"so-panel widget widget_sow-editor panel-first-child panel-last-child\" data-index=\"9\" ><div\n\t\t\t\n\t\t\tclass=\"so-widget-sow-editor so-widget-sow-editor-base\"\n\t\t\t\n\t\t>\n<div class=\"siteorigin-widget-tinymce textwidget\">\n\t<p data-wp-editing=\"1\"><a href=\"https:\/\/www2.uepg.br\/ppgagro\/wp-content\/uploads\/sites\/276\/2024\/09\/questionai-rio-auto-avaliaci-ai-o-poi-s-graduaci-ai-o-agronomia-uepg-formulai-rios-google.pdf\"><img loading=\"lazy\" class=\"size-full wp-image-331 alignleft\" src=\"https:\/\/www2.uepg.br\/testeppgagro\/wp-content\/uploads\/sites\/276\/2023\/04\/pdf.png\" alt=\"\" width=\"52\" height=\"52\" \/><\/a><a href=\"https:\/\/docs.google.com\/forms\/d\/1M8hfqPjG0ytxA3cdRSGFcPwqxzrCa4MDmfhSE-cLR7k\/prefill\">Question\u00e1rio para Autoavalia\u00e7\u00e3o do Programa de P\u00f3s-gradua\u00e7\u00e3o em Agronomia da UEPG<\/a><\/p>\n<p data-wp-editing=\"1\">edi\u00e7\u00e3o 2025<\/p>\n<p data-wp-editing=\"1\">\n<\/div>\n<\/div><\/div><\/div><div id=\"pgc-158-3-2\"  class=\"panel-grid-cell\" ><div id=\"panel-158-3-2-0\" class=\"so-panel widget widget_sow-editor panel-first-child panel-last-child\" data-index=\"10\" ><div\n\t\t\t\n\t\t\tclass=\"so-widget-sow-editor so-widget-sow-editor-base\"\n\t\t\t\n\t\t>\n<div class=\"siteorigin-widget-tinymce textwidget\">\n\t<p data-wp-editing=\"1\"><a href=\"https:\/\/www2.uepg.br\/ppgagro\/wp-content\/uploads\/sites\/276\/2024\/09\/informe-calendario-ppg-agro-2021-1-.pdf\"><img loading=\"lazy\" class=\"size-full wp-image-331 alignleft\" src=\"https:\/\/www2.uepg.br\/testeppgagro\/wp-content\/uploads\/sites\/276\/2023\/04\/pdf.png\" alt=\"\" width=\"52\" height=\"52\" \/><strong>Calend\u00e1rio 2021<\/strong><\/a><\/p>\n<p data-wp-editing=\"1\">Calend\u00e1rio do ano letivo de 2021 do Programa de P\u00f3s-Gradua\u00e7\u00e3o em Agronomia.<\/p>\n<p data-wp-editing=\"1\">\n<\/div>\n<\/div><\/div><\/div><\/div><div id=\"pg-158-4\"  class=\"panel-grid panel-no-style\" ><div id=\"pgc-158-4-0\"  class=\"panel-grid-cell\" ><div id=\"panel-158-4-0-0\" class=\"so-panel widget widget_sow-editor panel-first-child panel-last-child\" data-index=\"11\" ><div\n\t\t\t\n\t\t\tclass=\"so-widget-sow-editor so-widget-sow-editor-base\"\n\t\t\t\n\t\t>\n<div class=\"siteorigin-widget-tinymce textwidget\">\n\t<p data-wp-editing=\"1\"><a href=\"https:\/\/www2.uepg.br\/ppgagro\/wp-content\/uploads\/sites\/276\/2024\/09\/planilha-distribuici-ai-o-proap-capes-2020.xlsx\"><img loading=\"lazy\" class=\"size-full wp-image-331 alignleft\" src=\"https:\/\/www2.uepg.br\/testeppgagro\/wp-content\/uploads\/sites\/276\/2023\/04\/pdf.png\" alt=\"\" width=\"52\" height=\"52\" \/><\/a><a href=\"https:\/\/www2.uepg.br\/ppgagro\/wp-content\/uploads\/sites\/276\/2025\/03\/Coleta-de-dados-docentes-PPG-Agro.xlsx\">Coleta de dados docentes PPG-Agro<\/a><a href=\"https:\/\/www2.uepg.br\/ppgagro\/wp-content\/uploads\/sites\/276\/2024\/09\/planilha-distribuici-ai-o-proap-capes-2020.xlsx\"><br \/>\n<\/a><\/p>\n<p data-wp-editing=\"1\">\n<\/div>\n<\/div><\/div><\/div><div id=\"pgc-158-4-1\"  class=\"panel-grid-cell\" ><div id=\"panel-158-4-1-0\" class=\"so-panel widget widget_sow-editor panel-first-child panel-last-child\" data-index=\"12\" ><div\n\t\t\t\n\t\t\tclass=\"so-widget-sow-editor so-widget-sow-editor-base\"\n\t\t\t\n\t\t>\n<div class=\"siteorigin-widget-tinymce textwidget\">\n\t<p data-wp-editing=\"1\"><a href=\"https:\/\/www2.uepg.br\/ppgagro\/wp-content\/uploads\/sites\/276\/2024\/09\/planilha-distribuici-ai-o-proap-capes-2020.xlsx\"><img loading=\"lazy\" class=\"size-full wp-image-331 alignleft\" src=\"https:\/\/www2.uepg.br\/testeppgagro\/wp-content\/uploads\/sites\/276\/2023\/04\/pdf.png\" alt=\"\" width=\"52\" height=\"52\" \/><strong>Distribui\u00e7\u00e3o de verba<\/strong><\/a><br \/>\n<a href=\"https:\/\/www2.uepg.br\/ppgagro\/wp-content\/uploads\/sites\/276\/2024\/09\/planilha-distribuici-ai-o-proap-capes-2020.xlsx\"><b>PROAP CAPES<\/b><\/a><\/p>\n<p data-wp-editing=\"1\">\n<\/div>\n<\/div><\/div><\/div><div id=\"pgc-158-4-2\"  class=\"panel-grid-cell\" ><div id=\"panel-158-4-2-0\" class=\"so-panel widget widget_sow-editor panel-first-child panel-last-child\" data-index=\"13\" ><div\n\t\t\t\n\t\t\tclass=\"so-widget-sow-editor so-widget-sow-editor-base\"\n\t\t\t\n\t\t>\n<div class=\"siteorigin-widget-tinymce textwidget\">\n\t<p data-wp-editing=\"1\"><a href=\"https:\/\/www2.uepg.br\/ppgagro\/wp-content\/uploads\/sites\/276\/2024\/09\/ata-reuniai-o-docentes.pdf\"><img loading=\"lazy\" class=\"size-full wp-image-331 alignleft\" src=\"https:\/\/www2.uepg.br\/testeppgagro\/wp-content\/uploads\/sites\/276\/2023\/04\/pdf.png\" alt=\"\" width=\"52\" height=\"52\" \/><\/a><br \/>\n<a href=\"https:\/\/www2.uepg.br\/ppgagro\/wp-content\/uploads\/sites\/276\/2024\/09\/ata-reuniai-o-docentes.pdf\"><b>REUNI\u00c3O DOS DOCENTES DO PPG-Agro\/UEPG<\/b><\/a><\/p>\n<p data-wp-editing=\"1\">\n<\/div>\n<\/div><\/div><\/div><\/div><div id=\"pg-158-5\"  class=\"panel-grid panel-no-style\" ><div id=\"pgc-158-5-0\"  class=\"panel-grid-cell\" ><div id=\"panel-158-5-0-0\" class=\"so-panel widget widget_sow-editor panel-first-child panel-last-child\" data-index=\"14\" ><div\n\t\t\t\n\t\t\tclass=\"so-widget-sow-editor so-widget-sow-editor-base\"\n\t\t\t\n\t\t>\n<div class=\"siteorigin-widget-tinymce textwidget\">\n\t<p><a href=\"https:\/\/www2.uepg.br\/ppgagro\/wp-content\/uploads\/sites\/276\/2024\/09\/atas-reuniai-o-do-colegiado-do-ppg-agro-uepg.pdf\"><strong><img loading=\"lazy\" class=\"size-full wp-image-331 alignleft\" src=\"https:\/\/www2.uepg.br\/testeppgagro\/wp-content\/uploads\/sites\/276\/2023\/04\/pdf.png\" alt=\"\" width=\"52\" height=\"52\" \/><\/strong><\/a><br \/>\n<a href=\"https:\/\/www2.uepg.br\/ppgagro\/wp-content\/uploads\/sites\/276\/2024\/09\/atas-reuniai-o-do-colegiado-do-ppg-agro-uepg.pdf\"><b>REUNI\u00c3O DOS DISCENTES DO PPG-Agro\/UEPG<\/b><\/a><\/p>\n<\/div>\n<\/div><\/div><\/div><div id=\"pgc-158-5-1\"  class=\"panel-grid-cell\" ><div id=\"panel-158-5-1-0\" class=\"so-panel widget widget_sow-editor panel-first-child panel-last-child\" data-index=\"15\" ><div\n\t\t\t\n\t\t\tclass=\"so-widget-sow-editor so-widget-sow-editor-base\"\n\t\t\t\n\t\t>\n<div class=\"siteorigin-widget-tinymce textwidget\">\n\t<p data-wp-editing=\"1\"><a href=\"https:\/\/www2.uepg.br\/ppgagro\/wp-content\/uploads\/sites\/276\/2024\/09\/ficha-recomendacao-40005011006p7.pdf\"><img loading=\"lazy\" class=\"size-full wp-image-331 alignleft\" src=\"https:\/\/www2.uepg.br\/testeppgagro\/wp-content\/uploads\/sites\/276\/2023\/04\/pdf.png\" alt=\"\" width=\"52\" height=\"52\" \/><\/a><b><a href=\"https:\/\/www2.uepg.br\/ppgagro\/wp-content\/uploads\/sites\/276\/2025\/02\/ficha_recomendacao_40005011006P7-2-3.pdf\">Ficha de avalia\u00e7\u00e3o CAPES do Quadri\u00eanio 2017-2020<\/a><\/b><\/p>\n<\/div>\n<\/div><\/div><\/div><div id=\"pgc-158-5-2\"  class=\"panel-grid-cell\" ><div id=\"panel-158-5-2-0\" class=\"so-panel widget widget_sow-editor panel-first-child panel-last-child\" data-index=\"16\" ><div\n\t\t\t\n\t\t\tclass=\"so-widget-sow-editor so-widget-sow-editor-base\"\n\t\t\t\n\t\t>\n<div class=\"siteorigin-widget-tinymce textwidget\">\n\t<p data-wp-editing=\"1\"><a href=\"https:\/\/www2.uepg.br\/ppgagro\/wp-content\/uploads\/sites\/276\/2024\/09\/atas-reuniai-o-do-colegiado-do-ppg-agro-uepg.pdf\"><img loading=\"lazy\" class=\"size-full wp-image-331 alignleft\" src=\"https:\/\/www2.uepg.br\/testeppgagro\/wp-content\/uploads\/sites\/276\/2023\/04\/pdf.png\" alt=\"\" width=\"52\" height=\"52\" \/><strong>Atas<\/strong><\/a><br \/>\n<a href=\"https:\/\/www2.uepg.br\/ppgagro\/wp-content\/uploads\/sites\/276\/2024\/09\/atas-reuniai-o-do-colegiado-do-ppg-agro-uepg.pdf\"><b>REUNI\u00c3O DO COLEGIADO DO PPG-Agro\/UEPG<\/b><\/a><\/p>\n<\/div>\n<\/div><\/div><\/div><\/div><\/div>","protected":false},"excerpt":{"rendered":"<p>Calendario: 1\u00ba semestre de 2026 Calend\u00e1rio do primeiro semestre do ano letivo de 2026 do Programa de P\u00f3s-Gradua\u00e7\u00e3o em Agronomia Manual de Normaliza\u00e7\u00e3o bibliogr\u00e1fica 5 ed 2023 Manual de normaliza\u00e7\u00e3o bibliogr\u00e1fica para trabalhos cient\u00edficos da Universidade Estadual de Ponta Grossa &#8211; 4\u00b0 Edi\u00e7\u00e3o calendario 1\u00ba semestre de 2025 Calend\u00e1rio do primeiro semestre do ano letivo&nbsp;&hellip;<\/p>\n","protected":false},"author":582,"featured_media":0,"parent":0,"menu_order":0,"comment_status":"closed","ping_status":"closed","template":"","meta":[],"_links":{"self":[{"href":"https:\/\/www2.uepg.br\/ppgagro\/wp-json\/wp\/v2\/pages\/158"}],"collection":[{"href":"https:\/\/www2.uepg.br\/ppgagro\/wp-json\/wp\/v2\/pages"}],"about":[{"href":"https:\/\/www2.uepg.br\/ppgagro\/wp-json\/wp\/v2\/types\/page"}],"author":[{"embeddable":true,"href":"https:\/\/www2.uepg.br\/ppgagro\/wp-json\/wp\/v2\/users\/582"}],"replies":[{"embeddable":true,"href":"https:\/\/www2.uepg.br\/ppgagro\/wp-json\/wp\/v2\/comments?post=158"}],"version-history":[{"count":45,"href":"https:\/\/www2.uepg.br\/ppgagro\/wp-json\/wp\/v2\/pages\/158\/revisions"}],"predecessor-version":[{"id":1612,"href":"https:\/\/www2.uepg.br\/ppgagro\/wp-json\/wp\/v2\/pages\/158\/revisions\/1612"}],"wp:attachment":[{"href":"https:\/\/www2.uepg.br\/ppgagro\/wp-json\/wp\/v2\/media?parent=158"}],"curies":[{"name":"wp","href":"https:\/\/api.w.org\/{rel}","templated":true}]}}