{"id":1590,"date":"2026-01-28T10:37:16","date_gmt":"2026-01-28T13:37:16","guid":{"rendered":"https:\/\/www2.uepg.br\/ppgagro\/?page_id=1590"},"modified":"2026-01-28T10:37:16","modified_gmt":"2026-01-28T13:37:16","slug":"ultimos-dias-de-inscricao-mestrado-em-agronomia-ppg-agronomia-uepg","status":"publish","type":"page","link":"https:\/\/www2.uepg.br\/ppgagro\/ultimos-dias-de-inscricao-mestrado-em-agronomia-ppg-agronomia-uepg\/","title":{"rendered":"\u00daltimos dias de inscri\u00e7\u00e3o \u2013 Mestrado em Agronomia (PPG-Agronomia\/UEPG)"},"content":{"rendered":"<p data-start=\"199\" data-end=\"440\">O Programa de P\u00f3s-Gradua\u00e7\u00e3o em Agronomia (PPG-Agronomia) da Universidade Estadual de Ponta Grossa (UEPG) informa que est\u00e3o nos \u00faltimos dias as inscri\u00e7\u00f5es para o processo seletivo do curso de Mestrado, conforme normas estabelecidas em edital.<\/p>\n<p data-start=\"442\" data-end=\"595\">O prazo final para inscri\u00e7\u00e3o \u00e9 <strong data-start=\"473\" data-end=\"500\">01 de fevereiro de 2026<\/strong>, sendo fundamental que os(as) candidatos(as) atentem para os prazos e procedimentos definidos.<\/p>\n<p data-start=\"597\" data-end=\"844\">O <strong data-start=\"599\" data-end=\"620\">Edital n\u00ba 25\/2025<\/strong>, contendo informa\u00e7\u00f5es sobre requisitos, etapas do processo seletivo, n\u00famero de vagas e cronograma, encontra-se dispon\u00edvel no link:<br data-start=\"751\" data-end=\"754\" \/><a class=\"decorated-link\" href=\"https:\/\/www2.uepg.br\/ppgagro\/wp-content\/uploads\/sites\/276\/2025\/11\/edital-25_2025_PDSE_.pdf\" target=\"_new\" rel=\"noopener\" data-start=\"754\" data-end=\"844\">https:\/\/www2.uepg.br\/ppgagro\/wp-content\/uploads\/sites\/276\/2025\/11\/edital-25_2025_PDSE_.pdf<\/a><\/p>\n<p data-start=\"846\" data-end=\"986\">As inscri\u00e7\u00f5es devem ser realizadas <strong data-start=\"881\" data-end=\"917\">exclusivamente pelo sistema ACAD<\/strong>, por meio do endere\u00e7o eletr\u00f4nico:<br data-start=\"951\" data-end=\"954\" \/><a class=\"decorated-link\" href=\"https:\/\/acad.apps.uepg.br\/inicio\" target=\"_new\" rel=\"noopener\" data-start=\"954\" data-end=\"986\">https:\/\/acad.apps.uepg.br\/inicio<\/a><\/p>\n<p data-start=\"988\" data-end=\"1134\">O PPG-Agronomia\/UEPG destaca-se pela qualidade de sua forma\u00e7\u00e3o acad\u00eamica, infraestrutura de pesquisa e atua\u00e7\u00e3o em \u00e1reas estrat\u00e9gicas da Agronomia.<\/p>\n<p data-start=\"1136\" data-end=\"1232\">Recomenda-se a leitura atenta do edital para pleno conhecimento das normas do processo seletivo.<\/p>\n","protected":false},"excerpt":{"rendered":"<p>O Programa de P\u00f3s-Gradua\u00e7\u00e3o em Agronomia (PPG-Agronomia) da Universidade Estadual de Ponta Grossa (UEPG) informa que est\u00e3o nos \u00faltimos dias as inscri\u00e7\u00f5es para o processo seletivo do curso de Mestrado, conforme normas estabelecidas em edital. O prazo final para inscri\u00e7\u00e3o \u00e9 01 de fevereiro de 2026, sendo fundamental que os(as) candidatos(as) atentem para os prazos&nbsp;&hellip;<\/p>\n","protected":false},"author":748,"featured_media":0,"parent":0,"menu_order":0,"comment_status":"closed","ping_status":"closed","template":"","meta":[],"_links":{"self":[{"href":"https:\/\/www2.uepg.br\/ppgagro\/wp-json\/wp\/v2\/pages\/1590"}],"collection":[{"href":"https:\/\/www2.uepg.br\/ppgagro\/wp-json\/wp\/v2\/pages"}],"about":[{"href":"https:\/\/www2.uepg.br\/ppgagro\/wp-json\/wp\/v2\/types\/page"}],"author":[{"embeddable":true,"href":"https:\/\/www2.uepg.br\/ppgagro\/wp-json\/wp\/v2\/users\/748"}],"replies":[{"embeddable":true,"href":"https:\/\/www2.uepg.br\/ppgagro\/wp-json\/wp\/v2\/comments?post=1590"}],"version-history":[{"count":1,"href":"https:\/\/www2.uepg.br\/ppgagro\/wp-json\/wp\/v2\/pages\/1590\/revisions"}],"predecessor-version":[{"id":1591,"href":"https:\/\/www2.uepg.br\/ppgagro\/wp-json\/wp\/v2\/pages\/1590\/revisions\/1591"}],"wp:attachment":[{"href":"https:\/\/www2.uepg.br\/ppgagro\/wp-json\/wp\/v2\/media?parent=1590"}],"curies":[{"name":"wp","href":"https:\/\/api.w.org\/{rel}","templated":true}]}}