{"id":163,"date":"2021-06-07T17:16:19","date_gmt":"2021-06-07T20:16:19","guid":{"rendered":"https:\/\/www2.uepg.br\/ppgb\/?page_id=163"},"modified":"2025-02-08T13:09:57","modified_gmt":"2025-02-08T16:09:57","slug":"contato","status":"publish","type":"page","link":"https:\/\/www2.uepg.br\/ppgb\/contato\/","title":{"rendered":"Contato"},"content":{"rendered":"<h2>Secretaria do Programa de P\u00f3s-Gradua\u00e7\u00e3o em Bioenergia<\/h2>\n<p><strong>Endere\u00e7o<\/strong>:<br \/>\nPrograma de P\u00f3s-gradua\u00e7\u00e3o em Bioenergia (Mestrado e Doutorado)<br \/>\nUniversidade Estadual de Ponta Grossa &#8211; Campus Uvaranas<br \/>\nAv. General Carlos Cavalcanti, 4748 &#8211; Sala 113-A, CIPP<br \/>\nPonta Grossa &#8211; Paran\u00e1<br \/>\nCEP: 84030-900<\/p>\n<p><strong>Telefone <\/strong>: (42) 2102-8118<br \/>\n<strong>E-mail <\/strong>:<span style=\"color: #0000ff\"> bioenergia@uepg.br<\/span><\/p>\n<p><strong>Coordena\u00e7\u00e3o Local UEPG:<\/strong><\/p>\n<ul>\n<li>Prof. Dr. Pedro Henrique Weirich Neto (coordenador)<br \/>\nE-mail: <span style=\"color: #0000ff\">lama1@uepg.br<\/span><\/li>\n<li>Prof.a Dr.a Sandra R. Masetto Antunes (vice-coordenadora)<br \/>\nE-mail: <span style=\"color: #0000ff\">sandrareg@uepg.br<\/span><\/li>\n<\/ul>\n<p><strong>\u00a0Coordena\u00e7\u00e3o Geral da Associa\u00e7\u00e3o em Rede:<\/strong><\/p>\n<ul>\n<li>Prof. Dr. Pedro Henrique Weirich Neto (coordenador)<br \/>\nE-mail: <span style=\"color: #0000ff\">lama1@uepg.br<\/span><\/li>\n<li>Prof. Dr.\u00a0 Andr\u00e9 Lazzarin Gallina (vice-coordenador)<br \/>\nE-mail:\u00a0 <span style=\"color: #0000ff\">andregallina@unicentro.br\u00a0<\/span><\/li>\n<\/ul>\n","protected":false},"excerpt":{"rendered":"<p>Secretaria do Programa de P\u00f3s-Gradua\u00e7\u00e3o em Bioenergia Endere\u00e7o: Programa de P\u00f3s-gradua\u00e7\u00e3o em Bioenergia (Mestrado e Doutorado) Universidade Estadual de Ponta Grossa &#8211; Campus Uvaranas Av. General Carlos Cavalcanti, 4748 &#8211; Sala 113-A, CIPP Ponta Grossa &#8211; Paran\u00e1 CEP: 84030-900 Telefone : (42) 2102-8118 E-mail : bioenergia@uepg.br Coordena\u00e7\u00e3o Local UEPG: Prof. Dr. Pedro Henrique Weirich Neto&nbsp;&hellip;<\/p>\n","protected":false},"author":204,"featured_media":0,"parent":0,"menu_order":0,"comment_status":"closed","ping_status":"closed","template":"","meta":[],"_links":{"self":[{"href":"https:\/\/www2.uepg.br\/ppgb\/wp-json\/wp\/v2\/pages\/163"}],"collection":[{"href":"https:\/\/www2.uepg.br\/ppgb\/wp-json\/wp\/v2\/pages"}],"about":[{"href":"https:\/\/www2.uepg.br\/ppgb\/wp-json\/wp\/v2\/types\/page"}],"author":[{"embeddable":true,"href":"https:\/\/www2.uepg.br\/ppgb\/wp-json\/wp\/v2\/users\/204"}],"replies":[{"embeddable":true,"href":"https:\/\/www2.uepg.br\/ppgb\/wp-json\/wp\/v2\/comments?post=163"}],"version-history":[{"count":10,"href":"https:\/\/www2.uepg.br\/ppgb\/wp-json\/wp\/v2\/pages\/163\/revisions"}],"predecessor-version":[{"id":867,"href":"https:\/\/www2.uepg.br\/ppgb\/wp-json\/wp\/v2\/pages\/163\/revisions\/867"}],"wp:attachment":[{"href":"https:\/\/www2.uepg.br\/ppgb\/wp-json\/wp\/v2\/media?parent=163"}],"curies":[{"name":"wp","href":"https:\/\/api.w.org\/{rel}","templated":true}]}}