{"id":451,"date":"2024-02-09T08:27:14","date_gmt":"2024-02-09T11:27:14","guid":{"rendered":"https:\/\/www2.uepg.br\/ppgb\/?page_id=451"},"modified":"2024-02-09T08:27:14","modified_gmt":"2024-02-09T11:27:14","slug":"area-de-concentracao-e-linhas-de-pesquisa","status":"publish","type":"page","link":"https:\/\/www2.uepg.br\/ppgb\/area-de-concentracao-e-linhas-de-pesquisa\/","title":{"rendered":"\u00c1rea de Concentra\u00e7\u00e3o e Linhas de Pesquisa"},"content":{"rendered":"<p><em><strong><span style=\"color: #333399;font-size: 14pt\">\u00c1rea de Concentra\u00e7\u00e3o<\/span><\/strong><\/em><\/p>\n<p><span style=\"color: #000000;font-size: 12pt\"><strong>BIOENERGIA<\/strong><\/span><\/p>\n<p style=\"text-align: justify\"><span style=\"color: #000000\">Esta \u00a0\u00e1rea abrange todos os aspectos e processos fundamentais da Bioenergia quanto a convers\u00e3o biomassa em energia como: eletricidade, biocombust\u00edveis ou calor, e as energias renov\u00e1veis derivadas da Biomassa; visando formar profissionais que tenham capacidade de atua\u00e7\u00e3o em setores produtivos importantes da sociedade em rela\u00e7\u00e3o a biomassa, materiais, produ\u00e7\u00e3o e armazenamento de energia e sustentabilidade.<\/span><\/p>\n<p>&nbsp;<\/p>\n<p><em><strong><span style=\"color: #333399;font-size: 14pt\">Linhas de Pesquisa<\/span><\/strong><\/em><\/p>\n<p><span style=\"color: #000000\"><strong>1 &#8211; BIOCOMBUST\u00cdVEIS<\/strong><\/span><\/p>\n<p style=\"text-align: justify\"><span style=\"color: #000000\">S\u00e3o derivados de biomassa que podem substituir, parcial ou totalmente, combust\u00edveis derivados de fontes f\u00f3sseis. Nesta linha de pesquisa ser\u00e3o executadas pesquisas quanto a: Sele\u00e7\u00e3o, melhoramento, manejo, produ\u00e7\u00e3o e caracteriza\u00e7\u00e3o de biomassa vegetais e animais convencionais e alternativas quanto a obten\u00e7\u00e3o de biocombust\u00edveis. Pr\u00e9-tratamentos, purifica\u00e7\u00e3o e tratamentos de biomassa e subprodutos, estudo de opera\u00e7\u00f5es unit\u00e1rias, s\u00edntese e otimiza\u00e7\u00e3o de processos, avalia\u00e7\u00e3o e otimiza\u00e7\u00e3o de rotas tecnol\u00f3gicas, produ\u00e7\u00e3o, caracteriza\u00e7\u00e3o e otimiza\u00e7\u00e3o de catalisadores e sele\u00e7\u00e3o e caracteriza\u00e7\u00e3o de processos biol\u00f3gicos para transforma\u00e7\u00e3o de biomassa em biocombust\u00edveis. Qualidade de biocombust\u00edveis quanto a estabilidade, armazenamento, e utiliza\u00e7\u00e3o conforme normas e especifica\u00e7\u00f5es t\u00e9cnicas convencionais e alternativas com uso de t\u00e9cnicas e m\u00e9todos anal\u00edticos convencionais e alternativos e\/ou atrav\u00e9s de testes indiretos pelo desempenho de m\u00e1quinas t\u00e9rmicas. Impactos econ\u00f4micos, sociais e ambientais do uso de biocombust\u00edveis. \u00cdndices de sustentabilidade na cadeia dos biocombust\u00edveis. Sistemas inteligentes na cadeia dos biocombust\u00edveis.<\/span><\/p>\n<p><span style=\"color: #000000\"><strong>2 &#8211; ENERGIAS RENOV\u00c1VEIS<\/strong><\/span><\/p>\n<p style=\"text-align: justify\"><span style=\"color: #000000\">S\u00e3o as energias oriundas da natureza, como: solar, e\u00f3lica, hidrog\u00eanio, geot\u00e9rmica, maremotriz e hidr\u00e1ulica. Nesta linha ser\u00e3o pesquisadas as mat\u00e9rias-primas, tais como corantes naturais, sint\u00e9ticos, pol\u00edmeros condutores flex\u00edveis, vidros condutores, metais, eletr\u00f3litos, biomassa, \u00f3leos, produtos qu\u00edmicos,\u00a0 motores, bombas, reatores, c\u00e9lulas na produ\u00e7\u00e3o, efici\u00eancia energ\u00e9tica e energias renov\u00e1veis derivadas de c\u00e9lulas fotovoltaicas, hidrog\u00eanio, energia e\u00f3lica, maremotriz, sistemas termoel\u00e9tricos ou termo solares; transmiss\u00e3o de energia el\u00e9trica oriunda da matriz de energias renov\u00e1veis. Sistemas inteligentes,\u00a0 sistemas h\u00edbridos, armazenamento e\u00a0 sustentabilidade.<\/span><\/p>\n","protected":false},"excerpt":{"rendered":"<p>\u00c1rea de Concentra\u00e7\u00e3o BIOENERGIA Esta \u00a0\u00e1rea abrange todos os aspectos e processos fundamentais da Bioenergia quanto a convers\u00e3o biomassa em energia como: eletricidade, biocombust\u00edveis ou calor, e as energias renov\u00e1veis derivadas da Biomassa; visando formar profissionais que tenham capacidade de atua\u00e7\u00e3o em setores produtivos importantes da sociedade em rela\u00e7\u00e3o a biomassa, materiais, produ\u00e7\u00e3o e armazenamento&nbsp;&hellip;<\/p>\n","protected":false},"author":449,"featured_media":0,"parent":0,"menu_order":0,"comment_status":"closed","ping_status":"closed","template":"","meta":[],"_links":{"self":[{"href":"https:\/\/www2.uepg.br\/ppgb\/wp-json\/wp\/v2\/pages\/451"}],"collection":[{"href":"https:\/\/www2.uepg.br\/ppgb\/wp-json\/wp\/v2\/pages"}],"about":[{"href":"https:\/\/www2.uepg.br\/ppgb\/wp-json\/wp\/v2\/types\/page"}],"author":[{"embeddable":true,"href":"https:\/\/www2.uepg.br\/ppgb\/wp-json\/wp\/v2\/users\/449"}],"replies":[{"embeddable":true,"href":"https:\/\/www2.uepg.br\/ppgb\/wp-json\/wp\/v2\/comments?post=451"}],"version-history":[{"count":4,"href":"https:\/\/www2.uepg.br\/ppgb\/wp-json\/wp\/v2\/pages\/451\/revisions"}],"predecessor-version":[{"id":571,"href":"https:\/\/www2.uepg.br\/ppgb\/wp-json\/wp\/v2\/pages\/451\/revisions\/571"}],"wp:attachment":[{"href":"https:\/\/www2.uepg.br\/ppgb\/wp-json\/wp\/v2\/media?parent=451"}],"curies":[{"name":"wp","href":"https:\/\/api.w.org\/{rel}","templated":true}]}}