{"id":582,"date":"2024-02-09T08:39:11","date_gmt":"2024-02-09T11:39:11","guid":{"rendered":"https:\/\/www2.uepg.br\/ppgb\/?page_id=582"},"modified":"2024-02-09T08:39:11","modified_gmt":"2024-02-09T11:39:11","slug":"instrucoes-normativas","status":"publish","type":"page","link":"https:\/\/www2.uepg.br\/ppgb\/instrucoes-normativas\/","title":{"rendered":"Instru\u00e7\u00f5es Normativas"},"content":{"rendered":"<p>Instru\u00e7\u00f5es Normativas sobre o PPGB UEPG.<\/p>\n","protected":false},"excerpt":{"rendered":"<p>Instru\u00e7\u00f5es Normativas sobre o PPGB UEPG.<\/p>\n","protected":false},"author":449,"featured_media":0,"parent":0,"menu_order":0,"comment_status":"closed","ping_status":"closed","template":"","meta":[],"_links":{"self":[{"href":"https:\/\/www2.uepg.br\/ppgb\/wp-json\/wp\/v2\/pages\/582"}],"collection":[{"href":"https:\/\/www2.uepg.br\/ppgb\/wp-json\/wp\/v2\/pages"}],"about":[{"href":"https:\/\/www2.uepg.br\/ppgb\/wp-json\/wp\/v2\/types\/page"}],"author":[{"embeddable":true,"href":"https:\/\/www2.uepg.br\/ppgb\/wp-json\/wp\/v2\/users\/449"}],"replies":[{"embeddable":true,"href":"https:\/\/www2.uepg.br\/ppgb\/wp-json\/wp\/v2\/comments?post=582"}],"version-history":[{"count":1,"href":"https:\/\/www2.uepg.br\/ppgb\/wp-json\/wp\/v2\/pages\/582\/revisions"}],"predecessor-version":[{"id":583,"href":"https:\/\/www2.uepg.br\/ppgb\/wp-json\/wp\/v2\/pages\/582\/revisions\/583"}],"wp:attachment":[{"href":"https:\/\/www2.uepg.br\/ppgb\/wp-json\/wp\/v2\/media?parent=582"}],"curies":[{"name":"wp","href":"https:\/\/api.w.org\/{rel}","templated":true}]}}