{"id":602,"date":"2024-02-09T08:31:24","date_gmt":"2024-02-09T11:31:24","guid":{"rendered":"https:\/\/www2.uepg.br\/ppgb\/?page_id=602"},"modified":"2024-02-09T08:31:24","modified_gmt":"2024-02-09T11:31:24","slug":"regulamento-de-bolsas","status":"publish","type":"page","link":"https:\/\/www2.uepg.br\/ppgb\/regulamento-de-bolsas\/","title":{"rendered":"Regulamento de Bolsas"},"content":{"rendered":"<p>Resolu\u00e7\u00e3o Institucional<br \/>\nInstru\u00e7\u00e3o Normativa PPGB<\/p>\n","protected":false},"excerpt":{"rendered":"<p>Resolu\u00e7\u00e3o Institucional Instru\u00e7\u00e3o Normativa PPGB<\/p>\n","protected":false},"author":449,"featured_media":0,"parent":0,"menu_order":0,"comment_status":"closed","ping_status":"closed","template":"","meta":[],"_links":{"self":[{"href":"https:\/\/www2.uepg.br\/ppgb\/wp-json\/wp\/v2\/pages\/602"}],"collection":[{"href":"https:\/\/www2.uepg.br\/ppgb\/wp-json\/wp\/v2\/pages"}],"about":[{"href":"https:\/\/www2.uepg.br\/ppgb\/wp-json\/wp\/v2\/types\/page"}],"author":[{"embeddable":true,"href":"https:\/\/www2.uepg.br\/ppgb\/wp-json\/wp\/v2\/users\/449"}],"replies":[{"embeddable":true,"href":"https:\/\/www2.uepg.br\/ppgb\/wp-json\/wp\/v2\/comments?post=602"}],"version-history":[{"count":1,"href":"https:\/\/www2.uepg.br\/ppgb\/wp-json\/wp\/v2\/pages\/602\/revisions"}],"predecessor-version":[{"id":603,"href":"https:\/\/www2.uepg.br\/ppgb\/wp-json\/wp\/v2\/pages\/602\/revisions\/603"}],"wp:attachment":[{"href":"https:\/\/www2.uepg.br\/ppgb\/wp-json\/wp\/v2\/media?parent=602"}],"curies":[{"name":"wp","href":"https:\/\/api.w.org\/{rel}","templated":true}]}}