{"id":604,"date":"2024-02-09T08:31:28","date_gmt":"2024-02-09T11:31:28","guid":{"rendered":"https:\/\/www2.uepg.br\/ppgb\/?page_id=604"},"modified":"2024-02-09T08:31:29","modified_gmt":"2024-02-09T11:31:29","slug":"termo-de-compromisso-bolsistas","status":"publish","type":"page","link":"https:\/\/www2.uepg.br\/ppgb\/termo-de-compromisso-bolsistas\/","title":{"rendered":"Termo de Compromisso Bolsistas"},"content":{"rendered":"<div id=\"pl-604\"  class=\"panel-layout\" ><div id=\"pg-604-0\"  class=\"panel-grid panel-no-style\" ><div id=\"pgc-604-0-0\"  class=\"panel-grid-cell\" ><div id=\"panel-604-0-0-0\" class=\"so-panel widget widget_sow-editor panel-first-child panel-last-child\" data-index=\"0\" ><div\n\t\t\t\n\t\t\tclass=\"so-widget-sow-editor so-widget-sow-editor-base\"\n\t\t\t\n\t\t>\n<div class=\"siteorigin-widget-tinymce textwidget\">\n\t<p>Anexo 1 (Termo de compromisso)<br \/>\n<a href=\"https:\/\/www2.uepg.br\/ppgb\/wp-content\/uploads\/sites\/194\/2024\/01\/ANEXO_2___Declara_o_Ac_mulo_Bolsas_CAPES_65a81cbd6346a.pdf\">Anexo 2 (Declara\u00e7\u00e3o de Ac\u00famulos)<\/a><\/p>\n<\/div>\n<\/div><\/div><\/div><\/div><\/div>","protected":false},"excerpt":{"rendered":"<p>Anexo 1 (Termo de compromisso) Anexo 2 (Declara\u00e7\u00e3o de Ac\u00famulos)<\/p>\n","protected":false},"author":449,"featured_media":0,"parent":0,"menu_order":0,"comment_status":"closed","ping_status":"closed","template":"","meta":[],"_links":{"self":[{"href":"https:\/\/www2.uepg.br\/ppgb\/wp-json\/wp\/v2\/pages\/604"}],"collection":[{"href":"https:\/\/www2.uepg.br\/ppgb\/wp-json\/wp\/v2\/pages"}],"about":[{"href":"https:\/\/www2.uepg.br\/ppgb\/wp-json\/wp\/v2\/types\/page"}],"author":[{"embeddable":true,"href":"https:\/\/www2.uepg.br\/ppgb\/wp-json\/wp\/v2\/users\/449"}],"replies":[{"embeddable":true,"href":"https:\/\/www2.uepg.br\/ppgb\/wp-json\/wp\/v2\/comments?post=604"}],"version-history":[{"count":4,"href":"https:\/\/www2.uepg.br\/ppgb\/wp-json\/wp\/v2\/pages\/604\/revisions"}],"predecessor-version":[{"id":660,"href":"https:\/\/www2.uepg.br\/ppgb\/wp-json\/wp\/v2\/pages\/604\/revisions\/660"}],"wp:attachment":[{"href":"https:\/\/www2.uepg.br\/ppgb\/wp-json\/wp\/v2\/media?parent=604"}],"curies":[{"name":"wp","href":"https:\/\/api.w.org\/{rel}","templated":true}]}}