{"id":609,"date":"2024-02-09T08:30:43","date_gmt":"2024-02-09T11:30:43","guid":{"rendered":"https:\/\/www2.uepg.br\/ppgb\/?page_id=609"},"modified":"2024-02-09T08:30:43","modified_gmt":"2024-02-09T11:30:43","slug":"planejamento-estrategico","status":"publish","type":"page","link":"https:\/\/www2.uepg.br\/ppgb\/planejamento-estrategico\/","title":{"rendered":"Planejamento Estrat\u00e9gico"},"content":{"rendered":"<div id=\"pl-609\"  class=\"panel-layout\" ><div id=\"pg-609-0\"  class=\"panel-grid panel-no-style\" ><div id=\"pgc-609-0-0\"  class=\"panel-grid-cell\" ><div id=\"panel-609-0-0-0\" class=\"so-panel widget widget_sow-accordion panel-first-child panel-last-child\" data-index=\"0\" ><div\n\t\t\t\n\t\t\tclass=\"so-widget-sow-accordion so-widget-sow-accordion-default-2b55ed2807e6-609\"\n\t\t\t\n\t\t><h3 class=\"widget-title\">Programa de P\u00f3s-Gradua\u00e7\u00e3o em Bioenergia<\/h3><div>\n\t<div class=\"sow-accordion\">\n\t\t\t<div class=\"sow-accordion-panel\"\n\t\t\t data-anchor=\"miss%c3%a3o\">\n\t\t\t\t<div class=\"sow-accordion-panel-header-container\" role=\"heading\" aria-level=\"2\">\n\t\t\t\t\t<div class=\"sow-accordion-panel-header\" tabindex=\"0\" role=\"button\" id=\"accordion-label-miss%c3%a3o\" aria-controls=\"accordion-content-miss%c3%a3o\" aria-expanded=\"false\">\n\t\t\t\t\t\t<div class=\"sow-accordion-title sow-accordion-title-icon-left\">\n\t\t\t\t\t\t\t\t\t\t\t\t\t\tMiss\u00e3o\t\t\t\t\t\t\t\t\t\t\t\t\t<\/div>\n\t\t\t\t\t\t<div class=\"sow-accordion-open-close-button\">\n\t\t\t\t\t\t\t<div class=\"sow-accordion-open-button\">\n\t\t\t\t\t\t\t\t<span class=\"sow-icon-ionicons\" data-sow-icon=\"&#xf218;\"\n\t\t \n\t\taria-hidden=\"true\"><\/span>\t\t\t\t\t\t\t<\/div>\n\t\t\t\t\t\t\t<div class=\"sow-accordion-close-button\">\n\t\t\t\t\t\t\t\t<span class=\"sow-icon-ionicons\" data-sow-icon=\"&#xf209;\"\n\t\t \n\t\taria-hidden=\"true\"><\/span>\t\t\t\t\t\t\t<\/div>\n\t\t\t\t\t\t<\/div>\n\t\t\t\t\t<\/div>\n\t\t\t\t<\/div>\n\n\t\t\t<div\n\t\t\t\tclass=\"sow-accordion-panel-content\"\n\t\t\t\trole=\"region\"\n\t\t\t\taria-labelledby=\"accordion-label-miss%c3%a3o\"\n\t\t\t\tid=\"accordion-content-miss%c3%a3o\"\n\t\t\t\tstyle=\"display: none;\"\t\t\t>\n\t\t\t\t<div class=\"sow-accordion-panel-border\" tabindex=\"0\">\n\t\t\t\t\t<p><em>O Programa tem por miss\u00e3o formar recursos humanos para pesquisa e magist\u00e9rio superior gerando e disseminando o conhecimento cient\u00edfico e tecnol\u00f3gico em Bioenergia.<\/em><\/p>\n\t\t\t\t<\/div>\n\t\t\t<\/div>\n\t\t<\/div>\n\t\t\t<div class=\"sow-accordion-panel\"\n\t\t\t data-anchor=\"vis%c3%a3o\">\n\t\t\t\t<div class=\"sow-accordion-panel-header-container\" role=\"heading\" aria-level=\"2\">\n\t\t\t\t\t<div class=\"sow-accordion-panel-header\" tabindex=\"0\" role=\"button\" id=\"accordion-label-vis%c3%a3o\" aria-controls=\"accordion-content-vis%c3%a3o\" aria-expanded=\"false\">\n\t\t\t\t\t\t<div class=\"sow-accordion-title sow-accordion-title-icon-left\">\n\t\t\t\t\t\t\t\t\t\t\t\t\t\tVis\u00e3o\t\t\t\t\t\t\t\t\t\t\t\t\t<\/div>\n\t\t\t\t\t\t<div class=\"sow-accordion-open-close-button\">\n\t\t\t\t\t\t\t<div class=\"sow-accordion-open-button\">\n\t\t\t\t\t\t\t\t<span class=\"sow-icon-ionicons\" data-sow-icon=\"&#xf218;\"\n\t\t \n\t\taria-hidden=\"true\"><\/span>\t\t\t\t\t\t\t<\/div>\n\t\t\t\t\t\t\t<div class=\"sow-accordion-close-button\">\n\t\t\t\t\t\t\t\t<span class=\"sow-icon-ionicons\" data-sow-icon=\"&#xf209;\"\n\t\t \n\t\taria-hidden=\"true\"><\/span>\t\t\t\t\t\t\t<\/div>\n\t\t\t\t\t\t<\/div>\n\t\t\t\t\t<\/div>\n\t\t\t\t<\/div>\n\n\t\t\t<div\n\t\t\t\tclass=\"sow-accordion-panel-content\"\n\t\t\t\trole=\"region\"\n\t\t\t\taria-labelledby=\"accordion-label-vis%c3%a3o\"\n\t\t\t\tid=\"accordion-content-vis%c3%a3o\"\n\t\t\t\tstyle=\"display: none;\"\t\t\t>\n\t\t\t\t<div class=\"sow-accordion-panel-border\" tabindex=\"0\">\n\t\t\t\t\t<p><em>Ser refer\u00eancia no desenvolvimento cient\u00edfico e tecnol\u00f3gico do Pa\u00eds na \u00e1rea de conhecimento em Bioenergia, especificamente nas linhas de pesquisa em Biocombust\u00edveis e Energias Renov\u00e1veis.<\/em><\/p>\n\t\t\t\t<\/div>\n\t\t\t<\/div>\n\t\t<\/div>\n\t\t\t<div class=\"sow-accordion-panel\"\n\t\t\t data-anchor=\"valores\">\n\t\t\t\t<div class=\"sow-accordion-panel-header-container\" role=\"heading\" aria-level=\"2\">\n\t\t\t\t\t<div class=\"sow-accordion-panel-header\" tabindex=\"0\" role=\"button\" id=\"accordion-label-valores\" aria-controls=\"accordion-content-valores\" aria-expanded=\"false\">\n\t\t\t\t\t\t<div class=\"sow-accordion-title sow-accordion-title-icon-left\">\n\t\t\t\t\t\t\t\t\t\t\t\t\t\tValores\t\t\t\t\t\t\t\t\t\t\t\t\t<\/div>\n\t\t\t\t\t\t<div class=\"sow-accordion-open-close-button\">\n\t\t\t\t\t\t\t<div class=\"sow-accordion-open-button\">\n\t\t\t\t\t\t\t\t<span class=\"sow-icon-ionicons\" data-sow-icon=\"&#xf218;\"\n\t\t \n\t\taria-hidden=\"true\"><\/span>\t\t\t\t\t\t\t<\/div>\n\t\t\t\t\t\t\t<div class=\"sow-accordion-close-button\">\n\t\t\t\t\t\t\t\t<span class=\"sow-icon-ionicons\" data-sow-icon=\"&#xf209;\"\n\t\t \n\t\taria-hidden=\"true\"><\/span>\t\t\t\t\t\t\t<\/div>\n\t\t\t\t\t\t<\/div>\n\t\t\t\t\t<\/div>\n\t\t\t\t<\/div>\n\n\t\t\t<div\n\t\t\t\tclass=\"sow-accordion-panel-content\"\n\t\t\t\trole=\"region\"\n\t\t\t\taria-labelledby=\"accordion-label-valores\"\n\t\t\t\tid=\"accordion-content-valores\"\n\t\t\t\tstyle=\"display: none;\"\t\t\t>\n\t\t\t\t<div class=\"sow-accordion-panel-border\" tabindex=\"0\">\n\t\t\t\t\t<p><em>Consistem em desenvolver a ci\u00eancia e tecnologia em Bioenergia com \u00e9tica, respeito \u00e0 pluralidade, qualidade, transpar\u00eancia, comprometimento e sustentabilidade (econ\u00f4mica, social, ambiental, tecnol\u00f3gica e inovadora).<\/em><\/p>\n\t\t\t\t<\/div>\n\t\t\t<\/div>\n\t\t<\/div>\n\t\t\t<div class=\"sow-accordion-panel\"\n\t\t\t data-anchor=\"matriz-swot-ppgb-for%c3%a7as-fraquezas-oportunidades-e-amea%c3%a7as\">\n\t\t\t\t<div class=\"sow-accordion-panel-header-container\" role=\"heading\" aria-level=\"2\">\n\t\t\t\t\t<div class=\"sow-accordion-panel-header\" tabindex=\"0\" role=\"button\" id=\"accordion-label-matriz-swot-ppgb-for%c3%a7as-fraquezas-oportunidades-e-amea%c3%a7as\" aria-controls=\"accordion-content-matriz-swot-ppgb-for%c3%a7as-fraquezas-oportunidades-e-amea%c3%a7as\" aria-expanded=\"false\">\n\t\t\t\t\t\t<div class=\"sow-accordion-title sow-accordion-title-icon-left\">\n\t\t\t\t\t\t\t\t\t\t\t\t\t\tMatriz SWOT PPGB - For\u00e7as, fraquezas, oportunidades e amea\u00e7as. \t\t\t\t\t\t\t\t\t\t\t\t\t<\/div>\n\t\t\t\t\t\t<div class=\"sow-accordion-open-close-button\">\n\t\t\t\t\t\t\t<div class=\"sow-accordion-open-button\">\n\t\t\t\t\t\t\t\t<span class=\"sow-icon-ionicons\" data-sow-icon=\"&#xf218;\"\n\t\t \n\t\taria-hidden=\"true\"><\/span>\t\t\t\t\t\t\t<\/div>\n\t\t\t\t\t\t\t<div class=\"sow-accordion-close-button\">\n\t\t\t\t\t\t\t\t<span class=\"sow-icon-ionicons\" data-sow-icon=\"&#xf209;\"\n\t\t \n\t\taria-hidden=\"true\"><\/span>\t\t\t\t\t\t\t<\/div>\n\t\t\t\t\t\t<\/div>\n\t\t\t\t\t<\/div>\n\t\t\t\t<\/div>\n\n\t\t\t<div\n\t\t\t\tclass=\"sow-accordion-panel-content\"\n\t\t\t\trole=\"region\"\n\t\t\t\taria-labelledby=\"accordion-label-matriz-swot-ppgb-for%c3%a7as-fraquezas-oportunidades-e-amea%c3%a7as\"\n\t\t\t\tid=\"accordion-content-matriz-swot-ppgb-for%c3%a7as-fraquezas-oportunidades-e-amea%c3%a7as\"\n\t\t\t\tstyle=\"display: none;\"\t\t\t>\n\t\t\t\t<div class=\"sow-accordion-panel-border\" tabindex=\"0\">\n\t\t\t\t\t<p><em>A matriz SWOT \u00e9 oriunda de sigla inglesa: For\u00e7as (Strengths); Fraquezas (Weaknesses); Oportunidades (Opportunities); Amea\u00e7as (Threats).<\/em><br \/>\n<em>Uma matriz SWOT \u00e9 produzida para as oportunidades, amea\u00e7as, pontos fortes e pontos fracos gerado para o PPGB. Onde as amea\u00e7as e as oportunidades est\u00e3o ligadas ao ambiente externo do PPGB, enquanto os pontos fracos e pontos fortes est\u00e3o ligados ao ambiente interno PPGB.<\/em><\/p>\n<p><span style=\"font-size: 12pt\"><em>Matriz SWOT PPBG, 2021-2022:<\/em><\/span><\/p>\n<p><img src=\"http:\/\/www3.unicentro.br\/ppgb\/wp-content\/uploads\/sites\/59\/2022\/10\/Matriz-SWOT.png\" \/><\/p>\n\t\t\t\t<\/div>\n\t\t\t<\/div>\n\t\t<\/div>\n\t\t\t<div class=\"sow-accordion-panel\"\n\t\t\t data-anchor=\"metas-do-planejamento-estrat%c3%a9gico-do-ppgb-2021-2025\">\n\t\t\t\t<div class=\"sow-accordion-panel-header-container\" role=\"heading\" aria-level=\"2\">\n\t\t\t\t\t<div class=\"sow-accordion-panel-header\" tabindex=\"0\" role=\"button\" id=\"accordion-label-metas-do-planejamento-estrat%c3%a9gico-do-ppgb-2021-2025\" aria-controls=\"accordion-content-metas-do-planejamento-estrat%c3%a9gico-do-ppgb-2021-2025\" aria-expanded=\"false\">\n\t\t\t\t\t\t<div class=\"sow-accordion-title sow-accordion-title-icon-left\">\n\t\t\t\t\t\t\t\t\t\t\t\t\t\tMetas do Planejamento Estrat\u00e9gico do PPGB (2021-2025)\t\t\t\t\t\t\t\t\t\t\t\t\t<\/div>\n\t\t\t\t\t\t<div class=\"sow-accordion-open-close-button\">\n\t\t\t\t\t\t\t<div class=\"sow-accordion-open-button\">\n\t\t\t\t\t\t\t\t<span class=\"sow-icon-ionicons\" data-sow-icon=\"&#xf218;\"\n\t\t \n\t\taria-hidden=\"true\"><\/span>\t\t\t\t\t\t\t<\/div>\n\t\t\t\t\t\t\t<div class=\"sow-accordion-close-button\">\n\t\t\t\t\t\t\t\t<span class=\"sow-icon-ionicons\" data-sow-icon=\"&#xf209;\"\n\t\t \n\t\taria-hidden=\"true\"><\/span>\t\t\t\t\t\t\t<\/div>\n\t\t\t\t\t\t<\/div>\n\t\t\t\t\t<\/div>\n\t\t\t\t<\/div>\n\n\t\t\t<div\n\t\t\t\tclass=\"sow-accordion-panel-content\"\n\t\t\t\trole=\"region\"\n\t\t\t\taria-labelledby=\"accordion-label-metas-do-planejamento-estrat%c3%a9gico-do-ppgb-2021-2025\"\n\t\t\t\tid=\"accordion-content-metas-do-planejamento-estrat%c3%a9gico-do-ppgb-2021-2025\"\n\t\t\t\tstyle=\"display: none;\"\t\t\t>\n\t\t\t\t<div class=\"sow-accordion-panel-border\" tabindex=\"0\">\n\t\t\t\t\t<p><span style=\"font-size: 12pt\"><em>A implementa\u00e7\u00e3o do Planejamento Estrat\u00e9gico do PPGB haver\u00e1 a necessidade de articula\u00e7\u00f5es entre os coordenadores as Pr\u00f3- Reitorias de P\u00f3s Gradua\u00e7\u00e3o das IES nucleadoras, bem como consultas \u00e0 \u00e1rea interdisciplinar de ENGENHARIA \/ TECNOLOGIA\/GEST\u00c2O (90193000) da CAPES.<\/em><\/span><br \/>\n<span style=\"font-size: 12pt\"><em>Visando atender \u00e0s quest\u00f5es estrat\u00e9gicas definidas, as metas e indicadores do planejamento estrat\u00e9gico do PPGB s\u00e3o mostradas e determinadas abaixo, onde aplica-se o plano de a\u00e7\u00e3o para cada meta a partir da metodologia 5W2H.<\/em><\/span><br \/>\n<span style=\"font-size: 12pt\"><em>O Planejamento Estrat\u00e9gico do PPGB \u00e9 avaliado semestralmente quanto \u00e0 execu\u00e7\u00e3o e indicadores de progress\u00e3o.<\/em><\/span><\/p>\n<p><span style=\"text-decoration: underline;font-size: 12pt\"><em>Metas e Indicadores do Planejamento Estrat\u00e9gico do PPGB:<\/em><\/span><\/p>\n<p><img src=\"http:\/\/www3.unicentro.br\/ppgb\/wp-content\/uploads\/sites\/59\/2022\/10\/Gestao-Academica.png\" \/><\/p>\n<p><img class=\"alignnone size-full wp-image-1335\" src=\"http:\/\/www3.unicentro.br\/ppgb\/wp-content\/uploads\/sites\/59\/2022\/10\/Coordenacao.png\" alt=\"\" width=\"1021\" height=\"1368\" \/><\/p>\n<p><img class=\"alignnone size-full wp-image-1336\" src=\"http:\/\/www3.unicentro.br\/ppgb\/wp-content\/uploads\/sites\/59\/2022\/10\/Desenvolvimento-pessoal-dos-docentes.png\" alt=\"\" width=\"1021\" height=\"807\" \/><\/p>\n<p><img class=\"alignnone size-full wp-image-1340\" src=\"http:\/\/www3.unicentro.br\/ppgb\/wp-content\/uploads\/sites\/59\/2022\/10\/Estrutura-Academica.png\" alt=\"\" width=\"1020\" height=\"532\" \/><\/p>\n<p><img class=\"alignnone size-full wp-image-1341\" src=\"http:\/\/www3.unicentro.br\/ppgb\/wp-content\/uploads\/sites\/59\/2022\/10\/Producao-tecnocientifica.png\" alt=\"\" width=\"1020\" height=\"1128\" \/><\/p>\n<p><img class=\"alignnone size-full wp-image-1342\" src=\"http:\/\/www3.unicentro.br\/ppgb\/wp-content\/uploads\/sites\/59\/2022\/10\/Impacto-na-sociedade.png\" alt=\"\" width=\"1020\" height=\"1136\" \/><\/p>\n<p><img class=\"alignnone size-full wp-image-1343\" src=\"http:\/\/www3.unicentro.br\/ppgb\/wp-content\/uploads\/sites\/59\/2022\/10\/Internacionalizacao.png\" alt=\"\" width=\"1020\" height=\"720\" \/><\/p>\n<p>&nbsp;<\/p>\n\t\t\t\t<\/div>\n\t\t\t<\/div>\n\t\t<\/div>\n\t\t<\/div>\n<\/div>\n<\/div><\/div><\/div><\/div><\/div>","protected":false},"excerpt":{"rendered":"<p>Programa de P\u00f3s-Gradua\u00e7\u00e3o em Bioenergia Miss\u00e3o O Programa tem por miss\u00e3o formar recursos humanos para pesquisa e magist\u00e9rio superior gerando e disseminando o conhecimento cient\u00edfico e tecnol\u00f3gico em Bioenergia. Vis\u00e3o Ser refer\u00eancia no desenvolvimento cient\u00edfico e tecnol\u00f3gico do Pa\u00eds na \u00e1rea de conhecimento em Bioenergia, especificamente nas linhas de pesquisa em Biocombust\u00edveis e Energias Renov\u00e1veis.&nbsp;&hellip;<\/p>\n","protected":false},"author":449,"featured_media":0,"parent":0,"menu_order":0,"comment_status":"closed","ping_status":"closed","template":"","meta":[],"_links":{"self":[{"href":"https:\/\/www2.uepg.br\/ppgb\/wp-json\/wp\/v2\/pages\/609"}],"collection":[{"href":"https:\/\/www2.uepg.br\/ppgb\/wp-json\/wp\/v2\/pages"}],"about":[{"href":"https:\/\/www2.uepg.br\/ppgb\/wp-json\/wp\/v2\/types\/page"}],"author":[{"embeddable":true,"href":"https:\/\/www2.uepg.br\/ppgb\/wp-json\/wp\/v2\/users\/449"}],"replies":[{"embeddable":true,"href":"https:\/\/www2.uepg.br\/ppgb\/wp-json\/wp\/v2\/comments?post=609"}],"version-history":[{"count":2,"href":"https:\/\/www2.uepg.br\/ppgb\/wp-json\/wp\/v2\/pages\/609\/revisions"}],"predecessor-version":[{"id":658,"href":"https:\/\/www2.uepg.br\/ppgb\/wp-json\/wp\/v2\/pages\/609\/revisions\/658"}],"wp:attachment":[{"href":"https:\/\/www2.uepg.br\/ppgb\/wp-json\/wp\/v2\/media?parent=609"}],"curies":[{"name":"wp","href":"https:\/\/api.w.org\/{rel}","templated":true}]}}