{"id":1048,"date":"2020-11-26T15:37:57","date_gmt":"2020-11-26T18:37:57","guid":{"rendered":"http:\/\/www2.uepg.br\/ppgbioevol\/?page_id=1048"},"modified":"2020-11-26T15:37:57","modified_gmt":"2020-11-26T18:37:57","slug":"acompanhamento-egresso","status":"publish","type":"page","link":"https:\/\/www2.uepg.br\/ppgbioevol\/egressos\/acompanhamento-egresso\/","title":{"rendered":"Acompanhamento Egresso"},"content":{"rendered":"<p>Prezados Egressos do PPGBioEvol,<\/p>\n<p>Esperamos que estejam todos bem.<\/p>\n<p>Um dos itens considerados na avalia\u00e7\u00e3o feita pela CAPES \u00e9 a autoavalia\u00e7\u00e3o do Programa, neste sentido, solicitamos que respondam o question\u00e1rio dispon\u00edvel no link abaixo:<br \/>\n<strong><br \/>\n<a href=\"https:\/\/docs.google.com\/forms\/d\/e\/1FAIpQLSd8K_wyA5RRKja_5lYr8HzkJl0HnzEBouiN52_QbXviunJhTQ\/viewform?usp=sf_link\">Question\u00e1rio<\/a><\/strong><\/p>\n<p>Sua participa\u00e7\u00e3o \u00e9 muito importante.<\/p>\n<p>Por favor, responda o question\u00e1rio at\u00e9 dia 02\/12.<\/p>\n<p>Sua participa\u00e7\u00e3o \u00e9 an\u00f4nima.<\/p>\n<p>O tempo para responder o question\u00e1rio \u00e9 de 10 minutos.<\/p>\n<p>Muito obrigado.<\/p>\n","protected":false},"excerpt":{"rendered":"<p>Prezados Egressos do PPGBioEvol, Esperamos que estejam todos bem. Um dos itens considerados na avalia\u00e7\u00e3o feita pela CAPES \u00e9 a autoavalia\u00e7\u00e3o do Programa, neste sentido, solicitamos que respondam o question\u00e1rio dispon\u00edvel no link abaixo: Question\u00e1rio Sua participa\u00e7\u00e3o \u00e9 muito importante. Por favor, responda o question\u00e1rio at\u00e9 dia 02\/12. Sua participa\u00e7\u00e3o \u00e9 an\u00f4nima. O tempo para&nbsp;&hellip;<\/p>\n","protected":false},"author":61,"featured_media":0,"parent":499,"menu_order":0,"comment_status":"closed","ping_status":"closed","template":"","meta":[],"_links":{"self":[{"href":"https:\/\/www2.uepg.br\/ppgbioevol\/wp-json\/wp\/v2\/pages\/1048"}],"collection":[{"href":"https:\/\/www2.uepg.br\/ppgbioevol\/wp-json\/wp\/v2\/pages"}],"about":[{"href":"https:\/\/www2.uepg.br\/ppgbioevol\/wp-json\/wp\/v2\/types\/page"}],"author":[{"embeddable":true,"href":"https:\/\/www2.uepg.br\/ppgbioevol\/wp-json\/wp\/v2\/users\/61"}],"replies":[{"embeddable":true,"href":"https:\/\/www2.uepg.br\/ppgbioevol\/wp-json\/wp\/v2\/comments?post=1048"}],"version-history":[{"count":1,"href":"https:\/\/www2.uepg.br\/ppgbioevol\/wp-json\/wp\/v2\/pages\/1048\/revisions"}],"predecessor-version":[{"id":1049,"href":"https:\/\/www2.uepg.br\/ppgbioevol\/wp-json\/wp\/v2\/pages\/1048\/revisions\/1049"}],"up":[{"embeddable":true,"href":"https:\/\/www2.uepg.br\/ppgbioevol\/wp-json\/wp\/v2\/pages\/499"}],"wp:attachment":[{"href":"https:\/\/www2.uepg.br\/ppgbioevol\/wp-json\/wp\/v2\/media?parent=1048"}],"curies":[{"name":"wp","href":"https:\/\/api.w.org\/{rel}","templated":true}]}}