{"id":143,"date":"2019-06-28T16:00:04","date_gmt":"2019-06-28T19:00:04","guid":{"rendered":"http:\/\/www2.uepg.br\/ppgbioevol\/?page_id=143"},"modified":"2025-05-27T16:20:51","modified_gmt":"2025-05-27T19:20:51","slug":"estrutura-unicentro","status":"publish","type":"page","link":"https:\/\/www2.uepg.br\/ppgbioevol\/a-estrutura\/estrutura-unicentro\/","title":{"rendered":"Estrutura \u2013 UNICENTRO"},"content":{"rendered":"<p><strong>Herb\u00e1rio Arauca:<\/strong> destinado \u00e0 identifica\u00e7\u00e3o e conserva\u00e7\u00e3o de acervo da flora do Paran\u00e1 e em especial da Floresta com Arauc\u00e1ria e Campos de Altitude. Conta com salas de prepara\u00e7\u00e3o de material, salas de acervo. O curador do Herb\u00e1rio Arauca \u00e9 a docente do PPGBioEvol, Professor Adriano Silv\u00e9rio.<\/p>\n<p>&nbsp;<\/p>\n<p><strong><img loading=\"lazy\" class=\"wp-image-1549 alignleft\" src=\"http:\/\/www2.uepg.br\/ppgbioevol\/wp-content\/uploads\/sites\/25\/2025\/05\/maria-luiza.jpeg\" alt=\"\" width=\"205\" height=\"364\" \/>Laborat\u00f3rio de Ecologia, Biologia e Comportamento de Vespas e Abelhas (LEBICOVA):<\/strong> Neste laborat\u00f3rio s\u00e3o desenvolvidas pesquisas da estrutura de comunidades e redes ecol\u00f3gicas de vespas e abelhas visando o estudo da diversidade de vespas e abelhas, e de seus inimigos naturais, em ambientes naturais e alterados, por meio da estrutura de suas comunidades e de suas redes tr\u00f3ficas. Este laborat\u00f3rio investiga tamb\u00e9m se a estrutura da Paisagem Influencia a morfologia das asas e a diversidade Gen\u00e9tica de destes insetos, bem como o efeito da paisagem sobre as redes de intera\u00e7\u00e3o entre estas esp\u00e9cies. Conta com 50 metros quadrados de espa\u00e7o f\u00edsico, possui 3 bancadas, 2 mesas e dois arm\u00e1rios. Ainda est\u00e3o dispon\u00edveis os seguintes equipamentos: 1 Estereomicrosc\u00f3pio, 1 Balan\u00e7a anal\u00edtica, 1 estufa, 1 refrigerador, 1 capela de exaust\u00e3o. 1 GS, 1 filmadora profissional, 1 paqu\u00edmetro, 1 m\u00e1quina fotogr\u00e1fica, 1 microcomputador com acesso \u00e0 internet e vidrarias, utens\u00edlios em geral e materiais necess\u00e1rios para os trabalhos de campo. Anexo a este laborat\u00f3rio h\u00e1 uma sala onde \u00e9 mantida uma cole\u00e7\u00e3o de vespas e abelhas oriundas da Floresta Ombr\u00f3fila Mista (Floresta com Arauc\u00e1rias). As atividades do LEBICOVA podem ser acompanhadas no Instagram em @labevesp_unicentro.<\/p>\n<p>&nbsp;<\/p>\n<p><strong>Laborat\u00f3rio de Diversidade e Ecologia de Mam\u00edferos (LDEM):<\/strong> Neste laborat\u00f3rio s\u00e3o desenvolvidas pesquisas sobre a diversidade e Ecologia de Mam\u00edferos visando o aprimoramento do conhecimento cient\u00edfico sobre a biodiversidade de mam\u00edferos silvestres do Brasil. A diversidade dos mam\u00edferos \u00e9 abordada por seus aspectos taxon\u00f4micos, distribucionais, morfol\u00f3gicos, ecol\u00f3gicos e comportamentais. O LBM possui 70 metros quadrados e est\u00e1 equipado bancadas, mesas arm\u00e1rios, microcomputador com acesso \u00e0 internet e material para utiliza\u00e7\u00e3o de trabalhos de campo como c\u00e2maras trap (10 unidades), armadilhas tomahawk e sherman (150 unidades), redes de neblina (60 unidades) entre outras.<\/p>\n<p>&nbsp;<\/p>\n<p><strong>Laborat\u00f3rio de Morfologia e Anatomia Vegetal (LMAV):<\/strong> Neste laborat\u00f3rio s\u00e3o desenvolvidas pesquisas na \u00e1rea de Morfologia e anatomia de Angiospermas nativas do Bioma Mata Atl\u00e2ntica visando o estudo da reprodu\u00e7\u00e3o e embriologia de Angiospermas para utiliza\u00e7\u00e3o em interpreta\u00e7\u00f5es taxon\u00f4micas e evolutivas. O Laborat\u00f3rio conta com 70 metros quadrados, equipado com 5 bancadas de 6x1m, dois arm\u00e1rios, 1 mesa, 1 micr\u00f3tomo, 2 microsc\u00f3pios binoculares, 2 estereomicrosc\u00f3pio, 1 microsc\u00f3pio trinocular com sistema de captura de imagem, 1 geladeira e vidrarias em geral.<\/p>\n<p>&nbsp;<\/p>\n<p><strong>\u00a0<img loading=\"lazy\" class=\"wp-image-1551 alignleft\" src=\"http:\/\/www2.uepg.br\/ppgbioevol\/wp-content\/uploads\/sites\/25\/2025\/05\/lagev.jpeg\" alt=\"\" width=\"254\" height=\"191\" \/>Laborat\u00f3rio de Gen\u00e9tica e Evolu\u00e7\u00e3o (LAGEV): <\/strong>Neste laborat\u00f3rio s\u00e3o desenvolvidas pesquisas na \u00e1rea de Biologia Evolutiva de popula\u00e7\u00f5es e esp\u00e9cies Neotropicais de drosofil\u00eddeos. As atividades de pesquisa tem como objetivo fazer o levantamento da comunidade destes insetos visando a utiliza\u00e7\u00e3o de diversas esp\u00e9cies para o entendimento dos processos e padr\u00f5es resultantes das mudan\u00e7as clim\u00e1ticas e ambientais, da fragmenta\u00e7\u00e3o hist\u00f3rica e\/ou contempor\u00e2nea de habitats, e de invas\u00f5es de novas esp\u00e9cies. Para tanto s\u00e3o utilizadas tanto ferramentas cl\u00e1ssicas, tais como an\u00e1lises de ecologia de comunidades e de morfometria geom\u00e9trica de caracteres sistem\u00e1tico-taxon\u00f4micos, quanto atuais, como estudos de caracter\u00edsticas fisiol\u00f3gicas e gen\u00e9ticas, com a utiliza\u00e7\u00e3o de marcadores moleculares e sequenciamentos gen\u00f4micos. O LaGEv tem 75 metros quadrados e infra-estrutura para triagem, manuten\u00e7\u00e3o e experimenta\u00e7\u00e3o com esp\u00e9cies de drosofil\u00eddeos, contando com duas c\u00e2maras climatizadas de 5 metros quadrados, uma de temperatura constante a 20<sup>o<\/sup>C e a outra a 25<sup>o<\/sup>C, uma sala de prepara\u00e7\u00e3o com autoclave, fog\u00e3o e bancadas para repique das linhagens e para limpeza de material, e uma sala de manipula\u00e7\u00e3o das linhagens contando com bancada com microsc\u00f3pios esterosc\u00f3picos binoculares e trinoculares, microsc\u00f3pios \u00f3ticos, todos com sistema de obten\u00e7\u00e3o de imagens, um sistema de g\u00e1s carb\u00f4nico encanado para manipula\u00e7\u00e3o das moscas, duas estufas BOD, uma geladeira, um freezer horizontal -20<sup>o<\/sup>C, um ultrafreezer -80<sup>o<\/sup>C, uma balan\u00e7a, uma estufa bacteriol\u00f3gica de secagem, dois microcomputadores com acesso \u00e0 internet e arm\u00e1rios para armazenagem dos materiais gerais de laborat\u00f3rio.<\/p>\n<p>&nbsp;<\/p>\n<p><strong><img loading=\"lazy\" class=\"wp-image-1553 alignleft\" src=\"http:\/\/www2.uepg.br\/ppgbioevol\/wp-content\/uploads\/sites\/25\/2025\/05\/DNA-Lab.jpeg\" alt=\"\" width=\"426\" height=\"240\" \/>Laborat\u00f3rio de Gen\u00e9tica Molecular (DNA Lab):<\/strong> Neste laborat\u00f3rio s\u00e3o desenvolvidas pesquisas na \u00e1rea de Gen\u00e9tica e Biologia Evolutiva de Plantas e Fungos Nativos da Mata Atl\u00e2ntica com \u00eanfase na caracteriza\u00e7\u00e3o gen\u00e9tica de popula\u00e7\u00f5es e de esp\u00e9cies nativas da Floresta Ombr\u00f3fila Mista (Floresta com Arauc\u00e1rias). Nesta linha s\u00e3o empregados marcadores moleculares baseados no DNA (tanto baseados no polimorfismo de comprimento de fragmento amplificado como em polimorfismo de sequ\u00eancias) para gerar dados que possibilitam inferir os processos evolutivos atuais e hist\u00f3ricos atuantes nas popula\u00e7\u00f5es em estudo. O laborat\u00f3rio possui 110 metros quadrados e est\u00e1 equipado com estrutura avan\u00e7ada para biologia molecular e celular. Conta com 5 bancadas de 6&#215;1 metro, duas subsalas, sendo uma de perman\u00eancia de alunos (capacidade de 12 alunos), e outra o gabinete do professor coordenador do Laborat\u00f3rio. Toda estrutura conta com acesso \u00e0 internet. Em rela\u00e7\u00e3o a equipamentos consta 4 termocicladores com gradiente para tubos e placas, 1 termociclador em tempo real (real time PCR), 6 cubas de eletroforese horizontal, 2 cubas de eletroforese vertical, 2 fontes para eletroforese horizontal, 2 fontes para eletroforese vertical, 2 sistemas de fotodocumenta\u00e7\u00e3o de g\u00e9is com software para an\u00e1lises, um ultrapurificador de \u00e1gua, 1 destilador, um espectrofot\u00f4metro de microvolumes (Nanodrop), 1 microondas, 1 m\u00e1quina de gelo, 2 microcentr\u00edfugas, 1 centr\u00edfuga refrigerada com rotores para placas e de todos os tipos de tubos variando de 0,2 a 50 mL, 4 freezers, 1 ultrafreezer -80 graus, 3 geladeiras, 8 BODs (Demanda Bioqu\u00edmica de Oxig\u00eanio), 1 capela, 1 autoclave, 1 aquecedor com agita\u00e7\u00e3o, 1 balan\u00e7a de precis\u00e3o, 2 banhos-maria, 1 phmetro, 1 estufa, 1 incubadora de bancada com aquecimento, refrigera\u00e7\u00e3o e com plataforma de agita\u00e7\u00e3o orbital, 1 esta\u00e7\u00e3o de criogenia (nitrog\u00eanio l\u00edquido) composta por um cont\u00eainer de 60 litros com capacidade de armazenamento de 10 racks (total de 870 amostras em tubos de 2 ml), 1 botij\u00e3o para trasporte de amostras e uma bomba para transfer\u00eancia de nitrog\u00eanio, 1 mini spin. H\u00e1 tamb\u00e9m, dispon\u00edvel no laborat\u00f3rio, material semipermanente diversos (22 micropipetas, esp\u00e1tulas, pissetas, barril para armazenamento de \u00e1gua, racks para tubos diversos, almofariz, etc) e vidrarias.<\/p>\n<p>&nbsp;<\/p>\n<p>&nbsp;<\/p>\n<p><strong><img loading=\"lazy\" class=\"wp-image-1545 alignleft\" src=\"http:\/\/www2.uepg.br\/ppgbioevol\/wp-content\/uploads\/sites\/25\/2025\/05\/Adriana.jpeg\" alt=\"\" width=\"350\" height=\"197\" \/>Laborat\u00f3rio de Microbiologia Aplicada (LMA):<\/strong> Neste laborat\u00f3rio s\u00e3o desenvolvidas pesquisas na \u00e1rea de Microbiologia Aplicada, visando o isolamento e a bioprospec\u00e7\u00e3o de fungos produtores de enzimas de interesse industrial, a partir dos mais variados ambientes, incluindo a Floresta Ombr\u00f3fila Mista, a Floresta Amaz\u00f4nica e a Mata Atl\u00e2ntica. O LMA apresenta 70 metros quadrados e encontra-se equipado com 03 banhos-Maria, 01 cabine de seguran\u00e7a biol\u00f3gica classe II tipo A1, 02 estufas de incuba\u00e7\u00e3o e esteriliza\u00e7\u00e3o, 01 estufa BOD, 01 pHmetro, 01 balan\u00e7a anal\u00edtica, 01 agitador do tipo v\u00f3rtex, 02 agitadores com aquecimento, 01 espectrofot\u00f4metro UV-vis\u00edvel, 01 micro-ondas, 01 freezer -20 \u00b0C, 02 aparelhos refrigeradores, 02 centr\u00edfugas cl\u00ednicas de mesa e 01 bomba a v\u00e1cuo, 01 autoclave. Ainda, o LMA disp\u00f5e de diversos materiais semi-permanentes (incluindo 15 micropipetas, esp\u00e1tulas, pissetas, estantes para tubos, barrilete, entre outros) e vidrarias para uso em geral.<\/p>\n<p>&nbsp;<\/p>\n<p><strong><img loading=\"lazy\" class=\"wp-image-1550 alignleft\" src=\"http:\/\/www2.uepg.br\/ppgbioevol\/wp-content\/uploads\/sites\/25\/2025\/05\/labmol.jpeg\" alt=\"\" width=\"271\" height=\"204\" \/>Laborat\u00f3rio de Biologia Molecular (LABMOL):<\/strong> Laborat\u00f3rio com 50 metros quadrados que serve de apoio ao Laborat\u00f3rio de Gen\u00e9tica e Evolu\u00e7\u00e3o (LaGEv). Contem infraestrutura para an\u00e1lises moleculares de diversos marcadores, tais como conte\u00fados metab\u00f3licos, isoenzimas e \u00e1cidos nucleicos (DNA microssat\u00e9lite e DNA mitocondrial). Este laborat\u00f3rio est\u00e1 equipado com uma geladeira duplex, um freezer vertical -20<sup>o<\/sup>C, um banho-maria, uma m\u00e1quina de produ\u00e7\u00e3o de gelo mo\u00eddo, um destilador de \u00e1gua, um deionizador de \u00e1gua, um sistema de produ\u00e7\u00e3o de \u00e1gua ultrapura, uma microcentrifuga, um microsc\u00f3pio estereosc\u00f3pico, uma estufa bacteriol\u00f3gica de secagem, um agitador orbital, um v\u00f3rtex, uma balan\u00e7a anal\u00edtica de precis\u00e3o, um microondas, um pHmetro, um Sistema de Fotodocumenta\u00e7\u00e3o Loccus com Transiluminador (Branca\/UV), 6 cubas (3 verticais e 3 horizontais) e 3 fontes para eletroforese, dois termocicladores gradiente, um microcomputador com acesso a internet, e arm\u00e1rios para armazenagem dos materiais gerais de laborat\u00f3rio.<\/p>\n<p>&nbsp;<\/p>\n<p>Ainda a UNICENTRO \u00e9 co-fundadora do Instituto de Pesquisa do C\u00e2ncer de Guarapuava (https:\/\/ipec.org.br\/sobre\/) onde esta dispon\u00edvel diversas plataformas Illumina para sequenciamento de nova gera\u00e7\u00e3o, incluindo Single Cell, MiSeq e NovaSeq 6000. Esta estrutura \u00e9 amplamente utilizada pelos pesquisadores e alunos do PPG para sequenciamentos de DNA para metabarcoding e de genomas.<\/p>\n","protected":false},"excerpt":{"rendered":"<p>Herb\u00e1rio Arauca: destinado \u00e0 identifica\u00e7\u00e3o e conserva\u00e7\u00e3o de acervo da flora do Paran\u00e1 e em especial da Floresta com Arauc\u00e1ria e Campos de Altitude. Conta com salas de prepara\u00e7\u00e3o de material, salas de acervo. O curador do Herb\u00e1rio Arauca \u00e9 a docente do PPGBioEvol, Professor Adriano Silv\u00e9rio. &nbsp; Laborat\u00f3rio de Ecologia, Biologia e Comportamento de&nbsp;&hellip;<\/p>\n","protected":false},"author":24,"featured_media":0,"parent":90,"menu_order":0,"comment_status":"closed","ping_status":"closed","template":"","meta":[],"_links":{"self":[{"href":"https:\/\/www2.uepg.br\/ppgbioevol\/wp-json\/wp\/v2\/pages\/143"}],"collection":[{"href":"https:\/\/www2.uepg.br\/ppgbioevol\/wp-json\/wp\/v2\/pages"}],"about":[{"href":"https:\/\/www2.uepg.br\/ppgbioevol\/wp-json\/wp\/v2\/types\/page"}],"author":[{"embeddable":true,"href":"https:\/\/www2.uepg.br\/ppgbioevol\/wp-json\/wp\/v2\/users\/24"}],"replies":[{"embeddable":true,"href":"https:\/\/www2.uepg.br\/ppgbioevol\/wp-json\/wp\/v2\/comments?post=143"}],"version-history":[{"count":18,"href":"https:\/\/www2.uepg.br\/ppgbioevol\/wp-json\/wp\/v2\/pages\/143\/revisions"}],"predecessor-version":[{"id":1555,"href":"https:\/\/www2.uepg.br\/ppgbioevol\/wp-json\/wp\/v2\/pages\/143\/revisions\/1555"}],"up":[{"embeddable":true,"href":"https:\/\/www2.uepg.br\/ppgbioevol\/wp-json\/wp\/v2\/pages\/90"}],"wp:attachment":[{"href":"https:\/\/www2.uepg.br\/ppgbioevol\/wp-json\/wp\/v2\/media?parent=143"}],"curies":[{"name":"wp","href":"https:\/\/api.w.org\/{rel}","templated":true}]}}