{"id":172,"date":"2019-06-28T16:01:47","date_gmt":"2019-06-28T19:01:47","guid":{"rendered":"http:\/\/www2.uepg.br\/ppgbioevol\/?page_id=172"},"modified":"2019-06-28T16:01:47","modified_gmt":"2019-06-28T19:01:47","slug":"pro-equipamentos-e-pro-infra","status":"publish","type":"page","link":"https:\/\/www2.uepg.br\/ppgbioevol\/pro-equipamentos-e-pro-infra\/","title":{"rendered":"Pr\u00f3-Equipamentos e Pr\u00f3-Infra"},"content":{"rendered":"<p><b>Financiamentos Institucionais:<\/b><\/p>\n<div class=\"conteudo_pagina\">\n<p><b><\/b><em>PRO EQUIPAMENTOS CAPES<\/em><\/p>\n<p>&nbsp;<\/p>\n<table border=\"1\" cellspacing=\"0\" cellpadding=\"0\">\n<tbody>\n<tr>\n<td valign=\"top\" width=\"151\">Edital<\/td>\n<td valign=\"top\" width=\"151\">Equipamento<\/td>\n<td valign=\"top\" width=\"159\">Localiza\u00e7\u00e3o<\/td>\n<td valign=\"top\" width=\"143\">Agendamento<\/td>\n<\/tr>\n<tr>\n<td valign=\"top\" width=\"151\">27\/2013<\/td>\n<td valign=\"top\" width=\"151\">Sistema workstation<\/td>\n<td valign=\"top\" width=\"159\">Laborat\u00f3rio Multidisciplinar PPGBioEvol(em processo de compra)<\/td>\n<td valign=\"top\" width=\"143\">3220-3157<\/td>\n<\/tr>\n<tr>\n<td valign=\"top\" width=\"151\">24\/2012<\/td>\n<td valign=\"top\" width=\"151\">Sistema de Fluoresc\u00eancia para microsc\u00f3pio invertido<\/td>\n<td valign=\"top\" width=\"159\">Laborat\u00f3rio de Gen\u00e9tica Evolutiva(em processo de compra)<\/td>\n<td valign=\"top\" width=\"143\">3220-3739<\/td>\n<\/tr>\n<tr>\n<td valign=\"top\" width=\"151\">24\/2012<\/td>\n<td valign=\"top\" width=\"151\">Sistema de Fotodocumenta\u00e7\u00e3o de g\u00e9is<\/td>\n<td valign=\"top\" width=\"159\">Laborat\u00f3rio Multidisciplinar PPGBioEvol<\/td>\n<td valign=\"top\" width=\"143\">3220-3157<\/td>\n<\/tr>\n<tr>\n<td valign=\"top\" width=\"151\">24\/2012<\/td>\n<td valign=\"top\" width=\"151\">Espectrofot\u00f4metro UV<\/td>\n<td valign=\"top\" width=\"159\"><\/td>\n<td valign=\"top\" width=\"143\"><\/td>\n<\/tr>\n<tr>\n<td valign=\"top\" width=\"151\">24\/2012<\/td>\n<td valign=\"top\" width=\"151\">Rack ventilado para camundongos com mini-isolador completo<\/td>\n<td valign=\"top\" width=\"159\">Biot\u00e9rio<\/td>\n<td valign=\"top\" width=\"143\">3220-3159<\/td>\n<\/tr>\n<tr>\n<td valign=\"top\" width=\"151\">25\/2011<\/td>\n<td valign=\"top\" width=\"151\">Ultrafreezer<\/td>\n<td valign=\"top\" width=\"159\">Clab-Mu<\/td>\n<td valign=\"top\" width=\"143\">3220-3152<\/td>\n<\/tr>\n<tr>\n<td valign=\"top\" width=\"151\">25\/2011<\/td>\n<td valign=\"top\" width=\"151\">Centr\u00edfuga Refrigerada<\/td>\n<td valign=\"top\" width=\"159\"><\/td>\n<td valign=\"top\" width=\"143\"><\/td>\n<\/tr>\n<tr>\n<td valign=\"top\" width=\"151\">25\/2011<\/td>\n<td valign=\"top\" width=\"151\">Shaker (Incubadora)<\/td>\n<td valign=\"top\" width=\"159\">Laborat\u00f3rio de Ecologia Evolutiva<\/td>\n<td valign=\"top\" width=\"143\">3220-3737<\/td>\n<\/tr>\n<tr>\n<td valign=\"top\" width=\"151\">27\/2010<\/td>\n<td valign=\"top\" width=\"151\">Centr\u00edfuga de mesa refrigerada<\/td>\n<td valign=\"top\" width=\"159\">PPG-Odontologia\/cedida ao Laborat\u00f3rio Multidisciplinar PPGBioEvol<\/td>\n<td valign=\"top\" width=\"143\">3220-3157<\/td>\n<\/tr>\n<tr>\n<td valign=\"top\" width=\"151\">27\/2010<\/td>\n<td valign=\"top\" width=\"151\">Laser Doppler<\/td>\n<td valign=\"top\" width=\"159\">PPG-Odontologia<\/td>\n<td valign=\"top\" width=\"143\">3220-3740<\/td>\n<\/tr>\n<tr>\n<td valign=\"top\" width=\"151\">27\/2010<\/td>\n<td valign=\"top\" width=\"151\">Microsc\u00f3pio invertido<\/td>\n<td valign=\"top\" width=\"159\"><\/td>\n<td valign=\"top\" width=\"143\"><\/td>\n<\/tr>\n<tr>\n<td valign=\"top\" width=\"151\">27\/2010<\/td>\n<td valign=\"top\" width=\"151\">Monitor pr\u00e9-configurado<\/td>\n<td valign=\"top\" width=\"159\"><\/td>\n<td valign=\"top\" width=\"143\"><\/td>\n<\/tr>\n<tr>\n<td valign=\"top\" width=\"151\">27\/2010<\/td>\n<td valign=\"top\" width=\"151\">Sonda VP1T<\/td>\n<td valign=\"top\" width=\"159\">PPG-Odontologia<\/td>\n<td valign=\"top\" width=\"143\">3220-3740<\/td>\n<\/tr>\n<tr>\n<td valign=\"top\" width=\"151\">27\/2010<\/td>\n<td valign=\"top\" width=\"151\">Spectr\u00f4metro<\/td>\n<td valign=\"top\" width=\"159\"><\/td>\n<td valign=\"top\" width=\"143\"><\/td>\n<\/tr>\n<tr>\n<td valign=\"top\" width=\"151\">2009<\/td>\n<td valign=\"top\" width=\"151\">Dispensador de parafina<\/td>\n<td valign=\"top\" width=\"159\">PPG-Odontologia<\/td>\n<td valign=\"top\" width=\"143\">3220-3740<\/td>\n<\/tr>\n<tr>\n<td valign=\"top\" width=\"151\">2009<\/td>\n<td valign=\"top\" width=\"151\">Microsc\u00f3pio biol\u00f3gico trinocular, Com captura de imagem por c\u00e2mera de v\u00eddeo digital refrigerada de alta resolu\u00e7\u00e3o 12 MPixels modelo DP-71 ou equivalente<\/td>\n<td valign=\"top\" width=\"159\">PPG-Odontologia<\/td>\n<td valign=\"top\" width=\"143\">3220-3740<\/td>\n<\/tr>\n<tr>\n<td valign=\"top\" width=\"151\">2009<\/td>\n<td valign=\"top\" width=\"151\">Micr\u00f3tomo rotativo de alta performance<\/td>\n<td valign=\"top\" width=\"159\">PPG-Odontologia<\/td>\n<td valign=\"top\" width=\"143\">3220-3740<\/td>\n<\/tr>\n<tr>\n<td valign=\"top\" width=\"151\">2009<\/td>\n<td valign=\"top\" width=\"151\">Processador autom\u00e1tico de tecidos<\/td>\n<td valign=\"top\" width=\"159\">PPG-Odontologia<\/td>\n<td valign=\"top\" width=\"143\">3220-3740<\/td>\n<\/tr>\n<tr>\n<td valign=\"top\" width=\"151\">1\/2007<\/td>\n<td valign=\"top\" width=\"151\">Sistema de An\u00e1lise G\u00eanica por QPCR Tempo Real(RT-PCR)<\/td>\n<td valign=\"top\" width=\"159\">Laborat\u00f3rio Multidisciplinar PPGBioEvol<\/td>\n<td valign=\"top\" width=\"143\">3220-3157<\/td>\n<\/tr>\n<\/tbody>\n<\/table>\n<p>&nbsp;<\/p>\n<p>CTs- INFRA<\/p>\n<p>&nbsp;<\/p>\n<table border=\"1\" cellspacing=\"0\" cellpadding=\"0\">\n<tbody>\n<tr>\n<td valign=\"top\" width=\"151\">Edital<\/td>\n<td valign=\"top\" width=\"151\">Equipamento<\/td>\n<td valign=\"top\" width=\"151\">Localiza\u00e7\u00e3o<\/td>\n<td valign=\"top\" width=\"151\">Agendamento<\/td>\n<\/tr>\n<tr>\n<td valign=\"top\" width=\"151\">PROINFRA 01\/2011<\/td>\n<td valign=\"top\" width=\"151\">Nanoindentador instrumentado<\/td>\n<td valign=\"top\" width=\"151\">em processo de compra<\/td>\n<td valign=\"top\" width=\"151\"><\/td>\n<\/tr>\n<tr>\n<td valign=\"top\" width=\"151\">PROINFRA 01\/2011<\/td>\n<td valign=\"top\" width=\"151\">Microtom\u00f3grafo computadorizado de raios X<\/td>\n<td valign=\"top\" width=\"151\">em processo de compra<\/td>\n<td valign=\"top\" width=\"151\"><\/td>\n<\/tr>\n<tr>\n<td valign=\"top\" width=\"151\">PROINFRA 01\/2011<\/td>\n<td valign=\"top\" width=\"151\">M\u00e1quina servo-hidr\u00e1ulica para ensaios din\u00e2micos<\/td>\n<td valign=\"top\" width=\"151\">em processo de compra<\/td>\n<td valign=\"top\" width=\"151\"><\/td>\n<\/tr>\n<tr>\n<td valign=\"top\" width=\"151\">PROINFRA 01\/2011<\/td>\n<td valign=\"top\" width=\"151\">Microsc\u00f3pio eletr\u00f4nico de varredura com canh\u00e3o com emiss\u00e3o por efeito de campo<\/td>\n<td valign=\"top\" width=\"151\">em processo de compra<\/td>\n<td valign=\"top\" width=\"151\"><\/td>\n<\/tr>\n<tr>\n<td valign=\"top\" width=\"151\">PROINFRA 01\/2011<\/td>\n<td valign=\"top\" width=\"151\">Sistema de cromatografia l\u00edquida de alta efici\u00eancia<\/td>\n<td valign=\"top\" width=\"151\">em processo de compra<\/td>\n<td valign=\"top\" width=\"151\"><\/td>\n<\/tr>\n<tr>\n<td valign=\"top\" width=\"151\">PROINFRA 01\/2011<\/td>\n<td valign=\"top\" width=\"151\">Microsc\u00f3pio confocal Raman<\/td>\n<td valign=\"top\" width=\"151\">em processo de compra<\/td>\n<td valign=\"top\" width=\"151\"><\/td>\n<\/tr>\n<tr>\n<td valign=\"top\" width=\"151\">PROINFRA 02\/2010<\/td>\n<td valign=\"top\" width=\"151\">M\u00e1quina Servo-hidr\u00e1ulica<\/td>\n<td valign=\"top\" width=\"151\">Clab-Mu<\/td>\n<td valign=\"top\" width=\"151\">3220-3152<\/td>\n<\/tr>\n<tr>\n<td valign=\"top\" width=\"151\">PROINFRA 02\/2010<\/td>\n<td valign=\"top\" width=\"151\">Microsc\u00f3pio eletr\u00f4nico de varredura com Sistema de recobrimento de filme condutor<\/td>\n<td valign=\"top\" width=\"151\">Clab-Mu<\/td>\n<td valign=\"top\" width=\"151\">3220-3152<\/td>\n<\/tr>\n<tr>\n<td valign=\"top\" width=\"151\">PROINFRA 01\/2009<\/td>\n<td valign=\"top\" width=\"151\">Microsc\u00f3pio eletr\u00f4nico de varredura com emiss\u00e3o por efeito de campo<\/td>\n<td valign=\"top\" width=\"151\">Clab-Mu<\/td>\n<td valign=\"top\" width=\"151\">3220-3152<\/td>\n<\/tr>\n<tr>\n<td valign=\"top\" width=\"151\">PROINFRA 01\/2009<\/td>\n<td valign=\"top\" width=\"151\">Microsc\u00f3pio confocal Raman com excita\u00e7\u00e3o no infravermelho<\/td>\n<td valign=\"top\" width=\"151\">Clab-Mu<\/td>\n<td valign=\"top\" width=\"151\">3220-3152<\/td>\n<\/tr>\n<tr>\n<td valign=\"top\" width=\"151\">PROINFRA 01\/2009<\/td>\n<td valign=\"top\" width=\"151\">Cit\u00f4metro de fluxo<\/td>\n<td valign=\"top\" width=\"151\">Clab-Mu<\/td>\n<td valign=\"top\" width=\"151\">3220-3152<\/td>\n<\/tr>\n<tr>\n<td valign=\"top\" width=\"151\">INFRAESTRUTURA DE PESQUISA EM UNIVERSIDADES P\u00daBLICAS ESTADUAIS E MUNICIPAIS \u2013 03\/2009<\/td>\n<td valign=\"top\" width=\"151\">Esta\u00e7\u00e3o para microarranjos de DNA<\/td>\n<td valign=\"top\" width=\"151\"><\/td>\n<td valign=\"top\" width=\"151\"><\/td>\n<\/tr>\n<tr>\n<td valign=\"top\" width=\"151\">INFRAESTRUTURA DE PESQUISA EM UNIVERSIDADES P\u00daBLICAS ESTADUAIS E MUNICIPAIS \u2013 03\/2009<\/td>\n<td valign=\"top\" width=\"151\">Esta\u00e7\u00e3o para Western Blot e leitora de multidetec\u00e7\u00e3o de microplacas<\/td>\n<td valign=\"top\" width=\"151\"><\/td>\n<td valign=\"top\" width=\"151\"><\/td>\n<\/tr>\n<tr>\n<td valign=\"top\" width=\"151\">PROINFRA 01\/2008<\/td>\n<td valign=\"top\" width=\"151\">Resson\u00e2ncia magn\u00e9tica nuclear (RMN)<\/td>\n<td valign=\"top\" width=\"151\">Clab-Mu<\/td>\n<td valign=\"top\" width=\"151\">3220-3152<\/td>\n<\/tr>\n<tr>\n<td valign=\"top\" width=\"151\">PROINFRA 01\/2008<\/td>\n<td valign=\"top\" width=\"151\">Sistema cromat\u00f3grafo a g\u00e1s com espectr\u00f4metro de massa (CGMS)<\/td>\n<td valign=\"top\" width=\"151\">Clab-Mu<\/td>\n<td valign=\"top\" width=\"151\">3220-3152<\/td>\n<\/tr>\n<tr>\n<td valign=\"top\" width=\"151\">PROINFRA 01\/2007<\/td>\n<td valign=\"top\" width=\"151\">Microsc\u00f3pio confocal Raman com excita\u00e7\u00e3o no vis\u00edvel (532 nm) e com mesa piezoel\u00e9trica<\/td>\n<td valign=\"top\" width=\"151\">Clab-Mu<\/td>\n<td valign=\"top\" width=\"151\">3220-3152<\/td>\n<\/tr>\n<tr>\n<td valign=\"top\" width=\"151\">PROINFRA 01\/2006<\/td>\n<td valign=\"top\" width=\"151\">Centr\u00edfuga refrigerada de alta velocidade<\/td>\n<td valign=\"top\" width=\"151\">Clab-Mu<\/td>\n<td valign=\"top\" width=\"151\">3220-3152<\/td>\n<\/tr>\n<tr>\n<td valign=\"top\" width=\"151\">PROINFRA 01\/2006<\/td>\n<td valign=\"top\" width=\"151\">Ultrafreezer<\/td>\n<td valign=\"top\" width=\"151\">Clab-Mu<\/td>\n<td valign=\"top\" width=\"151\">3220-3152<\/td>\n<\/tr>\n<tr>\n<td valign=\"top\" width=\"151\">PROINFRA 01\/2006<\/td>\n<td valign=\"top\" width=\"151\">Sistema completo de liquefa\u00e7\u00e3o de nitrog\u00eanio<\/td>\n<td valign=\"top\" width=\"151\">Clab-Mu<\/td>\n<td valign=\"top\" width=\"151\">3220-3152<\/td>\n<\/tr>\n<tr>\n<td valign=\"top\" width=\"151\">PROINFRA 01\/2006<\/td>\n<td valign=\"top\" width=\"151\">Liofilizador<\/td>\n<td valign=\"top\" width=\"151\">Clab-Mu<\/td>\n<td valign=\"top\" width=\"151\">3220-3152<\/td>\n<\/tr>\n<tr>\n<td valign=\"top\" width=\"151\">PROINFRA 01\/2005<\/td>\n<td valign=\"top\" width=\"151\">Microsc\u00f3pio de for\u00e7a at\u00f4mica<\/td>\n<td valign=\"top\" width=\"151\">Clab-Mu<\/td>\n<td valign=\"top\" width=\"151\">3220-3152<\/td>\n<\/tr>\n<tr>\n<td valign=\"top\" width=\"151\">PROINFRA 01\/2005<\/td>\n<td valign=\"top\" width=\"151\">Espectrofot\u00f4metro UV-vis\u00edvel<\/td>\n<td valign=\"top\" width=\"151\">Clab-Mu<\/td>\n<td valign=\"top\" width=\"151\">3220-3152<\/td>\n<\/tr>\n<tr>\n<td valign=\"top\" width=\"151\">PROINFRA 01\/2005<\/td>\n<td valign=\"top\" width=\"151\">Difrat\u00f4metro de raios X<\/td>\n<td valign=\"top\" width=\"151\">Clab-Mu<\/td>\n<td valign=\"top\" width=\"151\">3220-3152<\/td>\n<\/tr>\n<tr>\n<td valign=\"top\" width=\"151\">PROINFRA 01\/2004<\/td>\n<td valign=\"top\" width=\"151\">Espectrofot\u00f4metro de absor\u00e7\u00e3o at\u00f4mica<\/td>\n<td valign=\"top\" width=\"151\">Clab-Mu<\/td>\n<td valign=\"top\" width=\"151\">3220-3152<\/td>\n<\/tr>\n<\/tbody>\n<\/table>\n<p>&nbsp;<\/p>\n<p>&nbsp;<\/p>\n<table border=\"1\" width=\"650\" cellspacing=\"0\" cellpadding=\"0\">\n<tbody>\n<tr>\n<td valign=\"top\" width=\"104\">\n<p align=\"center\"><ins cite=\"mailto:Reviewer\" datetime=\"2013-07-13T11:23\">Equipamento<\/ins><\/p>\n<\/td>\n<td valign=\"top\" width=\"166\">\n<p align=\"center\"><ins cite=\"mailto:Reviewer\" datetime=\"2013-07-13T11:23\">Descri\u00e7\u00e3o<\/ins><\/p>\n<\/td>\n<td valign=\"top\" width=\"184\">\n<p align=\"center\"><ins cite=\"mailto:Reviewer\" datetime=\"2013-07-13T11:23\">Finalidade<\/ins><\/p>\n<\/td>\n<td valign=\"top\" width=\"100\">\n<p align=\"center\"><ins cite=\"mailto:Reviewer\" datetime=\"2013-07-13T11:23\">Valor<\/ins><\/p>\n<p align=\"center\"><ins cite=\"mailto:Reviewer\" datetime=\"2013-07-13T11:23\">(R$)<\/ins><\/p>\n<\/td>\n<td valign=\"top\" width=\"96\">\n<p align=\"center\"><ins cite=\"mailto:Reviewer\" datetime=\"2013-07-13T11:23\">Desembara\u00e7o Alfandeg\u00e1rio (15%)<\/ins><\/p>\n<p align=\"center\"><ins cite=\"mailto:Reviewer\" datetime=\"2013-07-13T11:23\">(R$)<\/ins><\/p>\n<\/td>\n<\/tr>\n<tr>\n<td valign=\"top\" width=\"104\">\n<p align=\"center\"><ins cite=\"mailto:Reviewer\" datetime=\"2013-07-13T11:23\">Analisador de imped\u00e2ncia<\/ins><ins cite=\"mailto:Reviewer\" datetime=\"2013-07-13T11:23\"><\/ins><\/p>\n<\/td>\n<td valign=\"top\" width=\"166\">\n<p align=\"center\"><ins cite=\"mailto:Reviewer\" datetime=\"2013-07-13T11:23\">Equipamento destinado a caracteriza\u00e7\u00e3o el\u00e9trica de materiais<\/ins><ins cite=\"mailto:Reviewer\" datetime=\"2013-07-13T11:23\"><\/ins><\/p>\n<\/td>\n<td valign=\"top\" width=\"184\">\n<p align=\"center\"><ins cite=\"mailto:Reviewer\" datetime=\"2013-07-13T11:23\">Caracteriza\u00e7\u00f5es el\u00e9tricas em corrente alternada no intervalo de 40 Hz a 110 MHz e de car\u00e1ter de ensaios n\u00e3o destrutivos.<\/ins><ins cite=\"mailto:Reviewer\" datetime=\"2013-07-13T11:23\"><\/ins><\/p>\n<\/td>\n<td valign=\"top\" width=\"100\">\n<p align=\"center\"><ins cite=\"mailto:Reviewer\" datetime=\"2013-07-13T11:23\">85.000,00<\/ins><\/p>\n<\/td>\n<td valign=\"top\" width=\"96\">\n<p align=\"center\"><ins cite=\"mailto:Reviewer\" datetime=\"2013-07-13T11:23\">12.750,00<\/ins><\/p>\n<\/td>\n<\/tr>\n<tr>\n<td valign=\"top\" width=\"104\">\n<p align=\"center\"><ins cite=\"mailto:Reviewer\" datetime=\"2013-07-13T11:23\">Microsc\u00f3pio eletr\u00f4nico de varredura<\/ins><\/p>\n<\/td>\n<td valign=\"top\" width=\"166\">\n<p align=\"center\"><ins cite=\"mailto:Reviewer\" datetime=\"2013-07-13T11:23\">Microsc\u00f3pio eletr\u00f4nico de varredura e sistema de recobrimento de filme condutor<\/ins><\/p>\n<p align=\"center\"><ins cite=\"mailto:Reviewer\" datetime=\"2013-07-13T11:23\">\u00a0<\/ins><\/p>\n<\/td>\n<td valign=\"top\" width=\"184\">\n<p align=\"center\"><ins cite=\"mailto:Reviewer\" datetime=\"2013-07-13T11:23\">Caracteriza\u00e7\u00e3o da microestrutura de materiais<\/ins><ins cite=\"mailto:Reviewer\" datetime=\"2013-07-13T11:23\"><\/ins><\/p>\n<\/td>\n<td valign=\"top\" width=\"100\">\n<p align=\"center\"><ins cite=\"mailto:Reviewer\" datetime=\"2013-07-13T11:23\">185.000,00<\/ins><\/p>\n<\/td>\n<td valign=\"top\" width=\"96\">\n<p align=\"center\"><ins cite=\"mailto:Reviewer\" datetime=\"2013-07-13T11:23\">27.750,00<\/ins><\/p>\n<\/td>\n<\/tr>\n<tr>\n<td valign=\"top\" width=\"104\">\n<p align=\"center\"><ins cite=\"mailto:Reviewer\" datetime=\"2013-07-13T11:23\">Sistema de cromatografia l\u00edquida de alta efici\u00eancia<\/ins><ins cite=\"mailto:Reviewer\" datetime=\"2013-07-13T11:23\"><\/ins><\/p>\n<\/td>\n<td valign=\"top\" width=\"166\">\n<p align=\"center\"><ins cite=\"mailto:Reviewer\" datetime=\"2013-07-13T11:23\">Sistema de cromatografia l\u00edquida de alta efici\u00eancia acoplada a detector espectr\u00f4metro de massa<\/ins><ins cite=\"mailto:Reviewer\" datetime=\"2013-07-13T11:23\"><\/ins><\/p>\n<\/td>\n<td valign=\"top\" width=\"184\">\n<p align=\"center\"><ins cite=\"mailto:Reviewer\" datetime=\"2013-07-13T11:23\">Identifica\u00e7\u00e3o e quantifica\u00e7\u00e3o de compostos org\u00e2nicos<\/ins><\/p>\n<\/td>\n<td valign=\"top\" width=\"100\">\n<p align=\"center\"><ins cite=\"mailto:Reviewer\" datetime=\"2013-07-13T11:23\">500.000,00<\/ins><\/p>\n<\/td>\n<td valign=\"top\" width=\"96\">\n<p align=\"center\"><ins cite=\"mailto:Reviewer\" datetime=\"2013-07-13T11:23\">75.000,00<\/ins><\/p>\n<\/td>\n<\/tr>\n<tr>\n<td valign=\"top\" width=\"104\">\n<p align=\"center\"><ins cite=\"mailto:Reviewer\" datetime=\"2013-07-13T11:23\">Tom\u00f3grafo computadorizado de raios X<\/ins><ins cite=\"mailto:Reviewer\" datetime=\"2013-07-13T11:23\"><\/ins><\/p>\n<\/td>\n<td valign=\"top\" width=\"166\">\n<p align=\"center\"><ins cite=\"mailto:Reviewer\" datetime=\"2013-07-13T11:23\">Tom\u00f3grafo computadorizado de raios X para caracteriza\u00e7\u00e3o qualitativa e quantitativa em escala micro\/nanom\u00e9trica em 2D e 3D.<\/ins><ins cite=\"mailto:Reviewer\" datetime=\"2013-07-13T11:23\"><\/ins><\/p>\n<\/td>\n<td valign=\"top\" width=\"184\">\n<p align=\"center\"><ins cite=\"mailto:Reviewer\" datetime=\"2013-07-13T11:23\">Caracteriza\u00e7\u00e3o de propriedades de materiais porosos em 2D e 3D em escala microm\u00e9trica<\/ins><ins cite=\"mailto:Reviewer\" datetime=\"2013-07-13T11:23\"><\/ins><\/p>\n<\/td>\n<td valign=\"top\" width=\"100\">\n<p align=\"center\"><ins cite=\"mailto:Reviewer\" datetime=\"2013-07-13T11:23\">360.000,00<\/ins><\/p>\n<\/td>\n<td valign=\"top\" width=\"96\">\n<p align=\"center\"><ins cite=\"mailto:Reviewer\" datetime=\"2013-07-13T11:23\">54.000,00<\/ins><\/p>\n<\/td>\n<\/tr>\n<tr>\n<td valign=\"top\" width=\"104\">\n<p align=\"center\"><ins cite=\"mailto:Reviewer\" datetime=\"2013-07-13T11:23\">C\u00e2mera de alta velocidade<\/ins><\/p>\n<\/td>\n<td valign=\"top\" width=\"166\">\n<p align=\"center\"><ins cite=\"mailto:Reviewer\" datetime=\"2013-07-13T11:23\">Equipamento de alto desempenho e \u00faltima gera\u00e7\u00e3o para a captura de imagens<\/ins><\/p>\n<\/td>\n<td valign=\"top\" width=\"184\">\n<p align=\"center\"><ins cite=\"mailto:Reviewer\" datetime=\"2013-07-13T11:23\">Permiti a obten\u00e7\u00e3o de imagens de processos f\u00edsicos, qu\u00edmicos e biol\u00f3gicos em escala temporal de at\u00e9 nanossegundos (10<sup>-9<\/sup>s)<\/ins><\/p>\n<\/td>\n<td valign=\"top\" width=\"100\">\n<p align=\"center\"><ins cite=\"mailto:Reviewer\" datetime=\"2013-07-13T11:23\">79.000,00<\/ins><\/p>\n<\/td>\n<td valign=\"top\" width=\"96\">\n<p align=\"center\"><ins cite=\"mailto:Reviewer\" datetime=\"2013-07-13T11:23\">11.850,00<\/ins><\/p>\n<\/td>\n<\/tr>\n<tr>\n<td valign=\"top\" width=\"104\">\n<p align=\"center\"><ins cite=\"mailto:Reviewer\" datetime=\"2013-07-13T11:23\">Cuba de Langmuir<\/ins><\/p>\n<\/td>\n<td valign=\"top\" width=\"166\">\n<p align=\"center\"><ins cite=\"mailto:Reviewer\" datetime=\"2013-07-13T11:23\">Cuba de Langmuir acoplada a sistema de forma\u00e7\u00e3o de filmes de Langmuir-Blodgett sobre diferentes substratos<\/ins><\/p>\n<\/td>\n<td valign=\"top\" width=\"184\">\n<p align=\"center\"><ins cite=\"mailto:Reviewer\" datetime=\"2013-07-13T11:23\">Possibilitar a prepara\u00e7\u00e3o de filmes finos moleculares com alto grau de organiza\u00e7\u00e3o sobre diferentes substratos, bem como a avalia\u00e7\u00e3o do processo de auto-organiza\u00e7\u00e3o de diferentes tipos de compostos sobre uma interface do tipo ar\/\u00e1gua<\/ins><\/p>\n<\/td>\n<td valign=\"top\" width=\"100\">\n<p align=\"center\"><ins cite=\"mailto:Reviewer\" datetime=\"2013-07-13T11:23\">123.200,00<\/ins><\/p>\n<\/td>\n<td valign=\"top\" width=\"96\">\n<p align=\"center\"><ins cite=\"mailto:Reviewer\" datetime=\"2013-07-13T11:23\">18.480,00<\/ins><\/p>\n<\/td>\n<\/tr>\n<tr>\n<td valign=\"top\" width=\"104\">\n<p align=\"center\"><ins cite=\"mailto:Reviewer\" datetime=\"2013-07-13T11:23\">Analisador BET<\/ins><\/p>\n<\/td>\n<td valign=\"top\" width=\"166\">\n<p align=\"center\"><ins cite=\"mailto:Reviewer\" datetime=\"2013-07-13T11:23\">Equipamento para a an\u00e1lise de \u00e1rea superficial total<\/ins><\/p>\n<\/td>\n<td valign=\"top\" width=\"184\">\n<p align=\"center\"><ins cite=\"mailto:Reviewer\" datetime=\"2013-07-13T11:23\">Caracteriza\u00e7\u00e3o em rela\u00e7\u00e3o \u00e0 \u00e1rea superficial e a porosidade de v\u00e1rias classes de materiais<\/ins><\/p>\n<\/td>\n<td valign=\"top\" width=\"100\">\n<p align=\"center\"><ins cite=\"mailto:Reviewer\" datetime=\"2013-07-13T11:23\">70.000,00 Qu\u00edmica<\/ins><\/p>\n<p align=\"center\"><ins cite=\"mailto:Reviewer\" datetime=\"2013-07-13T11:23\">70.000,00 Bioenergia<\/ins><ins cite=\"mailto:Reviewer\" datetime=\"2013-07-13T11:23\"><\/ins><\/p>\n<\/td>\n<td valign=\"top\" width=\"96\">\n<p align=\"center\"><ins cite=\"mailto:Reviewer\" datetime=\"2013-07-13T11:23\">10.500,00 Qu\u00edmica<\/ins><\/p>\n<p align=\"center\"><ins cite=\"mailto:Reviewer\" datetime=\"2013-07-13T11:23\">10.500,00 Bioenergia<\/ins><ins cite=\"mailto:Reviewer\" datetime=\"2013-07-13T11:23\"><\/ins><\/p>\n<\/td>\n<\/tr>\n<tr>\n<td valign=\"top\" width=\"104\"><\/td>\n<td valign=\"top\" width=\"166\">\n<p align=\"center\"><ins cite=\"mailto:Reviewer\" datetime=\"2013-07-13T11:23\">M\u00e1quina de ensaios din\u00e2micos (fadiga) e monot\u00f4nicos (tenacidade \u00e0 fratura, tra\u00e7\u00e3o, compress\u00e3o e flex\u00e3o)<\/ins><\/p>\n<\/td>\n<td valign=\"top\" width=\"184\">\n<p align=\"center\"><ins cite=\"mailto:Reviewer\" datetime=\"2013-07-13T11:23\">Caracteriza\u00e7\u00e3o das propriedades mec\u00e2nicas, dos materiais.<\/ins><\/p>\n<\/td>\n<td valign=\"top\" width=\"100\">\n<p align=\"center\"><ins cite=\"mailto:Reviewer\" datetime=\"2013-07-13T11:23\">310.000,00<\/ins><\/p>\n<\/td>\n<td valign=\"top\" width=\"96\">\n<p align=\"center\"><ins cite=\"mailto:Reviewer\" datetime=\"2013-07-13T11:23\">46.500,00<\/ins><\/p>\n<\/td>\n<\/tr>\n<tr>\n<td colspan=\"2\" rowspan=\"2\" valign=\"top\" width=\"270\">\n<p align=\"center\"><ins cite=\"mailto:Reviewer\" datetime=\"2013-07-13T11:23\">\u00a0<\/ins><\/p>\n<\/td>\n<td valign=\"top\" width=\"184\">\n<p align=\"center\"><ins cite=\"mailto:Reviewer\" datetime=\"2013-07-13T11:23\">TOTAL<\/ins><\/p>\n<\/td>\n<td valign=\"bottom\" width=\"100\">\n<p align=\"center\"><ins cite=\"mailto:Reviewer\" datetime=\"2013-07-13T11:23\">1.782.200,00<\/ins><ins cite=\"mailto:Reviewer\" datetime=\"2013-07-13T11:23\"><\/ins><\/p>\n<\/td>\n<td valign=\"bottom\" width=\"96\">\n<p align=\"center\"><ins cite=\"mailto:Reviewer\" datetime=\"2013-07-13T11:23\">267.330,00<\/ins><ins cite=\"mailto:Reviewer\" datetime=\"2013-07-13T11:23\"><\/ins><\/p>\n<\/td>\n<\/tr>\n<tr>\n<td valign=\"top\" width=\"184\">\n<p align=\"center\"><ins cite=\"mailto:Reviewer\" datetime=\"2013-07-13T11:23\">TOTAL GERAL<\/ins><\/p>\n<\/td>\n<td valign=\"bottom\" width=\"100\">\n<p align=\"center\"><ins cite=\"mailto:Reviewer\" datetime=\"2013-07-13T11:23\">1.870.000,00<\/ins><\/p>\n<\/td>\n<td valign=\"bottom\" width=\"96\">\n<p align=\"center\"><ins cite=\"mailto:Reviewer\" datetime=\"2013-07-13T11:23\">2.049.530,00<\/ins><\/p>\n<\/td>\n<\/tr>\n<\/tbody>\n<\/table>\n<\/div>\n","protected":false},"excerpt":{"rendered":"<p>Financiamentos Institucionais: PRO EQUIPAMENTOS CAPES &nbsp; Edital Equipamento Localiza\u00e7\u00e3o Agendamento 27\/2013 Sistema workstation Laborat\u00f3rio Multidisciplinar PPGBioEvol(em processo de compra) 3220-3157 24\/2012 Sistema de Fluoresc\u00eancia para microsc\u00f3pio invertido Laborat\u00f3rio de Gen\u00e9tica Evolutiva(em processo de compra) 3220-3739 24\/2012 Sistema de Fotodocumenta\u00e7\u00e3o de g\u00e9is Laborat\u00f3rio Multidisciplinar PPGBioEvol 3220-3157 24\/2012 Espectrofot\u00f4metro UV 24\/2012 Rack ventilado para camundongos com mini-isolador&nbsp;&hellip;<\/p>\n","protected":false},"author":24,"featured_media":0,"parent":0,"menu_order":0,"comment_status":"closed","ping_status":"closed","template":"","meta":[],"_links":{"self":[{"href":"https:\/\/www2.uepg.br\/ppgbioevol\/wp-json\/wp\/v2\/pages\/172"}],"collection":[{"href":"https:\/\/www2.uepg.br\/ppgbioevol\/wp-json\/wp\/v2\/pages"}],"about":[{"href":"https:\/\/www2.uepg.br\/ppgbioevol\/wp-json\/wp\/v2\/types\/page"}],"author":[{"embeddable":true,"href":"https:\/\/www2.uepg.br\/ppgbioevol\/wp-json\/wp\/v2\/users\/24"}],"replies":[{"embeddable":true,"href":"https:\/\/www2.uepg.br\/ppgbioevol\/wp-json\/wp\/v2\/comments?post=172"}],"version-history":[{"count":1,"href":"https:\/\/www2.uepg.br\/ppgbioevol\/wp-json\/wp\/v2\/pages\/172\/revisions"}],"predecessor-version":[{"id":173,"href":"https:\/\/www2.uepg.br\/ppgbioevol\/wp-json\/wp\/v2\/pages\/172\/revisions\/173"}],"wp:attachment":[{"href":"https:\/\/www2.uepg.br\/ppgbioevol\/wp-json\/wp\/v2\/media?parent=172"}],"curies":[{"name":"wp","href":"https:\/\/api.w.org\/{rel}","templated":true}]}}