{"id":18,"date":"2019-06-28T13:18:42","date_gmt":"2019-06-28T16:18:42","guid":{"rendered":"http:\/\/www2.uepg.br\/ppgbioevol\/?page_id=18"},"modified":"2025-07-31T10:37:42","modified_gmt":"2025-07-31T13:37:42","slug":"o-programa","status":"publish","type":"page","link":"https:\/\/www2.uepg.br\/ppgbioevol\/o-programa\/","title":{"rendered":"O PROGRAMA"},"content":{"rendered":"<div id=\"pl-18\"  class=\"panel-layout\" ><div id=\"pg-18-0\"  class=\"panel-grid panel-no-style\" ><div id=\"pgc-18-0-0\"  class=\"panel-grid-cell\" ><div id=\"panel-18-0-0-0\" class=\"so-panel widget widget_sow-editor panel-first-child panel-last-child\" data-index=\"0\" ><div id=\"o-curso\" class=\"panel-widget-style panel-widget-style-for-18-0-0-0\" ><div\n\t\t\t\n\t\t\tclass=\"so-widget-sow-editor so-widget-sow-editor-base\"\n\t\t\t\n\t\t>\n<div class=\"siteorigin-widget-tinymce textwidget\">\n\t<div>\n<hr \/>\n<\/div>\n<h3 style=\"text-align: center\"><strong>SOBRE O CURSO<\/strong><\/h3>\n<hr \/>\n<hr \/>\n<p style=\"text-align: center\"><strong>Coordenador:<\/strong> Prof. Dr. Adriano Silv\u00e9rio (UNICENTRO)<\/p>\n<p style=\"text-align: center\" align=\"center\"><strong>Vice-Coordenadora: <\/strong>Profa. Dra. Jesiane Stefania da Silva Batista (UEPG)<\/p>\n<p>&nbsp;<\/p>\n<h4><strong>A Biologia Evolutiva<\/strong><\/h4>\n<p style=\"text-align: left\">A Biologia Evolutiva \u00e9 uma \u00e1rea dentro das Ci\u00eancias Biol\u00f3gicas que estuda a hist\u00f3ria da vida na Terra. As principais perguntas que a Biologia Evolutiva tenta responder s\u00e3o: Quais as rela\u00e7\u00f5es entre as esp\u00e9cies, seu parentesco e ancestralidade? Como surge, se mant\u00eam ou desaparece a Biodiversidade no planeta Terra? Quais os processos que est\u00e3o relacionados a diferencia\u00e7\u00e3o das popula\u00e7\u00f5es de seres vivos? Que intera\u00e7\u00f5es essas esp\u00e9cies apresentam com seu meio ambiente? Como essas esp\u00e9cies est\u00e3o distribu\u00eddas nos locais onde est\u00e3o? Como o ambiente molda as formas, comportamentos, distribui\u00e7\u00e3o e o processo evolutivo dos seres vivos?<\/p>\n<p>&nbsp;<\/p>\n<h4><strong>Quem Somos<\/strong><\/h4>\n<p>Os Cursos de Mestrado e Doutorado em Biologia Evolutiva, \u00e1rea de concentra\u00e7\u00e3o em Biologia Evolutiva, do Programa de P\u00f3s-Gradua\u00e7\u00e3o em Biologia Evolutiva (PPGBioEvol), associa\u00e7\u00e3o entre a Universidade Estadual de Ponta Grossa (UEPG) e a Universidade Estadual do Centro-Oeste (UNICENTRO), tem como meta e miss\u00e3o a forma\u00e7\u00e3o de pessoal de alto n\u00edvel cient\u00edfico e com responsabilidade social para atua\u00e7\u00e3o em atividades relacionadas \u00e0 caracteriza\u00e7\u00e3o hist\u00f3rica e contempor\u00e2nea da biodiversidade, conserva\u00e7\u00e3o da natureza e educa\u00e7\u00e3o bem como, no aux\u00edlio de resolu\u00e7\u00e3o de problemas socioambientais.<\/p>\n<p>&nbsp;<\/p>\n<h4><b>Nossa miss\u00e3o<\/b><\/h4>\n<p>Formar pessoal de alto n\u00edvel cient\u00edfico e com responsabilidade social para atua\u00e7\u00e3o em atividades relacionadas a caracteriza\u00e7\u00e3o da biodiversidade, conserva\u00e7\u00e3o da natureza e educa\u00e7\u00e3o bem como, na resolu\u00e7\u00e3o de problemas socioambientais.<\/p>\n<p>&nbsp;<\/p>\n<h4><b>Nossa vis\u00e3o<\/b><\/h4>\n<p>Excel\u00eancia na forma\u00e7\u00e3o de pesquisadores e educadores em ci\u00eancias biol\u00f3gicas, com foco na interdisciplinaridade da biologia evolutiva e na conserva\u00e7\u00e3o da biodiversidade pela sua caracteriza\u00e7\u00e3o e valoriza\u00e7\u00e3o social.<\/p>\n<p>&nbsp;<\/p>\n<h4><strong>Perfil do Profissional a ser formado<\/strong><\/h4>\n<p>Os Mestres e Doutores em Biologia Evolutiva dever\u00e3o:<br \/>\u2013 Apresentar uma forma\u00e7\u00e3o b\u00e1sica equilibrada e abrangente em Biologia Evolutiva e um aprofundamento atual e espec\u00edfico na linha de pesquisa escolhida.<br \/>\u2013 Esp\u00edrito cr\u00edtico e h\u00e1bil em analisar situa\u00e7\u00f5es, identificar problemas, planejar a\u00e7\u00f5es, elaborar e defender propostas de solu\u00e7\u00f5es.<br \/>\u2013 Ter uma vis\u00e3o cr\u00edtica da Ci\u00eancia e postura \u00e9tica no exerc\u00edcio da profiss\u00e3o na doc\u00eancia e na pesquisa.<br \/>\u2013 Ter conhecimentos que permitam a interdisciplinaridade.<br \/>\u2013 Saber trabalhar em equipe, inter e multidisciplinar.<\/p>\n<p>&nbsp;<\/p>\n<h4><strong>Cr\u00e9ditos\/Atividades necess\u00e1rios para obten\u00e7\u00e3o do t\u00edtulo<\/strong><\/h4>\n<p>Para conclus\u00e3o do Mestrado no PPGBioEvol o aluno deve cumprir os seguintes requisitos:<\/p>\n<p>Cr\u00e9ditos em disciplinas obrigat\u00f3rias: 25<\/p>\n<p>Cr\u00e9ditos em disciplinas eletivas: 09<\/p>\n<p>Apresentar profici\u00eancia em l\u00edngua inglesa<\/p>\n<p>Ser aprovado no Exame de Qualifica\u00e7\u00e3o<\/p>\n<p>Ser aprovado na Defesa da Disserta\u00e7\u00e3o<\/p>\n<p>&nbsp;<\/p>\n<p>Para conclus\u00e3o do Doutorado no PPGBioEvol o aluno deve cumprir os seguintes requisitos:<\/p>\n<p>Cr\u00e9ditos em disciplinas obrigat\u00f3rias: 41<\/p>\n<p>Cr\u00e9ditos em disciplinas eletivas: 09<\/p>\n<p>Apresentar profici\u00eancia em l\u00edngua inglesa<\/p>\n<p>Ser aprovado no Exame de Qualifica\u00e7\u00e3o<\/p>\n<p>Ser aprovado na Defesa da Tese<\/p>\n<p>&nbsp;<\/p>\n<p>No PPGBioEvol cada cr\u00e9dito corresponde a 15 horas\/aula.<\/p>\n<div id=\"area-de-concentracao\">&nbsp;<\/div>\n<p><strong>Periodicidade de Sele\u00e7\u00e3o:<\/strong>&nbsp; Anual<br \/><strong>Vagas por Sele\u00e7\u00e3o:<\/strong>&nbsp; <a href=\"https:\/\/www2.uepg.br\/ppgbioevol\/\" target=\"_blank\" rel=\"noopener noreferrer\">Verifique em nosso site para prazos e outras informa\u00e7\u00f5es<\/a><\/p>\n<p>&nbsp;<\/p>\n<h4><strong>\u00c1rea de Concentra\u00e7\u00e3o<\/strong><\/h4>\n<p><strong>Nome:<\/strong>&nbsp;BIOLOGIA EVOLUTIVA<\/p>\n<p>&nbsp;<\/p>\n<h4><strong>Linhas de Pesquisa<\/strong><\/h4>\n<p><a href=\"https:\/\/www2.uepg.br\/ppgbioevol\/pesquisa\/#page-content\" target=\"_blank\" rel=\"noopener noreferrer\">Biologia Evolutiva e Caracteriza\u00e7\u00e3o da Biodiversidade<\/a><\/p>\n<p>&nbsp;<\/p>\n<\/div>\n<\/div><\/div><\/div><\/div><\/div><\/div>","protected":false},"excerpt":{"rendered":"<p>SOBRE O CURSO Coordenador: Prof. Dr. Adriano Silv\u00e9rio (UNICENTRO) Vice-Coordenadora: Profa. Dra. Jesiane Stefania da Silva Batista (UEPG) &nbsp; A Biologia Evolutiva A Biologia Evolutiva \u00e9 uma \u00e1rea dentro das Ci\u00eancias Biol\u00f3gicas que estuda a hist\u00f3ria da vida na Terra. As principais perguntas que a Biologia Evolutiva tenta responder s\u00e3o: Quais as rela\u00e7\u00f5es entre as&nbsp;&hellip;<\/p>\n","protected":false},"author":24,"featured_media":0,"parent":0,"menu_order":0,"comment_status":"closed","ping_status":"closed","template":"","meta":[],"_links":{"self":[{"href":"https:\/\/www2.uepg.br\/ppgbioevol\/wp-json\/wp\/v2\/pages\/18"}],"collection":[{"href":"https:\/\/www2.uepg.br\/ppgbioevol\/wp-json\/wp\/v2\/pages"}],"about":[{"href":"https:\/\/www2.uepg.br\/ppgbioevol\/wp-json\/wp\/v2\/types\/page"}],"author":[{"embeddable":true,"href":"https:\/\/www2.uepg.br\/ppgbioevol\/wp-json\/wp\/v2\/users\/24"}],"replies":[{"embeddable":true,"href":"https:\/\/www2.uepg.br\/ppgbioevol\/wp-json\/wp\/v2\/comments?post=18"}],"version-history":[{"count":66,"href":"https:\/\/www2.uepg.br\/ppgbioevol\/wp-json\/wp\/v2\/pages\/18\/revisions"}],"predecessor-version":[{"id":1608,"href":"https:\/\/www2.uepg.br\/ppgbioevol\/wp-json\/wp\/v2\/pages\/18\/revisions\/1608"}],"wp:attachment":[{"href":"https:\/\/www2.uepg.br\/ppgbioevol\/wp-json\/wp\/v2\/media?parent=18"}],"curies":[{"name":"wp","href":"https:\/\/api.w.org\/{rel}","templated":true}]}}