{"id":198,"date":"2019-06-28T16:23:56","date_gmt":"2019-06-28T19:23:56","guid":{"rendered":"http:\/\/www2.uepg.br\/ppgbioevol\/?page_id=198"},"modified":"2026-03-23T20:38:32","modified_gmt":"2026-03-23T23:38:32","slug":"editais","status":"publish","type":"page","link":"https:\/\/www2.uepg.br\/ppgbioevol\/editais\/","title":{"rendered":"EDITAIS"},"content":{"rendered":"<div id=\"pl-198\"  class=\"panel-layout\" ><div id=\"pg-198-0\"  class=\"panel-grid panel-no-style\" ><div id=\"pgc-198-0-0\"  class=\"panel-grid-cell\" ><div id=\"panel-198-0-0-0\" class=\"so-panel widget widget_sow-editor panel-first-child\" data-index=\"0\" ><div\n\t\t\t\n\t\t\tclass=\"so-widget-sow-editor so-widget-sow-editor-base\"\n\t\t\t\n\t\t><h3 class=\"widget-title\">INSTRU\u00c7\u00d5ES NORMATIVAS<\/h3>\n<div class=\"siteorigin-widget-tinymce textwidget\">\n\t<p class=\"p2\"><span class=\"s1\"><span class=\"Apple-converted-space\">\u00a0<\/span><\/span><b>INSTRU\u00c7\u00c3O NORMATIVA PPGBIOEVOL\/UEPG\/UNICENTRO N<\/b><span class=\"s2\"><b>O <\/b><\/span><b>03, DE 12 DE JUNHO DE 2025:<\/b><span class=\"s1\"><span class=\"Apple-converted-space\">\u00a0<\/span><\/span>Normatiza os procedimentos para Qualifica\u00e7\u00e3o de Mestrado e Doutorado no Programa de P\u00f3s-Gradua\u00e7\u00e3o em Biologia Evolutiva da UEPG\/UNICENTRO <a href=\"http:\/\/www2.uepg.br\/ppgbioevol\/wp-content\/uploads\/sites\/25\/2025\/08\/Instruc\u0327a\u0303o-normativa-3-PPGBioEvol.pdf\">Instruc\u0327a\u0303o normativa 3 PPGBioEvol<\/a><\/p>\n<\/div>\n<\/div><\/div><div id=\"panel-198-0-0-1\" class=\"so-panel widget widget_sow-editor\" data-index=\"1\" ><div\n\t\t\t\n\t\t\tclass=\"so-widget-sow-editor so-widget-sow-editor-base\"\n\t\t\t\n\t\t><h3 class=\"widget-title\">EDITAIS 2026<\/h3>\n<div class=\"siteorigin-widget-tinymce textwidget\">\n\t<p class=\"p1\"><b>EDITAL N\u00ba 01\/2026-PPG-BioEvol (UEPG\/UNICENTRO): <\/b>RESULTADO DO PROCESSO DE SELE\u00c7\u00c3O PARA INGRESSO NO CURSO DE MESTRADO E DOUTORADO EM CI\u00caNCIAS BIOL\u00d3GICAS \u2013 \u00c1REA DE CONCENTRA\u00c7\u00c3O EM BIOLOGIA EVOLUTIVA <a href=\"http:\/\/www2.uepg.br\/ppgbioevol\/wp-content\/uploads\/sites\/25\/2026\/02\/Edital-001_2026.pdf\">Edital 001_2026<\/a><\/p>\n<p class=\"p1\"><b>EDITAL N\u00ba 02\/2026-PPG-BioEvol (UEPG\/UNICENTRO): <\/b>RESULTADO DOS RECURSOS FRENTE \u00c0 HOMOLOGA\u00c7\u00c3O DO RESULTADO DO PROCESSO DE SELE\u00c7\u00c3O PARA INGRESSO NO CURSO DE MESTRADO E DOUTORADO EM CI\u00caNCIAS BIOL\u00d3GICAS \u2013 \u00c1REA DE CONCENTRA\u00c7\u00c3O EM BIOLOGIA EVOLUTIVA\u00a0<a href=\"http:\/\/www2.uepg.br\/ppgbioevol\/wp-content\/uploads\/sites\/25\/2026\/02\/Edital-002_2026.pdf\">Edital 002_2026<\/a><\/p>\n<p class=\"p1\"><b>EDITAL N\u00ba 03\/2026-PPG-BioEvol (UEPG\/UNICENTRO): <\/b>RESULTADO FINAL E CLASSIFICA\u00c7\u00c3O - PROCESSO DE SELE\u00c7\u00c3O PARA INGRESSO NO CURSO DE MESTRADO E DOUTORADO EM CI\u00caNCIAS BIOL\u00d3GICAS \u2013 \u00c1REA DE CONCENTRA\u00c7\u00c3O EM BIOLOGIA EVOLUTIVA <a href=\"http:\/\/www2.uepg.br\/ppgbioevol\/wp-content\/uploads\/sites\/25\/2026\/02\/Edital-003_2026.pdf\">Edital 003_2026<\/a><\/p>\n<p><b>EDITAL N\u00ba 04\/2026-PPG-BioEvol (UEPG\/UNICENTRO): <\/b>RETIFICA\u00c7\u00c3O DO EDITAL N\u00ba 003\/2026-PPG-BioEvol (UEPG\/UNICENTRO) <a href=\"http:\/\/www2.uepg.br\/ppgbioevol\/wp-content\/uploads\/sites\/25\/2026\/03\/Retificac\u0327a\u0303o-edital-04_2026.pdf\">Retificac\u0327a\u0303o edital 04_2026<\/a><\/p>\n<p><strong>EDITAL N\u00ba 005\/2026-PPG-BioEvol (UEPG\/UNICENTRO):<\/strong><strong>\u00a0<\/strong>INSCRI\u00c7\u00c3O DE ALUNO\u00a0 ESPECIAL NAS DISCIPLINAS DO 1\u00ba SEMESTRE DO ANO LETIVO DE 2026 <a href=\"http:\/\/www2.uepg.br\/ppgbioevol\/wp-content\/uploads\/sites\/25\/2026\/03\/Edital-052026.pdf\">Edital 052026\u00a0 \/ <\/a><a href=\"http:\/\/www2.uepg.br\/ppgbioevol\/wp-content\/uploads\/sites\/25\/2026\/03\/Anexo-I-Edital-052026.docx\">Anexo I Edital 052026<\/a><\/p>\n<p><strong>EDITAL N\u00ba 06\/2026-PPG-BioEvol (UEPG\/UNICENTRO): <\/strong>RESULTADO DA SELE\u00c7\u00c3O DE ALUNO ESPECIAL NAS DISCIPLINAS DO 1\u00ba SEMESTRE DO ANO LETIVO DE 2026 <a href=\"http:\/\/www2.uepg.br\/ppgbioevol\/wp-content\/uploads\/sites\/25\/2026\/03\/Edital062026.pdf\">Edital062026<\/a><\/p>\n<\/div>\n<\/div><\/div><div id=\"panel-198-0-0-2\" class=\"so-panel widget widget_sow-editor panel-last-child\" data-index=\"2\" ><div\n\t\t\t\n\t\t\tclass=\"so-widget-sow-editor so-widget-sow-editor-base\"\n\t\t\t\n\t\t><h3 class=\"widget-title\">EDITAIS 2025<\/h3>\n<div class=\"siteorigin-widget-tinymce textwidget\">\n\t<p><strong>EDITAL N\u00ba 09\/2025: <\/strong>PROCESSO DE SELE\u00c7\u00c3O ESPECIAL PARA INGRESSO NO CURSO DE\u00a0 DOUTORADO EM CI\u00caNCIAS BIOL\u00d3GICAS \u2013 \u00c1REA DE CONCENTRA\u00c7\u00c3O EM BIOLOGIA EVOLUTIVA. <a href=\"http:\/\/www2.uepg.br\/ppgbioevol\/wp-content\/uploads\/sites\/25\/2025\/06\/EDITAL-No-092025-Selecao_PPGBIOEVOL_2025_PIBPG.pdf\">EDITAL N\u00ba 09:2025 Selecao_PPGBIOEVOL_2025_PIBPG<\/a><\/p>\n<p><strong>EDITAL N\u00ba 10\/2025: <\/strong>HOMOLOGA\u00c7\u00c3O DAS INSCRI\u00c7\u00d5ES - PROCESSO DE SELE\u00c7\u00c3O ESPECIAL PARA INGRESSO NO CURSO DE\u00a0 DOUTORADO EM CI\u00caNCIAS BIOL\u00d3GICAS \u2013 \u00c1REA DE CONCENTRA\u00c7\u00c3O EM BIOLOGIA EVOLUTIVA. <a href=\"http:\/\/www2.uepg.br\/ppgbioevol\/wp-content\/uploads\/sites\/25\/2025\/06\/Edital-PPGBioevol-10_2025.pdf\">Edital PPGBioevol 10_2025<\/a><\/p>\n<p><strong>EDITAL N\u00ba <\/strong><strong>11<\/strong><strong>\/202<\/strong><strong>5: <\/strong>RESULTADO DO PROCESSO DE SELE\u00c7\u00c3O ESPECIAL PARA INGRESSO NO CURSO DE DOUTORADO EM CI\u00caNCIAS BIOL\u00d3GICAS \u2013 \u00c1REA DE CONCENTRA\u00c7\u00c3O EM BIOLOGIA EVOLUTIVA. <a href=\"http:\/\/www2.uepg.br\/ppgbioevol\/wp-content\/uploads\/sites\/25\/2025\/07\/Edital112025.pdf\">Edital112025<\/a><\/p>\n<p class=\"p2\"><span class=\"s1\"><span class=\"Apple-converted-space\">\u00a0<\/span><\/span><b>EDITAL N\u00ba 012\/2025-PPG-BioEvol: <\/b>INSCRI\u00c7\u00c3O DE ALUNO ESPECIAL NAS DISCIPLINAS DO SEGUNDO SEMESTRE DE 2025<span class=\"Apple-converted-space\"> <a href=\"http:\/\/www2.uepg.br\/ppgbioevol\/wp-content\/uploads\/sites\/25\/2025\/07\/Edital122025.pdf\">Edital122025<\/a><\/span><\/p>\n<p><strong>EDITAL N\u00ba 013\/2025-PPG-BioEvol: <\/strong>RESULTADO DA SELE\u00c7\u00c3O DE ALUNO ESPECIAL NAS DISCIPLINAS DO SEGUNDO SEMESTRE DE 2025<a href=\"http:\/\/www2.uepg.br\/ppgbioevol\/wp-content\/uploads\/sites\/25\/2025\/07\/Edital132025i.pdf\">Edital132025i<\/a><\/p>\n<p><strong>EDITAL N\u00ba 014\/2025-PPG-BioEvol: <\/strong>ABERTURA PARA SOLICITA\u00c7\u00c3O DE CREDENCIAMENTO DE DOCENTES <a href=\"http:\/\/www2.uepg.br\/ppgbioevol\/wp-content\/uploads\/sites\/25\/2025\/08\/Edital-Credenciamento-2025.pdf\">Edital Credenciamento 2025<\/a><\/p>\n<p class=\"p1\"><strong>EDITAL N\u00ba 15\/2025-PPGBIOEVOL (UEPG\/UNICENTRO):<\/strong> ABERTURA PARA SOLICITA\u00c7\u00c3O DE CREDENCIAMENTO DE DOCENTES (altera\u00e7\u00e3o de data de resultado final) <a href=\"http:\/\/www2.uepg.br\/ppgbioevol\/wp-content\/uploads\/sites\/25\/2025\/08\/Edital-Credenciamento-2025_retificac\u0327a\u0303o-1.pdf\">Edital 152025<\/a><\/p>\n<p><strong>EDITAL N\u00ba 16\/2025-PPGBIOEVOL (UEPG\/UNICENTRO):<\/strong> RESULTADO DE CREDENCIAMENTO DE DOCENTES <a href=\"http:\/\/www2.uepg.br\/ppgbioevol\/wp-content\/uploads\/sites\/25\/2025\/09\/Edital-162025-Credenciamento_final-2.pdf\">Edital 162025 Credenciamento_final (2)<\/a><\/p>\n<p><strong>EDITAL N\u00ba17\/2025-PPG-BioEvol (UEPG): <\/strong>SELE\u00c7\u00c3O INTERNA PARA O PROGRAMA DE DOUTORADO SANDU\u00cdCHE NO EXTERIOR (PSDE) 2026 PARA ALUNOS PPG-BioEvol- UEPG <a href=\"http:\/\/www2.uepg.br\/ppgbioevol\/wp-content\/uploads\/sites\/25\/2025\/09\/Edital172025.pdf\">Edital172025<\/a><\/p>\n<p><strong>EDITAL N\u00ba18\/2025-PPG-BioEvol (UEPG): <\/strong>RESULTADO DA SELE\u00c7\u00c3O INTERNA PARA O PROGRAMA DE DOUTORADO SANDU\u00cdCHE NO EXTERIOR (PSDE) 2026 PARA ALUNOS PPG-BioEvol- UEPG <a href=\"http:\/\/www2.uepg.br\/ppgbioevol\/wp-content\/uploads\/sites\/25\/2025\/09\/Edital-182025.pdf\">Edital 182025<\/a><\/p>\n<p class=\"p1\"><strong>EDITAL N\u00ba 19\/2025-PPG-BioEvol (UEPG\/UNICENTRO):<\/strong> PROCESSO DE SELE\u00c7\u00c3O PARA INGRESSO NO CURSO DE MESTRADO E DOUTORADO EM CI\u00caNCIAS BIOL\u00d3GICAS \u2013 \u00c1REA DE CONCENTRA\u00c7\u00c3O EM BIOLOGIA EVOLUTIVA <a href=\"http:\/\/www2.uepg.br\/ppgbioevol\/wp-content\/uploads\/sites\/25\/2025\/10\/Edital19_2025.pdf\">Edital19_2025<\/a><\/p>\n<p class=\"p1\"><b>EDITAL N\u00ba 20\/2025-PPG-BioEvol (UEPG\/UNICENTRO)<span class=\"Apple-converted-space\">: <\/span><\/b><span class=\"Apple-converted-space\">Retifica\u00e7\u00e3o do Edital 19\/2025 <\/span><span class=\"Apple-converted-space\"><a href=\"http:\/\/www2.uepg.br\/ppgbioevol\/wp-content\/uploads\/sites\/25\/2025\/10\/PPGBE-retificac\u0327a\u0303o-edital-no20-2025.pdf\">Edital 20 2025<\/a><\/span><\/p>\n<p><strong>EDITAL N\u00ba21\/2025-PPG-BioEvol (UEPG): <\/strong>SELE\u00c7\u00c3O INTERNA PARA O PROGRAMA DE DOUTORADO SANDU\u00cdCHE NO EXTERIOR (PSDE) 2026 PARA ALUNOS DA UEPG \u2013 2\u00aa chamada <a href=\"http:\/\/www2.uepg.br\/ppgbioevol\/wp-content\/uploads\/sites\/25\/2025\/10\/Edital-21_2025.pdf\">Edital 21_2025<\/a><\/p>\n<p><strong>EDITAL N\u00ba22\/2025-PPG-BioEvol (UEPG): <\/strong>RESULTADO DA SELE\u00c7\u00c3O INTERNA PARA O PROGRAMA DE DOUTORADO SANDU\u00cdCHE NO EXTERIOR (PSDE) 2026 PARA ALUNOS DA UEPG \u2013 2\u00aa chamada <a href=\"http:\/\/www2.uepg.br\/ppgbioevol\/wp-content\/uploads\/sites\/25\/2025\/11\/Edital-222025.pdf\">Edital 222025<\/a><\/p>\n<p class=\"p1\"><b>EDITAL N\u00ba 023\/2025-PPG-BioEvol (UEPG\/UNICENTRO):<\/b> HOMOLOGA\u00c7\u00c3O DAS INSCRI\u00c7\u00d5ES DO PROCESSO DE SELE\u00c7\u00c3O PARA INGRESSO NO CURSO DE MESTRADO E DOUTORADO EM CI\u00caNCIAS BIOL\u00d3GICAS \u2013 \u00c1REA DE CONCENTRA\u00c7\u00c3O EM BIOLOGIA EVOLUTIVA <a href=\"http:\/\/www2.uepg.br\/ppgbioevol\/wp-content\/uploads\/sites\/25\/2025\/12\/Edital-23_2025-PPGBE-homologac\u0327a\u0303o.pdf\">Edital 23_2025 PPGBE homologac\u0327a\u0303o<\/a><\/p>\n<p class=\"p1\"><b>EDITAL N\u00ba 024\/2025-PPG-BioEvol (UEPG\/UNICENTRO): <\/b>RESULTADO DOS RECURSOS IMPETRADOS FRENTE \u00c0 HOMOLOGA\u00c7\u00c3O DAS INSCRI\u00c7\u00d5ES DO PROCESSO DE SELE\u00c7\u00c3O PARA INGRESSO NO CURSO DE MESTRADO E DOUTORADO EM CI\u00caNCIAS BIOL\u00d3GICAS \u2013 \u00c1REA DE CONCENTRA\u00c7\u00c3O EM BIOLOGIA EVOLUTIVA <a href=\"http:\/\/www2.uepg.br\/ppgbioevol\/wp-content\/uploads\/sites\/25\/2025\/12\/Edital-24_2025-PPGBE.pdf\">Edital 24_2025 PPGBE<\/a><\/p>\n<\/div>\n<\/div><\/div><\/div><\/div><div id=\"pg-198-1\"  class=\"panel-grid panel-no-style\" ><div id=\"pgc-198-1-0\"  class=\"panel-grid-cell panel-grid-cell-empty\" ><\/div><\/div><\/div>","protected":false},"excerpt":{"rendered":"<p>\u00a0INSTRU\u00c7\u00c3O NORMATIVA PPGBIOEVOL\/UEPG\/UNICENTRO NO 03, DE 12 DE JUNHO DE 2025:\u00a0Normatiza os procedimentos para Qualifica\u00e7\u00e3o de Mestrado e Doutorado no Programa de P\u00f3s-Gradua\u00e7\u00e3o em Biologia Evolutiva da UEPG\/UNICENTRO Instruc\u0327a\u0303o normativa 3 PPGBioEvol EDITAL N\u00ba 01\/2026-PPG-BioEvol (UEPG\/UNICENTRO): RESULTADO DO PROCESSO DE SELE\u00c7\u00c3O PARA INGRESSO NO CURSO DE MESTRADO E DOUTORADO EM CI\u00caNCIAS BIOL\u00d3GICAS \u2013 \u00c1REA DE&nbsp;&hellip;<\/p>\n","protected":false},"author":24,"featured_media":0,"parent":0,"menu_order":0,"comment_status":"closed","ping_status":"closed","template":"","meta":[],"_links":{"self":[{"href":"https:\/\/www2.uepg.br\/ppgbioevol\/wp-json\/wp\/v2\/pages\/198"}],"collection":[{"href":"https:\/\/www2.uepg.br\/ppgbioevol\/wp-json\/wp\/v2\/pages"}],"about":[{"href":"https:\/\/www2.uepg.br\/ppgbioevol\/wp-json\/wp\/v2\/types\/page"}],"author":[{"embeddable":true,"href":"https:\/\/www2.uepg.br\/ppgbioevol\/wp-json\/wp\/v2\/users\/24"}],"replies":[{"embeddable":true,"href":"https:\/\/www2.uepg.br\/ppgbioevol\/wp-json\/wp\/v2\/comments?post=198"}],"version-history":[{"count":83,"href":"https:\/\/www2.uepg.br\/ppgbioevol\/wp-json\/wp\/v2\/pages\/198\/revisions"}],"predecessor-version":[{"id":1725,"href":"https:\/\/www2.uepg.br\/ppgbioevol\/wp-json\/wp\/v2\/pages\/198\/revisions\/1725"}],"wp:attachment":[{"href":"https:\/\/www2.uepg.br\/ppgbioevol\/wp-json\/wp\/v2\/media?parent=198"}],"curies":[{"name":"wp","href":"https:\/\/api.w.org\/{rel}","templated":true}]}}