{"id":213,"date":"2019-07-01T08:34:00","date_gmt":"2019-07-01T11:34:00","guid":{"rendered":"http:\/\/www2.uepg.br\/ppgbioevol\/?page_id=213"},"modified":"2019-12-05T00:14:36","modified_gmt":"2019-12-05T03:14:36","slug":"matricula","status":"publish","type":"page","link":"https:\/\/www2.uepg.br\/ppgbioevol\/matricula\/","title":{"rendered":"MATR\u00cdCULA"},"content":{"rendered":"<h4 style=\"text-align: left\"><strong>Matr\u00edcula 2020<\/strong><\/h4>\n<p>&nbsp;<\/p>\n<p style=\"text-align: left\"><a href=\"https:\/\/sistemas.uepg.br\/producao\/pro-reitorias\/propesp\/posgraduacao\/stricto\/matricula\/matricula_abertura.php\" target=\"_blank\" rel=\"noopener noreferrer\"><span style=\"color: #ff0000\">CLIQUE AQUI PARA MATR\u00cdCULA<\/span><\/a><\/p>\n<p>&nbsp;<\/p>\n<h4 style=\"text-align: left\"><strong>Matr\u00edcula 2019<\/strong><\/h4>\n<p>&nbsp;<\/p>\n<p style=\"text-align: left\">Alunos regulares UEPG de 29 a 31\/07\/2019<\/p>\n<p>&nbsp;<\/p>\n<p style=\"text-align: center\">\n","protected":false},"excerpt":{"rendered":"<p>Matr\u00edcula 2020 &nbsp; CLIQUE AQUI PARA MATR\u00cdCULA &nbsp; Matr\u00edcula 2019 &nbsp; Alunos regulares UEPG de 29 a 31\/07\/2019 &nbsp;<\/p>\n","protected":false},"author":24,"featured_media":0,"parent":0,"menu_order":0,"comment_status":"closed","ping_status":"closed","template":"","meta":[],"_links":{"self":[{"href":"https:\/\/www2.uepg.br\/ppgbioevol\/wp-json\/wp\/v2\/pages\/213"}],"collection":[{"href":"https:\/\/www2.uepg.br\/ppgbioevol\/wp-json\/wp\/v2\/pages"}],"about":[{"href":"https:\/\/www2.uepg.br\/ppgbioevol\/wp-json\/wp\/v2\/types\/page"}],"author":[{"embeddable":true,"href":"https:\/\/www2.uepg.br\/ppgbioevol\/wp-json\/wp\/v2\/users\/24"}],"replies":[{"embeddable":true,"href":"https:\/\/www2.uepg.br\/ppgbioevol\/wp-json\/wp\/v2\/comments?post=213"}],"version-history":[{"count":18,"href":"https:\/\/www2.uepg.br\/ppgbioevol\/wp-json\/wp\/v2\/pages\/213\/revisions"}],"predecessor-version":[{"id":850,"href":"https:\/\/www2.uepg.br\/ppgbioevol\/wp-json\/wp\/v2\/pages\/213\/revisions\/850"}],"wp:attachment":[{"href":"https:\/\/www2.uepg.br\/ppgbioevol\/wp-json\/wp\/v2\/media?parent=213"}],"curies":[{"name":"wp","href":"https:\/\/api.w.org\/{rel}","templated":true}]}}