{"id":29,"date":"2019-06-28T13:38:13","date_gmt":"2019-06-28T16:38:13","guid":{"rendered":"http:\/\/www2.uepg.br\/ppgbioevol\/?page_id=29"},"modified":"2025-10-23T13:26:27","modified_gmt":"2025-10-23T16:26:27","slug":"corpo-docente","status":"publish","type":"page","link":"https:\/\/www2.uepg.br\/ppgbioevol\/corpo-docente\/","title":{"rendered":"CORPO DOCENTE"},"content":{"rendered":"<div id=\"pl-29\"  class=\"panel-layout\"><div id=\"pg-29-0\"  class=\"panel-grid panel-no-style\"><div id=\"pgc-29-0-0\"  class=\"panel-grid-cell\"><div id=\"panel-29-0-0-0\" class=\"so-panel widget widget_sow-editor panel-first-child panel-last-child\" data-index=\"0\"><div\n\t\t\t\n\t\t\tclass=\"so-widget-sow-editor so-widget-sow-editor-base\">\n<div class=\"siteorigin-widget-tinymce textwidget\">\n\t<h2 style=\"text-align: center\"><strong>O CORPO DOCENTE<\/strong><\/h2>\n<p>&nbsp;<\/p>\n<hr \/>\n<p>&nbsp;<\/p>\n<p><\/p><\/div><\/div><\/div><\/div><\/div><\/div><p> <a href=\"https:\/\/www2.uepg.br\/ppgbioevol\/corpo-docente\/#more-29\" class=\"more-link\">Leia mais<\/a><\/p>","protected":false},"excerpt":{"rendered":"<p>O CORPO DOCENTE &nbsp; &nbsp; Nome:\u00a0Prof\u00aa. Dr\u00aa. Adriana Knob (Unicentro) \u2013 Permanente Curr\u00edculo Lattes \u00c1rea de Atua\u00e7\u00e3o:\u00a0Microbiologia Ambiental. Linha de Pesquisa: Caracteriza\u00e7\u00e3o da Biodiversidade Visa realizar a bioprospec\u00e7\u00e3o de microrganismos em busca de novas enzimas de interesse biotecnol\u00f3gico, a partir da explora\u00e7\u00e3o da diversidade microbiana. Objetiva-se tamb\u00e9m produzir estas enzimas a baixo custo, empregando-se diferentes&nbsp;&hellip;<\/p>\n","protected":false},"author":24,"featured_media":0,"parent":0,"menu_order":0,"comment_status":"closed","ping_status":"closed","template":"","meta":[],"_links":{"self":[{"href":"https:\/\/www2.uepg.br\/ppgbioevol\/wp-json\/wp\/v2\/pages\/29"}],"collection":[{"href":"https:\/\/www2.uepg.br\/ppgbioevol\/wp-json\/wp\/v2\/pages"}],"about":[{"href":"https:\/\/www2.uepg.br\/ppgbioevol\/wp-json\/wp\/v2\/types\/page"}],"author":[{"embeddable":true,"href":"https:\/\/www2.uepg.br\/ppgbioevol\/wp-json\/wp\/v2\/users\/24"}],"replies":[{"embeddable":true,"href":"https:\/\/www2.uepg.br\/ppgbioevol\/wp-json\/wp\/v2\/comments?post=29"}],"version-history":[{"count":87,"href":"https:\/\/www2.uepg.br\/ppgbioevol\/wp-json\/wp\/v2\/pages\/29\/revisions"}],"predecessor-version":[{"id":1672,"href":"https:\/\/www2.uepg.br\/ppgbioevol\/wp-json\/wp\/v2\/pages\/29\/revisions\/1672"}],"wp:attachment":[{"href":"https:\/\/www2.uepg.br\/ppgbioevol\/wp-json\/wp\/v2\/media?parent=29"}],"curies":[{"name":"wp","href":"https:\/\/api.w.org\/{rel}","templated":true}]}}