{"id":499,"date":"2019-11-14T10:10:04","date_gmt":"2019-11-14T13:10:04","guid":{"rendered":"http:\/\/www2.uepg.br\/ppgbioevol\/?page_id=499"},"modified":"2019-12-05T11:16:40","modified_gmt":"2019-12-05T14:16:40","slug":"egressos","status":"publish","type":"page","link":"https:\/\/www2.uepg.br\/ppgbioevol\/egressos\/","title":{"rendered":"Egressos"},"content":{"rendered":"<h3>Atua\u00e7\u00e3o Profissional<\/h3>\n<p>A avalia\u00e7\u00e3o dos egressos \u00e9 feita pelo Curr\u00edculo Lattes (observando a data de atualiza\u00e7\u00e3o) e por e-mail enviado diretamente aos alunos.\u00a0De 2009 (primeira defesa no PPGBioEvol) 145 alunos titulados. Destes foi poss\u00edvel obter informa\u00e7\u00f5es das atividades desenvolvidas atualmente de 96,55% (140 egressos).<\/p>\n<p>&nbsp;<\/p>\n<p><img loading=\"lazy\" class=\"size-medium wp-image-747 alignleft\" src=\"http:\/\/www2.uepg.br\/ppgbioevol\/wp-content\/uploads\/sites\/25\/2019\/12\/grafico-atua\u00e7\u00e3o-300x265.jpg\" alt=\"\" width=\"300\" height=\"265\" srcset=\"https:\/\/www2.uepg.br\/ppgbioevol\/wp-content\/uploads\/sites\/25\/2019\/12\/grafico-atua\u00e7\u00e3o-300x265.jpg 300w, https:\/\/www2.uepg.br\/ppgbioevol\/wp-content\/uploads\/sites\/25\/2019\/12\/grafico-atua\u00e7\u00e3o.jpg 327w\" sizes=\"(max-width: 300px) 100vw, 300px\" \/><\/p>\n<p>&nbsp;<\/p>\n<p>&nbsp;<\/p>\n<p>&#8211; 86,43% atuam na \u00e1rea de Ci\u00eancias Biol\u00f3gicas;<\/p>\n<p>&#8211; 13,57% n\u00e3o atuam na \u00e1rea.<\/p>\n<p>&nbsp;<\/p>\n<p>&nbsp;<\/p>\n<p>&nbsp;<\/p>\n<p>&nbsp;<\/p>\n<h3>Atividades Desenvolvidas<\/h3>\n<p>&nbsp;<\/p>\n<p><img loading=\"lazy\" class=\"size-medium wp-image-744 alignleft\" src=\"http:\/\/www2.uepg.br\/ppgbioevol\/wp-content\/uploads\/sites\/25\/2019\/12\/grafico-defesas-3d-300x237.jpg\" alt=\"\" width=\"300\" height=\"237\" srcset=\"https:\/\/www2.uepg.br\/ppgbioevol\/wp-content\/uploads\/sites\/25\/2019\/12\/grafico-defesas-3d-300x237.jpg 300w, https:\/\/www2.uepg.br\/ppgbioevol\/wp-content\/uploads\/sites\/25\/2019\/12\/grafico-defesas-3d-1024x810.jpg 1024w, https:\/\/www2.uepg.br\/ppgbioevol\/wp-content\/uploads\/sites\/25\/2019\/12\/grafico-defesas-3d-768x607.jpg 768w, https:\/\/www2.uepg.br\/ppgbioevol\/wp-content\/uploads\/sites\/25\/2019\/12\/grafico-defesas-3d-1232x974.jpg 1232w, https:\/\/www2.uepg.br\/ppgbioevol\/wp-content\/uploads\/sites\/25\/2019\/12\/grafico-defesas-3d-1366x1080.jpg 1366w, https:\/\/www2.uepg.br\/ppgbioevol\/wp-content\/uploads\/sites\/25\/2019\/12\/grafico-defesas-3d.jpg 1524w\" sizes=\"(max-width: 300px) 100vw, 300px\" \/>Dos 121 egressos que atuam na \u00e1rea:<\/p>\n<p>&#8211; 56,20%\u00a0 s\u00e3o professores de n\u00edvel m\u00e9dio ou superior;<\/p>\n<p>&#8211; 9,09% s\u00e3o t\u00e9cnicos de laborat\u00f3rio;<\/p>\n<p>&#8211; 23,97% s\u00e3o doutorandos;<\/p>\n<p>&#8211; 10,74%\u00a0 desenvolvem outras atividades (Pesquisadores em Empresas privadas, P\u00f3s Doutorado no Exterior (Harvard), Representante de empresa de produtos para pesquisa; Trabalho em empresa de consultoria ambiental, Escritor de hist\u00f3rias infantis relacionadas a Biologia, entre outras).<\/p>\n<p>Este levantamento \u00a0nos mostra a import\u00e2ncia de nosso programa no contexto regional, quase 90% dos egressos continuam atuando na \u00e1rea, principalmente na carreira de magist\u00e9rio, seja no Ensino Superior ou Fundamental e M\u00e9dio. A grande maioria (86%) est\u00e1 atuando profissionalmente e vinculados a Institui\u00e7\u00f5es p\u00fablicas ou privadas da regi\u00e3o.<\/p>\n<p>Os profissionais habilitados em nosso programa t\u00eam uma vis\u00e3o voltada para a import\u00e2ncia da conserva\u00e7\u00e3o da biodiversidade, neste sentido n\u00e3o temos d\u00favidas que estes est\u00e3o atuando neste sentido em suas Universidades e Escolas para a forma\u00e7\u00e3o de cidad\u00e3os mais conscientes da necessidade da conserva\u00e7\u00e3o da natureza.<\/p>\n","protected":false},"excerpt":{"rendered":"<p>Atua\u00e7\u00e3o Profissional A avalia\u00e7\u00e3o dos egressos \u00e9 feita pelo Curr\u00edculo Lattes (observando a data de atualiza\u00e7\u00e3o) e por e-mail enviado diretamente aos alunos.\u00a0De 2009 (primeira defesa no PPGBioEvol) 145 alunos titulados. Destes foi poss\u00edvel obter informa\u00e7\u00f5es das atividades desenvolvidas atualmente de 96,55% (140 egressos). &nbsp; &nbsp; &nbsp; &#8211; 86,43% atuam na \u00e1rea de Ci\u00eancias Biol\u00f3gicas;&nbsp;&hellip;<\/p>\n","protected":false},"author":24,"featured_media":0,"parent":0,"menu_order":0,"comment_status":"closed","ping_status":"closed","template":"","meta":[],"_links":{"self":[{"href":"https:\/\/www2.uepg.br\/ppgbioevol\/wp-json\/wp\/v2\/pages\/499"}],"collection":[{"href":"https:\/\/www2.uepg.br\/ppgbioevol\/wp-json\/wp\/v2\/pages"}],"about":[{"href":"https:\/\/www2.uepg.br\/ppgbioevol\/wp-json\/wp\/v2\/types\/page"}],"author":[{"embeddable":true,"href":"https:\/\/www2.uepg.br\/ppgbioevol\/wp-json\/wp\/v2\/users\/24"}],"replies":[{"embeddable":true,"href":"https:\/\/www2.uepg.br\/ppgbioevol\/wp-json\/wp\/v2\/comments?post=499"}],"version-history":[{"count":17,"href":"https:\/\/www2.uepg.br\/ppgbioevol\/wp-json\/wp\/v2\/pages\/499\/revisions"}],"predecessor-version":[{"id":811,"href":"https:\/\/www2.uepg.br\/ppgbioevol\/wp-json\/wp\/v2\/pages\/499\/revisions\/811"}],"wp:attachment":[{"href":"https:\/\/www2.uepg.br\/ppgbioevol\/wp-json\/wp\/v2\/media?parent=499"}],"curies":[{"name":"wp","href":"https:\/\/api.w.org\/{rel}","templated":true}]}}