{"id":508,"date":"2019-11-14T10:24:53","date_gmt":"2019-11-14T13:24:53","guid":{"rendered":"http:\/\/www2.uepg.br\/ppgbioevol\/?page_id=508"},"modified":"2025-07-31T10:38:23","modified_gmt":"2025-07-31T13:38:23","slug":"aluno-especial","status":"publish","type":"page","link":"https:\/\/www2.uepg.br\/ppgbioevol\/aluno-especial\/","title":{"rendered":"Aluno Especial"},"content":{"rendered":"<h4><strong>Matr\u00edcula para alunos especiais\u00a0<\/strong><\/h4>\n<p>&nbsp;<\/p>\n<p>No Regulamento do PPGBioEvol, aluno especial \u00e9 aquele que j\u00e1 concluiu o curso de gradua\u00e7\u00e3o ou que est\u00e1 no \u00faltimo ano do curso de gradua\u00e7\u00e3o, que participou ou n\u00e3o do processo seletivo, o qual poder\u00e1 ser matriculado em disciplinas isoladas, de acordo com o estabelecido no Edital de Inscri\u00e7\u00e3o e Sele\u00e7\u00e3o.<\/p>\n<p>&nbsp;<\/p>\n<p>Fiquem atentos. Os editais de abertura de vagas para alunos especiais s\u00e3o divulgados na aba &#8220;Not\u00edcias&#8221; e &#8220;Editais&#8221;.<\/p>\n","protected":false},"excerpt":{"rendered":"<p>Matr\u00edcula para alunos especiais\u00a0 &nbsp; No Regulamento do PPGBioEvol, aluno especial \u00e9 aquele que j\u00e1 concluiu o curso de gradua\u00e7\u00e3o ou que est\u00e1 no \u00faltimo ano do curso de gradua\u00e7\u00e3o, que participou ou n\u00e3o do processo seletivo, o qual poder\u00e1 ser matriculado em disciplinas isoladas, de acordo com o estabelecido no Edital de Inscri\u00e7\u00e3o e&nbsp;&hellip;<\/p>\n","protected":false},"author":24,"featured_media":0,"parent":0,"menu_order":0,"comment_status":"closed","ping_status":"closed","template":"","meta":[],"_links":{"self":[{"href":"https:\/\/www2.uepg.br\/ppgbioevol\/wp-json\/wp\/v2\/pages\/508"}],"collection":[{"href":"https:\/\/www2.uepg.br\/ppgbioevol\/wp-json\/wp\/v2\/pages"}],"about":[{"href":"https:\/\/www2.uepg.br\/ppgbioevol\/wp-json\/wp\/v2\/types\/page"}],"author":[{"embeddable":true,"href":"https:\/\/www2.uepg.br\/ppgbioevol\/wp-json\/wp\/v2\/users\/24"}],"replies":[{"embeddable":true,"href":"https:\/\/www2.uepg.br\/ppgbioevol\/wp-json\/wp\/v2\/comments?post=508"}],"version-history":[{"count":11,"href":"https:\/\/www2.uepg.br\/ppgbioevol\/wp-json\/wp\/v2\/pages\/508\/revisions"}],"predecessor-version":[{"id":1609,"href":"https:\/\/www2.uepg.br\/ppgbioevol\/wp-json\/wp\/v2\/pages\/508\/revisions\/1609"}],"wp:attachment":[{"href":"https:\/\/www2.uepg.br\/ppgbioevol\/wp-json\/wp\/v2\/media?parent=508"}],"curies":[{"name":"wp","href":"https:\/\/api.w.org\/{rel}","templated":true}]}}