{"id":512,"date":"2019-11-14T10:27:20","date_gmt":"2019-11-14T13:27:20","guid":{"rendered":"http:\/\/www2.uepg.br\/ppgbioevol\/?page_id=512"},"modified":"2025-07-31T10:34:48","modified_gmt":"2025-07-31T13:34:48","slug":"ensino","status":"publish","type":"page","link":"https:\/\/www2.uepg.br\/ppgbioevol\/ensino\/","title":{"rendered":"DISCIPLINAS"},"content":{"rendered":"<p><strong>Requisitos para conclus\u00e3o do curso de mestrado:<\/strong><\/p>\n<ol>\n<li><strong> Cr\u00e9ditos em disciplinas:<\/strong> 34 (25 cr\u00e9ditos em disciplinas obrigat\u00f3rias e 9 cr\u00e9ditos em disciplinas eletivas)<\/li>\n<li><strong> Outras atividades obrigat\u00f3rias<\/strong><\/li>\n<\/ol>\n<p>Comprovar sufici\u00eancia em l\u00edngua inglesa;<\/p>\n<p>Ser aprovado no exame de qualifica\u00e7\u00e3o;<\/p>\n<p>Ser aprovado na defesa da disserta\u00e7\u00e3o.<\/p>\n<p>&nbsp;<\/p>\n<p><strong>Requisitos para conclus\u00e3o do curso de doutorado:<\/strong><\/p>\n<ol>\n<li><strong> Cr\u00e9ditos em disciplinas:<\/strong> 50 (41 cr\u00e9ditos em disciplinas obrigat\u00f3rias e 9 cr\u00e9ditos em disciplinas eletivas)<\/li>\n<li><strong> Outras atividades obrigat\u00f3rias<\/strong><\/li>\n<\/ol>\n<p>Comprovar profici\u00eancia em l\u00edngua inglesa;<\/p>\n<p>Ser aprovado no exame de qualifica\u00e7\u00e3o;<\/p>\n<p>Ser aprovado na defesa da tese.<\/p>\n<p>&nbsp;<\/p>\n<p>O aluno de Doutorado poder\u00e1 aproveitar at\u00e9 25 cr\u00e9ditos do mestrado, incluindo os de disciplinas obrigat\u00f3rias do doutorado cursadas no mestrado.<\/p>\n<h2><a href=\"http:\/\/www2.uepg.br\/ppgbioevol\/wp-content\/uploads\/sites\/25\/2025\/07\/Ementas-Disciplinas-PPGBioEvol2025.pdf\">Ementas Disciplinas PPGBioEvol2025<\/a><\/h2>\n<table>\n<tbody>\n<tr>\n<td width=\"241\"><strong>Disciplina Obrigat\u00f3rias*<\/strong><\/td>\n<td width=\"68\"><strong>Cr\u00e9ditos<\/strong><\/td>\n<td width=\"97\"><strong>Obrigat\u00f3ria**<\/strong><\/td>\n<td width=\"218\"><strong>Respons\u00e1veis<\/strong><\/td>\n<\/tr>\n<tr>\n<td width=\"241\">Princ\u00edpios da Biologia Evolutiva<\/td>\n<td width=\"68\">4<\/td>\n<td width=\"97\">M\/D<\/td>\n<td width=\"218\">Roberto Ferreira Artoni, Rog\u00e9rio Pincela Mateus<\/td>\n<\/tr>\n<tr>\n<td width=\"241\">Sistem\u00e1tica Filogen\u00e9tica<\/td>\n<td width=\"68\">4<\/td>\n<td width=\"97\">M\/D<\/td>\n<td width=\"218\">Jesiane Stefania da Silva Batista, Renata Mussoi Giacomin, Mateus Henrique Santos<\/td>\n<\/tr>\n<tr>\n<td width=\"241\">Ecologia Evolutiva<\/td>\n<td width=\"68\">4<\/td>\n<td width=\"97\">M\/D<\/td>\n<td width=\"218\">Maria Luisa Tunes Buschini, Vin\u00edcius Abilhoa<\/td>\n<\/tr>\n<tr>\n<td width=\"241\">Diversidade Biol\u00f3gica<\/td>\n<td width=\"68\">4<\/td>\n<td width=\"97\">M\/D<\/td>\n<td width=\"218\">Jo\u00e3o Marcelo Deliberador Miranda, Ros\u00e2ngela Capuano Tardivo<\/td>\n<\/tr>\n<tr>\n<td width=\"241\">Hist\u00f3ria Evolutiva das Forma\u00e7\u00f5es Vegetais da Am\u00e9rica do Sul<\/td>\n<td width=\"68\">4<\/td>\n<td width=\"97\">D<\/td>\n<td width=\"218\">Mateus Henrique Santos, Ros\u00e2ngela Capuano Tardivo, Adriano Silv\u00e9rio<\/td>\n<\/tr>\n<tr>\n<td width=\"241\">Elabora\u00e7\u00e3o de Artigos Cient\u00edficos<\/td>\n<td width=\"68\">4<\/td>\n<td width=\"97\">D<\/td>\n<td width=\"218\">Paulo Roberto Da Silva<\/td>\n<\/tr>\n<tr>\n<td width=\"241\">Semin\u00e1rios em Biologia evolutiva I<\/td>\n<td width=\"68\">2<\/td>\n<td width=\"97\">M<\/td>\n<td width=\"218\">Coordenadores<\/td>\n<\/tr>\n<tr>\n<td width=\"241\">Semin\u00e1rios em Biologia Evolutiva II<\/td>\n<td width=\"68\">2<\/td>\n<td width=\"97\">M<\/td>\n<td width=\"218\">Coordenadores<\/td>\n<\/tr>\n<tr>\n<td width=\"241\">Semin\u00e1rios em Biologia Evolutiva III<\/td>\n<td width=\"68\">2<\/td>\n<td width=\"97\">D<\/td>\n<td width=\"218\">Coordenadores<\/td>\n<\/tr>\n<tr>\n<td width=\"241\">Semin\u00e1rios em Biologia Evolutiva IV<\/td>\n<td width=\"68\">2<\/td>\n<td width=\"97\">D<\/td>\n<td width=\"218\">Coordenadores<\/td>\n<\/tr>\n<tr>\n<td width=\"241\">Est\u00e1gio Supervisionado em Biologia Evolutiva I<\/td>\n<td width=\"68\">1<\/td>\n<td width=\"97\">M<\/td>\n<td width=\"218\">Orientadores<\/td>\n<\/tr>\n<tr>\n<td width=\"241\">Est\u00e1gio Supervisionado em Biologia Evolutiva II<\/td>\n<td width=\"68\">1<\/td>\n<td width=\"97\">D<\/td>\n<td width=\"218\">Orientadores<\/td>\n<\/tr>\n<tr>\n<td width=\"241\">Orienta\u00e7\u00e3o de Disserta\u00e7\u00e3o de Mestrado I<\/td>\n<td width=\"68\">2<\/td>\n<td width=\"97\">M<\/td>\n<td width=\"218\">Orientadores<\/td>\n<\/tr>\n<tr>\n<td width=\"241\">Orienta\u00e7\u00e3o de Disserta\u00e7\u00e3o de Mestrado II<\/td>\n<td width=\"68\">2<\/td>\n<td width=\"97\">M<\/td>\n<td width=\"218\">Orientadores<\/td>\n<\/tr>\n<tr>\n<td width=\"241\">Orienta\u00e7\u00e3o de Tese de Doutorado I<\/td>\n<td width=\"68\">2<\/td>\n<td width=\"97\">D<\/td>\n<td width=\"218\">Orientadores<\/td>\n<\/tr>\n<tr>\n<td width=\"241\">Orienta\u00e7\u00e3o de Tese de Doutorado II<\/td>\n<td width=\"68\">2<\/td>\n<td width=\"97\">D<\/td>\n<td width=\"218\">Orientadores<\/td>\n<\/tr>\n<tr>\n<td width=\"241\">Orienta\u00e7\u00e3o de Tese de Doutorado III<\/td>\n<td width=\"68\">2<\/td>\n<td width=\"97\">D<\/td>\n<td width=\"218\">Orientadores<\/td>\n<\/tr>\n<tr>\n<td width=\"241\">Orienta\u00e7\u00e3o de Tese de Doutorado IV<\/td>\n<td width=\"68\">2<\/td>\n<td width=\"97\">D<\/td>\n<td width=\"218\">Orientadores<\/td>\n<\/tr>\n<tr>\n<td width=\"241\">Orienta\u00e7\u00e3o de Tese de Doutorado V<\/td>\n<td width=\"68\">2<\/td>\n<td width=\"97\">D<\/td>\n<td width=\"218\">Orientadores<\/td>\n<\/tr>\n<tr>\n<td width=\"241\">Orienta\u00e7\u00e3o de Tese de Doutorado VI<\/td>\n<td width=\"68\">2<\/td>\n<td width=\"97\">D<\/td>\n<td width=\"218\">Orientadores<\/td>\n<\/tr>\n<\/tbody>\n<\/table>\n<p>&nbsp;<\/p>\n<table style=\"height: 3075px\" width=\"666\">\n<tbody>\n<tr>\n<td width=\"242\"><strong>Disciplinas Eletivas<\/strong><\/td>\n<td width=\"65\"><strong>Cr\u00e9ditos<\/strong><\/td>\n<td width=\"61\"><strong>N\u00edvel*<\/strong><\/td>\n<td width=\"255\"><strong>Respons\u00e1veis<\/strong><\/td>\n<\/tr>\n<tr>\n<td width=\"242\">Origem da Vida<\/td>\n<td width=\"65\">3<\/td>\n<td width=\"61\">M\/D<\/td>\n<td width=\"255\">Jesiane Stefania da Silva Batista<\/td>\n<\/tr>\n<tr>\n<td width=\"242\">Cole\u00e7\u00f5es Biol\u00f3gicas<\/td>\n<td width=\"65\">4<\/td>\n<td width=\"61\">M\/D<\/td>\n<td width=\"255\">Adriana Knob, Adriano Silv\u00e9rio, Andr\u00e9 Luiz Gaglioti, Jesiane Stefania da Silva Batista, Ros\u00e2ngela Capuano Tardivo, Vin\u00edcius Abilhoa, Maria Luisa Tunes Buschini, Jo\u00e3o Marcelo Deliberador Miranda<\/td>\n<\/tr>\n<tr>\n<td width=\"242\">Ecologia de Campo<\/td>\n<td width=\"65\">4<\/td>\n<td width=\"61\">M\/D<\/td>\n<td width=\"255\">Jo\u00e3o Marcelo Deliberador Miranda<\/td>\n<\/tr>\n<tr>\n<td width=\"242\">Fontes de Variabilidade<\/td>\n<td width=\"65\">3<\/td>\n<td width=\"61\">M\/D<\/td>\n<td width=\"255\">Mara Cristina Almeida<\/td>\n<\/tr>\n<tr>\n<td width=\"242\">Evolu\u00e7\u00e3o Molecular<\/td>\n<td width=\"65\">3<\/td>\n<td width=\"61\">M\/D<\/td>\n<td width=\"255\">Luciana Paes de Barros Machado<\/td>\n<\/tr>\n<tr>\n<td width=\"242\">Citogen\u00e9tica e Mecanismos Cromoss\u00f4micos da Evolu\u00e7\u00e3o<\/td>\n<td width=\"65\">3<\/td>\n<td width=\"61\">M\/D<\/td>\n<td width=\"255\">Mara Cristina Almeida, Roberto Ferreira Artoni<\/td>\n<\/tr>\n<tr>\n<td width=\"242\">Biologia Cromoss\u00f4mica e Mecanismos de Diversifica\u00e7\u00e3o Cariot\u00edpica<\/td>\n<td width=\"65\">3<\/td>\n<td width=\"61\">D<\/td>\n<td width=\"255\">Mara Cristina Almeida, Roberto Ferreira Artoni<\/td>\n<\/tr>\n<tr>\n<td width=\"242\">Gen\u00e9tica Evolutiva<\/td>\n<td width=\"65\">3<\/td>\n<td width=\"61\">M\/D<\/td>\n<td width=\"255\">Mateus Henrique Santos, Rog\u00e9rio Pincela Mateus<\/td>\n<\/tr>\n<tr>\n<td width=\"242\">Diversidade, Sistem\u00e1tica e Evolu\u00e7\u00e3o de Plantas Vasculares<\/td>\n<td width=\"65\">3<\/td>\n<td width=\"61\">M\/D<\/td>\n<td width=\"255\">Ros\u00e2ngela Capuano Tardivo<\/td>\n<\/tr>\n<tr>\n<td width=\"242\">Biodiversidade e <em>Status<\/em> da Conserva\u00e7\u00e3o dos Ecossitemas Vegetais com Enfase nos Campos Gerais<\/td>\n<td width=\"65\">3<\/td>\n<td width=\"61\">M\/D<\/td>\n<td width=\"255\">Ros\u00e2ngela Capuano Tardivo<\/td>\n<\/tr>\n<tr>\n<td width=\"242\">Biologia Reprodutiva em Faner\u00f3gamas: Estruturas Reprodutivas e Poliniza\u00e7\u00e3o<\/td>\n<td width=\"65\">3<\/td>\n<td width=\"61\">M\/D<\/td>\n<td width=\"255\">Adriano Silv\u00e9rio<\/td>\n<\/tr>\n<tr>\n<td width=\"242\">Anatomia Ecol\u00f3gica<\/td>\n<td width=\"65\">2<\/td>\n<td width=\"61\">M\/D<\/td>\n<td width=\"255\">Adriano Silv\u00e9rio<\/td>\n<\/tr>\n<tr>\n<td width=\"242\">Hist\u00f3ria Evolutiva das Forma\u00e7\u00f5es Vegetais da Am\u00e9rica do Sul<\/td>\n<td width=\"65\">4<\/td>\n<td width=\"61\">M\/D<\/td>\n<td width=\"255\">Mateus Henrique Santos, Ros\u00e2ngela Capuano Tardivo, Adriano Silv\u00e9rio, Andr\u00e9 Luiz Gaglioti<\/td>\n<\/tr>\n<tr>\n<td width=\"242\">Taxonomia, Filogenia e Diversidade de Peixes Neotropicais<\/td>\n<td width=\"65\">3<\/td>\n<td width=\"61\">M\/D<\/td>\n<td width=\"255\">Vin\u00edcius Abilhoa<\/td>\n<\/tr>\n<tr>\n<td width=\"242\">Comportamento Animal: da Etologia \u00e0 Ecologia Comportamental<\/td>\n<td width=\"65\">3<\/td>\n<td width=\"61\">M\/D<\/td>\n<td width=\"255\">Maria Luisa Tunes Buschini<\/td>\n<\/tr>\n<tr>\n<td width=\"242\">Processos e Padr\u00f5es Evolutivos na Diversifica\u00e7\u00e3o de Insetos Neotropicais<\/td>\n<td width=\"65\">3<\/td>\n<td width=\"61\">M\/D<\/td>\n<td width=\"255\">Rog\u00e9rio Pincela Mateus, Luciana Paes de Barros MachadoMaria Luisa Tunes Buschini, Mara Cristina de Almeida Matiello<\/td>\n<\/tr>\n<tr>\n<td width=\"242\">Mecanismos cromoss\u00f4micos e evolu\u00e7\u00e3o em insetos<\/td>\n<td width=\"65\">3<\/td>\n<td width=\"61\">M\/D<\/td>\n<td width=\"255\">Mara Cristina de Almeida Matiello<\/td>\n<\/tr>\n<tr>\n<td width=\"242\">Introdu\u00e7\u00e3o a Ecologia e Organiza\u00e7\u00e3o das Comunidades Marinhas<\/td>\n<td width=\"65\">3<\/td>\n<td width=\"61\">M<\/td>\n<td width=\"255\">Susete Wambier Christo<\/td>\n<\/tr>\n<tr>\n<td width=\"242\">Diversidade de Microrganismos<\/td>\n<td width=\"65\">3<\/td>\n<td width=\"61\">M\/D<\/td>\n<td width=\"255\">Marcos Pileggi<\/td>\n<\/tr>\n<tr>\n<td width=\"242\">Microbiologia Ambiental<\/td>\n<td width=\"65\">3<\/td>\n<td width=\"61\">M\/D<\/td>\n<td width=\"255\">Marcos Pileggi<\/td>\n<\/tr>\n<tr>\n<td width=\"242\">Intera\u00e7\u00f5es Planta-Microrganismos<\/td>\n<td width=\"65\">3<\/td>\n<td width=\"61\">M\/D<\/td>\n<td width=\"255\">Adriana Knob, Jesiane Stefania da Silva Batista<\/td>\n<\/tr>\n<tr>\n<td width=\"242\">Biologia Evolutiva e Diversidade Biol\u00f3gica no Contexto Educacional<\/td>\n<td width=\"65\">3<\/td>\n<td width=\"61\">M\/D<\/td>\n<td width=\"255\">Jesiane Stefania da Silva Batista, Mara Cristina Almeida, Mateus Henrique Santos, Paulo Roberto Da Silva<\/td>\n<\/tr>\n<tr>\n<td width=\"242\">M\u00e9todos Moleculares Aplicados ao Estudo da Biodiversidade<\/td>\n<td width=\"65\">3<\/td>\n<td width=\"61\">M\/D<\/td>\n<td width=\"255\">Paulo Roberto Da Silva<\/td>\n<\/tr>\n<tr>\n<td width=\"242\">Reda\u00e7\u00e3o Cient\u00edfica<\/td>\n<td width=\"65\">3<\/td>\n<td width=\"61\">M\/D<\/td>\n<td width=\"255\">Mateus Henrique Santos, Paulo Roberto Da Silva<\/td>\n<\/tr>\n<tr>\n<td width=\"242\">Introdu\u00e7\u00e3o \u00e0 Bioestat\u00edstica<\/td>\n<td width=\"65\">3<\/td>\n<td width=\"61\">M\/D<\/td>\n<td width=\"255\">Jo\u00e3o Marcelo Deliberador Miranda<\/td>\n<\/tr>\n<tr>\n<td width=\"242\">Introdu\u00e7\u00e3o ao R Aplicada a Estudos da Biodiversidade<\/td>\n<td width=\"65\">3<\/td>\n<td width=\"61\">M\/D<\/td>\n<td width=\"255\">Mateus Henrique Santos<\/td>\n<\/tr>\n<tr>\n<td width=\"242\">T\u00f3picos Especiais em Biologia Evolutiva I<\/td>\n<td width=\"65\">3<\/td>\n<td width=\"61\">M\/D<\/td>\n<td width=\"255\">Professores Convidados<\/td>\n<\/tr>\n<tr>\n<td width=\"242\">T\u00f3picos Especiais em Biologia Evolutiva I: T\u00e9cnicas de Amostragem em Invent\u00e1rios de Florestas Nativas<\/td>\n<td width=\"65\">3<\/td>\n<td width=\"61\">M\/D<\/td>\n<td width=\"255\">Luciano Farinha<\/td>\n<\/tr>\n<tr>\n<td width=\"242\">T\u00f3picos Especiais em Biologia Evolutiva I:\u00a0 Bioinform\u00e1tica<\/td>\n<td width=\"65\">3<\/td>\n<td width=\"61\">M\/D<\/td>\n<td width=\"255\">Osiel Silva Gon\u00e7alves<\/td>\n<\/tr>\n<tr>\n<td width=\"242\">T\u00f3picos Especiais em Biologia Evolutiva I: Restaura\u00e7\u00e3o Ecol\u00f3gica Como Estrat\u00e9gia de Resgate e Conserva\u00e7\u00e3o da Biodiversidade<\/td>\n<td width=\"65\">3<\/td>\n<td width=\"61\">M\/D<\/td>\n<td width=\"255\">Rosimeri de Oliveira Fragoso<\/td>\n<\/tr>\n<tr>\n<td width=\"242\">T\u00f3picos Especiais em Biologia Evolutiva I: Sistem\u00e1tica Paleontol\u00f3gica e Padr\u00f5es Macroevolutivos de Tetr\u00e1podes F\u00f3sseis<\/td>\n<td width=\"65\">3<\/td>\n<td width=\"61\">M\/D<\/td>\n<td width=\"255\">J\u00falio Cesar de Almeida Marsola<\/td>\n<\/tr>\n<\/tbody>\n<\/table>\n","protected":false},"excerpt":{"rendered":"<p>Requisitos para conclus\u00e3o do curso de mestrado: Cr\u00e9ditos em disciplinas: 34 (25 cr\u00e9ditos em disciplinas obrigat\u00f3rias e 9 cr\u00e9ditos em disciplinas eletivas) Outras atividades obrigat\u00f3rias Comprovar sufici\u00eancia em l\u00edngua inglesa; Ser aprovado no exame de qualifica\u00e7\u00e3o; Ser aprovado na defesa da disserta\u00e7\u00e3o. &nbsp; Requisitos para conclus\u00e3o do curso de doutorado: Cr\u00e9ditos em disciplinas: 50 (41&nbsp;&hellip;<\/p>\n","protected":false},"author":24,"featured_media":0,"parent":0,"menu_order":0,"comment_status":"closed","ping_status":"closed","template":"","meta":[],"_links":{"self":[{"href":"https:\/\/www2.uepg.br\/ppgbioevol\/wp-json\/wp\/v2\/pages\/512"}],"collection":[{"href":"https:\/\/www2.uepg.br\/ppgbioevol\/wp-json\/wp\/v2\/pages"}],"about":[{"href":"https:\/\/www2.uepg.br\/ppgbioevol\/wp-json\/wp\/v2\/types\/page"}],"author":[{"embeddable":true,"href":"https:\/\/www2.uepg.br\/ppgbioevol\/wp-json\/wp\/v2\/users\/24"}],"replies":[{"embeddable":true,"href":"https:\/\/www2.uepg.br\/ppgbioevol\/wp-json\/wp\/v2\/comments?post=512"}],"version-history":[{"count":28,"href":"https:\/\/www2.uepg.br\/ppgbioevol\/wp-json\/wp\/v2\/pages\/512\/revisions"}],"predecessor-version":[{"id":1607,"href":"https:\/\/www2.uepg.br\/ppgbioevol\/wp-json\/wp\/v2\/pages\/512\/revisions\/1607"}],"wp:attachment":[{"href":"https:\/\/www2.uepg.br\/ppgbioevol\/wp-json\/wp\/v2\/media?parent=512"}],"curies":[{"name":"wp","href":"https:\/\/api.w.org\/{rel}","templated":true}]}}