{"id":523,"date":"2019-11-14T10:47:35","date_gmt":"2019-11-14T13:47:35","guid":{"rendered":"http:\/\/www2.uepg.br\/ppgbioevol\/?page_id=523"},"modified":"2025-06-13T13:55:28","modified_gmt":"2025-06-13T16:55:28","slug":"normas","status":"publish","type":"page","link":"https:\/\/www2.uepg.br\/ppgbioevol\/normas\/","title":{"rendered":"Normas e Instru\u00e7\u00f5es"},"content":{"rendered":"<h4>Qualifica\u00e7\u00e3o<\/h4>\n<p><strong>INSTRU\u00c7\u00c3O NORMATIVA NO. 03:<\/strong> Normatizar os procedimentos para Qualifica\u00e7\u00e3o de Mestrado e Doutorado do PPGBioEvol (<a href=\"http:\/\/www2.uepg.br\/ppgbioevol\/wp-content\/uploads\/sites\/25\/2025\/06\/Instruc\u0327a\u0303o-normativa-3-PPGBioEvol.pdf\">Instruc\u0327a\u0303o normativa 3 PPGBioEvol<\/a>)<\/p>\n<h4><\/h4>\n<h4><strong>Normas de Acompanhamento de Relat\u00f3rios<\/strong><\/h4>\n<p><a href=\"http:\/\/www2.uepg.br\/ppgbioevol\/wp-content\/uploads\/sites\/25\/2019\/11\/Normas_Acompanhamento_Relatorios_Alunos_turmas_at\u00e9_2018.pdf\">Turmas at\u00e9 2018<\/a><\/p>\n<p><a href=\"http:\/\/www2.uepg.br\/ppgbioevol\/wp-content\/uploads\/sites\/25\/2019\/11\/Normas_Acompanhamento_Relatorios_Alunos_turmas_ap\u00f3s_2018.pdf\">Turmas ap\u00f3s 2018<\/a><\/p>\n<div class=\"conteudo_pagina\">\n<p>&nbsp;<\/p>\n<h4><strong>Normas para elabora\u00e7\u00e3o da Disserta\u00e7\u00e3o<\/strong><\/h4>\n<p><strong>Prezados mestrandos:\u00a0<\/strong>As disserta\u00e7\u00f5es do PPG-BioEvol dever\u00e3o seguir as normas descritas no Manual de Normaliza\u00e7\u00e3o Bibliogr\u00e1fica para Trabalhos Cient\u00edficos, em anexo, sendo que os elementos textuais ser\u00e3o compostos por uma Introdu\u00e7\u00e3o, Material e M\u00e9todos, ambos de car\u00e1ter geral, e 01 ou mais artigos cient\u00edficos, que dever\u00e3o seguir o formato proposto no mesmo anexo, Conclus\u00f5es Gerais e Refer\u00eancias Bibliogr\u00e1ficas .<\/p>\n<p><a href=\"http:\/\/www2.uepg.br\/ppgbioevol\/wp-content\/uploads\/sites\/25\/2019\/06\/Orienta\u00e7\u00f5es_gerais_para_elabora\u00e7\u00e3o_da_Disserta\u00e7\u00e3o_do_PPG.pdf\">Orienta\u00e7\u00f5es para elabora\u00e7\u00e3o da disserta\u00e7\u00e3o<\/a><\/p>\n<p><a href=\"http:\/\/www2.uepg.br\/ppgbioevol\/wp-content\/uploads\/sites\/25\/2019\/06\/Manual-3a-ed-rev.atual-2011.pdf\">Manual de normaliza\u00e7\u00e3o bibliogr\u00e1fica<\/a><\/p>\n<p><a href=\"http:\/\/www2.uepg.br\/ppgbioevol\/wp-content\/uploads\/sites\/25\/2019\/06\/Roteiro_de_revis\u00e3o_das_disserta\u00e7\u00f5es_e_teses_enviadas_para_publica\u00e7\u00e3o__.doc\">Checklist para revis\u00e3o de disserta\u00e7\u00e3o<\/a><\/p>\n<p>&nbsp;<\/p>\n<h4><strong>Instru\u00e7\u00f5es para dep\u00f3sito da Disserta\u00e7\u00e3o na BDTD da <\/strong><strong>UEPG<\/strong><\/h4>\n<p>Para publica\u00e7\u00e3o da disserta\u00e7\u00e3o e\/ou tese na Biblioteca Digital \u00e9 necess\u00e1rio a assinatura do termo de autoriza\u00e7\u00e3o pelo autor e orientador e seguir os procedimentos para a submiss\u00e3o da sua tese ou disserta\u00e7\u00e3o, cujos os documentos est\u00e3o dispon\u00edveis para dowload abaixo.<\/p>\n<p><a class=\"fancybox-pdf\" href=\"https:\/\/tede2.uepg.br\/jspui\/\" target=\"_blank\" rel=\"noopener noreferrer\">Termo de Autoriza\u00e7\u00e3o<\/a><\/p>\n<p><a class=\"fancybox-pdf\" href=\"https:\/\/tede2.uepg.br\/jspui\/\" target=\"_blank\" rel=\"noopener noreferrer\">Procedimentos para Publica\u00e7\u00e3o<\/a><\/p>\n<p><a href=\"https:\/\/tede2.uepg.br\/jspui\/password-login\" target=\"_blank\" rel=\"noopener noreferrer\">Qualquer d\u00favida entre em contato<\/a><\/p>\n<\/div>\n<p>&nbsp;<\/p>\n<h4><strong>Normas Gerais<\/strong><\/h4>\n<p><a href=\"http:\/\/www2.uepg.br\/ppgbioevol\/wp-content\/uploads\/sites\/25\/2019\/11\/Resolu\u00e7\u00e3o-CA-2019.30-Taxa-Pos-gradua\u00e7\u00e3o-1.pdf\">Resolu\u00e7\u00e3o CA 30\/2019 &#8211; Taxas<\/a><\/p>\n<p><a href=\"http:\/\/www2.uepg.br\/ppgbioevol\/wp-content\/uploads\/sites\/25\/2019\/11\/Orienta\u00e7\u00f5es-da-SAPGS-3-1.pdf\" target=\"_blank\" rel=\"noopener noreferrer\">Orienta\u00e7\u00f5es gerais da Secretaria Acad\u00eamica de P\u00f3s-Gradua\u00e7\u00e3o \u201cStricto Sensu\u201d &#8211; SAPGS &#8211; UEPG<\/a><\/p>\n<p>&nbsp;<\/p>\n<p><strong>Instru\u00e7\u00f5es Gerais<\/strong><\/p>\n<p>Instru\u00e7\u00f5es para cadastramento de membro externo que n\u00e3o tenha cadastro no sistema da UEPG (SEI). Esse cadastramento \u00e9 obrigat\u00f3rio para a realiza\u00e7\u00e3o de quaisquer solicita\u00e7\u00f5es via UEPG. Para ler as instru\u00e7\u00f5es <a href=\"https:\/\/suporte.uepg.br\/otrs\/public.pl?Action=PublicFAQZoom;ItemID=170;ZoomBackLink=QWN0aW9uPVB1YmxpY0ZBUUV4cGxvcmVyO0NhdGVnb3J5SUQ9MzU7U29ydEJ5PVRpdGxlO09yZGVy%0APVVwO1N0YXJ0SGl0PTE%3D%0A;\" target=\"_blank\" rel=\"noopener noreferrer\">clique aqui.<\/a><\/p>\n","protected":false},"excerpt":{"rendered":"<p>Qualifica\u00e7\u00e3o INSTRU\u00c7\u00c3O NORMATIVA NO. 03: Normatizar os procedimentos para Qualifica\u00e7\u00e3o de Mestrado e Doutorado do PPGBioEvol (Instruc\u0327a\u0303o normativa 3 PPGBioEvol) Normas de Acompanhamento de Relat\u00f3rios Turmas at\u00e9 2018 Turmas ap\u00f3s 2018 &nbsp; Normas para elabora\u00e7\u00e3o da Disserta\u00e7\u00e3o Prezados mestrandos:\u00a0As disserta\u00e7\u00f5es do PPG-BioEvol dever\u00e3o seguir as normas descritas no Manual de Normaliza\u00e7\u00e3o Bibliogr\u00e1fica para Trabalhos Cient\u00edficos,&nbsp;&hellip;<\/p>\n","protected":false},"author":24,"featured_media":0,"parent":0,"menu_order":0,"comment_status":"closed","ping_status":"closed","template":"","meta":[],"_links":{"self":[{"href":"https:\/\/www2.uepg.br\/ppgbioevol\/wp-json\/wp\/v2\/pages\/523"}],"collection":[{"href":"https:\/\/www2.uepg.br\/ppgbioevol\/wp-json\/wp\/v2\/pages"}],"about":[{"href":"https:\/\/www2.uepg.br\/ppgbioevol\/wp-json\/wp\/v2\/types\/page"}],"author":[{"embeddable":true,"href":"https:\/\/www2.uepg.br\/ppgbioevol\/wp-json\/wp\/v2\/users\/24"}],"replies":[{"embeddable":true,"href":"https:\/\/www2.uepg.br\/ppgbioevol\/wp-json\/wp\/v2\/comments?post=523"}],"version-history":[{"count":21,"href":"https:\/\/www2.uepg.br\/ppgbioevol\/wp-json\/wp\/v2\/pages\/523\/revisions"}],"predecessor-version":[{"id":1575,"href":"https:\/\/www2.uepg.br\/ppgbioevol\/wp-json\/wp\/v2\/pages\/523\/revisions\/1575"}],"wp:attachment":[{"href":"https:\/\/www2.uepg.br\/ppgbioevol\/wp-json\/wp\/v2\/media?parent=523"}],"curies":[{"name":"wp","href":"https:\/\/api.w.org\/{rel}","templated":true}]}}