{"id":531,"date":"2019-11-14T10:49:49","date_gmt":"2019-11-14T13:49:49","guid":{"rendered":"http:\/\/www2.uepg.br\/ppgbioevol\/?page_id=531"},"modified":"2025-05-27T10:21:10","modified_gmt":"2025-05-27T13:21:10","slug":"regulamento-geral","status":"publish","type":"page","link":"https:\/\/www2.uepg.br\/ppgbioevol\/regulamento-geral\/","title":{"rendered":"Regulamento Geral e Comiss\u00e3o de Autoavalia\u00e7\u00e3o"},"content":{"rendered":"<div id=\"pl-531\" class=\"panel-layout\">\n<div id=\"pg-531-0\" class=\"panel-grid panel-no-style\">\n<div id=\"pgc-531-0-0\" class=\"panel-grid-cell\" data-weight=\"1\">\n<div id=\"panel-531-0-0-0\" class=\"so-panel widget widget_sow-editor panel-first-child panel-last-child\" data-index=\"0\">\n<div class=\"so-widget-sow-editor so-widget-sow-editor-base\">\n<div class=\"siteorigin-widget-tinymce textwidget\">\n<h4><strong>Regulamento do Curso<\/strong><\/h4>\n<h4><strong>Resolu\u00e7\u00e3o<\/strong> <a href=\"http:\/\/www2.uepg.br\/ppgbioevol\/wp-content\/uploads\/sites\/25\/2025\/05\/ResUNIV2024.7anexo.pdf\">ResUNIV2024.7<\/a><\/h4>\n<p>&nbsp;<\/p>\n<h4><strong>Comiss\u00e3o de Autoavalia\u00e7\u00e3o <\/strong><\/h4>\n<p>O funcionamento do PPGBioEvol depende da intera\u00e7\u00e3o de v\u00e1rios atores (docentes, discentes, egressos, funcion\u00e1rios, coordenadores). A rela\u00e7\u00e3o harm\u00f4nica e cr\u00edtica destes atores tem um papel fundamental no bom andamento das atividades do Programa e, consequentemente influ\u00eancia a qualidade da forma\u00e7\u00e3o, da produ\u00e7\u00e3o intelectual e do impacto na sociedade do Programa. Desde sua cria\u00e7\u00e3o o PPGBioEvol tem realizado avalia\u00e7\u00f5es constantes de suas atividades que culminaram em mudan\u00e7a na \u00e1rea de avalia\u00e7\u00e3o e na proposta do Programa. Estas mudan\u00e7as ocorreram de forma mais significativa em 2013 (com o resultado da primeira avalia\u00e7\u00e3o trienal feita pela \u00e1rea de Biodiversidade) e em 2017 (ap\u00f3s resultado da segunda avalia\u00e7\u00e3o na \u00e1rea de Biodiversidade). As altera\u00e7\u00f5es realizadas foram principalmente para o atendimento de solicita\u00e7\u00f5es vindas da CAPES para melhorar a adequa\u00e7\u00e3o do PPG dentro da \u00e1rea de Biodiversidade.<br \/>\nEm 2019, com a apresenta\u00e7\u00e3o das novas m\u00e9tricas de avalia\u00e7\u00e3o proposta pela CAPES e apresentadas pela Coordena\u00e7\u00e3o de \u00e1rea de Biodiversidade no Semin\u00e1rio de Meio Termo, iniciou a discuss\u00e3o da implanta\u00e7\u00e3o de uma Comiss\u00e3o Permanente de Autoavalia\u00e7\u00e3o (COAUTO) do PPGBioEvol. Esta comiss\u00e3o foi estabelecida oficialmente em 2020 e a partir de ent\u00e3o tem trabalhado na identifica\u00e7\u00e3o de pontos de destaque como tamb\u00e9m na identifica\u00e7\u00e3o das fraquezas que necessitam de maior aten\u00e7\u00e3o no PPGBioEvol para uma melhor forma\u00e7\u00e3o e melhoria na produ\u00e7\u00e3o intelectual. A COAUTO \u00e9 formada pelos Coordenadores, representantes do corpo docente, do corpo discente, dos egressos e dos funcion\u00e1rios do Programa. No decorrer do ano de 2020 a COAUTO estabeleceu estrat\u00e9gias de trabalho para obter avalia\u00e7\u00f5es por parte de todos os grupos de atores envolvidos diretamente com PPGBioEvol e com base neste estudo, elaborar o Planejamento Estrat\u00e9gico do PPGBioEvol 2021-2028. Em 2024, a COAUTO, em continua\u00e7\u00e3o as atividades, realizou uma nova avalia\u00e7\u00e3o junto aos discentes do PPG e tamb\u00e9m uma avalia\u00e7\u00e3o do cumprimento das metas propostas para 2021-2028 para com isso atualizar o Planejamento Estrat\u00e9gico do PPG para 2025-2032. A seguir ser\u00e1 apresentado o detalhamento dos m\u00e9todos de trabalho da COAUTO e dos resultados obtidos nos processos de autoavalia\u00e7\u00e3o realizados.<\/p>\n<p><strong>Objetivos da COAUTO<\/strong><br \/>\nIdentificar expertises e fraquezas do PPGBioEvol considerando as dimens\u00f5es Proposta do Programa, Forma\u00e7\u00e3o e Impacto na Sociedade.<\/p>\n<p><strong>Meta<\/strong><br \/>\nDisponibilizar um banco de dados avaliativos do PPGBioEvol para utiliza\u00e7\u00e3o na tomada de decis\u00f5es para melhoria da qualidade do Programa em todas as dimens\u00f5es: Proposta, Forma\u00e7\u00e3o e Impacto na Sociedade.<\/p>\n<p>&nbsp;<\/p>\n<\/div>\n<\/div>\n<\/div>\n<\/div>\n<\/div>\n<\/div>\n","protected":false},"excerpt":{"rendered":"<p>Regulamento do Curso Resolu\u00e7\u00e3o ResUNIV2024.7 &nbsp; Comiss\u00e3o de Autoavalia\u00e7\u00e3o O funcionamento do PPGBioEvol depende da intera\u00e7\u00e3o de v\u00e1rios atores (docentes, discentes, egressos, funcion\u00e1rios, coordenadores). A rela\u00e7\u00e3o harm\u00f4nica e cr\u00edtica destes atores tem um papel fundamental no bom andamento das atividades do Programa e, consequentemente influ\u00eancia a qualidade da forma\u00e7\u00e3o, da produ\u00e7\u00e3o intelectual e do impacto&nbsp;&hellip;<\/p>\n","protected":false},"author":24,"featured_media":0,"parent":0,"menu_order":0,"comment_status":"closed","ping_status":"closed","template":"","meta":[],"_links":{"self":[{"href":"https:\/\/www2.uepg.br\/ppgbioevol\/wp-json\/wp\/v2\/pages\/531"}],"collection":[{"href":"https:\/\/www2.uepg.br\/ppgbioevol\/wp-json\/wp\/v2\/pages"}],"about":[{"href":"https:\/\/www2.uepg.br\/ppgbioevol\/wp-json\/wp\/v2\/types\/page"}],"author":[{"embeddable":true,"href":"https:\/\/www2.uepg.br\/ppgbioevol\/wp-json\/wp\/v2\/users\/24"}],"replies":[{"embeddable":true,"href":"https:\/\/www2.uepg.br\/ppgbioevol\/wp-json\/wp\/v2\/comments?post=531"}],"version-history":[{"count":14,"href":"https:\/\/www2.uepg.br\/ppgbioevol\/wp-json\/wp\/v2\/pages\/531\/revisions"}],"predecessor-version":[{"id":1542,"href":"https:\/\/www2.uepg.br\/ppgbioevol\/wp-json\/wp\/v2\/pages\/531\/revisions\/1542"}],"wp:attachment":[{"href":"https:\/\/www2.uepg.br\/ppgbioevol\/wp-json\/wp\/v2\/media?parent=531"}],"curies":[{"name":"wp","href":"https:\/\/api.w.org\/{rel}","templated":true}]}}