{"id":608,"date":"2019-11-22T13:32:14","date_gmt":"2019-11-22T16:32:14","guid":{"rendered":"http:\/\/www2.uepg.br\/ppgbioevol\/?page_id=608"},"modified":"2019-11-22T13:33:21","modified_gmt":"2019-11-22T16:33:21","slug":"pagina-inicial","status":"publish","type":"page","link":"https:\/\/www2.uepg.br\/ppgbioevol\/","title":{"rendered":"P\u00c1GINA INICIAL"},"content":{"rendered":"<div id=\"pl-608\"  class=\"panel-layout\" ><div id=\"pg-608-0\"  class=\"panel-grid panel-no-style\" ><div id=\"pgc-608-0-0\"  class=\"panel-grid-cell\" ><div id=\"panel-608-0-0-0\" class=\"so-panel widget widget_sow-post-carousel panel-first-child panel-last-child\" data-index=\"0\" ><div id=\"carrosel\" class=\"panel-widget-style panel-widget-style-for-608-0-0-0\" ><div\n\t\t\t\n\t\t\tclass=\"so-widget-sow-post-carousel so-widget-sow-post-carousel-base-ad93eedad001-608\"\n\t\t\t\n\t\t>\t<div\n\t\tclass=\"sow-post-carousel-wrapper sow-post-carousel-theme-base\"\n\t\tstyle=\"overflow: hidden; max-width: 100%; min-height: 182px\"\n\t>\n\t\t<div class=\"sow-carousel-title has-title\">\n\t<h3 class=\"widget-title\">\u00daltimas Not\u00edcias:<\/h3>\t\t<div class=\"sow-carousel-navigation \">\n\t\t\t\t\t\t<a href=\"#\" class=\"sow-carousel-next\" title=\"Pr\u00f3ximo\" aria-label=\"Next Posts\" role=\"button\"><\/a>\n\t\t\t\t\t\t<a href=\"#\" class=\"sow-carousel-previous\" title=\"Anterior\" aria-label=\"Previous Posts\" role=\"button\"><\/a>\n\t\t\t\t\t<\/div>\n\t<\/div>\n\n<div class=\"sow-carousel-container \">\n\t\t<div class=\"sow-carousel-wrapper\"\n\t\tdata-dir=\"ltr\"\n\t\tstyle=\"opacity: 0;\"\n\t\tdata-widget=\"post\" data-fetching=\"false\" data-page=\"1\" data-ajax-url=\"https:\/\/www2.uepg.br\/ppgbioevol\/wp-admin\/admin-ajax.php?_widgets_nonce=b3c271fcf0\" data-item_count=\"78\" data-carousel_settings=\"{&quot;loop&quot;:true,&quot;animation&quot;:&quot;ease&quot;,&quot;animation_speed&quot;:800,&quot;autoplay&quot;:&quot;&quot;,&quot;pauseOnHover&quot;:&quot;&quot;,&quot;autoplaySpeed&quot;:8000,&quot;item_overflow&quot;:true,&quot;autoplay_continuous_scroll&quot;:false}\" data-responsive=\"{&quot;desktop_slides_to_scroll&quot;:1,&quot;tablet_landscape_breakpoint&quot;:1366,&quot;tablet_landscape_slides_to_scroll&quot;:2,&quot;tablet_portrait_breakpoint&quot;:1025,&quot;tablet_portrait_slides_to_scroll&quot;:2,&quot;mobile_breakpoint&quot;:480,&quot;mobile_slides_to_scroll&quot;:1}\" data-variable_width=\"true\" \t>\n\t\t<div\n\t\t\tclass=\"sow-carousel-items\"\n\t\t\t\t\t>\n\t\t\t\t<div class=\"sow-carousel-item\" tabindex=\"-1\" style=\"float: left;\">\n\t\t<div class=\"sow-carousel-thumbnail\">\n\t\t\t\t\t\t\t<a\n\t\t\t\thref=\"https:\/\/www2.uepg.br\/ppgbioevol\/confira-resultado-final-e-classificacao-do-processo-seletivo-para-os-cursos-de-mestrado-e-doutorado-em-biologia-evolutiva-2026\/\"\n\t\t\t\t\t\t\t\t\t\tstyle=\"background-image: url( https:\/\/www2.uepg.br\/ppgbioevol\/wp-content\/uploads\/sites\/25\/2025\/07\/WhatsApp-Image-2025-07-31-at-10.48.23-272x182.jpeg )\"\n\t\t\t\t\taria-labelledby=\"sow-carousel-id-1703\"\n\t\t\t\t\ttabindex=\"-1\"\n\t\t\t\t>\n\t\t\t\t\t<span class=\"overlay\"><\/span>\n\t\t\t\t<\/a>\n\t\t\t\t\t<\/div>\n\t\t<h3 class=\"sow-carousel-item-title\">\n\t\t\t<a\n\t\t\t\thref=\"https:\/\/www2.uepg.br\/ppgbioevol\/confira-resultado-final-e-classificacao-do-processo-seletivo-para-os-cursos-de-mestrado-e-doutorado-em-biologia-evolutiva-2026\/\"\n\t\t\t\tid=\"sow-carousel-id-1703\"\n\t\t\t\t\t\t\t\ttabindex=\"-1\"\n\t\t\t>\n\n\t\t\t\tConfira resultado final e classifica\u00e7\u00e3o do processo seletivo para os cursos de Mestrado e Doutorado em Biologia Evolutiva 2026\t\t\t<\/a>\n\t\t<\/h3>\n\t<\/div>\n\t<div class=\"sow-carousel-item\" tabindex=\"-1\" style=\"float: left;\">\n\t\t<div class=\"sow-carousel-thumbnail\">\n\t\t\t\t\t\t\t<a\n\t\t\t\thref=\"https:\/\/www2.uepg.br\/ppgbioevol\/resultadopreliminar2026\/\"\n\t\t\t\t\t\t\t\t\t\tstyle=\"background-image: url( https:\/\/www2.uepg.br\/ppgbioevol\/wp-content\/uploads\/sites\/25\/2025\/07\/WhatsApp-Image-2025-07-31-at-10.43.41-272x182.jpeg )\"\n\t\t\t\t\taria-labelledby=\"sow-carousel-id-1693\"\n\t\t\t\t\ttabindex=\"-1\"\n\t\t\t\t>\n\t\t\t\t\t<span class=\"overlay\"><\/span>\n\t\t\t\t<\/a>\n\t\t\t\t\t<\/div>\n\t\t<h3 class=\"sow-carousel-item-title\">\n\t\t\t<a\n\t\t\t\thref=\"https:\/\/www2.uepg.br\/ppgbioevol\/resultadopreliminar2026\/\"\n\t\t\t\tid=\"sow-carousel-id-1693\"\n\t\t\t\t\t\t\t\ttabindex=\"-1\"\n\t\t\t>\n\n\t\t\t\tPublicado resultado preliminar da sele\u00e7\u00e3o de Mestrado e Doutorado para o ano de 2026\t\t\t<\/a>\n\t\t<\/h3>\n\t<\/div>\n\t<div class=\"sow-carousel-item\" tabindex=\"-1\" style=\"float: left;\">\n\t\t<div class=\"sow-carousel-thumbnail\">\n\t\t\t\t\t\t\t<a\n\t\t\t\thref=\"https:\/\/www2.uepg.br\/ppgbioevol\/inscricoes-abertas-para-o-mestrado-e-doutorado-do-ppgbioevol\/\"\n\t\t\t\t\t\t\t\t\t\tstyle=\"background-image: url( https:\/\/www2.uepg.br\/ppgbioevol\/wp-content\/uploads\/sites\/25\/2025\/07\/WhatsApp-Image-2025-07-31-at-10.44.57-272x182.jpeg )\"\n\t\t\t\t\taria-labelledby=\"sow-carousel-id-1656\"\n\t\t\t\t\ttabindex=\"-1\"\n\t\t\t\t>\n\t\t\t\t\t<span class=\"overlay\"><\/span>\n\t\t\t\t<\/a>\n\t\t\t\t\t<\/div>\n\t\t<h3 class=\"sow-carousel-item-title\">\n\t\t\t<a\n\t\t\t\thref=\"https:\/\/www2.uepg.br\/ppgbioevol\/inscricoes-abertas-para-o-mestrado-e-doutorado-do-ppgbioevol\/\"\n\t\t\t\tid=\"sow-carousel-id-1656\"\n\t\t\t\t\t\t\t\ttabindex=\"-1\"\n\t\t\t>\n\n\t\t\t\tInscri\u00e7\u00f5es abertas para o Mestrado e Doutorado do PPGBioEVol\t\t\t<\/a>\n\t\t<\/h3>\n\t<\/div>\n\t<div class=\"sow-carousel-item\" tabindex=\"-1\" style=\"float: left;\">\n\t\t<div class=\"sow-carousel-thumbnail\">\n\t\t\t\t\t\t\t<a\n\t\t\t\thref=\"https:\/\/www2.uepg.br\/ppgbioevol\/edital-de-credenciamento-de-docentes-no-ppgbioevol-alteracao-de-cronograma\/\"\n\t\t\t\t\t\t\t\t\t\tstyle=\"background-image: url( https:\/\/www2.uepg.br\/ppgbioevol\/wp-content\/uploads\/sites\/25\/2025\/05\/maria-luiza.jpeg )\"\n\t\t\t\t\taria-labelledby=\"sow-carousel-id-1637\"\n\t\t\t\t\ttabindex=\"-1\"\n\t\t\t\t>\n\t\t\t\t\t<span class=\"overlay\"><\/span>\n\t\t\t\t<\/a>\n\t\t\t\t\t<\/div>\n\t\t<h3 class=\"sow-carousel-item-title\">\n\t\t\t<a\n\t\t\t\thref=\"https:\/\/www2.uepg.br\/ppgbioevol\/edital-de-credenciamento-de-docentes-no-ppgbioevol-alteracao-de-cronograma\/\"\n\t\t\t\tid=\"sow-carousel-id-1637\"\n\t\t\t\t\t\t\t\ttabindex=\"-1\"\n\t\t\t>\n\n\t\t\t\tEdital de credenciamento de docentes no PPGBioEvol &#8211; altera\u00e7\u00e3o de cronograma\t\t\t<\/a>\n\t\t<\/h3>\n\t<\/div>\n\t<div class=\"sow-carousel-item\" tabindex=\"-1\" style=\"float: left;\">\n\t\t<div class=\"sow-carousel-thumbnail\">\n\t\t\t\t\t\t\t<a\n\t\t\t\thref=\"https:\/\/www2.uepg.br\/ppgbioevol\/aberto-edital-para-credenciamento-de-docentes-no-ppgbioevol\/\"\n\t\t\t\t\t\t\t\t\t\tstyle=\"background-image: url( https:\/\/www2.uepg.br\/ppgbioevol\/wp-content\/uploads\/sites\/25\/2025\/07\/WhatsApp-Image-2025-07-31-at-10.44.57-272x182.jpeg )\"\n\t\t\t\t\taria-labelledby=\"sow-carousel-id-1629\"\n\t\t\t\t\ttabindex=\"-1\"\n\t\t\t\t>\n\t\t\t\t\t<span class=\"overlay\"><\/span>\n\t\t\t\t<\/a>\n\t\t\t\t\t<\/div>\n\t\t<h3 class=\"sow-carousel-item-title\">\n\t\t\t<a\n\t\t\t\thref=\"https:\/\/www2.uepg.br\/ppgbioevol\/aberto-edital-para-credenciamento-de-docentes-no-ppgbioevol\/\"\n\t\t\t\tid=\"sow-carousel-id-1629\"\n\t\t\t\t\t\t\t\ttabindex=\"-1\"\n\t\t\t>\n\n\t\t\t\tAberto edital para credenciamento de docentes no PPGBioEvol\t\t\t<\/a>\n\t\t<\/h3>\n\t<\/div>\n\t<div class=\"sow-carousel-item\" tabindex=\"-1\" style=\"float: left;\">\n\t\t<div class=\"sow-carousel-thumbnail\">\n\t\t\t\t\t\t\t<a\n\t\t\t\thref=\"https:\/\/www2.uepg.br\/ppgbioevol\/processo-de-selecao-especial-para-ingresso-no-doutorado-em-biologia-evolutiva\/\"\n\t\t\t\t\t\t\t\t\t\tstyle=\"background-image: url( https:\/\/www2.uepg.br\/ppgbioevol\/wp-content\/uploads\/sites\/25\/2025\/05\/DNA-Lab.jpeg )\"\n\t\t\t\t\taria-labelledby=\"sow-carousel-id-1565\"\n\t\t\t\t\ttabindex=\"-1\"\n\t\t\t\t>\n\t\t\t\t\t<span class=\"overlay\"><\/span>\n\t\t\t\t<\/a>\n\t\t\t\t\t<\/div>\n\t\t<h3 class=\"sow-carousel-item-title\">\n\t\t\t<a\n\t\t\t\thref=\"https:\/\/www2.uepg.br\/ppgbioevol\/processo-de-selecao-especial-para-ingresso-no-doutorado-em-biologia-evolutiva\/\"\n\t\t\t\tid=\"sow-carousel-id-1565\"\n\t\t\t\t\t\t\t\ttabindex=\"-1\"\n\t\t\t>\n\n\t\t\t\tProcesso de sele\u00e7\u00e3o especial para ingresso no Doutorado em Biologia Evolutiva\t\t\t<\/a>\n\t\t<\/h3>\n\t<\/div>\n\t<div class=\"sow-carousel-item\" tabindex=\"-1\" style=\"float: left;\">\n\t\t<div class=\"sow-carousel-thumbnail\">\n\t\t\t\t\t\t\t<a\n\t\t\t\thref=\"https:\/\/www2.uepg.br\/ppgbioevol\/edital-no-08-2025-ppg-bioevol-resultado-do-processo-de-selecao-para-aproveitamento-de-vagas-remanescentes-do-curso-de-doutorado\/\"\n\t\t\t\t\t\t\t\t\t\tstyle=\"background-image: url( https:\/\/www2.uepg.br\/ppgbioevol\/wp-content\/uploads\/sites\/25\/2020\/11\/hand-writing-on-a-paper-with-a-pen-272x182.jpg )\"\n\t\t\t\t\taria-labelledby=\"sow-carousel-id-1516\"\n\t\t\t\t\ttabindex=\"-1\"\n\t\t\t\t>\n\t\t\t\t\t<span class=\"overlay\"><\/span>\n\t\t\t\t<\/a>\n\t\t\t\t\t<\/div>\n\t\t<h3 class=\"sow-carousel-item-title\">\n\t\t\t<a\n\t\t\t\thref=\"https:\/\/www2.uepg.br\/ppgbioevol\/edital-no-08-2025-ppg-bioevol-resultado-do-processo-de-selecao-para-aproveitamento-de-vagas-remanescentes-do-curso-de-doutorado\/\"\n\t\t\t\tid=\"sow-carousel-id-1516\"\n\t\t\t\t\t\t\t\ttabindex=\"-1\"\n\t\t\t>\n\n\t\t\t\tEDITAL N\u00ba 08\/2025-PPG-BioEvol: RESULTADO DO PROCESSO DE SELE\u00c7\u00c3O PARA APROVEITAMENTO DE VAGAS REMANESCENTES DO CURSO DE DOUTORADO\t\t\t<\/a>\n\t\t<\/h3>\n\t<\/div>\n\t<div class=\"sow-carousel-item\" tabindex=\"-1\" style=\"float: left;\">\n\t\t<div class=\"sow-carousel-thumbnail\">\n\t\t\t\t\t\t\t<a\n\t\t\t\thref=\"https:\/\/www2.uepg.br\/ppgbioevol\/edital-no-07-2025-ppg-bioevol-resultado-do-processo-de-selecao-para-aproveitamento-de-vagas-remanescentes-do-curso-de-doutorado-em-ciencias-biologicas\/\"\n\t\t\t\t\t\t\t\t\t\tstyle=\"background-image: url( https:\/\/www2.uepg.br\/ppgbioevol\/wp-content\/uploads\/sites\/25\/2019\/12\/Miguel-272x182.jpeg )\"\n\t\t\t\t\taria-labelledby=\"sow-carousel-id-1513\"\n\t\t\t\t\ttabindex=\"-1\"\n\t\t\t\t>\n\t\t\t\t\t<span class=\"overlay\"><\/span>\n\t\t\t\t<\/a>\n\t\t\t\t\t<\/div>\n\t\t<h3 class=\"sow-carousel-item-title\">\n\t\t\t<a\n\t\t\t\thref=\"https:\/\/www2.uepg.br\/ppgbioevol\/edital-no-07-2025-ppg-bioevol-resultado-do-processo-de-selecao-para-aproveitamento-de-vagas-remanescentes-do-curso-de-doutorado-em-ciencias-biologicas\/\"\n\t\t\t\tid=\"sow-carousel-id-1513\"\n\t\t\t\t\t\t\t\ttabindex=\"-1\"\n\t\t\t>\n\n\t\t\t\tEDITAL N\u00ba 07\/2025-PPG-BioEvol &#8211; RESULTADO DO PROCESSO DE SELE\u00c7\u00c3O PARA APROVEITAMENTO DE VAGAS REMANESCENTES DO CURSO DE DOUTORADO EM CI\u00caNCIAS BIOL\u00d3GICAS\t\t\t<\/a>\n\t\t<\/h3>\n\t<\/div>\n\t<div class=\"sow-carousel-item\" tabindex=\"-1\" style=\"float: left;\">\n\t\t<div class=\"sow-carousel-thumbnail\">\n\t\t\t\t\t\t\t<a\n\t\t\t\thref=\"https:\/\/www2.uepg.br\/ppgbioevol\/edital-no-06-2025-ppg-bioevol-processo-de-selecao-para-aproveitamento-de-vagas-remanescentes-do-curso-de-doutorado-em-ciencias-biologicas\/\"\n\t\t\t\t\t\t\t\t\t\tstyle=\"background-image: url( https:\/\/www2.uepg.br\/ppgbioevol\/wp-content\/uploads\/sites\/25\/2020\/11\/hand-writing-on-a-paper-with-a-pen-272x182.jpg )\"\n\t\t\t\t\taria-labelledby=\"sow-carousel-id-1479\"\n\t\t\t\t\ttabindex=\"-1\"\n\t\t\t\t>\n\t\t\t\t\t<span class=\"overlay\"><\/span>\n\t\t\t\t<\/a>\n\t\t\t\t\t<\/div>\n\t\t<h3 class=\"sow-carousel-item-title\">\n\t\t\t<a\n\t\t\t\thref=\"https:\/\/www2.uepg.br\/ppgbioevol\/edital-no-06-2025-ppg-bioevol-processo-de-selecao-para-aproveitamento-de-vagas-remanescentes-do-curso-de-doutorado-em-ciencias-biologicas\/\"\n\t\t\t\tid=\"sow-carousel-id-1479\"\n\t\t\t\t\t\t\t\ttabindex=\"-1\"\n\t\t\t>\n\n\t\t\t\tEDITAL N\u00ba 06\/2025-PPG-BioEvol: PROCESSO DE SELE\u00c7\u00c3O PARA APROVEITAMENTO DE VAGAS REMANESCENTES DO CURSO DE DOUTORADO EM CI\u00caNCIAS BIOL\u00d3GICAS\t\t\t<\/a>\n\t\t<\/h3>\n\t<\/div>\n\t<div class=\"sow-carousel-item\" tabindex=\"-1\" style=\"float: left;\">\n\t\t<div class=\"sow-carousel-thumbnail\">\n\t\t\t\t\t\t\t<a\n\t\t\t\thref=\"https:\/\/www2.uepg.br\/ppgbioevol\/edital-no-05-2025-ppg-bioevol-resultado-do-processo-de-selecao-de-aluno-especial-em-disciplinas-isoladas-do-ano-letivo-de-2025\/\"\n\t\t\t\t\t\t\t\t\t\tstyle=\"background-image: url( https:\/\/www2.uepg.br\/ppgbioevol\/wp-content\/uploads\/sites\/25\/2019\/11\/logo-272x182.jpg )\"\n\t\t\t\t\taria-labelledby=\"sow-carousel-id-1476\"\n\t\t\t\t\ttabindex=\"-1\"\n\t\t\t\t>\n\t\t\t\t\t<span class=\"overlay\"><\/span>\n\t\t\t\t<\/a>\n\t\t\t\t\t<\/div>\n\t\t<h3 class=\"sow-carousel-item-title\">\n\t\t\t<a\n\t\t\t\thref=\"https:\/\/www2.uepg.br\/ppgbioevol\/edital-no-05-2025-ppg-bioevol-resultado-do-processo-de-selecao-de-aluno-especial-em-disciplinas-isoladas-do-ano-letivo-de-2025\/\"\n\t\t\t\tid=\"sow-carousel-id-1476\"\n\t\t\t\t\t\t\t\ttabindex=\"-1\"\n\t\t\t>\n\n\t\t\t\tEDITAL N\u00ba 05\/2025-PPG-BioEvol: Resultado do processo de sele\u00e7\u00e3o de aluno especial em disciplinas isoladas do ano letivo de 2025\t\t\t<\/a>\n\t\t<\/h3>\n\t<\/div>\n\t\t<\/div>\n\t\t\t<\/div>\n\n\t<\/div>\n\t\t<input type=\"hidden\" name=\"instance_hash\" value=\"598eeee9\"\/>\n\t<\/div>\n<\/div><\/div><\/div><\/div><\/div><\/div>","protected":false},"excerpt":{"rendered":"","protected":false},"author":24,"featured_media":0,"parent":0,"menu_order":0,"comment_status":"closed","ping_status":"closed","template":"","meta":[],"_links":{"self":[{"href":"https:\/\/www2.uepg.br\/ppgbioevol\/wp-json\/wp\/v2\/pages\/608"}],"collection":[{"href":"https:\/\/www2.uepg.br\/ppgbioevol\/wp-json\/wp\/v2\/pages"}],"about":[{"href":"https:\/\/www2.uepg.br\/ppgbioevol\/wp-json\/wp\/v2\/types\/page"}],"author":[{"embeddable":true,"href":"https:\/\/www2.uepg.br\/ppgbioevol\/wp-json\/wp\/v2\/users\/24"}],"replies":[{"embeddable":true,"href":"https:\/\/www2.uepg.br\/ppgbioevol\/wp-json\/wp\/v2\/comments?post=608"}],"version-history":[{"count":2,"href":"https:\/\/www2.uepg.br\/ppgbioevol\/wp-json\/wp\/v2\/pages\/608\/revisions"}],"predecessor-version":[{"id":610,"href":"https:\/\/www2.uepg.br\/ppgbioevol\/wp-json\/wp\/v2\/pages\/608\/revisions\/610"}],"wp:attachment":[{"href":"https:\/\/www2.uepg.br\/ppgbioevol\/wp-json\/wp\/v2\/media?parent=608"}],"curies":[{"name":"wp","href":"https:\/\/api.w.org\/{rel}","templated":true}]}}