{"id":90,"date":"2019-06-28T15:44:55","date_gmt":"2019-06-28T18:44:55","guid":{"rendered":"http:\/\/www2.uepg.br\/ppgbioevol\/?page_id=90"},"modified":"2025-05-27T09:57:21","modified_gmt":"2025-05-27T12:57:21","slug":"a-estrutura","status":"publish","type":"page","link":"https:\/\/www2.uepg.br\/ppgbioevol\/a-estrutura\/","title":{"rendered":"A ESTRUTURA"},"content":{"rendered":"\n\t\t<style type=\"text\/css\">\n\t\t\t#gallery-1 {\n\t\t\t\tmargin: auto;\n\t\t\t}\n\t\t\t#gallery-1 .gallery-item {\n\t\t\t\tfloat: left;\n\t\t\t\tmargin-top: 10px;\n\t\t\t\ttext-align: center;\n\t\t\t\twidth: 25%;\n\t\t\t}\n\t\t\t#gallery-1 img {\n\t\t\t\tborder: 2px solid #cfcfcf;\n\t\t\t}\n\t\t\t#gallery-1 .gallery-caption {\n\t\t\t\tmargin-left: 0;\n\t\t\t}\n\t\t\t\/* see gallery_shortcode() in wp-includes\/media.php *\/\n\t\t<\/style>\n\t\t<div id='gallery-1' class='gallery galleryid-90 gallery-columns-4 gallery-size-thumbnail'><dl class='gallery-item'>\n\t\t\t<dt class='gallery-icon landscape'>\n\t\t\t\t<a href='https:\/\/www2.uepg.br\/ppgbioevol\/a-estrutura\/bloco-m\/'><img width=\"150\" height=\"150\" src=\"https:\/\/www2.uepg.br\/ppgbioevol\/wp-content\/uploads\/sites\/25\/2019\/12\/Bloco-M-150x150.jpg\" class=\"attachment-thumbnail size-thumbnail\" alt=\"\" loading=\"lazy\" aria-describedby=\"gallery-1-904\" \/><\/a>\n\t\t\t<\/dt>\n\t\t\t\t<dd class='wp-caption-text gallery-caption' id='gallery-1-904'>\n\t\t\t\tUEPG Bloco M Secretaria PPG-BioEvol\n\t\t\t\t<\/dd><\/dl><dl class='gallery-item'>\n\t\t\t<dt class='gallery-icon landscape'>\n\t\t\t\t<a href='https:\/\/www2.uepg.br\/ppgbioevol\/a-estrutura\/bloco-m2\/'><img width=\"150\" height=\"150\" src=\"https:\/\/www2.uepg.br\/ppgbioevol\/wp-content\/uploads\/sites\/25\/2019\/12\/Bloco-M2-150x150.jpg\" class=\"attachment-thumbnail size-thumbnail\" alt=\"\" loading=\"lazy\" aria-describedby=\"gallery-1-905\" \/><\/a>\n\t\t\t<\/dt>\n\t\t\t\t<dd class='wp-caption-text gallery-caption' id='gallery-1-905'>\n\t\t\t\tUEPG Bloco M Laborat\u00f3rios\n\t\t\t\t<\/dd><\/dl><dl class='gallery-item'>\n\t\t\t<dt class='gallery-icon landscape'>\n\t\t\t\t<a href='https:\/\/www2.uepg.br\/ppgbioevol\/a-estrutura\/predioadm\/'><img width=\"150\" height=\"150\" src=\"https:\/\/www2.uepg.br\/ppgbioevol\/wp-content\/uploads\/sites\/25\/2022\/12\/PredioADM-150x150.jpg\" class=\"attachment-thumbnail size-thumbnail\" alt=\"\" loading=\"lazy\" aria-describedby=\"gallery-1-1269\" \/><\/a>\n\t\t\t<\/dt>\n\t\t\t\t<dd class='wp-caption-text gallery-caption' id='gallery-1-1269'>\n\t\t\t\tUNICENTRO Pr\u00e9dio Administrativo do PPG-BioEvol\n\t\t\t\t<\/dd><\/dl><dl class='gallery-item'>\n\t\t\t<dt class='gallery-icon landscape'>\n\t\t\t\t<a href='https:\/\/www2.uepg.br\/ppgbioevol\/a-estrutura\/prediolab\/'><img width=\"150\" height=\"150\" src=\"https:\/\/www2.uepg.br\/ppgbioevol\/wp-content\/uploads\/sites\/25\/2022\/12\/Prediolab-150x150.jpg\" class=\"attachment-thumbnail size-thumbnail\" alt=\"\" loading=\"lazy\" aria-describedby=\"gallery-1-1270\" \/><\/a>\n\t\t\t<\/dt>\n\t\t\t\t<dd class='wp-caption-text gallery-caption' id='gallery-1-1270'>\n\t\t\t\tUNICENTRO Laborat\u00f3rios\n\t\t\t\t<\/dd><\/dl><br style=\"clear: both\" \/>\n\t\t<\/div>\n\n<div class=\"conteudo_pagina\">\n<p>N\u00e3o s\u00f3 a proposta do Programa \u00e9 capaz de permitir a forma\u00e7\u00e3o de qualidade dos mestrandos. A presen\u00e7a de infraestrutura de qualidade \u00e9 fundamental para o treinamento t\u00e9cnico-cient\u00edfico de qualidade do p\u00f3s-graduando. Neste sentido, as duas sedes do PPGBioEvol t\u00eam uma infraestrutura consolidada, decorrente de uma s\u00e9rie de projetos aprovados junto aos \u00f3rg\u00e3os de fomento e editais como CT-Infra, Pr\u00f3-equipamentos Federal e Estadual, FINEP e CNPq. Especificamente para o apoio \u00e0s atividades de pesquisa de todos os docentes e discentes do PPGBioEvol, est\u00e3o dispon\u00edveis em tempo integral os seguintes laborat\u00f3rios e equipamentos.<\/p>\n<p>Nos audit\u00f3rios existem equipamentos necess\u00e1rios para proje\u00e7\u00e3o, fotografia e filmagem das atividades. Al\u00e9m disso, existem estrutura de apoio dos Setores das Institui\u00e7\u00f5es relacionados a equipamentos e salas. Todos esses recursos est\u00e3o conectados via rede sem fio (wireless). Foi implantado na UEPG o sistema on-line de matr\u00edcula e acompanhamento pedag\u00f3gico dos alunos da P\u00f3s-Gradua\u00e7\u00e3o.<\/p>\n<p>Complementarmente as duas IES contam ainda com os recursos de inform\u00e1tica relacionados com o Ensino a dist\u00e2ncia com Web Confer\u00eancia e estrutura para transmitir e receber V\u00eddeo Confer\u00eancias. Al\u00e9m da internet por cabo, dispon\u00edvel em todas as salas de aula e laborat\u00f3rios, toda a \u00e1rea da Universidade \u00e9 coberta por internet sem fio. Audit\u00f3rio para 40 pessoas, sendo utilizado para reuni\u00f5es do Colegiado, reuni\u00f5es t\u00e9cnicas e palestras. Todas as salas de aula possuem sistema de multim\u00eddia e internet.<\/p>\n<p>As duas Institui\u00e7\u00f5es contam com uma Biblioteca Central com grande acervo de livros e peri\u00f3dicos dispon\u00edveis e com a produ\u00e7\u00e3o cient\u00edfica dos mestrados da UEPG.<\/p>\n<p>O acervo da UEPG est\u00e1 dispon\u00edvel:<\/p>\n<p><a href=\"https:\/\/tede2.uepg.br\/jspui\/\" target=\"_blank\" rel=\"noopener noreferrer\">Biblioteca UEPG<\/a><\/p>\n<p>O acervo da UNICENTRO est\u00e1 dispon\u00edvel:<\/p>\n<p><a href=\"https:\/\/www3.unicentro.br\/bibliotecas\/\" target=\"_blank\" rel=\"noopener noreferrer\">Biblioteca UNICENTRO<\/a><\/p>\n<p>&nbsp;<\/p>\n<\/div>\n","protected":false},"excerpt":{"rendered":"<p>N\u00e3o s\u00f3 a proposta do Programa \u00e9 capaz de permitir a forma\u00e7\u00e3o de qualidade dos mestrandos. A presen\u00e7a de infraestrutura de qualidade \u00e9 fundamental para o treinamento t\u00e9cnico-cient\u00edfico de qualidade do p\u00f3s-graduando. Neste sentido, as duas sedes do PPGBioEvol t\u00eam uma infraestrutura consolidada, decorrente de uma s\u00e9rie de projetos aprovados junto aos \u00f3rg\u00e3os de fomento&nbsp;&hellip;<\/p>\n","protected":false},"author":24,"featured_media":0,"parent":0,"menu_order":0,"comment_status":"closed","ping_status":"closed","template":"","meta":[],"_links":{"self":[{"href":"https:\/\/www2.uepg.br\/ppgbioevol\/wp-json\/wp\/v2\/pages\/90"}],"collection":[{"href":"https:\/\/www2.uepg.br\/ppgbioevol\/wp-json\/wp\/v2\/pages"}],"about":[{"href":"https:\/\/www2.uepg.br\/ppgbioevol\/wp-json\/wp\/v2\/types\/page"}],"author":[{"embeddable":true,"href":"https:\/\/www2.uepg.br\/ppgbioevol\/wp-json\/wp\/v2\/users\/24"}],"replies":[{"embeddable":true,"href":"https:\/\/www2.uepg.br\/ppgbioevol\/wp-json\/wp\/v2\/comments?post=90"}],"version-history":[{"count":14,"href":"https:\/\/www2.uepg.br\/ppgbioevol\/wp-json\/wp\/v2\/pages\/90\/revisions"}],"predecessor-version":[{"id":1532,"href":"https:\/\/www2.uepg.br\/ppgbioevol\/wp-json\/wp\/v2\/pages\/90\/revisions\/1532"}],"wp:attachment":[{"href":"https:\/\/www2.uepg.br\/ppgbioevol\/wp-json\/wp\/v2\/media?parent=90"}],"curies":[{"name":"wp","href":"https:\/\/api.w.org\/{rel}","templated":true}]}}