{"id":107,"date":"2020-08-14T10:13:06","date_gmt":"2020-08-14T13:13:06","guid":{"rendered":"http:\/\/www2.uepg.br\/ppgbiomedicas\/?page_id=107"},"modified":"2024-11-22T10:52:11","modified_gmt":"2024-11-22T13:52:11","slug":"eventos","status":"publish","type":"page","link":"https:\/\/www2.uepg.br\/ppgbiomedicas\/eventos\/","title":{"rendered":"Eventos"},"content":{"rendered":"<div id=\"pl-107\"  class=\"panel-layout\" ><div id=\"pg-107-0\"  class=\"panel-grid panel-no-style\" ><div id=\"pgc-107-0-0\"  class=\"panel-grid-cell\" ><div id=\"panel-107-0-0-0\" class=\"so-panel widget widget_sow-accordion panel-first-child panel-last-child\" data-index=\"0\" ><div class=\"panel-widget-style panel-widget-style-for-107-0-0-0\" ><div\n\t\t\t\n\t\t\tclass=\"so-widget-sow-accordion so-widget-sow-accordion-default-7f158b849c7f-107\"\n\t\t\t\n\t\t><h3 class=\"widget-title\">Eventos e Simp\u00f3sios<\/h3><div>\n\t<div class=\"sow-accordion\">\n\t\t\t<div class=\"sow-accordion-panel\"\n\t\t\t data-anchor=\"i-simp%c3%b3sio-de-p%c3%b3s-gradua%c3%a7%c3%a3o\">\n\t\t\t\t<div class=\"sow-accordion-panel-header-container\" role=\"heading\" aria-level=\"2\">\n\t\t\t\t\t<div class=\"sow-accordion-panel-header\" tabindex=\"0\" role=\"button\" id=\"accordion-label-i-simp%c3%b3sio-de-p%c3%b3s-gradua%c3%a7%c3%a3o\" aria-controls=\"accordion-content-i-simp%c3%b3sio-de-p%c3%b3s-gradua%c3%a7%c3%a3o\" aria-expanded=\"false\">\n\t\t\t\t\t\t<div class=\"sow-accordion-title sow-accordion-title-icon-left\">\n\t\t\t\t\t\t\t\t\t\t\t\t\t\tI Simp\u00f3sio de P\u00f3s-Gradua\u00e7\u00e3o\t\t\t\t\t\t\t\t\t\t\t\t\t<\/div>\n\t\t\t\t\t\t<div class=\"sow-accordion-open-close-button\">\n\t\t\t\t\t\t\t<div class=\"sow-accordion-open-button\">\n\t\t\t\t\t\t\t\t<span class=\"sow-icon-ionicons\" data-sow-icon=\"&#xf218;\"\n\t\t \n\t\taria-hidden=\"true\"><\/span>\t\t\t\t\t\t\t<\/div>\n\t\t\t\t\t\t\t<div class=\"sow-accordion-close-button\">\n\t\t\t\t\t\t\t\t<span class=\"sow-icon-ionicons\" data-sow-icon=\"&#xf209;\"\n\t\t \n\t\taria-hidden=\"true\"><\/span>\t\t\t\t\t\t\t<\/div>\n\t\t\t\t\t\t<\/div>\n\t\t\t\t\t<\/div>\n\t\t\t\t<\/div>\n\n\t\t\t<div\n\t\t\t\tclass=\"sow-accordion-panel-content\"\n\t\t\t\trole=\"region\"\n\t\t\t\taria-labelledby=\"accordion-label-i-simp%c3%b3sio-de-p%c3%b3s-gradua%c3%a7%c3%a3o\"\n\t\t\t\tid=\"accordion-content-i-simp%c3%b3sio-de-p%c3%b3s-gradua%c3%a7%c3%a3o\"\n\t\t\t\tstyle=\"display: none;\"\t\t\t>\n\t\t\t\t<div class=\"sow-accordion-panel-border\" tabindex=\"0\">\n\t\t\t\t\t<p><a href=\"http:\/\/www2.uepg.br\/ppgbiomedicas\/wp-content\/uploads\/sites\/132\/2020\/08\/Caderno-de-Resumos-ATT.pdf\" target=\"_blank\" rel=\"noopener\">I Simp\u00f3sio de P\u00f3s-Gradua\u00e7\u00e3o<\/a><\/p>\n\t\t\t\t<\/div>\n\t\t\t<\/div>\n\t\t<\/div>\n\t\t<\/div>\n<\/div>\n<\/div><\/div><\/div><\/div><\/div><\/div>","protected":false},"excerpt":{"rendered":"<p>Eventos e Simp\u00f3sios I Simp\u00f3sio de P\u00f3s-Gradua\u00e7\u00e3o I Simp\u00f3sio de P\u00f3s-Gradua\u00e7\u00e3o<\/p>\n","protected":false},"author":24,"featured_media":0,"parent":0,"menu_order":0,"comment_status":"closed","ping_status":"closed","template":"","meta":[],"_links":{"self":[{"href":"https:\/\/www2.uepg.br\/ppgbiomedicas\/wp-json\/wp\/v2\/pages\/107"}],"collection":[{"href":"https:\/\/www2.uepg.br\/ppgbiomedicas\/wp-json\/wp\/v2\/pages"}],"about":[{"href":"https:\/\/www2.uepg.br\/ppgbiomedicas\/wp-json\/wp\/v2\/types\/page"}],"author":[{"embeddable":true,"href":"https:\/\/www2.uepg.br\/ppgbiomedicas\/wp-json\/wp\/v2\/users\/24"}],"replies":[{"embeddable":true,"href":"https:\/\/www2.uepg.br\/ppgbiomedicas\/wp-json\/wp\/v2\/comments?post=107"}],"version-history":[{"count":2,"href":"https:\/\/www2.uepg.br\/ppgbiomedicas\/wp-json\/wp\/v2\/pages\/107\/revisions"}],"predecessor-version":[{"id":110,"href":"https:\/\/www2.uepg.br\/ppgbiomedicas\/wp-json\/wp\/v2\/pages\/107\/revisions\/110"}],"wp:attachment":[{"href":"https:\/\/www2.uepg.br\/ppgbiomedicas\/wp-json\/wp\/v2\/media?parent=107"}],"curies":[{"name":"wp","href":"https:\/\/api.w.org\/{rel}","templated":true}]}}