{"id":44,"date":"2020-08-11T10:43:42","date_gmt":"2020-08-11T13:43:42","guid":{"rendered":"http:\/\/www2.uepg.br\/ppgbiomedicas\/?page_id=44"},"modified":"2024-11-25T15:27:50","modified_gmt":"2024-11-25T18:27:50","slug":"objetivos-e-perfil","status":"publish","type":"page","link":"https:\/\/www2.uepg.br\/ppgbiomedicas\/objetivos-e-perfil\/","title":{"rendered":"Objetivos e Perfil"},"content":{"rendered":"<h4 style=\"text-align: justify\"><span style=\"color: #000000\">Formar recursos humanos em n\u00edvel de mestrado, com qualifica\u00e7\u00e3o e compet\u00eancia para atuar na pesquisa b\u00e1sica e\/ou aplicada, bem como exercer atividades de ensino, extens\u00e3o e inova\u00e7\u00e3o que contribuam para prover o avan\u00e7o do conhecimento, da sa\u00fade e qualidade de vida \u00e9 o objetivo principal do Programa de P\u00f3s-gradua\u00e7\u00e3o em Ci\u00eancias Biom\u00e9dicas.\u00a0<\/span><\/h4>\n<h4 style=\"text-align: justify\"><span style=\"color: #0000ff\"><strong><span style=\"text-decoration: underline\">S\u00e3o objetivos espec\u00edficos do PPG-CB<\/span>:<\/strong><\/span><\/h4>\n<p style=\"text-align: justify\">I &#8211; Capacitar os profissionais formados no Programa para o estudo dos processos fisiol\u00f3gicos e patol\u00f3gicos gerados em modelos de estudo <em>in vitro<\/em>,<em> i<\/em><em>n vivo<\/em> (animal e humano) e <em>in silico<\/em>, aprofundando o conhecimento cient\u00edfico sobre processos celulares e moleculares;<\/p>\n<p style=\"text-align: justify\">II &#8211; Desenvolver habilidades de planejamento, an\u00e1lise e execu\u00e7\u00e3o em processos de prospec\u00e7\u00e3o de produtos naturais com atividades biol\u00f3gicas;<\/p>\n<p style=\"text-align: justify\">III &#8211; Contribuir com a forma\u00e7\u00e3o docente nas \u00e1reas das Ci\u00eancias Biol\u00f3gicas e da Sa\u00fade para que possam suprir a demanda de professores do ensino m\u00e9dio e superior e de pesquisadores na \u00e1rea afins das Ci\u00eancias Biom\u00e9dicas da regi\u00e3o;<\/p>\n<p style=\"text-align: justify\">IV &#8211; Fornecer aos acad\u00eamicos uma base s\u00f3lida de conhecimento, pensamento cr\u00edtico aprimorado e oportunidade de realizar pesquisas cient\u00edficas de qualidade, bem como desenvolver habilidades de comunica\u00e7\u00e3o necess\u00e1rias a forma\u00e7\u00e3o profissional. j<\/p>\n<div>\n<h4 style=\"text-align: justify\"><span style=\"text-decoration: underline;color: #0000ff\"><strong>Perfil:<\/strong><\/span><\/h4>\n<p style=\"text-align: justify\">O PPG-CB\u00a0 UEPG pretende formar profissionais com compet\u00eancia para atuar na pesquisa b\u00e1sica e\/ou aplicada \u00e0 sa\u00fade em institui\u00e7\u00f5es de pesquisa ou de ensino.<\/p>\n<h4 style=\"text-align: justify\"><span style=\"text-decoration: underline;color: #0000ff\"><strong>P\u00fablico Alvo:<\/strong><\/span><\/h4>\n<p style=\"text-align: justify\">Graduados em \u00e1rea afins as Ci\u00eancias Biol\u00f3gicas e a Sa\u00fade. Outros profissionais poder\u00e3o prestar a prova de sele\u00e7\u00e3o, entretanto \u00e9 necess\u00e1rio conversar pr\u00e9via com os poss\u00edveis orientadores.<\/p>\n<\/div>\n","protected":false},"excerpt":{"rendered":"<p>Formar recursos humanos em n\u00edvel de mestrado, com qualifica\u00e7\u00e3o e compet\u00eancia para atuar na pesquisa b\u00e1sica e\/ou aplicada, bem como exercer atividades de ensino, extens\u00e3o e inova\u00e7\u00e3o que contribuam para prover o avan\u00e7o do conhecimento, da sa\u00fade e qualidade de vida \u00e9 o objetivo principal do Programa de P\u00f3s-gradua\u00e7\u00e3o em Ci\u00eancias Biom\u00e9dicas.\u00a0 S\u00e3o objetivos espec\u00edficos&nbsp;&hellip;<\/p>\n","protected":false},"author":24,"featured_media":0,"parent":0,"menu_order":0,"comment_status":"closed","ping_status":"closed","template":"","meta":[],"_links":{"self":[{"href":"https:\/\/www2.uepg.br\/ppgbiomedicas\/wp-json\/wp\/v2\/pages\/44"}],"collection":[{"href":"https:\/\/www2.uepg.br\/ppgbiomedicas\/wp-json\/wp\/v2\/pages"}],"about":[{"href":"https:\/\/www2.uepg.br\/ppgbiomedicas\/wp-json\/wp\/v2\/types\/page"}],"author":[{"embeddable":true,"href":"https:\/\/www2.uepg.br\/ppgbiomedicas\/wp-json\/wp\/v2\/users\/24"}],"replies":[{"embeddable":true,"href":"https:\/\/www2.uepg.br\/ppgbiomedicas\/wp-json\/wp\/v2\/comments?post=44"}],"version-history":[{"count":10,"href":"https:\/\/www2.uepg.br\/ppgbiomedicas\/wp-json\/wp\/v2\/pages\/44\/revisions"}],"predecessor-version":[{"id":825,"href":"https:\/\/www2.uepg.br\/ppgbiomedicas\/wp-json\/wp\/v2\/pages\/44\/revisions\/825"}],"wp:attachment":[{"href":"https:\/\/www2.uepg.br\/ppgbiomedicas\/wp-json\/wp\/v2\/media?parent=44"}],"curies":[{"name":"wp","href":"https:\/\/api.w.org\/{rel}","templated":true}]}}