{"id":54,"date":"2020-08-11T10:53:49","date_gmt":"2020-08-11T13:53:49","guid":{"rendered":"http:\/\/www2.uepg.br\/ppgbiomedicas\/?page_id=54"},"modified":"2024-11-25T15:34:42","modified_gmt":"2024-11-25T18:34:42","slug":"estrutura-curricular","status":"publish","type":"page","link":"https:\/\/www2.uepg.br\/ppgbiomedicas\/estrutura-curricular\/","title":{"rendered":"Estrutura Curricular"},"content":{"rendered":"<p style=\"text-align: justify\">O PPG-CB \u00e9 ofertado pela Universidade Estadual de Ponta Grossa \u2013 UEPG, em conformidade com a Resolu\u00e7\u00e3o do Conselho Nacional de Educa\u00e7\u00e3o\/C\u00e2mara de Educa\u00e7\u00e3o Superior \u2013 CNE\/CES no 01, de 03 de abril de 2001, a Resolu\u00e7\u00e3o do Conselho de Ensino, Pesquisa e Extens\u00e3o \u2013 CEPE no 020, de 19 de julho de 2016, as portarias emanadas pela Coordena\u00e7\u00e3o de Aperfei\u00e7oamento de Pessoal de N\u00edvel Superior \u2013 CAPES e as informa\u00e7\u00f5es disponibilizadas no Documento de \u00c1rea CAPES.<\/p>\n<h5 style=\"text-align: justify\"><span style=\"color: #0000ff\"><strong>Integraliza\u00e7\u00e3o:\u00a0<\/strong><\/span><\/h5>\n<p style=\"text-align: justify\">Os prazos m\u00ednimo e m\u00e1ximo para conclus\u00e3o do curso de Mestrado s\u00e3o de 12 (doze) e 24 (vinte e quatro) meses, respectivamente, contados a partir da data da matr\u00edcula do discente.<\/p>\n<h5 style=\"text-align: justify\"><span style=\"color: #0000ff\"><strong>Cr\u00e9ditos do programa: <\/strong><\/span><\/h5>\n<p>O t\u00edtulo de Mestre em Ci\u00eancias Biom\u00e9dicas ser\u00e1 concedido ao discente que cumprir as seguintes exig\u00eancias:<\/p>\n<p>I &#8211; Concluir 10 (dez) cr\u00e9ditos em disciplinas obrigat\u00f3rias;<\/p>\n<p>II &#8211; Concluir 10 (dez) cr\u00e9ditos em disciplinas optativas;<\/p>\n<p>III &#8211; Concluir os 4 (quatro) cr\u00e9ditos apostilados referentes as disciplinas de Orienta\u00e7\u00e3o de disserta\u00e7\u00e3o e tese I e II (ODTI e ODTII);<\/p>\n<p>IV &#8211; Ser aprovado no Exame de Sufici\u00eancia em L\u00edngua Estrangeira \u2013 Ingl\u00eas;<\/p>\n<p>V &#8211; Ter cumprido os procedimentos previstos pela Biblioteca Central e Comiss\u00f5es de \u00c9tica em Pesquisa, quando couber;<\/p>\n<p>VI &#8211; Apresentar comprovante de submiss\u00e3o de, pelo menos, 1 (um) artigo cient\u00edfico resultante do projeto de pesquisa de mestrado para peri\u00f3dico ranqueado no Qualis CAPES da \u00c1rea de Ci\u00eancias Biol\u00f3gicas II como B2 ou superior;<\/p>\n<p>VII &#8211; Lograr \u00eaxito no Exame de Qualifica\u00e7\u00e3o de Mestrado;<\/p>\n<p>VIII &#8211; Obter aprova\u00e7\u00e3o na defesa da Disserta\u00e7\u00e3o de Mestrado;<\/p>\n<p>IX &#8211; Entregar a vers\u00e3o final da Disserta\u00e7\u00e3o de Mestrado e sua devida publica\u00e7\u00e3o no Banco de Teses e Disserta\u00e7\u00f5es junto a Biblioteca Central da Universidade Estadual de Ponta Grossa.<\/p>\n<p>OBS: As disciplinas poder\u00e3o ter carga hor\u00e1ria te\u00f3rica (T) e\/ou pratica (P) e cada cr\u00e9dito corresponde a 15 horas\/aula.\u00a0Os cr\u00e9ditos apostilados n\u00e3o s\u00e3o computados para o total de cr\u00e9ditos para a\u00a0conclus\u00e3o do curso, todavia s\u00e3o obrigat\u00f3rios.<\/p>\n<p style=\"text-align: justify\"><span style=\"color: #0000ff\"><strong><u>OBS:<\/u><\/strong>\u00a0<\/span>Al\u00e9m de cursar as disciplinas obrigat\u00f3rias e optativas ofertadas pelo Programa, o discente poder\u00e1, juntamente com seu orientador, buscar disciplinas para complementar sua forma\u00e7\u00e3o nos diferentes Cursos de P\u00f3s-gradua\u00e7\u00e3o internos ou externo \u00e0 UEPG.<\/p>\n<p style=\"text-align: left\">Para mais informa\u00e7\u00f5es acesse o link:\u00a0 <a href=\"https:\/\/www2.uepg.br\/ppgbiomedicas\/wp-content\/uploads\/sites\/132\/2024\/08\/RESOLUCAO-CEPE-No-2024.30-DE-16-DE-JULHO-DE-2024-Regulamento-do-PPG-Ciencias-Biomedicas.pdf\">https:\/\/www2.uepg.br\/ppgbiomedicas\/wp-content\/uploads\/sites\/132\/2024\/08\/RESOLUCAO-CEPE-No-2024.30-DE-16-DE-JULHO-DE-2024-Regulamento-do-PPG-Ciencias-Biomedicas.pdf<\/a><\/p>\n","protected":false},"excerpt":{"rendered":"<p>O PPG-CB \u00e9 ofertado pela Universidade Estadual de Ponta Grossa \u2013 UEPG, em conformidade com a Resolu\u00e7\u00e3o do Conselho Nacional de Educa\u00e7\u00e3o\/C\u00e2mara de Educa\u00e7\u00e3o Superior \u2013 CNE\/CES no 01, de 03 de abril de 2001, a Resolu\u00e7\u00e3o do Conselho de Ensino, Pesquisa e Extens\u00e3o \u2013 CEPE no 020, de 19 de julho de 2016, as&nbsp;&hellip;<\/p>\n","protected":false},"author":24,"featured_media":0,"parent":0,"menu_order":0,"comment_status":"closed","ping_status":"closed","template":"","meta":[],"_links":{"self":[{"href":"https:\/\/www2.uepg.br\/ppgbiomedicas\/wp-json\/wp\/v2\/pages\/54"}],"collection":[{"href":"https:\/\/www2.uepg.br\/ppgbiomedicas\/wp-json\/wp\/v2\/pages"}],"about":[{"href":"https:\/\/www2.uepg.br\/ppgbiomedicas\/wp-json\/wp\/v2\/types\/page"}],"author":[{"embeddable":true,"href":"https:\/\/www2.uepg.br\/ppgbiomedicas\/wp-json\/wp\/v2\/users\/24"}],"replies":[{"embeddable":true,"href":"https:\/\/www2.uepg.br\/ppgbiomedicas\/wp-json\/wp\/v2\/comments?post=54"}],"version-history":[{"count":6,"href":"https:\/\/www2.uepg.br\/ppgbiomedicas\/wp-json\/wp\/v2\/pages\/54\/revisions"}],"predecessor-version":[{"id":827,"href":"https:\/\/www2.uepg.br\/ppgbiomedicas\/wp-json\/wp\/v2\/pages\/54\/revisions\/827"}],"wp:attachment":[{"href":"https:\/\/www2.uepg.br\/ppgbiomedicas\/wp-json\/wp\/v2\/media?parent=54"}],"curies":[{"name":"wp","href":"https:\/\/api.w.org\/{rel}","templated":true}]}}