{"id":56,"date":"2020-08-11T10:56:50","date_gmt":"2020-08-11T13:56:50","guid":{"rendered":"http:\/\/www2.uepg.br\/ppgbiomedicas\/?page_id=56"},"modified":"2024-11-25T15:12:09","modified_gmt":"2024-11-25T18:12:09","slug":"disciplinas","status":"publish","type":"page","link":"https:\/\/www2.uepg.br\/ppgbiomedicas\/disciplinas\/","title":{"rendered":"Disciplinas"},"content":{"rendered":"<div id=\"pl-56\"  class=\"panel-layout\" ><div id=\"pg-56-0\"  class=\"panel-grid panel-no-style\" ><div id=\"pgc-56-0-0\"  class=\"panel-grid-cell\" ><div id=\"panel-56-0-0-0\" class=\"so-panel widget widget_sow-accordion panel-first-child panel-last-child\" data-index=\"0\" ><div class=\"panel-widget-style panel-widget-style-for-56-0-0-0\" ><div\n\t\t\t\n\t\t\tclass=\"so-widget-sow-accordion so-widget-sow-accordion-default-7f158b849c7f-56\"\n\t\t\t\n\t\t><div>\n\t<div class=\"sow-accordion\">\n\t\t\t<div class=\"sow-accordion-panel\"\n\t\t\t data-anchor=\"disciplinas-obrigat%c3%b3rias-do-mestrado-em-ci%c3%aancias-biom%c3%a9dicas\">\n\t\t\t\t<div class=\"sow-accordion-panel-header-container\" role=\"heading\" aria-level=\"2\">\n\t\t\t\t\t<div class=\"sow-accordion-panel-header\" tabindex=\"0\" role=\"button\" id=\"accordion-label-disciplinas-obrigat%c3%b3rias-do-mestrado-em-ci%c3%aancias-biom%c3%a9dicas\" aria-controls=\"accordion-content-disciplinas-obrigat%c3%b3rias-do-mestrado-em-ci%c3%aancias-biom%c3%a9dicas\" aria-expanded=\"false\">\n\t\t\t\t\t\t<div class=\"sow-accordion-title sow-accordion-title-icon-left\">\n\t\t\t\t\t\t\t\t\t\t\t\t\t\tDISCIPLINAS OBRIGAT\u00d3RIAS DO MESTRADO EM CI\u00caNCIAS BIOM\u00c9DICAS\t\t\t\t\t\t\t\t\t\t\t\t\t<\/div>\n\t\t\t\t\t\t<div class=\"sow-accordion-open-close-button\">\n\t\t\t\t\t\t\t<div class=\"sow-accordion-open-button\">\n\t\t\t\t\t\t\t\t<span class=\"sow-icon-ionicons\" data-sow-icon=\"&#xf218;\"\n\t\t \n\t\taria-hidden=\"true\"><\/span>\t\t\t\t\t\t\t<\/div>\n\t\t\t\t\t\t\t<div class=\"sow-accordion-close-button\">\n\t\t\t\t\t\t\t\t<span class=\"sow-icon-ionicons\" data-sow-icon=\"&#xf209;\"\n\t\t \n\t\taria-hidden=\"true\"><\/span>\t\t\t\t\t\t\t<\/div>\n\t\t\t\t\t\t<\/div>\n\t\t\t\t\t<\/div>\n\t\t\t\t<\/div>\n\n\t\t\t<div\n\t\t\t\tclass=\"sow-accordion-panel-content\"\n\t\t\t\trole=\"region\"\n\t\t\t\taria-labelledby=\"accordion-label-disciplinas-obrigat%c3%b3rias-do-mestrado-em-ci%c3%aancias-biom%c3%a9dicas\"\n\t\t\t\tid=\"accordion-content-disciplinas-obrigat%c3%b3rias-do-mestrado-em-ci%c3%aancias-biom%c3%a9dicas\"\n\t\t\t\tstyle=\"display: none;\"\t\t\t>\n\t\t\t\t<div class=\"sow-accordion-panel-border\" tabindex=\"0\">\n\t\t\t\t\t<p>As disciplinas obrigat\u00f3rias do curso de Mestrado s\u00e3o ofertadas anualmente e incluem:<\/p>\n<ol>\n<li>Bases biol\u00f3gicas aplicadas \u00e0s Ci\u00eancias Biom\u00e9dicas \u2013 3 (tr\u00eas) cr\u00e9ditos<\/li>\n<li>Est\u00e1gio em Doc\u00eancia \u2013 2 (dois) cr\u00e9ditos<\/li>\n<li>Reda\u00e7\u00e3o e Divulga\u00e7\u00e3o Cient\u00edfica \u2013 2 (dois) cr\u00e9ditos<\/li>\n<li>Bio\u00e9tica \u2013 1 (um) cr\u00e9dito<\/li>\n<li>Semin\u00e1rios I \u2013 2 (dois) cr\u00e9ditos<\/li>\n<\/ol>\n\t\t\t\t<\/div>\n\t\t\t<\/div>\n\t\t<\/div>\n\t\t\t<div class=\"sow-accordion-panel\"\n\t\t\t data-anchor=\"disciplinas-optativas-do-mestrado-em-ci%c3%aancias-biom%c3%a9dicas\">\n\t\t\t\t<div class=\"sow-accordion-panel-header-container\" role=\"heading\" aria-level=\"2\">\n\t\t\t\t\t<div class=\"sow-accordion-panel-header\" tabindex=\"0\" role=\"button\" id=\"accordion-label-disciplinas-optativas-do-mestrado-em-ci%c3%aancias-biom%c3%a9dicas\" aria-controls=\"accordion-content-disciplinas-optativas-do-mestrado-em-ci%c3%aancias-biom%c3%a9dicas\" aria-expanded=\"false\">\n\t\t\t\t\t\t<div class=\"sow-accordion-title sow-accordion-title-icon-left\">\n\t\t\t\t\t\t\t\t\t\t\t\t\t\tDISCIPLINAS OPTATIVAS DO MESTRADO EM CI\u00caNCIAS BIOM\u00c9DICAS\t\t\t\t\t\t\t\t\t\t\t\t\t<\/div>\n\t\t\t\t\t\t<div class=\"sow-accordion-open-close-button\">\n\t\t\t\t\t\t\t<div class=\"sow-accordion-open-button\">\n\t\t\t\t\t\t\t\t<span class=\"sow-icon-ionicons\" data-sow-icon=\"&#xf218;\"\n\t\t \n\t\taria-hidden=\"true\"><\/span>\t\t\t\t\t\t\t<\/div>\n\t\t\t\t\t\t\t<div class=\"sow-accordion-close-button\">\n\t\t\t\t\t\t\t\t<span class=\"sow-icon-ionicons\" data-sow-icon=\"&#xf209;\"\n\t\t \n\t\taria-hidden=\"true\"><\/span>\t\t\t\t\t\t\t<\/div>\n\t\t\t\t\t\t<\/div>\n\t\t\t\t\t<\/div>\n\t\t\t\t<\/div>\n\n\t\t\t<div\n\t\t\t\tclass=\"sow-accordion-panel-content\"\n\t\t\t\trole=\"region\"\n\t\t\t\taria-labelledby=\"accordion-label-disciplinas-optativas-do-mestrado-em-ci%c3%aancias-biom%c3%a9dicas\"\n\t\t\t\tid=\"accordion-content-disciplinas-optativas-do-mestrado-em-ci%c3%aancias-biom%c3%a9dicas\"\n\t\t\t\tstyle=\"display: none;\"\t\t\t>\n\t\t\t\t<div class=\"sow-accordion-panel-border\" tabindex=\"0\">\n\t\t\t\t\t<p>As disciplinas optativas do curso de Mestrado dever\u00e3o ofertadas pelo menos uma vez a cada 2 (dois) anos, ou conforme demanda do PPG-CB. A rela\u00e7\u00e3o de disciplinas optativas do PPG-CB segue abaixo:<\/p>\n<p>a) Atualiza\u00e7\u00f5es em Biologia Celular e Molecular \u2013 3 (tr\u00eas) cr\u00e9ditos<\/p>\n<p>b) Atualiza\u00e7\u00f5es em Fisiologia Geral \u2013 3 (tr\u00eas) cr\u00e9ditos<\/p>\n<p>c) Patologia b\u00e1sica \u2013 2 (dois) cr\u00e9ditos<\/p>\n<p>d) Neuroci\u00eancia \u2013 2 (dois) cr\u00e9ditos<\/p>\n<p>e) T\u00f3picos avan\u00e7ados em Doen\u00e7as Cr\u00f4nicas N\u00e3o Transmiss\u00edveis \u2013 2 (dois) cr\u00e9ditos<\/p>\n<p>f) T\u00f3picos Avan\u00e7ados em Metabolismo Energ\u00e9tico \u2013 2 (dois) cr\u00e9ditos<\/p>\n<p>g) T\u00f3picos em Neuromec\u00e2nica do Movimento \u2013 2 (dois) cr\u00e9ditos<\/p>\n<p>h) Bioatividade de Produtos Naturais \u2013 2 (dois) cr\u00e9ditos<\/p>\n<p>i) Bioestat\u00edstica \u2013 2 (dois) cr\u00e9ditos<\/p>\n<p>j) Aplica\u00e7\u00f5es T\u00e9cnicas da Biologia Molecular \u2013 2 (dois) cr\u00e9ditos<\/p>\n<p>k) Cultivo celular e t\u00e9cnicas de estudo \u2013 2 (dois) cr\u00e9ditos<\/p>\n<p>l) Animais de laborat\u00f3rio em Pesquisa Biom\u00e9dica \u2013 2 (dois) cr\u00e9ditos<\/p>\n<p>m) Metodologia Cient\u00edfica Aplicada \u00e0 Pesquisa Cl\u00ednica \u2013 2 (dois) cr\u00e9ditos<\/p>\n<p>n) Internacionaliza\u00e7\u00e3o em Ci\u00eancias Biom\u00e9dicas \u2013 2 (dois) cr\u00e9ditos<\/p>\n<p>o) Ci\u00eancia do Bem-estar e Felicidade \u2013 2 (dois) cr\u00e9ditos<\/p>\n<p>p) T\u00e9cnicas e Instrumentos de Pesquisa em Ci\u00eancias Biom\u00e9dicas \u2013 2 (dois) cr\u00e9ditos<\/p>\n<p>q) T\u00f3picos Especiais em Ci\u00eancias Biom\u00e9dicas \u2013 2 (dois) cr\u00e9ditos<\/p>\n\t\t\t\t<\/div>\n\t\t\t<\/div>\n\t\t<\/div>\n\t\t\t<div class=\"sow-accordion-panel sow-accordion-panel-open\"\n\t\t\t data-anchor=\"observa%c3%a7%c3%b5es\">\n\t\t\t\t<div class=\"sow-accordion-panel-header-container\" role=\"heading\" aria-level=\"2\">\n\t\t\t\t\t<div class=\"sow-accordion-panel-header\" tabindex=\"0\" role=\"button\" id=\"accordion-label-observa%c3%a7%c3%b5es\" aria-controls=\"accordion-content-observa%c3%a7%c3%b5es\" aria-expanded=\"true\">\n\t\t\t\t\t\t<div class=\"sow-accordion-title sow-accordion-title-icon-left\">\n\t\t\t\t\t\t\t\t\t\t\t\t\t\tObserva\u00e7\u00f5es:\t\t\t\t\t\t\t\t\t\t\t\t\t<\/div>\n\t\t\t\t\t\t<div class=\"sow-accordion-open-close-button\">\n\t\t\t\t\t\t\t<div class=\"sow-accordion-open-button\">\n\t\t\t\t\t\t\t\t<span class=\"sow-icon-ionicons\" data-sow-icon=\"&#xf218;\"\n\t\t \n\t\taria-hidden=\"true\"><\/span>\t\t\t\t\t\t\t<\/div>\n\t\t\t\t\t\t\t<div class=\"sow-accordion-close-button\">\n\t\t\t\t\t\t\t\t<span class=\"sow-icon-ionicons\" data-sow-icon=\"&#xf209;\"\n\t\t \n\t\taria-hidden=\"true\"><\/span>\t\t\t\t\t\t\t<\/div>\n\t\t\t\t\t\t<\/div>\n\t\t\t\t\t<\/div>\n\t\t\t\t<\/div>\n\n\t\t\t<div\n\t\t\t\tclass=\"sow-accordion-panel-content\"\n\t\t\t\trole=\"region\"\n\t\t\t\taria-labelledby=\"accordion-label-observa%c3%a7%c3%b5es\"\n\t\t\t\tid=\"accordion-content-observa%c3%a7%c3%b5es\"\n\t\t\t\t\t\t\t>\n\t\t\t\t<div class=\"sow-accordion-panel-border\" tabindex=\"0\">\n\t\t\t\t\t<p>A oferta de vagas para alunos especiais nas disciplinas \u00e9 prerrogativa de cada docente respons\u00e1vel e, quando existir, ser\u00e3o publicadas em Edital na p\u00e1gina do programa.<\/p>\n<p>Para ci\u00eancia do ement\u00e1rio das disciplinas acesse o link <a href=\"http:\/\/www2.uepg.br\/ppgbiomedicas\/wp-content\/uploads\/sites\/132\/2024\/11\/Disciplinas-e-Ementas-Programa-de-Pos-graduacao-em-Ciencias-Biomedicas.pdf\">Disciplinas e Ementas - Programa de P\u00f3s-gradua\u00e7\u00e3o em Ci\u00eancias Biom\u00e9dicas<\/a><\/p>\n<p>Para mais informa\u00e7\u00f5es sobre disciplinas, cr\u00e9ditos e outros, acesse o link: <a href=\"https:\/\/www2.uepg.br\/ppgbiomedicas\/wp-content\/uploads\/sites\/132\/2024\/08\/RESOLUCAO-CEPE-No-2024.30-DE-16-DE-JULHO-DE-2024-Regulamento-do-PPG-Ciencias-Biomedicas.pdf\">https:\/\/www2.uepg.br\/ppgbiomedicas\/wp-content\/uploads\/sites\/132\/2024\/08\/RESOLUCAO-CEPE-No-2024.30-DE-16-DE-JULHO-DE-2024-Regulamento-do-PPG-Ciencias-Biomedicas.pdf<\/a><\/p>\n\t\t\t\t<\/div>\n\t\t\t<\/div>\n\t\t<\/div>\n\t\t<\/div>\n<\/div>\n<\/div><\/div><\/div><\/div><\/div><\/div>","protected":false},"excerpt":{"rendered":"<p>DISCIPLINAS OBRIGAT\u00d3RIAS DO MESTRADO EM CI\u00caNCIAS BIOM\u00c9DICAS As disciplinas obrigat\u00f3rias do curso de Mestrado s\u00e3o ofertadas anualmente e incluem: Bases biol\u00f3gicas aplicadas \u00e0s Ci\u00eancias Biom\u00e9dicas \u2013 3 (tr\u00eas) cr\u00e9ditos Est\u00e1gio em Doc\u00eancia \u2013 2 (dois) cr\u00e9ditos Reda\u00e7\u00e3o e Divulga\u00e7\u00e3o Cient\u00edfica \u2013 2 (dois) cr\u00e9ditos Bio\u00e9tica \u2013 1 (um) cr\u00e9dito Semin\u00e1rios I \u2013 2 (dois) cr\u00e9ditos&nbsp;&hellip;<\/p>\n","protected":false},"author":24,"featured_media":0,"parent":0,"menu_order":0,"comment_status":"closed","ping_status":"closed","template":"","meta":[],"_links":{"self":[{"href":"https:\/\/www2.uepg.br\/ppgbiomedicas\/wp-json\/wp\/v2\/pages\/56"}],"collection":[{"href":"https:\/\/www2.uepg.br\/ppgbiomedicas\/wp-json\/wp\/v2\/pages"}],"about":[{"href":"https:\/\/www2.uepg.br\/ppgbiomedicas\/wp-json\/wp\/v2\/types\/page"}],"author":[{"embeddable":true,"href":"https:\/\/www2.uepg.br\/ppgbiomedicas\/wp-json\/wp\/v2\/users\/24"}],"replies":[{"embeddable":true,"href":"https:\/\/www2.uepg.br\/ppgbiomedicas\/wp-json\/wp\/v2\/comments?post=56"}],"version-history":[{"count":13,"href":"https:\/\/www2.uepg.br\/ppgbiomedicas\/wp-json\/wp\/v2\/pages\/56\/revisions"}],"predecessor-version":[{"id":819,"href":"https:\/\/www2.uepg.br\/ppgbiomedicas\/wp-json\/wp\/v2\/pages\/56\/revisions\/819"}],"wp:attachment":[{"href":"https:\/\/www2.uepg.br\/ppgbiomedicas\/wp-json\/wp\/v2\/media?parent=56"}],"curies":[{"name":"wp","href":"https:\/\/api.w.org\/{rel}","templated":true}]}}