{"id":6,"date":"2020-04-20T14:56:52","date_gmt":"2020-04-20T17:56:52","guid":{"rendered":"http:\/\/www2.uepg.br\/ppgbiomedicas\/?page_id=6"},"modified":"2024-11-22T10:52:20","modified_gmt":"2024-11-22T13:52:20","slug":"home","status":"publish","type":"page","link":"https:\/\/www2.uepg.br\/ppgbiomedicas\/","title":{"rendered":"Home"},"content":{"rendered":"<div id=\"pl-6\"  class=\"panel-layout\" ><div id=\"pg-6-0\"  class=\"panel-grid panel-no-style\" ><div id=\"pgc-6-0-0\"  class=\"panel-grid-cell\" ><div id=\"panel-6-0-0-0\" class=\"so-panel widget widget_sow-editor panel-first-child panel-last-child\" data-index=\"0\" ><div class=\"panel-widget-style panel-widget-style-for-6-0-0-0\" ><div\n\t\t\t\n\t\t\tclass=\"so-widget-sow-editor so-widget-sow-editor-base\"\n\t\t\t\n\t\t>\n<div class=\"siteorigin-widget-tinymce textwidget\">\n\t<h4 style=\"text-align: center\"><strong>\u00daltimas Not\u00edcias<\/strong><\/h4>\n\t\t<div class=\"wppsac-slick-carousel-wrp wppsac-clearfix \">\r\n\t\t\t<div id=\"wppsac-post-carousel-1\" class=\"wppsac-post-slider-init wppsac-post-carousel design-1\">\r\n\t\t\t\t\r\n<div class=\"wppsac-carousel-slides\">\r\n\t\t<div class=\"wppsac-post-content-position\">\r\n\t\t\t\t\t<div class=\"wppsac-post-categories\"><ul class=\"wppsac-post-categories-list\"><li><a href=\"https:\/\/www2.uepg.br\/ppgbiomedicas\/category\/noticias\/\" rel=\"category\"> Not\u00edcias <\/a><\/li><\/ul><\/div>\r\n\t\t\t  \t<h2 class=\"wppsac-post-title\">\r\n\t\t\t<a href=\"https:\/\/www2.uepg.br\/ppgbiomedicas\/selecao-para-o-mestrado-academico-em-ciencias-biomedicas-turma-2026-2028\/\">SELE\u00c7\u00c3O PARA O MESTRADO ACAD\u00caMICO EM CI\u00caNCIAS BIOM\u00c9DICAS &#8211; TURMA 2026-2028<\/a>\r\n\t\t<\/h2>\r\n\t\t\t\t\t<div class=\"wppsac-post-date\">\r\n\t\t\t\t16 de mar\u00e7o de 2026\t\t\t<\/div>\r\n\t\t\t\t\t<\/div>\r\n<\/div>\r\n<div class=\"wppsac-carousel-slides\">\r\n\t\t<div class=\"wppsac-post-content-position\">\r\n\t\t\t\t\t<div class=\"wppsac-post-categories\"><ul class=\"wppsac-post-categories-list\"><li><a href=\"https:\/\/www2.uepg.br\/ppgbiomedicas\/category\/noticias\/\" rel=\"category\"> Not\u00edcias <\/a><\/li><\/ul><\/div>\r\n\t\t\t  \t<h2 class=\"wppsac-post-title\">\r\n\t\t\t<a href=\"https:\/\/www2.uepg.br\/ppgbiomedicas\/edital-deferimento-das-inscricoes-processo-de-selecao-turma-2025-2027-primeiro-semestre\/\">EDITAL &#8211; DEFERIMENTO DAS INSCRI\u00c7\u00d5ES \u2013 PROCESSO DE SELE\u00c7\u00c3O \u2013 TURMA 2025-2027 \u2013 Primeiro Semestre<\/a>\r\n\t\t<\/h2>\r\n\t\t\t\t\t<div class=\"wppsac-post-date\">\r\n\t\t\t\t11 de fevereiro de 2025\t\t\t<\/div>\r\n\t\t\t\t\t<\/div>\r\n<\/div>\r\n<div class=\"wppsac-carousel-slides\">\r\n\t\t<div class=\"wppsac-post-content-position\">\r\n\t\t\t\t\t<div class=\"wppsac-post-categories\"><ul class=\"wppsac-post-categories-list\"><li><a href=\"https:\/\/www2.uepg.br\/ppgbiomedicas\/category\/noticias\/\" rel=\"category\"> Not\u00edcias <\/a><\/li><\/ul><\/div>\r\n\t\t\t  \t<h2 class=\"wppsac-post-title\">\r\n\t\t\t<a href=\"https:\/\/www2.uepg.br\/ppgbiomedicas\/selecao-para-o-mestrado-academico-em-ciencias-biomedicas-turma-2025-2027\/\">SELE\u00c7\u00c3O PARA O MESTRADO ACAD\u00caMICO EM CI\u00caNCIAS BIOM\u00c9DICAS &#8211; TURMA 2025-2027<\/a>\r\n\t\t<\/h2>\r\n\t\t\t\t\t<div class=\"wppsac-post-date\">\r\n\t\t\t\t12 de dezembro de 2024\t\t\t<\/div>\r\n\t\t\t\t\t<\/div>\r\n<\/div>\r\n<div class=\"wppsac-carousel-slides\">\r\n\t\t<div class=\"wppsac-post-content-position\">\r\n\t\t\t\t\t<div class=\"wppsac-post-categories\"><ul class=\"wppsac-post-categories-list\"><li><a href=\"https:\/\/www2.uepg.br\/ppgbiomedicas\/category\/noticias\/\" rel=\"category\"> Not\u00edcias <\/a><\/li><\/ul><\/div>\r\n\t\t\t  \t<h2 class=\"wppsac-post-title\">\r\n\t\t\t<a href=\"https:\/\/www2.uepg.br\/ppgbiomedicas\/manifestacao-de-pesar-e-nossas-condolencias\/\">Manifesta\u00e7\u00e3o de pesar e nossas condol\u00eancias &#8230;<\/a>\r\n\t\t<\/h2>\r\n\t\t\t\t\t<div class=\"wppsac-post-date\">\r\n\t\t\t\t28 de novembro de 2024\t\t\t<\/div>\r\n\t\t\t\t\t<\/div>\r\n<\/div>\r\n<div class=\"wppsac-carousel-slides\">\r\n\t\t<div class=\"wppsac-post-content-position\">\r\n\t\t\t\t\t<div class=\"wppsac-post-categories\"><ul class=\"wppsac-post-categories-list\"><li><a href=\"https:\/\/www2.uepg.br\/ppgbiomedicas\/category\/noticias\/\" rel=\"category\"> Not\u00edcias <\/a><\/li><\/ul><\/div>\r\n\t\t\t  \t<h2 class=\"wppsac-post-title\">\r\n\t\t\t<a href=\"https:\/\/www2.uepg.br\/ppgbiomedicas\/v-simpos-biosaude-acompanhe-a-pagina-para-ficar-por-dentro-de-toda-a-programacao-https-www-instagram-com-simposbiosaude\/\">V Simpos BIOSA\u00daDE: Acompanhe a p\u00e1gina para ficar por dentro de toda a programa\u00e7\u00e3o https:\/\/www.instagram.com\/simposbiosaude\/<\/a>\r\n\t\t<\/h2>\r\n\t\t\t\t\t<div class=\"wppsac-post-date\">\r\n\t\t\t\t10 de novembro de 2024\t\t\t<\/div>\r\n\t\t\t\t\t<\/div>\r\n<\/div>\r\n<div class=\"wppsac-carousel-slides\">\r\n\t\t<div class=\"wppsac-post-content-position\">\r\n\t\t\t\t\t<div class=\"wppsac-post-categories\"><ul class=\"wppsac-post-categories-list\"><li><a href=\"https:\/\/www2.uepg.br\/ppgbiomedicas\/category\/noticias\/\" rel=\"category\"> Not\u00edcias <\/a><\/li><\/ul><\/div>\r\n\t\t\t  \t<h2 class=\"wppsac-post-title\">\r\n\t\t\t<a href=\"https:\/\/www2.uepg.br\/ppgbiomedicas\/v-simposio-da-pos-graduacao-em-ciencias-biomedicas-e-da-saude-o-tema-desse-ano-saude-mental-e-qualidade-de-vida-acompanhe-a-pagina-para-ficar-por-dentro-de-toda-a-programacao-https-www-instagram\/\">V Simp\u00f3sio da P\u00f3s-Gradua\u00e7\u00e3o em Ci\u00eancias Biom\u00e9dicas e da Sa\u00fade. O tema desse ano: Sa\u00fade Mental e Qualidade de Vida.<\/a>\r\n\t\t<\/h2>\r\n\t\t\t\t\t<div class=\"wppsac-post-date\">\r\n\t\t\t\t10 de novembro de 2024\t\t\t<\/div>\r\n\t\t\t\t\t<\/div>\r\n<\/div>\r\n<div class=\"wppsac-carousel-slides\">\r\n\t\t<div class=\"wppsac-post-content-position\">\r\n\t\t\t\t\t<div class=\"wppsac-post-categories\"><ul class=\"wppsac-post-categories-list\"><li><a href=\"https:\/\/www2.uepg.br\/ppgbiomedicas\/category\/noticias\/\" rel=\"category\"> Not\u00edcias <\/a><\/li><\/ul><\/div>\r\n\t\t\t  \t<h2 class=\"wppsac-post-title\">\r\n\t\t\t<a href=\"https:\/\/www2.uepg.br\/ppgbiomedicas\/atencao-a-comissao-de-bolsas-do-ppg-cb-torna-publico-o-processo-seletivo-para-a-concessao-de-bolsas-de-mestrado\/\">Aten\u00e7\u00e3o: A Comiss\u00e3o de Bolsas do PPG-CB, torna p\u00fablico o processo seletivo para a concess\u00e3o de BOLSAS DE MESTRADO<\/a>\r\n\t\t<\/h2>\r\n\t\t\t\t\t<div class=\"wppsac-post-date\">\r\n\t\t\t\t4 de outubro de 2024\t\t\t<\/div>\r\n\t\t\t\t\t<\/div>\r\n<\/div>\r\n<div class=\"wppsac-carousel-slides\">\r\n\t\t<div class=\"wppsac-post-content-position\">\r\n\t\t\t\t\t<div class=\"wppsac-post-categories\"><ul class=\"wppsac-post-categories-list\"><li><a href=\"https:\/\/www2.uepg.br\/ppgbiomedicas\/category\/noticias\/\" rel=\"category\"> Not\u00edcias <\/a><\/li><\/ul><\/div>\r\n\t\t\t  \t<h2 class=\"wppsac-post-title\">\r\n\t\t\t<a href=\"https:\/\/www2.uepg.br\/ppgbiomedicas\/candidatos-aprovados-para-cursar-a-disciplina-bioatividade-de-produtos-naturais\/\">Candidatos aprovados para cursar a disciplina Bioatividade de Produtos Naturais<\/a>\r\n\t\t<\/h2>\r\n\t\t\t\t\t<div class=\"wppsac-post-date\">\r\n\t\t\t\t16 de agosto de 2024\t\t\t<\/div>\r\n\t\t\t\t\t<\/div>\r\n<\/div>\r\n<div class=\"wppsac-carousel-slides\">\r\n\t\t<div class=\"wppsac-post-content-position\">\r\n\t\t\t\t\t<div class=\"wppsac-post-categories\"><ul class=\"wppsac-post-categories-list\"><li><a href=\"https:\/\/www2.uepg.br\/ppgbiomedicas\/category\/noticias\/\" rel=\"category\"> Not\u00edcias <\/a><\/li><\/ul><\/div>\r\n\t\t\t  \t<h2 class=\"wppsac-post-title\">\r\n\t\t\t<a href=\"https:\/\/www2.uepg.br\/ppgbiomedicas\/disciplina-bioatividade-de-produtos-naturais-edital-aberto-no-sistema-acad-aluno-especial\/\">Disciplina BIOATIVIDADE DE PRODUTOS NATURAIS &#8211; EDITAL aberto no sistema ACAD &#8211; aluno especial<\/a>\r\n\t\t<\/h2>\r\n\t\t\t\t\t<div class=\"wppsac-post-date\">\r\n\t\t\t\t9 de agosto de 2024\t\t\t<\/div>\r\n\t\t\t\t\t<\/div>\r\n<\/div>\r\n<div class=\"wppsac-carousel-slides\">\r\n\t\t<div class=\"wppsac-post-content-position\">\r\n\t\t\t\t\t<div class=\"wppsac-post-categories\"><ul class=\"wppsac-post-categories-list\"><li><a href=\"https:\/\/www2.uepg.br\/ppgbiomedicas\/category\/noticias\/\" rel=\"category\"> Not\u00edcias <\/a><\/li><\/ul><\/div>\r\n\t\t\t  \t<h2 class=\"wppsac-post-title\">\r\n\t\t\t<a href=\"https:\/\/www2.uepg.br\/ppgbiomedicas\/convocacao-para-matricula-selecao-ppg-ciencias-biomedicas-turma-2024-2026-segundo-semestre\/\">Convoca\u00e7\u00e3o para MATR\u00cdCULA \u2013 Sele\u00e7\u00e3o PPG Ci\u00eancias Biom\u00e9dicas \u2013 TURMA 2024- 2026 \u2013 Segundo Semestre<\/a>\r\n\t\t<\/h2>\r\n\t\t\t\t\t<div class=\"wppsac-post-date\">\r\n\t\t\t\t30 de julho de 2024\t\t\t<\/div>\r\n\t\t\t\t\t<\/div>\r\n<\/div>\r\n<div class=\"wppsac-carousel-slides\">\r\n\t\t<div class=\"wppsac-post-content-position\">\r\n\t\t\t\t\t<div class=\"wppsac-post-categories\"><ul class=\"wppsac-post-categories-list\"><li><a href=\"https:\/\/www2.uepg.br\/ppgbiomedicas\/category\/noticias\/\" rel=\"category\"> Not\u00edcias <\/a><\/li><\/ul><\/div>\r\n\t\t\t  \t<h2 class=\"wppsac-post-title\">\r\n\t\t\t<a href=\"https:\/\/www2.uepg.br\/ppgbiomedicas\/candidatos-aprovados-selecao-ppg-ciencias-biomedicas-2024-segundo-semestre\/\">Candidatos aprovados &#8211; Sele\u00e7\u00e3o PPG Ci\u00eancias Biom\u00e9dicas &#8211; 2024 &#8211; Segundo Semestre<\/a>\r\n\t\t<\/h2>\r\n\t\t\t\t\t<div class=\"wppsac-post-date\">\r\n\t\t\t\t24 de julho de 2024\t\t\t<\/div>\r\n\t\t\t\t\t<\/div>\r\n<\/div>\r\n<div class=\"wppsac-carousel-slides\">\r\n\t\t<div class=\"wppsac-post-content-position\">\r\n\t\t\t\t\t<div class=\"wppsac-post-categories\"><ul class=\"wppsac-post-categories-list\"><li><a href=\"https:\/\/www2.uepg.br\/ppgbiomedicas\/category\/noticias\/\" rel=\"category\"> Not\u00edcias <\/a><\/li><\/ul><\/div>\r\n\t\t\t  \t<h2 class=\"wppsac-post-title\">\r\n\t\t\t<a href=\"https:\/\/www2.uepg.br\/ppgbiomedicas\/edital-deferimento-dos-recursos-2024-segundo-semestre\/\">EDITAL Deferimento dos Recursos 2024 &#8211; Segundo Semestre<\/a>\r\n\t\t<\/h2>\r\n\t\t\t\t\t<div class=\"wppsac-post-date\">\r\n\t\t\t\t19 de julho de 2024\t\t\t<\/div>\r\n\t\t\t\t\t<\/div>\r\n<\/div>\r\n<div class=\"wppsac-carousel-slides\">\r\n\t\t<div class=\"wppsac-post-content-position\">\r\n\t\t\t\t\t<div class=\"wppsac-post-categories\"><ul class=\"wppsac-post-categories-list\"><li><a href=\"https:\/\/www2.uepg.br\/ppgbiomedicas\/category\/noticias\/\" rel=\"category\"> Not\u00edcias <\/a><\/li><\/ul><\/div>\r\n\t\t\t  \t<h2 class=\"wppsac-post-title\">\r\n\t\t\t<a href=\"https:\/\/www2.uepg.br\/ppgbiomedicas\/atencao-instrucoes-para-realizacao-da-prova-de-conhecimento-processo-de-selecao-ppg-ciencias-biomedicas-turma-2024-2026-segundo-semestre\/\">Aten\u00e7\u00e3o: Instru\u00e7\u00f5es para realiza\u00e7\u00e3o da prova de conhecimento \u2013 Processo de sele\u00e7\u00e3o PPG Ci\u00eancias Biom\u00e9dicas Turma 2024 &#8211; 2026 &#8211; Segundo Semestre<\/a>\r\n\t\t<\/h2>\r\n\t\t\t\t\t<div class=\"wppsac-post-date\">\r\n\t\t\t\t16 de julho de 2024\t\t\t<\/div>\r\n\t\t\t\t\t<\/div>\r\n<\/div>\r\n<div class=\"wppsac-carousel-slides\">\r\n\t\t<div class=\"wppsac-post-content-position\">\r\n\t\t\t\t\t<div class=\"wppsac-post-categories\"><ul class=\"wppsac-post-categories-list\"><li><a href=\"https:\/\/www2.uepg.br\/ppgbiomedicas\/category\/noticias\/\" rel=\"category\"> Not\u00edcias <\/a><\/li><\/ul><\/div>\r\n\t\t\t  \t<h2 class=\"wppsac-post-title\">\r\n\t\t\t<a href=\"https:\/\/www2.uepg.br\/ppgbiomedicas\/edital-07-24-deferimento-de-inscricoes-2024-segundo-semestre-lancado\/\">EDITAL Deferimento de Inscri\u00e7\u00f5es 2024 &#8211; Segundo Semestre lan\u00e7ado<\/a>\r\n\t\t<\/h2>\r\n\t\t\t\t\t<div class=\"wppsac-post-date\">\r\n\t\t\t\t16 de julho de 2024\t\t\t<\/div>\r\n\t\t\t\t\t<\/div>\r\n<\/div>\r\n<div class=\"wppsac-carousel-slides\">\r\n\t\t<div class=\"wppsac-post-content-position\">\r\n\t\t\t\t\t<div class=\"wppsac-post-categories\"><ul class=\"wppsac-post-categories-list\"><li><a href=\"https:\/\/www2.uepg.br\/ppgbiomedicas\/category\/noticias\/\" rel=\"category\"> Not\u00edcias <\/a><\/li><\/ul><\/div>\r\n\t\t\t  \t<h2 class=\"wppsac-post-title\">\r\n\t\t\t<a href=\"https:\/\/www2.uepg.br\/ppgbiomedicas\/disciplina-animais-de-laboratorio-em-pesquisa-biomedica-edital-aberto-no-sistema-acad\/\">DISCIPLINA ANIMAIS DE LABORAT\u00d3RIO EM PESQUISA BIOM\u00c9DICA &#8211; Edital aberto no sistema ACAD<\/a>\r\n\t\t<\/h2>\r\n\t\t\t\t\t<div class=\"wppsac-post-date\">\r\n\t\t\t\t10 de julho de 2024\t\t\t<\/div>\r\n\t\t\t\t\t<\/div>\r\n<\/div>\t\t\t<\/div>\r\n\t\t\t<div class=\"wppsac-carousel-conf wppsac-hide\" data-conf=\"{&quot;slides_to_show&quot;:&quot;4&quot;,&quot;slides_to_scroll&quot;:1,&quot;dots&quot;:&quot;false&quot;,&quot;arrows&quot;:&quot;true&quot;,&quot;autoplay&quot;:&quot;true&quot;,&quot;autoplay_interval&quot;:&quot;19500&quot;,&quot;speed&quot;:500,&quot;rtl&quot;:&quot;false&quot;,&quot;lazyload&quot;:&quot;&quot;}\"><\/div>\r\n\t\t<\/div>\r\n\t\n<\/div>\n<\/div><\/div><\/div><\/div><\/div><div id=\"pg-6-1\"  class=\"panel-grid panel-no-style\" ><div id=\"pgc-6-1-0\"  class=\"panel-grid-cell\" ><div id=\"panel-6-1-0-0\" class=\"so-panel widget widget_sow-button panel-first-child panel-last-child\" data-index=\"1\" ><div class=\"panel-widget-style panel-widget-style-for-6-1-0-0\" ><div\n\t\t\t\n\t\t\tclass=\"so-widget-sow-button so-widget-sow-button-atom-f28947f507e4-642\"\n\t\t\t\n\t\t><div class=\"ow-button-base ow-button-align-center\">\n\t<a href=\"https:\/\/www2.uepg.br\/ppgbiomedicas\/noticias\/\" class=\"ow-icon-placement-left ow-button-hover\" \t\t>\n\t\t<span>\n\t\t\t\n\t\t\tveja todas as not\u00edcias\t\t<\/span>\n\t<\/a>\n<\/div>\n<\/div><\/div><\/div><\/div><\/div><div id=\"pg-6-2\"  class=\"panel-grid panel-no-style\" ><div id=\"pgc-6-2-0\"  class=\"panel-grid-cell\" ><div id=\"panel-6-2-0-0\" class=\"so-panel widget widget_sow-features panel-first-child panel-last-child\" data-index=\"2\" ><div class=\"panel-widget-style panel-widget-style-for-6-2-0-0\" ><div\n\t\t\t\n\t\t\tclass=\"so-widget-sow-features so-widget-sow-features-default-007aa70f66fe-642\"\n\t\t\t\n\t\t>\n<div class=\"sow-features-list sow-features-responsive\">\n\n\t\t\t\t\t\t<div\n\t\t\t\tclass=\"sow-features-feature sow-icon-container-position-top sow-features-feature-last-row\"\n\t\t\t\tstyle=\"display: flex; flex-direction: column; float: left; width: 25%;\"\n\t\t\t>\n\n\t\t\t\t\t\t\t\t\t<a\n\t\t\t\t\t\thref=\"https:\/\/www.uepg.br\/\"\n\t\t\t\t\t\t\t\t\t\t\t>\n\t\t\t\t\t\t\t\t<div\n\t\t\t\t\tclass=\"sow-icon-container sow-container-rounded-square\"\n                    style=\"color: #03336c; \"\n\t\t\t\t\ttitle=\"Portal UEPG\">\n\t\t\t\t\t<span class=\"sow-icon-fontawesome sow-fas\" data-sow-icon=\"&#xf19c;\"\n\t\tstyle=\"font-size: 50px; color: #FFFFFF\" \n\t\taria-hidden=\"true\"><\/span>\t\t\t\t<\/div>\n\t\t\t\t\t\t\t\t\t<\/a>\n\t\t\t\t\n\t\t\t\t<div class=\"textwidget\">\n\t\t\t\t\t\t\t\t\t\t\t<h5>\n\t\t\t\t\t\t\t\t\t\t\t\t\t\t\t<a\n\t\t\t\t\t\t\t\t\thref=\"https:\/\/www.uepg.br\/\"\n\t\t\t\t\t\t\t\t\t\t\t\t\t\t\t\t\t>\n\t\t\t\t\t\t\t\n\t\t\t\t\t\t\tPortal UEPG\t\t\t\t\t\t\t\t\t\t\t\t\t\t\t<\/a>\n\t\t\t\t\t\t\t\t\t\t\t\t\t<\/h5>\n\t\t\t\t\t\n\t\t\t\t\t\n\t\t\t\t\t\t\t\t\t<\/div>\n\t\t\t\t\t\t\t<\/div>\n\n\t\t\t\t\t<div\n\t\t\t\tclass=\"sow-features-feature sow-icon-container-position-top sow-features-feature-last-row\"\n\t\t\t\tstyle=\"display: flex; flex-direction: column; float: left; width: 25%;\"\n\t\t\t>\n\n\t\t\t\t\t\t\t\t\t<a\n\t\t\t\t\t\thref=\"http:\/\/www2.uepg.br\/ppgbiomedicas\/redes-sociais\/\"\n\t\t\t\t\t\t\t\t\t\t\t>\n\t\t\t\t\t\t\t\t<div\n\t\t\t\t\tclass=\"sow-icon-container sow-container-rounded-square\"\n                    style=\"color: #ef3737; \"\n\t\t\t\t\ttitle=\"Redes Sociais do Programa\">\n\t\t\t\t\t<span class=\"sow-icon-fontawesome sow-fas\" data-sow-icon=\"&#xf109;\"\n\t\tstyle=\"font-size: 50px; color: #FFFFFF\" \n\t\taria-hidden=\"true\"><\/span>\t\t\t\t<\/div>\n\t\t\t\t\t\t\t\t\t<\/a>\n\t\t\t\t\n\t\t\t\t<div class=\"textwidget\">\n\t\t\t\t\t\t\t\t\t\t\t<h5>\n\t\t\t\t\t\t\t\t\t\t\t\t\t\t\t<a\n\t\t\t\t\t\t\t\t\thref=\"http:\/\/www2.uepg.br\/ppgbiomedicas\/redes-sociais\/\"\n\t\t\t\t\t\t\t\t\t\t\t\t\t\t\t\t\t>\n\t\t\t\t\t\t\t\n\t\t\t\t\t\t\tRedes Sociais do Programa\t\t\t\t\t\t\t\t\t\t\t\t\t\t\t<\/a>\n\t\t\t\t\t\t\t\t\t\t\t\t\t<\/h5>\n\t\t\t\t\t\n\t\t\t\t\t\n\t\t\t\t\t\t\t\t\t<\/div>\n\t\t\t\t\t\t\t<\/div>\n\n\t\t\t\t\t<div\n\t\t\t\tclass=\"sow-features-feature sow-icon-container-position-top sow-features-feature-last-row\"\n\t\t\t\tstyle=\"display: flex; flex-direction: column; float: left; width: 25%;\"\n\t\t\t>\n\n\t\t\t\t\t\t\t\t\t<a\n\t\t\t\t\t\thref=\"http:\/\/www2.uepg.br\/ppgbiomedicas\/eventos\/\"\n\t\t\t\t\t\t\t\t\t\t\t>\n\t\t\t\t\t\t\t\t<div\n\t\t\t\t\tclass=\"sow-icon-container sow-container-rounded-square\"\n                    style=\"color: #38b73f; \"\n\t\t\t\t\ttitle=\"Eventos\">\n\t\t\t\t\t<span class=\"sow-icon-fontawesome sow-fas\" data-sow-icon=\"&#xf073;\"\n\t\tstyle=\"font-size: 50px; color: #FFFFFF\" \n\t\taria-hidden=\"true\"><\/span>\t\t\t\t<\/div>\n\t\t\t\t\t\t\t\t\t<\/a>\n\t\t\t\t\n\t\t\t\t<div class=\"textwidget\">\n\t\t\t\t\t\t\t\t\t\t\t<h5>\n\t\t\t\t\t\t\t\t\t\t\t\t\t\t\t<a\n\t\t\t\t\t\t\t\t\thref=\"http:\/\/www2.uepg.br\/ppgbiomedicas\/eventos\/\"\n\t\t\t\t\t\t\t\t\t\t\t\t\t\t\t\t\t>\n\t\t\t\t\t\t\t\n\t\t\t\t\t\t\tEventos\t\t\t\t\t\t\t\t\t\t\t\t\t\t\t<\/a>\n\t\t\t\t\t\t\t\t\t\t\t\t\t<\/h5>\n\t\t\t\t\t\n\t\t\t\t\t\n\t\t\t\t\t\t\t\t\t<\/div>\n\t\t\t\t\t\t\t<\/div>\n\n\t\t\t\t\t<div\n\t\t\t\tclass=\"sow-features-feature sow-icon-container-position-top sow-features-feature-last-row\"\n\t\t\t\tstyle=\"display: flex; flex-direction: column; float: left; width: 25%;\"\n\t\t\t>\n\n\t\t\t\t\t\t\t\t\t<a\n\t\t\t\t\t\thref=\"https:\/\/acad.apps.uepg.br\/inicio\"\n\t\t\t\t\t\t\t\t\t\t\t>\n\t\t\t\t\t\t\t\t<div\n\t\t\t\t\tclass=\"sow-icon-container sow-container-rounded-square\"\n                    style=\"color: #81d742; \"\n\t\t\t\t\ttitle=\"Sistema ACAD\">\n\t\t\t\t\t<span class=\"sow-icon-elegantline\" data-sow-icon=\"&#xe002;\"\n\t\tstyle=\"font-size: 50px; color: #fff\" \n\t\taria-hidden=\"true\"><\/span>\t\t\t\t<\/div>\n\t\t\t\t\t\t\t\t\t<\/a>\n\t\t\t\t\n\t\t\t\t<div class=\"textwidget\">\n\t\t\t\t\t\t\t\t\t\t\t<h5>\n\t\t\t\t\t\t\t\t\t\t\t\t\t\t\t<a\n\t\t\t\t\t\t\t\t\thref=\"https:\/\/acad.apps.uepg.br\/inicio\"\n\t\t\t\t\t\t\t\t\t\t\t\t\t\t\t\t\t>\n\t\t\t\t\t\t\t\n\t\t\t\t\t\t\tSistema ACAD\t\t\t\t\t\t\t\t\t\t\t\t\t\t\t<\/a>\n\t\t\t\t\t\t\t\t\t\t\t\t\t<\/h5>\n\t\t\t\t\t\n\t\t\t\t\t\n\t\t\t\t\t\t\t\t\t<\/div>\n\t\t\t\t\t\t\t<\/div>\n\n\t\t\t\n<\/div>\n<\/div><\/div><\/div><\/div><\/div><\/div>","protected":false},"excerpt":{"rendered":"<p>\u00daltimas Not\u00edcias<\/p>\n","protected":false},"author":24,"featured_media":0,"parent":0,"menu_order":0,"comment_status":"closed","ping_status":"closed","template":"","meta":[],"_links":{"self":[{"href":"https:\/\/www2.uepg.br\/ppgbiomedicas\/wp-json\/wp\/v2\/pages\/6"}],"collection":[{"href":"https:\/\/www2.uepg.br\/ppgbiomedicas\/wp-json\/wp\/v2\/pages"}],"about":[{"href":"https:\/\/www2.uepg.br\/ppgbiomedicas\/wp-json\/wp\/v2\/types\/page"}],"author":[{"embeddable":true,"href":"https:\/\/www2.uepg.br\/ppgbiomedicas\/wp-json\/wp\/v2\/users\/24"}],"replies":[{"embeddable":true,"href":"https:\/\/www2.uepg.br\/ppgbiomedicas\/wp-json\/wp\/v2\/comments?post=6"}],"version-history":[{"count":15,"href":"https:\/\/www2.uepg.br\/ppgbiomedicas\/wp-json\/wp\/v2\/pages\/6\/revisions"}],"predecessor-version":[{"id":476,"href":"https:\/\/www2.uepg.br\/ppgbiomedicas\/wp-json\/wp\/v2\/pages\/6\/revisions\/476"}],"wp:attachment":[{"href":"https:\/\/www2.uepg.br\/ppgbiomedicas\/wp-json\/wp\/v2\/media?parent=6"}],"curies":[{"name":"wp","href":"https:\/\/api.w.org\/{rel}","templated":true}]}}