{"id":766,"date":"2024-11-20T15:28:22","date_gmt":"2024-11-20T18:28:22","guid":{"rendered":"https:\/\/www2.uepg.br\/ppgbiomedicas\/?page_id=766"},"modified":"2024-11-25T15:06:04","modified_gmt":"2024-11-25T18:06:04","slug":"comissoes","status":"publish","type":"page","link":"https:\/\/www2.uepg.br\/ppgbiomedicas\/colegiado\/comissoes\/","title":{"rendered":"Comiss\u00f5es"},"content":{"rendered":"<p>Comiss\u00e3o de Bolsas do Programa de P\u00f3s-Gradua\u00e7\u00e3o em Ci\u00eancias Biom\u00e9dicas:\u00a0<a href=\"http:\/\/www2.uepg.br\/ppgbiomedicas\/wp-content\/uploads\/sites\/132\/2024\/11\/Portaria_54__Comissao_bolsas_PPGCB.pdf\">Portaria_54__Comissao_bolsas_PPGCB<\/a><\/p>\n<p>Comiss\u00e3o Interna de Autoavalia\u00e7\u00e3o do Programa de P\u00f3s-Gradua\u00e7\u00e3o em Ci\u00eancias Biom\u00e9dicas: <a href=\"http:\/\/www2.uepg.br\/ppgbiomedicas\/wp-content\/uploads\/sites\/132\/2024\/11\/Portaria_53__Comissao_PPGCB.pdf\">Portaria_53__Comissao_PPGCB<\/a><\/p>\n","protected":false},"excerpt":{"rendered":"<p>Comiss\u00e3o de Bolsas do Programa de P\u00f3s-Gradua\u00e7\u00e3o em Ci\u00eancias Biom\u00e9dicas:\u00a0Portaria_54__Comissao_bolsas_PPGCB Comiss\u00e3o Interna de Autoavalia\u00e7\u00e3o do Programa de P\u00f3s-Gradua\u00e7\u00e3o em Ci\u00eancias Biom\u00e9dicas: Portaria_53__Comissao_PPGCB<\/p>\n","protected":false},"author":279,"featured_media":0,"parent":105,"menu_order":0,"comment_status":"closed","ping_status":"closed","template":"","meta":[],"_links":{"self":[{"href":"https:\/\/www2.uepg.br\/ppgbiomedicas\/wp-json\/wp\/v2\/pages\/766"}],"collection":[{"href":"https:\/\/www2.uepg.br\/ppgbiomedicas\/wp-json\/wp\/v2\/pages"}],"about":[{"href":"https:\/\/www2.uepg.br\/ppgbiomedicas\/wp-json\/wp\/v2\/types\/page"}],"author":[{"embeddable":true,"href":"https:\/\/www2.uepg.br\/ppgbiomedicas\/wp-json\/wp\/v2\/users\/279"}],"replies":[{"embeddable":true,"href":"https:\/\/www2.uepg.br\/ppgbiomedicas\/wp-json\/wp\/v2\/comments?post=766"}],"version-history":[{"count":5,"href":"https:\/\/www2.uepg.br\/ppgbiomedicas\/wp-json\/wp\/v2\/pages\/766\/revisions"}],"predecessor-version":[{"id":777,"href":"https:\/\/www2.uepg.br\/ppgbiomedicas\/wp-json\/wp\/v2\/pages\/766\/revisions\/777"}],"up":[{"embeddable":true,"href":"https:\/\/www2.uepg.br\/ppgbiomedicas\/wp-json\/wp\/v2\/pages\/105"}],"wp:attachment":[{"href":"https:\/\/www2.uepg.br\/ppgbiomedicas\/wp-json\/wp\/v2\/media?parent=766"}],"curies":[{"name":"wp","href":"https:\/\/api.w.org\/{rel}","templated":true}]}}