{"id":782,"date":"2024-11-22T09:34:22","date_gmt":"2024-11-22T12:34:22","guid":{"rendered":"https:\/\/www2.uepg.br\/ppgbiomedicas\/?page_id=782"},"modified":"2025-05-27T13:59:40","modified_gmt":"2025-05-27T16:59:40","slug":"autoavaliacao","status":"publish","type":"page","link":"https:\/\/www2.uepg.br\/ppgbiomedicas\/autoavaliacao\/","title":{"rendered":"Pol\u00edtica de Autoavalia\u00e7\u00e3o e Planejamento Estrat\u00e9gico"},"content":{"rendered":"<p>A Comiss\u00e3o Autoavalia\u00e7\u00e3o do Programa de P\u00f3s-gradua\u00e7\u00e3o em Ci\u00eancias Biom\u00e9dica da UEPG, criada em 2019, tem a miss\u00e3o de organizar e desenvolver o processo de autoavalia\u00e7\u00e3o do Programa.<\/p>\n<p>Os resultados do processo avaliativo de 2020 &#8211; 2024 foram tabulados e analisados, respaldando a reformula\u00e7\u00e3o do Programa.<\/p>\n<p>Em agosto de 2024 uma nova proposta de Curso foi implementada, ap\u00f3s a aprova\u00e7\u00e3o do novo Regulamento do Programa Acad\u00eamico de P\u00f3s-Gradua\u00e7\u00e3o em Ci\u00eancias Biom\u00e9dicas &#8211; Curso de Mestrado, da UEPG (RESOLU\u00c7\u00c3O CEPE &#8211; N\u00ba 2024.30) pela Comiss\u00e3o de P\u00f3s-gradua\u00e7\u00e3o (CPG) e do Conselho de Ensino, Pesquisa e Extens\u00e3o (CEPE) da UEPG.<\/p>\n<p>O PPG-CB segue enfrentando desafios importantes, o que torna necess\u00e1rio o planejamento e a tomada de decis\u00f5es para a gest\u00e3o de curto, m\u00e9dio e longo prazo.<\/p>\n<p>O Planejamento Estrat\u00e9gico do PPG-CB \u00e9 resultado de um processo de reflex\u00e3o sobre a situa\u00e7\u00e3o passada e presente do PPG-CB, realizado a partir da autoavalia\u00e7\u00e3o, levando em considera\u00e7\u00e3o a miss\u00e3o e vis\u00e3o do Programa articulado com o PDI.<\/p>\n<p><a href=\"http:\/\/www2.uepg.br\/ppgbiomedicas\/wp-content\/uploads\/sites\/132\/2025\/04\/RELATORIO-DO-PROCESSO-DE-AUTOAVALIACAO-COM-ENFOQUE-NO-EGRESSO-E-PLANEJAMENTO-ESTRATEGICO-2025-2028-DO-PROGRAMA-DE-POS-GRADUACAO-EM-CIENCIAS-BIOMEDICAS-.pdf\">RELAT\u00d3RIO DO PROCESSO DE AUTOAVALIA\u00c7\u00c3O COM ENFOQUE NO EGRESSO E PLANEJAMENTO ESTRAT\u00c9GICO 2025-2028 DO PROGRAMA DE P\u00d3S-GRADUA\u00c7\u00c3O EM CI\u00caNCIAS BIOM\u00c9DICAS<\/a><\/p>\n","protected":false},"excerpt":{"rendered":"<p>A Comiss\u00e3o Autoavalia\u00e7\u00e3o do Programa de P\u00f3s-gradua\u00e7\u00e3o em Ci\u00eancias Biom\u00e9dica da UEPG, criada em 2019, tem a miss\u00e3o de organizar e desenvolver o processo de autoavalia\u00e7\u00e3o do Programa. Os resultados do processo avaliativo de 2020 &#8211; 2024 foram tabulados e analisados, respaldando a reformula\u00e7\u00e3o do Programa. Em agosto de 2024 uma nova proposta de Curso&nbsp;&hellip;<\/p>\n","protected":false},"author":661,"featured_media":0,"parent":0,"menu_order":0,"comment_status":"closed","ping_status":"closed","template":"","meta":[],"_links":{"self":[{"href":"https:\/\/www2.uepg.br\/ppgbiomedicas\/wp-json\/wp\/v2\/pages\/782"}],"collection":[{"href":"https:\/\/www2.uepg.br\/ppgbiomedicas\/wp-json\/wp\/v2\/pages"}],"about":[{"href":"https:\/\/www2.uepg.br\/ppgbiomedicas\/wp-json\/wp\/v2\/types\/page"}],"author":[{"embeddable":true,"href":"https:\/\/www2.uepg.br\/ppgbiomedicas\/wp-json\/wp\/v2\/users\/661"}],"replies":[{"embeddable":true,"href":"https:\/\/www2.uepg.br\/ppgbiomedicas\/wp-json\/wp\/v2\/comments?post=782"}],"version-history":[{"count":8,"href":"https:\/\/www2.uepg.br\/ppgbiomedicas\/wp-json\/wp\/v2\/pages\/782\/revisions"}],"predecessor-version":[{"id":943,"href":"https:\/\/www2.uepg.br\/ppgbiomedicas\/wp-json\/wp\/v2\/pages\/782\/revisions\/943"}],"wp:attachment":[{"href":"https:\/\/www2.uepg.br\/ppgbiomedicas\/wp-json\/wp\/v2\/media?parent=782"}],"curies":[{"name":"wp","href":"https:\/\/api.w.org\/{rel}","templated":true}]}}