{"id":784,"date":"2024-11-22T09:34:46","date_gmt":"2024-11-22T12:34:46","guid":{"rendered":"https:\/\/www2.uepg.br\/ppgbiomedicas\/?page_id=784"},"modified":"2025-06-04T12:33:42","modified_gmt":"2025-06-04T15:33:42","slug":"infraestrutura-e-laboratorios-multiusuarios","status":"publish","type":"page","link":"https:\/\/www2.uepg.br\/ppgbiomedicas\/infraestrutura-e-laboratorios-multiusuarios\/","title":{"rendered":"Infraestrutura e laborat\u00f3rios multiusu\u00e1rios"},"content":{"rendered":"<h4 style=\"text-align: left\">Com rela\u00e7\u00e3o a infraestrutura, o Programa de P\u00f3s-gradua\u00e7\u00e3o em Ci\u00eancias Biom\u00e9dicas, conta com os seguintes laborat\u00f3rios de pesquisa vinculados aos docentes credenciados no Curso:<\/h4>\n<h3>Laborat\u00f3rio de Neuroci\u00eancia<\/h3>\n<p><img loading=\"lazy\" class=\"alignnone wp-image-971\" src=\"http:\/\/www2.uepg.br\/ppgbiomedicas\/wp-content\/uploads\/sites\/132\/2025\/05\/WhatsApp-Image-2025-05-30-at-15.37.51-2.jpeg\" alt=\"\" width=\"183\" height=\"326\" \/> <img loading=\"lazy\" class=\"alignnone wp-image-970\" src=\"http:\/\/www2.uepg.br\/ppgbiomedicas\/wp-content\/uploads\/sites\/132\/2025\/05\/WhatsApp-Image-2025-05-30-at-15.37.51-3.jpeg\" alt=\"\" width=\"234\" height=\"326\" \/><\/p>\n<h6>https:\/\/www2.uepg.br\/labneuro\/<\/h6>\n<h3>Laborat\u00f3rio de Fisiologia Celular\/Cultivo de c\u00e9lulas<\/h3>\n<p><img loading=\"lazy\" class=\"wp-image-958 alignleft\" src=\"http:\/\/www2.uepg.br\/ppgbiomedicas\/wp-content\/uploads\/sites\/132\/2025\/05\/WhatsApp-Image-2025-05-28-at-11.41.14-2.jpeg\" alt=\"\" width=\"210\" height=\"280\" \/><\/p>\n<p><img loading=\"lazy\" class=\"wp-image-954 alignnone\" src=\"http:\/\/www2.uepg.br\/ppgbiomedicas\/wp-content\/uploads\/sites\/132\/2025\/05\/WhatsApp-Image-2025-05-28-at-11.41.14.jpeg\" alt=\"\" width=\"210\" height=\"280\" \/><\/p>\n<h3>Laborat\u00f3rio de Fisiologia Geral<\/h3>\n<p><img loading=\"lazy\" class=\"alignnone wp-image-968\" src=\"http:\/\/www2.uepg.br\/ppgbiomedicas\/wp-content\/uploads\/sites\/132\/2025\/05\/WhatsApp-Image-2025-05-30-at-15.20.23.jpeg\" alt=\"\" width=\"217\" height=\"289\" \/> <img loading=\"lazy\" class=\"alignnone wp-image-967\" src=\"http:\/\/www2.uepg.br\/ppgbiomedicas\/wp-content\/uploads\/sites\/132\/2025\/05\/WhatsApp-Image-2025-05-30-at-15.20.24.jpeg\" alt=\"\" width=\"217\" height=\"289\" \/><\/p>\n<h3>Laborat\u00f3rio de Inova\u00e7\u00e3o Farmac\u00eautica<\/h3>\n<p><img loading=\"lazy\" class=\"alignnone wp-image-952\" src=\"http:\/\/www2.uepg.br\/ppgbiomedicas\/wp-content\/uploads\/sites\/132\/2025\/05\/WhatsApp-Image-2025-05-27-at-15.14.18-1.jpeg\" alt=\"\" width=\"320\" height=\"180\" \/><\/p>\n<p><img loading=\"lazy\" class=\"alignnone wp-image-953\" src=\"http:\/\/www2.uepg.br\/ppgbiomedicas\/wp-content\/uploads\/sites\/132\/2025\/05\/WhatsApp-Image-2025-05-27-at-15.14.18.jpeg\" alt=\"\" width=\"320\" height=\"180\" \/><\/p>\n<p style=\"text-align: center\"><img loading=\"lazy\" class=\"wp-image-951 alignleft\" src=\"http:\/\/www2.uepg.br\/ppgbiomedicas\/wp-content\/uploads\/sites\/132\/2025\/05\/WhatsApp-Image-2025-05-27-at-15.14.55.jpeg\" alt=\"\" width=\"320\" height=\"180\" \/><\/p>\n<p>&nbsp;<\/p>\n<p>&nbsp;<\/p>\n<p>&nbsp;<\/p>\n<p>&nbsp;<\/p>\n<p>&nbsp;<\/p>\n<h3>Laborat\u00f3rio de Biologia Celular e de Protozoologia<\/h3>\n<p><img loading=\"lazy\" class=\"alignnone wp-image-956\" src=\"http:\/\/www2.uepg.br\/ppgbiomedicas\/wp-content\/uploads\/sites\/132\/2025\/05\/WhatsApp-Image-2025-05-28-at-11.40.04.jpeg\" alt=\"\" width=\"225\" height=\"300\" \/><\/p>\n<h3>Laborat\u00f3rio de Qu\u00edmica de Produtos Naturais<\/h3>\n<h3>Laborat\u00f3rio de An\u00e1lises Cl\u00ednicas, vinculados ao LUAC.<\/h3>\n<p>&nbsp;<\/p>\n<h3>Laborat\u00f3rio de Avalia\u00e7\u00e3o F\u00edsica, Sa\u00fade e Esportes (Lafise)<\/h3>\n<h3><img loading=\"lazy\" class=\"wp-image-962 alignnone\" src=\"http:\/\/www2.uepg.br\/ppgbiomedicas\/wp-content\/uploads\/sites\/132\/2025\/05\/WhatsApp-Image-2025-05-27-at-18.08.50-1.jpeg\" alt=\"\" width=\"187\" height=\"250\" \/>\u00a0 \u00a0<img loading=\"lazy\" class=\"wp-image-961 alignnone\" src=\"http:\/\/www2.uepg.br\/ppgbiomedicas\/wp-content\/uploads\/sites\/132\/2025\/05\/WhatsApp-Image-2025-05-27-at-18.08.50-2.jpeg\" alt=\"\" width=\"188\" height=\"251\" \/><\/h3>\n<p>O PPG tamb\u00e9m conta com o apoio da infraestrutura do<strong> Complexo de Laborat\u00f3rios Multiusu\u00e1rios (C-LABMU) da UEPG<\/strong> \u00e9 constitu\u00eddo pela Central Multiusu\u00e1ria Geral e por 09 (nove) Centrais Multiusu\u00e1rias distribu\u00eddas nos Campus, Setores de Conhecimento e Unidades Administrativas, a saber: (I) Centro Tecnol\u00f3gico de Pesquisa em Ci\u00eancias Humanas (CETEP); (II) Laborat\u00f3rio de Integra\u00e7\u00e3o Tecnol\u00f3gica em Ci\u00eancias Humanas e Sociais (LITEC); (III) Centro de Pesquisas Avan\u00e7adas para Tecnologias do Agroneg\u00f3cio (CT-AGRO); (IV) <strong><u>Central Multiusu\u00e1ria do Setor de Ci\u00eancias Biol\u00f3gicas e da Sa\u00fade<\/u> <\/strong>(LABMU-CiBioS); (V) Central de Prototipagem (CEPROT); (VI) Laborat\u00f3rio Multiusu\u00e1rio de Pesquisa em Ci\u00eancias Naturais (LANAT); (VII) Laborat\u00f3rio Multiusu\u00e1rio do Centro de Pesquisa e P\u00f3s-Gradua\u00e7\u00e3o Stricto Sensu em Direito (CEPPODI-LAB); (VIII) Laborat\u00f3rio Multiusu\u00e1rio de Humanidades Digitais e Inova\u00e7\u00e3o da Universidade Estadual de Ponta Grossa (LAMUHDI); e (IX) Laborat\u00f3rio de Pesquisa em Recursos H\u00eddricos (LPRH).<\/p>\n<p>Segue link para visita da p\u00e1gina do C-LABMU\/UEPG <a href=\"https:\/\/www2.uepg.br\/propesp\/pesquisa\/laboratorios\/\">https:\/\/www2.uepg.br\/propesp\/pesquisa\/laboratorios\/<\/a><\/p>\n<p>Segue link para visita da p\u00e1gina do LABMU-CiBioS\/UEPG<\/p>\n<div class='embed-container'>\n<blockquote class=\"wp-embedded-content\" data-secret=\"RUrxAQguGN\"><p><a href=\"https:\/\/www2.uepg.br\/propesp-clabmu\/labmu-cibios\/\">LABMU-CiBioS<\/a><\/p><\/blockquote>\n<p><iframe class=\"wp-embedded-content\" sandbox=\"allow-scripts\" security=\"restricted\" style=\"position: absolute; clip: rect(1px, 1px, 1px, 1px);\" title=\"&#8220;LABMU-CiBioS&#8221; &#8212; C-LABMU \u2013 Complexo de Laborat\u00f3rios Multiusu\u00e1rios\" src=\"https:\/\/www2.uepg.br\/propesp-clabmu\/labmu-cibios\/embed\/#?secret=I9Er4ffqPY#?secret=RUrxAQguGN\" data-secret=\"RUrxAQguGN\" width=\"600\" height=\"338\" frameborder=\"0\" marginwidth=\"0\" marginheight=\"0\" scrolling=\"no\"><\/iframe><\/div>\n<h6><\/h6>\n<h6>OBS: P\u00e1gina ainda em constru\u00e7\u00e3o.<\/h6>\n","protected":false},"excerpt":{"rendered":"<p>Com rela\u00e7\u00e3o a infraestrutura, o Programa de P\u00f3s-gradua\u00e7\u00e3o em Ci\u00eancias Biom\u00e9dicas, conta com os seguintes laborat\u00f3rios de pesquisa vinculados aos docentes credenciados no Curso: Laborat\u00f3rio de Neuroci\u00eancia https:\/\/www2.uepg.br\/labneuro\/ Laborat\u00f3rio de Fisiologia Celular\/Cultivo de c\u00e9lulas Laborat\u00f3rio de Fisiologia Geral Laborat\u00f3rio de Inova\u00e7\u00e3o Farmac\u00eautica &nbsp; &nbsp; &nbsp; &nbsp; &nbsp; Laborat\u00f3rio de Biologia Celular e de Protozoologia Laborat\u00f3rio&nbsp;&hellip;<\/p>\n","protected":false},"author":661,"featured_media":0,"parent":0,"menu_order":0,"comment_status":"closed","ping_status":"closed","template":"","meta":[],"_links":{"self":[{"href":"https:\/\/www2.uepg.br\/ppgbiomedicas\/wp-json\/wp\/v2\/pages\/784"}],"collection":[{"href":"https:\/\/www2.uepg.br\/ppgbiomedicas\/wp-json\/wp\/v2\/pages"}],"about":[{"href":"https:\/\/www2.uepg.br\/ppgbiomedicas\/wp-json\/wp\/v2\/types\/page"}],"author":[{"embeddable":true,"href":"https:\/\/www2.uepg.br\/ppgbiomedicas\/wp-json\/wp\/v2\/users\/661"}],"replies":[{"embeddable":true,"href":"https:\/\/www2.uepg.br\/ppgbiomedicas\/wp-json\/wp\/v2\/comments?post=784"}],"version-history":[{"count":15,"href":"https:\/\/www2.uepg.br\/ppgbiomedicas\/wp-json\/wp\/v2\/pages\/784\/revisions"}],"predecessor-version":[{"id":928,"href":"https:\/\/www2.uepg.br\/ppgbiomedicas\/wp-json\/wp\/v2\/pages\/784\/revisions\/928"}],"wp:attachment":[{"href":"https:\/\/www2.uepg.br\/ppgbiomedicas\/wp-json\/wp\/v2\/media?parent=784"}],"curies":[{"name":"wp","href":"https:\/\/api.w.org\/{rel}","templated":true}]}}