{"id":93,"date":"2020-08-13T15:33:35","date_gmt":"2020-08-13T18:33:35","guid":{"rendered":"http:\/\/www2.uepg.br\/ppgbiomedicas\/?page_id=93"},"modified":"2026-03-15T18:59:03","modified_gmt":"2026-03-15T21:59:03","slug":"formularios","status":"publish","type":"page","link":"https:\/\/www2.uepg.br\/ppgbiomedicas\/formularios\/","title":{"rendered":"Formul\u00e1rios"},"content":{"rendered":"<ul>\n<li>\n<h4><strong>Projeto de Pesquisa<\/strong><\/h4>\n<\/li>\n<\/ul>\n<p>Para elabora\u00e7\u00e3o do Projeto de Pesquisa utilizar o modelo abaixo quando esse n\u00e3o envolver experimenta\u00e7\u00e3o animal. Neste caso, consultar e utilizar o modelo de projeto da <a href=\"https:\/\/www2.uepg.br\/propesp-ceua\/\">CEUA\/UEPG.<\/a><\/p>\n<p>Projetos que envolverem seres humanos utilizar o modelo abaixo, mas consultar instru\u00e7\u00f5es do <a href=\"https:\/\/www3.uepg.br\/propesp-cep\/\">CEP\/UEPG<\/a><\/p>\n<p>Projetos que envolvam Organismos Geneticamente Modificados (OGM) utilizar o modelo abaixo , mas consultar a p\u00e1gina <a href=\"https:\/\/www2.uepg.br\/propesp\/pesquisa\/cbio-biosseguranca\/\">CBIO\/UEPG<\/a><\/p>\n<p>Os projetos devem ser encaminhados ao colegiado de curso via PROTOCOLO Digital SEI.<\/p>\n<ul>\n<li style=\"list-style-type: none\">\n<ul>\n<li><a href=\"http:\/\/www2.uepg.br\/ppgbiomedicas\/wp-content\/uploads\/sites\/132\/2024\/04\/Modelo-de-Projeto-de-Pesquisa-PPG-Ciencias-Biomedicas.pdf\">Modelo de Projeto de Pesquisa &#8211; PPG Ci\u00eancias Biom\u00e9dicas<\/a><\/li>\n<li><a href=\"http:\/\/www2.uepg.br\/ppgbiomedicas\/wp-content\/uploads\/sites\/132\/2022\/04\/Formulario-de-Avaliacao-de-Projetos.pdf\">Formul\u00e1rio de Avalia\u00e7\u00e3o de Projetos<\/a><\/li>\n<li><a href=\"http:\/\/www2.uepg.br\/ppgbiomedicas\/wp-content\/uploads\/sites\/132\/2024\/04\/Bicen-5ed-Manual-de-normalizacao-2023.pdf\">Bicen 5ed Manual de normaliza\u00e7\u00e3o 2023<\/a><\/li>\n<\/ul>\n<\/li>\n<\/ul>\n<p>Para abrir os formul\u00e1rios em <em>doc<\/em> usar Microsoft Edge<\/p>\n<ul>\n<li><a href=\"http:\/\/www2.uepg.br\/ppgbiomedicas\/wp-content\/uploads\/sites\/132\/2024\/04\/Modelo-de-Projeto-de-Pesquisa-PPG-Ciencias-Biomedicas.doc\">Modelo de Projeto de Pesquisa &#8211; PPG Ci\u00eancias Biom\u00e9dicas<\/a><\/li>\n<li><a href=\"http:\/\/www2.uepg.br\/ppgbiomedicas\/wp-content\/uploads\/sites\/132\/2022\/04\/Formulario-de-Avaliacao-de-Projetos.doc\">Formul\u00e1rio de Avalia\u00e7\u00e3o de Projetos<\/a><\/li>\n<\/ul>\n<p>&nbsp;<\/p>\n<ul>\n<li>\n<h4><strong>Relat\u00f3rios\u00a0\u00a0<\/strong><\/h4>\n<ul>\n<li><a href=\"http:\/\/www2.uepg.br\/ppgbiomedicas\/wp-content\/uploads\/sites\/132\/2022\/04\/Instrucao-Normativa-Relatorios.pdf\">Instru\u00e7\u00e3o Normativa &#8211; Relat\u00f3rios<\/a><\/li>\n<li><a href=\"http:\/\/www2.uepg.br\/ppgbiomedicas\/wp-content\/uploads\/sites\/132\/2022\/04\/Modelo-de-Relatorio-do-PPG-Bolsistas-e-Nao-Bolsistas-13.pdf\">Modelo de Relat\u00f3rio do PPG &#8211; Bolsistas e N\u00e3o Bolsistas (13)<\/a><\/li>\n<li><a href=\"http:\/\/www2.uepg.br\/ppgbiomedicas\/wp-content\/uploads\/sites\/132\/2022\/04\/Modelo-de-Relatorio-do-PPG-FINAL-DE-ANO-MOLDES-DA-DISSERTACAO-.pdf\">Modelo de Relat\u00f3rio do PPG &#8211; FINAL DE ANO &#8211; MOLDES DA DISSERTACAO<\/a><\/li>\n<li><a href=\"http:\/\/www2.uepg.br\/ppgbiomedicas\/wp-content\/uploads\/sites\/132\/2022\/04\/Modelo-de-Relatorio-dos-Bolsistas-Capes-1234.pdf\">Modelo de Relat\u00f3rio dos Bolsistas Capes (1234)<\/a><\/li>\n<li>Para elabora\u00e7\u00e3o do relat\u00f3rio da disciplina obrigat\u00f3ria <strong>Est\u00e1gio de Doc\u00eancia<\/strong> consultar p\u00e1gina <a href=\"https:\/\/www2.uepg.br\/ppgbiomedicas\/documentos\/\">Documentos<\/a><\/li>\n<\/ul>\n<\/li>\n<\/ul>\n<p>Para abrir os formul\u00e1rios em <em>doc<\/em> usar Microsoft Edge<\/p>\n<ul>\n<li><a href=\"http:\/\/www2.uepg.br\/ppgbiomedicas\/wp-content\/uploads\/sites\/132\/2022\/04\/Modelo-de-Relatorio-do-PPG-Bolsistas-e-Nao-Bolsistas-13.doc\">Modelo de Relat\u00f3rio do PPG &#8211; Bolsistas e N\u00e3o Bolsistas (13)<\/a><\/li>\n<li><a href=\"http:\/\/www2.uepg.br\/ppgbiomedicas\/wp-content\/uploads\/sites\/132\/2022\/04\/Modelo-de-Relatorio-do-PPG-FINAL-DE-ANO-MOLDES-DA-DISSERTACAO-2.doc\">Modelo de Relat\u00f3rio do PPG &#8211; FINAL DE ANO &#8211; MOLDES DA DISSERTACAO (2)<\/a><\/li>\n<li><a href=\"http:\/\/www2.uepg.br\/ppgbiomedicas\/wp-content\/uploads\/sites\/132\/2022\/04\/Modelo-de-Relatorio-dos-Bolsistas-Capes-1234.doc\">Modelo de Relat\u00f3rio dos Bolsistas Capes (1234)<\/a><\/li>\n<\/ul>\n<p>&nbsp;<\/p>\n<ul>\n<li>\n<h4><strong>Qualifica\u00e7\u00e3o e Defesa<\/strong><\/h4>\n<\/li>\n<\/ul>\n<ul>\n<li style=\"list-style-type: none\">\n<ul>\n<li><a href=\"http:\/\/www2.uepg.br\/ppgbiomedicas\/wp-content\/uploads\/sites\/132\/2022\/04\/Instrucao-Normativa-Qualificacao-e-Defesa.pdf\">Instru\u00e7\u00e3o Normativa &#8211; Qualifica\u00e7\u00e3o e Defesa<\/a><\/li>\n<li><a href=\"http:\/\/www2.uepg.br\/ppgbiomedicas\/wp-content\/uploads\/sites\/132\/2024\/04\/Bicen-5ed-Manual-de-normalizacao-2023.pdf\">Manual Normaliza\u00e7\u00e3o (5-ed. rev.-atual-2023) ABNT<\/a><\/li>\n<li><a href=\"http:\/\/www2.uepg.br\/ppgbiomedicas\/wp-content\/uploads\/sites\/132\/2024\/08\/Ordem-de-Servico_Bicen.pdf\">Ordem de Servi\u00e7o_Bicen<\/a><\/li>\n<li><a href=\"http:\/\/www2.uepg.br\/ppgbiomedicas\/wp-content\/uploads\/sites\/132\/2024\/08\/Termo-de-Autorizacao-\u2013-Bicen-ANEXO-A.pdf\">Termo de Autoriza\u00e7\u00e3o \u2013 Bicen (ANEXO A)<\/a><\/li>\n<\/ul>\n<\/li>\n<\/ul>\n<p>Para abrir os formul\u00e1rios em doc usar Microsoft Edge<\/p>\n<p>&nbsp;<\/p>\n","protected":false},"excerpt":{"rendered":"<p>Projeto de Pesquisa Para elabora\u00e7\u00e3o do Projeto de Pesquisa utilizar o modelo abaixo quando esse n\u00e3o envolver experimenta\u00e7\u00e3o animal. Neste caso, consultar e utilizar o modelo de projeto da CEUA\/UEPG. Projetos que envolverem seres humanos utilizar o modelo abaixo, mas consultar instru\u00e7\u00f5es do CEP\/UEPG Projetos que envolvam Organismos Geneticamente Modificados (OGM) utilizar o modelo abaixo&nbsp;&hellip;<\/p>\n","protected":false},"author":24,"featured_media":0,"parent":0,"menu_order":0,"comment_status":"closed","ping_status":"closed","template":"","meta":[],"_links":{"self":[{"href":"https:\/\/www2.uepg.br\/ppgbiomedicas\/wp-json\/wp\/v2\/pages\/93"}],"collection":[{"href":"https:\/\/www2.uepg.br\/ppgbiomedicas\/wp-json\/wp\/v2\/pages"}],"about":[{"href":"https:\/\/www2.uepg.br\/ppgbiomedicas\/wp-json\/wp\/v2\/types\/page"}],"author":[{"embeddable":true,"href":"https:\/\/www2.uepg.br\/ppgbiomedicas\/wp-json\/wp\/v2\/users\/24"}],"replies":[{"embeddable":true,"href":"https:\/\/www2.uepg.br\/ppgbiomedicas\/wp-json\/wp\/v2\/comments?post=93"}],"version-history":[{"count":12,"href":"https:\/\/www2.uepg.br\/ppgbiomedicas\/wp-json\/wp\/v2\/pages\/93\/revisions"}],"predecessor-version":[{"id":402,"href":"https:\/\/www2.uepg.br\/ppgbiomedicas\/wp-json\/wp\/v2\/pages\/93\/revisions\/402"}],"wp:attachment":[{"href":"https:\/\/www2.uepg.br\/ppgbiomedicas\/wp-json\/wp\/v2\/media?parent=93"}],"curies":[{"name":"wp","href":"https:\/\/api.w.org\/{rel}","templated":true}]}}