{"id":32,"date":"2019-11-21T13:19:35","date_gmt":"2019-11-21T16:19:35","guid":{"rendered":"http:\/\/www2.uepg.br\/ppgcs\/?page_id=32"},"modified":"2025-03-26T11:05:32","modified_gmt":"2025-03-26T14:05:32","slug":"esquema-sintetico-de-oferta","status":"publish","type":"page","link":"https:\/\/www2.uepg.br\/ppgcs\/esquema-sintetico-de-oferta\/","title":{"rendered":"Esquema Sint\u00e9tico de Oferta"},"content":{"rendered":"<p>O processo seletivo para alunos regulares do PPGCS ser\u00e1 anual e constar\u00e1 das etapas definidas em edital. Os primeiros colocados na sele\u00e7\u00e3o, dentro do n\u00famero de vagas estabelecido pelo Colegiado do PPGCS, estar\u00e3o aptos \u00e0 matr\u00edcula.<\/p>\n<p><strong>MESTRADO<\/strong><\/p>\n<p>O Mestrado em Ci\u00eancias da Sa\u00fade ter\u00e1 dura\u00e7\u00e3o m\u00ednima de 12 meses e m\u00e1xima de 24 meses. O Programa exigir\u00e1 do(a) mestrando(a) a integraliza\u00e7\u00e3o de 82 cr\u00e9ditos, sendo:<\/p>\n<p>i) doze cr\u00e9ditos em disciplinas obrigat\u00f3rias;<\/p>\n<p>ii) no m\u00ednimo, dez cr\u00e9ditos em disciplinas eletivas, sendo quatro cr\u00e9ditos em disciplinas eletivas interdisciplinares e seis em disciplinas eletivas espec\u00edficas; as quais devem ser escolhidas em fun\u00e7\u00e3o da linha de pesquisa do projeto de disserta\u00e7\u00e3o;<\/p>\n<p>iii) ser aprovado no Exame de Sufici\u00eancia em L\u00edngua Estrangeira \u2013 Ingl\u00eas;<\/p>\n<p>iv) obter aprova\u00e7\u00e3o no Exame de Qualifica\u00e7\u00e3o de Mestrado;<\/p>\n<p>v) 60 cr\u00e9ditos relativos \u00e0 elabora\u00e7\u00e3o e defesa da disserta\u00e7\u00e3o de mestrado.<\/p>\n<p>Al\u00e9m disso, o mestrando dever\u00e1 realizar obrigatoriamente o Est\u00e1gio de Doc\u00eancia do Mestrando, quando bolsista.<\/p>\n<p>O limite m\u00e1ximo para aproveitamento de disciplinas cursadas em outros Programas \u00e9 de at\u00e9 cinco cr\u00e9ditos nas disciplinas eletivas.<\/p>\n<p>Ap\u00f3s ingressar no curso, o mestrando dever\u00e1 apresentar a vers\u00e3o final do projeto de pesquisa de disserta\u00e7\u00e3o de mestrado em at\u00e9 tr\u00eas meses, comprovar profici\u00eancia em l\u00edngua inglesa em at\u00e9 dezoito meses, integralizar as disciplinas em, no m\u00e1ximo, 18 meses, realizar o exame de qualifica\u00e7\u00e3o em at\u00e9 19 meses e a defesa de disserta\u00e7\u00e3o de mestrado em at\u00e9 24 meses. Os processos de qualifica\u00e7\u00e3o e defesa de disserta\u00e7\u00e3o ser\u00e3o realizados perante bancas examinadoras previamente aprovadas pelo Colegiado.\u00a0O aluno ter\u00e1 prazo de at\u00e9 60 dias ap\u00f3s a defesa para entregar a vers\u00e3o definitiva da disserta\u00e7\u00e3o.<\/p>\n<p>Nos casos devidamente justificados, o prazo m\u00e1ximo do curso poder\u00e1 ser prorrogado por at\u00e9 seis meses. Ap\u00f3s cursar o primeiro semestre, poder\u00e1 ser concedido o trancamento de matr\u00edcula no Programa, por prazo n\u00e3o superior a seis meses, ouvidos o orientador e o Colegiado.<\/p>\n<p>&nbsp;<\/p>\n<p><strong>DOUTORADO<\/strong><\/p>\n<p>O Doutorado em Ci\u00eancias da Sa\u00fade ter\u00e1 dura\u00e7\u00e3o m\u00ednima de 24 meses e m\u00e1xima de 48 meses. O Programa exigir\u00e1 do(a) doutorando(a) a integraliza\u00e7\u00e3o de 86 cr\u00e9ditos, sendo:<\/p>\n<p>i) oito cr\u00e9ditos em disciplinas obrigat\u00f3rias;<\/p>\n<p>ii) no m\u00ednimo, dez cr\u00e9ditos em disciplinas eletivas, sendo quatro cr\u00e9ditos em disciplinas eletivas interdisciplinares e seis em disciplinas eletivas espec\u00edficas; as quais devem ser escolhidas em fun\u00e7\u00e3o da linha de pesquisa do projeto de disserta\u00e7\u00e3o;<\/p>\n<p>iii) dever\u00e1 ser considerado suficiente nas atividades de Orienta\u00e7\u00e3o de Tese de Doutorado I (OTD-I), Orienta\u00e7\u00e3o de Tese de Doutorado II (OTD-II), Orienta\u00e7\u00e3o de Tese Doutorado III (OTD-III) e Orienta\u00e7\u00e3o de Tese de Doutorado IV (OTD-IV), al\u00e9m de cumprir Est\u00e1gio de Doc\u00eancia do Doutorado I (EDD-I) e Est\u00e1gio em Doc\u00eancia do Doutorado II (EDDII), quando o p\u00f3s-graduando for bolsista;<\/p>\n<p>iv) ser aprovado no Exame de Sufici\u00eancia em L\u00edngua Estrangeira \u2013 Ingl\u00eas;<\/p>\n<p>v) obter aprova\u00e7\u00e3o no Exame de Qualifica\u00e7\u00e3o de Doutorado;<\/p>\n<p>vi) apresentar, pelo menos, 1 (um) artigo cient\u00edfico publicado ou aceito para publica\u00e7\u00e3o;<\/p>\n<p>vii) 60 cr\u00e9ditos relativos \u00e0 elabora\u00e7\u00e3o e defesa da Tese de Doutorado.<\/p>\n<p>O limite m\u00e1ximo para aproveitamento de disciplinas cursadas em outros Programas \u00e9 de at\u00e9 cinco cr\u00e9ditos nas disciplinas eletivas.<\/p>\n<p>Ap\u00f3s ingressar no curso, o doutorando dever\u00e1 apresentar a vers\u00e3o final do projeto de pesquisa de tese de doutorado em at\u00e9 oito meses, comprovar profici\u00eancia em l\u00edngua inglesa em at\u00e9 24 meses, integralizar as disciplinas em, no m\u00e1ximo, 36 meses, realizar o exame de qualifica\u00e7\u00e3o em at\u00e9 42 meses e a defesa da tese de doutorado em at\u00e9 48 meses. Os processos de qualifica\u00e7\u00e3o e defesa de tese de doutorado ser\u00e3o realizados perante bancas examinadoras previamente aprovadas pelo Colegiado. O aluno ter\u00e1 prazo de at\u00e9 60 dias ap\u00f3s a defesa para entregar a vers\u00e3o definitiva da tese.<\/p>\n<p>Nos casos devidamente justificados, o prazo m\u00e1ximo do curso poder\u00e1 ser prorrogado por at\u00e9 seis meses. Ap\u00f3s cursar o primeiro semestre, poder\u00e1 ser concedido o trancamento de matr\u00edcula no Programa, por prazo n\u00e3o superior a seis meses, ouvidos o orientador e o Colegiado.<\/p>\n<p>&nbsp;<\/p>\n","protected":false},"excerpt":{"rendered":"<p>O processo seletivo para alunos regulares do PPGCS ser\u00e1 anual e constar\u00e1 das etapas definidas em edital. Os primeiros colocados na sele\u00e7\u00e3o, dentro do n\u00famero de vagas estabelecido pelo Colegiado do PPGCS, estar\u00e3o aptos \u00e0 matr\u00edcula. MESTRADO O Mestrado em Ci\u00eancias da Sa\u00fade ter\u00e1 dura\u00e7\u00e3o m\u00ednima de 12 meses e m\u00e1xima de 24 meses. O&nbsp;&hellip;<\/p>\n","protected":false},"author":24,"featured_media":0,"parent":0,"menu_order":0,"comment_status":"closed","ping_status":"closed","template":"","meta":[],"_links":{"self":[{"href":"https:\/\/www2.uepg.br\/ppgcs\/wp-json\/wp\/v2\/pages\/32"}],"collection":[{"href":"https:\/\/www2.uepg.br\/ppgcs\/wp-json\/wp\/v2\/pages"}],"about":[{"href":"https:\/\/www2.uepg.br\/ppgcs\/wp-json\/wp\/v2\/types\/page"}],"author":[{"embeddable":true,"href":"https:\/\/www2.uepg.br\/ppgcs\/wp-json\/wp\/v2\/users\/24"}],"replies":[{"embeddable":true,"href":"https:\/\/www2.uepg.br\/ppgcs\/wp-json\/wp\/v2\/comments?post=32"}],"version-history":[{"count":3,"href":"https:\/\/www2.uepg.br\/ppgcs\/wp-json\/wp\/v2\/pages\/32\/revisions"}],"predecessor-version":[{"id":903,"href":"https:\/\/www2.uepg.br\/ppgcs\/wp-json\/wp\/v2\/pages\/32\/revisions\/903"}],"wp:attachment":[{"href":"https:\/\/www2.uepg.br\/ppgcs\/wp-json\/wp\/v2\/media?parent=32"}],"curies":[{"name":"wp","href":"https:\/\/api.w.org\/{rel}","templated":true}]}}