{"id":36,"date":"2019-11-21T13:57:30","date_gmt":"2019-11-21T16:57:30","guid":{"rendered":"http:\/\/www2.uepg.br\/ppgcs\/?page_id=36"},"modified":"2024-04-03T07:04:27","modified_gmt":"2024-04-03T10:04:27","slug":"disciplinas","status":"publish","type":"page","link":"https:\/\/www2.uepg.br\/ppgcs\/disciplinas\/","title":{"rendered":"Disciplinas"},"content":{"rendered":"<div id=\"pl-36\"  class=\"panel-layout\" ><div id=\"pg-36-0\"  class=\"panel-grid panel-no-style\" ><div id=\"pgc-36-0-0\"  class=\"panel-grid-cell\" ><div id=\"panel-36-0-0-0\" class=\"so-panel widget widget_sow-accordion panel-first-child panel-last-child\" data-index=\"0\" ><div\n\t\t\t\n\t\t\tclass=\"so-widget-sow-accordion so-widget-sow-accordion-default-a9f16f41d4be-36\"\n\t\t\t\n\t\t><h3 class=\"widget-title\">DISCIPLINAS DO PPGCS\/UEPG<\/h3><div>\n\t<div class=\"sow-accordion\">\n\t\t\t<div class=\"sow-accordion-panel\"\n\t\t\t data-anchor=\"obrigat%c3%b3rias-para-o-mestrado\">\n\t\t\t\t<div class=\"sow-accordion-panel-header-container\" role=\"heading\" aria-level=\"2\">\n\t\t\t\t\t<div class=\"sow-accordion-panel-header\" tabindex=\"0\" role=\"button\" id=\"accordion-label-obrigat%c3%b3rias-para-o-mestrado\" aria-controls=\"accordion-content-obrigat%c3%b3rias-para-o-mestrado\" aria-expanded=\"false\">\n\t\t\t\t\t\t<div class=\"sow-accordion-title sow-accordion-title-icon-left\">\n\t\t\t\t\t\t\t\t\t\t\t\t\t\tObrigat\u00f3rias para o Mestrado\t\t\t\t\t\t\t\t\t\t\t\t\t<\/div>\n\t\t\t\t\t\t<div class=\"sow-accordion-open-close-button\">\n\t\t\t\t\t\t\t<div class=\"sow-accordion-open-button\">\n\t\t\t\t\t\t\t\t<span class=\"sow-icon-ionicons\" data-sow-icon=\"&#xf218;\"\n\t\t \n\t\taria-hidden=\"true\"><\/span>\t\t\t\t\t\t\t<\/div>\n\t\t\t\t\t\t\t<div class=\"sow-accordion-close-button\">\n\t\t\t\t\t\t\t\t<span class=\"sow-icon-ionicons\" data-sow-icon=\"&#xf209;\"\n\t\t \n\t\taria-hidden=\"true\"><\/span>\t\t\t\t\t\t\t<\/div>\n\t\t\t\t\t\t<\/div>\n\t\t\t\t\t<\/div>\n\t\t\t\t<\/div>\n\n\t\t\t<div\n\t\t\t\tclass=\"sow-accordion-panel-content\"\n\t\t\t\trole=\"region\"\n\t\t\t\taria-labelledby=\"accordion-label-obrigat%c3%b3rias-para-o-mestrado\"\n\t\t\t\tid=\"accordion-content-obrigat%c3%b3rias-para-o-mestrado\"\n\t\t\t\tstyle=\"display: none;\"\t\t\t>\n\t\t\t\t<div class=\"sow-accordion-panel-border\" tabindex=\"0\">\n\t\t\t\t\t<b>Obrigat\u00f3rias<\/b>\n<table class=\"table table-hover\">\n<thead>\n<tr>\n<td><strong>Nome<\/strong><\/td>\n<td><strong>Carga Hor\u00e1ria<\/strong><\/td>\n<td><strong>N\u00famero de Cr\u00e9ditos<\/strong><\/td>\n<\/tr>\n<\/thead>\n<tbody>\n<tr>\n<td>Bioestatistica<\/td>\n<td>30 h<\/td>\n<td>2<\/td>\n<\/tr>\n<tr>\n<td>Constru\u00e7\u00e3o da interdisciplinaridade no espa\u00e7o complexo de ensino e pesquisa<\/td>\n<td>15 h<\/td>\n<td>1<\/td>\n<\/tr>\n<tr>\n<td>Did\u00e1tica para o ensino superior<\/td>\n<td>30 h<\/td>\n<td>2<\/td>\n<\/tr>\n<tr>\n<td>Metodologia da pesquisa<\/td>\n<td>15 h<\/td>\n<td>1<\/td>\n<\/tr>\n<tr>\n<td>Semin\u00e1rios interdisciplinares em sa\u00fade I<\/td>\n<td>15 h<\/td>\n<td>1<\/td>\n<\/tr>\n<tr>\n<td>Semin\u00e1rios interdisciplinares em sa\u00fade II<\/td>\n<td>15 h<\/td>\n<td>1<\/td>\n<\/tr>\n<tr>\n<td>Orienta\u00e7\u00e3o de Disserta\u00e7\u00e3o de Mestrado I<\/td>\n<td><\/td>\n<td>2<\/td>\n<\/tr>\n<tr>\n<td>Orienta\u00e7\u00e3o de Disserta\u00e7\u00e3o de Mestrado II<\/td>\n<td><\/td>\n<td>2<\/td>\n<\/tr>\n<\/tbody>\n<\/table>\t\t\t\t<\/div>\n\t\t\t<\/div>\n\t\t<\/div>\n\t\t\t<div class=\"sow-accordion-panel\"\n\t\t\t data-anchor=\"obrigat%c3%b3rias-para-o-doutorado\">\n\t\t\t\t<div class=\"sow-accordion-panel-header-container\" role=\"heading\" aria-level=\"2\">\n\t\t\t\t\t<div class=\"sow-accordion-panel-header\" tabindex=\"0\" role=\"button\" id=\"accordion-label-obrigat%c3%b3rias-para-o-doutorado\" aria-controls=\"accordion-content-obrigat%c3%b3rias-para-o-doutorado\" aria-expanded=\"false\">\n\t\t\t\t\t\t<div class=\"sow-accordion-title sow-accordion-title-icon-left\">\n\t\t\t\t\t\t\t\t\t\t\t\t\t\tObrigat\u00f3rias para o Doutorado\t\t\t\t\t\t\t\t\t\t\t\t\t<\/div>\n\t\t\t\t\t\t<div class=\"sow-accordion-open-close-button\">\n\t\t\t\t\t\t\t<div class=\"sow-accordion-open-button\">\n\t\t\t\t\t\t\t\t<span class=\"sow-icon-ionicons\" data-sow-icon=\"&#xf218;\"\n\t\t \n\t\taria-hidden=\"true\"><\/span>\t\t\t\t\t\t\t<\/div>\n\t\t\t\t\t\t\t<div class=\"sow-accordion-close-button\">\n\t\t\t\t\t\t\t\t<span class=\"sow-icon-ionicons\" data-sow-icon=\"&#xf209;\"\n\t\t \n\t\taria-hidden=\"true\"><\/span>\t\t\t\t\t\t\t<\/div>\n\t\t\t\t\t\t<\/div>\n\t\t\t\t\t<\/div>\n\t\t\t\t<\/div>\n\n\t\t\t<div\n\t\t\t\tclass=\"sow-accordion-panel-content\"\n\t\t\t\trole=\"region\"\n\t\t\t\taria-labelledby=\"accordion-label-obrigat%c3%b3rias-para-o-doutorado\"\n\t\t\t\tid=\"accordion-content-obrigat%c3%b3rias-para-o-doutorado\"\n\t\t\t\tstyle=\"display: none;\"\t\t\t>\n\t\t\t\t<div class=\"sow-accordion-panel-border\" tabindex=\"0\">\n\t\t\t\t\t<b>Obrigat\u00f3rias<\/b>\n<table class=\"table table-hover\">\n<thead>\n<tr>\n<td><strong>Nome<\/strong><\/td>\n<td><strong>Carga Hor\u00e1ria<\/strong><\/td>\n<td><strong>N\u00famero de Cr\u00e9ditos<\/strong><\/td>\n<\/tr>\n<\/thead>\n<tbody>\n<tr>\n<td>Semin\u00e1rios Interdisciplinares Avan\u00e7ados em Sa\u00fade I<\/td>\n<td>30 h<\/td>\n<td>2<\/td>\n<\/tr>\n<tr>\n<td>Semin\u00e1rios Interdisciplinares Avan\u00e7ados em Sa\u00fade II<\/td>\n<td>30 h<\/td>\n<td>2<\/td>\n<\/tr>\n<tr>\n<td>T\u00f3picos Avan\u00e7ados em Sa\u00fade<\/td>\n<td>60 h<\/td>\n<td>4<\/td>\n<\/tr>\n<tr>\n<td>Orienta\u00e7\u00e3o de Tese de Doutorado I<\/td>\n<td>30 h<\/td>\n<td>2<\/td>\n<\/tr>\n<tr>\n<td>Orienta\u00e7\u00e3o de Tese de Doutorado II<\/td>\n<td>30 h<\/td>\n<td>2<\/td>\n<\/tr>\n<tr>\n<td>Orienta\u00e7\u00e3o de Tese de Doutorado III<\/td>\n<td>30 h<\/td>\n<td>2<\/td>\n<\/tr>\n<tr>\n<td>Orienta\u00e7\u00e3o de Tese de Doutorado IV<\/td>\n<td>30 h<\/td>\n<td>2<\/td>\n<\/tr>\n<tr>\n<td><\/td>\n<td><\/td>\n<td><\/td>\n<\/tr>\n<\/tbody>\n<\/table>\n&nbsp;\t\t\t\t<\/div>\n\t\t\t<\/div>\n\t\t<\/div>\n\t\t\t<div class=\"sow-accordion-panel\"\n\t\t\t data-anchor=\"obrigat%c3%b3rias-para-bolsistas\">\n\t\t\t\t<div class=\"sow-accordion-panel-header-container\" role=\"heading\" aria-level=\"2\">\n\t\t\t\t\t<div class=\"sow-accordion-panel-header\" tabindex=\"0\" role=\"button\" id=\"accordion-label-obrigat%c3%b3rias-para-bolsistas\" aria-controls=\"accordion-content-obrigat%c3%b3rias-para-bolsistas\" aria-expanded=\"false\">\n\t\t\t\t\t\t<div class=\"sow-accordion-title sow-accordion-title-icon-left\">\n\t\t\t\t\t\t\t\t\t\t\t\t\t\tObrigat\u00f3rias para bolsistas\t\t\t\t\t\t\t\t\t\t\t\t\t<\/div>\n\t\t\t\t\t\t<div class=\"sow-accordion-open-close-button\">\n\t\t\t\t\t\t\t<div class=\"sow-accordion-open-button\">\n\t\t\t\t\t\t\t\t<span class=\"sow-icon-ionicons\" data-sow-icon=\"&#xf218;\"\n\t\t \n\t\taria-hidden=\"true\"><\/span>\t\t\t\t\t\t\t<\/div>\n\t\t\t\t\t\t\t<div class=\"sow-accordion-close-button\">\n\t\t\t\t\t\t\t\t<span class=\"sow-icon-ionicons\" data-sow-icon=\"&#xf209;\"\n\t\t \n\t\taria-hidden=\"true\"><\/span>\t\t\t\t\t\t\t<\/div>\n\t\t\t\t\t\t<\/div>\n\t\t\t\t\t<\/div>\n\t\t\t\t<\/div>\n\n\t\t\t<div\n\t\t\t\tclass=\"sow-accordion-panel-content\"\n\t\t\t\trole=\"region\"\n\t\t\t\taria-labelledby=\"accordion-label-obrigat%c3%b3rias-para-bolsistas\"\n\t\t\t\tid=\"accordion-content-obrigat%c3%b3rias-para-bolsistas\"\n\t\t\t\tstyle=\"display: none;\"\t\t\t>\n\t\t\t\t<div class=\"sow-accordion-panel-border\" tabindex=\"0\">\n\t\t\t\t\t<p><b>Obrigat\u00f3rias<\/b><\/p>\n<table class=\"table table-hover\">\n<thead>\n<tr>\n<td><strong>Nome<\/strong><\/td>\n<td><strong>Carga Hor\u00e1ria<\/strong><\/td>\n<td><strong>N\u00famero de Cr\u00e9ditos<\/strong><\/td>\n<\/tr>\n<\/thead>\n<tbody>\n<tr>\n<td>Est\u00e1gio de Doc\u00eancia do Mestrando<\/td>\n<td style=\"text-align: center\">60 h<\/td>\n<td style=\"text-align: center\">4<\/td>\n<\/tr>\n<tr>\n<td>Est\u00e1gio de Doc\u00eancia do Doutorado I<\/td>\n<td style=\"text-align: center\">60 h<\/td>\n<td style=\"text-align: center\">4<\/td>\n<\/tr>\n<tr>\n<td>Est\u00e1gio de Doc\u00eancia do Doutorado II<\/td>\n<td style=\"text-align: center\">60 h<\/td>\n<td style=\"text-align: center\">4<\/td>\n<\/tr>\n<\/tbody>\n<\/table>\n\t\t\t\t<\/div>\n\t\t\t<\/div>\n\t\t<\/div>\n\t\t\t<div class=\"sow-accordion-panel\"\n\t\t\t data-anchor=\"eletivas-interdisciplinares\">\n\t\t\t\t<div class=\"sow-accordion-panel-header-container\" role=\"heading\" aria-level=\"2\">\n\t\t\t\t\t<div class=\"sow-accordion-panel-header\" tabindex=\"0\" role=\"button\" id=\"accordion-label-eletivas-interdisciplinares\" aria-controls=\"accordion-content-eletivas-interdisciplinares\" aria-expanded=\"false\">\n\t\t\t\t\t\t<div class=\"sow-accordion-title sow-accordion-title-icon-left\">\n\t\t\t\t\t\t\t\t\t\t\t\t\t\tEletivas interdisciplinares\t\t\t\t\t\t\t\t\t\t\t\t\t<\/div>\n\t\t\t\t\t\t<div class=\"sow-accordion-open-close-button\">\n\t\t\t\t\t\t\t<div class=\"sow-accordion-open-button\">\n\t\t\t\t\t\t\t\t<span class=\"sow-icon-ionicons\" data-sow-icon=\"&#xf218;\"\n\t\t \n\t\taria-hidden=\"true\"><\/span>\t\t\t\t\t\t\t<\/div>\n\t\t\t\t\t\t\t<div class=\"sow-accordion-close-button\">\n\t\t\t\t\t\t\t\t<span class=\"sow-icon-ionicons\" data-sow-icon=\"&#xf209;\"\n\t\t \n\t\taria-hidden=\"true\"><\/span>\t\t\t\t\t\t\t<\/div>\n\t\t\t\t\t\t<\/div>\n\t\t\t\t\t<\/div>\n\t\t\t\t<\/div>\n\n\t\t\t<div\n\t\t\t\tclass=\"sow-accordion-panel-content\"\n\t\t\t\trole=\"region\"\n\t\t\t\taria-labelledby=\"accordion-label-eletivas-interdisciplinares\"\n\t\t\t\tid=\"accordion-content-eletivas-interdisciplinares\"\n\t\t\t\tstyle=\"display: none;\"\t\t\t>\n\t\t\t\t<div class=\"sow-accordion-panel-border\" tabindex=\"0\">\n\t\t\t\t\t<b>Eletivas interdisciplinares<\/b>\n<table class=\"table table-hover\">\n<thead>\n<tr>\n<td><strong>Nome<\/strong><\/td>\n<td><strong>Carga Hor\u00e1ria<\/strong><\/td>\n<td><strong>N\u00famero de Cr\u00e9ditos<\/strong><\/td>\n<\/tr>\n<\/thead>\n<tbody>\n<tr>\n<td>Bio\u00e9tica, sa\u00fade e sociedade<\/td>\n<td>30 h<\/td>\n<td>2<\/td>\n<\/tr>\n<tr>\n<td>Estudos interdisciplinares de inova\u00e7\u00e3o em sa\u00fade<\/td>\n<td>30 h<\/td>\n<td>2<\/td>\n<\/tr>\n<tr>\n<td>Estudos interdisciplinares em doen\u00e7as cr\u00f4nicas<\/td>\n<td>30 h<\/td>\n<td>2<\/td>\n<\/tr>\n<tr>\n<td>Pesquisa cl\u00ednica<\/td>\n<td>30 h<\/td>\n<td>2<\/td>\n<\/tr>\n<tr>\n<td>Planejamento estat\u00edstico de experimentos na \u00e1rea da sa\u00fade<\/td>\n<td>30 h<\/td>\n<td>2<\/td>\n<\/tr>\n<tr>\n<td>Triangula\u00e7\u00e3o de m\u00e9todos de pesquisa em sa\u00fade<\/td>\n<td>30 h<\/td>\n<td>2<\/td>\n<\/tr>\n<\/tbody>\n<\/table>\t\t\t\t<\/div>\n\t\t\t<\/div>\n\t\t<\/div>\n\t\t\t<div class=\"sow-accordion-panel\"\n\t\t\t data-anchor=\"eletivas-espec%c3%adficas\">\n\t\t\t\t<div class=\"sow-accordion-panel-header-container\" role=\"heading\" aria-level=\"2\">\n\t\t\t\t\t<div class=\"sow-accordion-panel-header\" tabindex=\"0\" role=\"button\" id=\"accordion-label-eletivas-espec%c3%adficas\" aria-controls=\"accordion-content-eletivas-espec%c3%adficas\" aria-expanded=\"false\">\n\t\t\t\t\t\t<div class=\"sow-accordion-title sow-accordion-title-icon-left\">\n\t\t\t\t\t\t\t\t\t\t\t\t\t\tEletivas espec\u00edficas\t\t\t\t\t\t\t\t\t\t\t\t\t<\/div>\n\t\t\t\t\t\t<div class=\"sow-accordion-open-close-button\">\n\t\t\t\t\t\t\t<div class=\"sow-accordion-open-button\">\n\t\t\t\t\t\t\t\t<span class=\"sow-icon-ionicons\" data-sow-icon=\"&#xf218;\"\n\t\t \n\t\taria-hidden=\"true\"><\/span>\t\t\t\t\t\t\t<\/div>\n\t\t\t\t\t\t\t<div class=\"sow-accordion-close-button\">\n\t\t\t\t\t\t\t\t<span class=\"sow-icon-ionicons\" data-sow-icon=\"&#xf209;\"\n\t\t \n\t\taria-hidden=\"true\"><\/span>\t\t\t\t\t\t\t<\/div>\n\t\t\t\t\t\t<\/div>\n\t\t\t\t\t<\/div>\n\t\t\t\t<\/div>\n\n\t\t\t<div\n\t\t\t\tclass=\"sow-accordion-panel-content\"\n\t\t\t\trole=\"region\"\n\t\t\t\taria-labelledby=\"accordion-label-eletivas-espec%c3%adficas\"\n\t\t\t\tid=\"accordion-content-eletivas-espec%c3%adficas\"\n\t\t\t\tstyle=\"display: none;\"\t\t\t>\n\t\t\t\t<div class=\"sow-accordion-panel-border\" tabindex=\"0\">\n\t\t\t\t\t<p><b>Eletivas espec\u00edficas<\/b><\/p>\n<table class=\"table table-hover\">\n<thead>\n<tr>\n<td><strong>Nome<\/strong><\/td>\n<td><strong>Carga Hor\u00e1ria<\/strong><\/td>\n<td><strong>N\u00famero de Cr\u00e9ditos<\/strong><\/td>\n<\/tr>\n<\/thead>\n<tbody>\n<tr>\n<td>Avalia\u00e7\u00e3o da qualidade de vida em sa\u00fade<\/td>\n<td>30 h<\/td>\n<td>2<\/td>\n<\/tr>\n<tr>\n<td>Gest\u00e3o, planejamento e avalia\u00e7\u00e3o de servi\u00e7os e programas na \u00e1rea de sa\u00fade: uma abordagem interdisciplinar<\/td>\n<td>30 h<\/td>\n<td>2<\/td>\n<\/tr>\n<tr>\n<td>Pol\u00edticas p\u00fablicas de sa\u00fade no Brasil<\/td>\n<td>30 h<\/td>\n<td>2<\/td>\n<\/tr>\n<tr>\n<td>Tradu\u00e7\u00e3o, adapta\u00e7\u00e3o cultural e valida\u00e7\u00e3o de instrumentos de avalia\u00e7\u00e3o na \u00e1rea da sa\u00fade<\/td>\n<td>30 h<\/td>\n<td>2<\/td>\n<\/tr>\n<tr>\n<td>T\u00f3picos avan\u00e7ados em Epidemiologia<\/td>\n<td>30 h<\/td>\n<td>2<\/td>\n<\/tr>\n<tr>\n<td>Experimenta\u00e7\u00e3o animal<\/td>\n<td>30 h<\/td>\n<td>2<\/td>\n<\/tr>\n<tr>\n<td>T\u00e9cnicas laboratoriais aplicadas \u00e0 cito-histopatologia<\/td>\n<td>30 h<\/td>\n<td>2<\/td>\n<\/tr>\n<tr>\n<td>Resposta inflamat\u00f3ria e reparo tecidual<\/td>\n<td>30 h<\/td>\n<td>2<\/td>\n<\/tr>\n<tr>\n<td>Neuroci\u00eancias aplicadas \u00e0 sa\u00fade<\/td>\n<td>30 h<\/td>\n<td>2<\/td>\n<\/tr>\n<tr>\n<td>Microbiologia cl\u00ednica aplicada \u00e0 sa\u00fade humana<\/td>\n<td>30 h<\/td>\n<td>2<\/td>\n<\/tr>\n<tr>\n<td>T\u00f3picos avan\u00e7ados em antibioticoterapia<\/td>\n<td>30 h<\/td>\n<td>2<\/td>\n<\/tr>\n<tr>\n<td>Fisiopatologia da obesidade<\/td>\n<td>30 h<\/td>\n<td>2<\/td>\n<\/tr>\n<tr>\n<td>T\u00f3picos avan\u00e7ados em doen\u00e7as cardiovasculares<\/td>\n<td>30 h<\/td>\n<td>2<\/td>\n<\/tr>\n<tr>\n<td>T\u00f3picos avan\u00e7ados em fisiologia m\u00e9dica<\/td>\n<td>30 h<\/td>\n<td>2<\/td>\n<\/tr>\n<tr>\n<td>T\u00f3picos avan\u00e7ados em semiologia m\u00e9dica<\/td>\n<td>30 h<\/td>\n<td>2<\/td>\n<\/tr>\n<tr>\n<td>Ci\u00eancia, inova\u00e7\u00e3o e tecnologia aplicadas a pele<\/td>\n<td>30 h<\/td>\n<td>2<\/td>\n<\/tr>\n<tr>\n<td>Plantas medicinais e t\u00f3xicas: uma abordagem interdisciplinar<\/td>\n<td>30 h<\/td>\n<td>2<\/td>\n<\/tr>\n<tr>\n<td>Fundamentos de Ci\u00eancia de Materiais<\/td>\n<td>30 h<\/td>\n<td>2<\/td>\n<\/tr>\n<tr>\n<td>M\u00e9todos de caracteriza\u00e7\u00e3o de biomateriais e nanobiomateriais<\/td>\n<td>30 h<\/td>\n<td>2<\/td>\n<\/tr>\n<tr>\n<td>Novos sistemas de libera\u00e7\u00e3o controlada de f\u00e1rmacos e alvos terap\u00eauticos<\/td>\n<td>30 h<\/td>\n<td>2<\/td>\n<\/tr>\n<tr>\n<td>T\u00f3picos especiais em ci\u00eancias da sa\u00fade I<\/td>\n<td>15 h<\/td>\n<td>1<\/td>\n<\/tr>\n<tr>\n<td>T\u00f3picos especiais em ci\u00eancias da sa\u00fade II<\/td>\n<td>30 h<\/td>\n<td>2<\/td>\n<\/tr>\n<\/tbody>\n<\/table>\n\t\t\t\t<\/div>\n\t\t\t<\/div>\n\t\t<\/div>\n\t\t<\/div>\n<\/div>\n<\/div><\/div><\/div><\/div><\/div>","protected":false},"excerpt":{"rendered":"<p>DISCIPLINAS DO PPGCS\/UEPG Obrigat\u00f3rias para o Mestrado Obrigat\u00f3rias Nome Carga Hor\u00e1ria N\u00famero de Cr\u00e9ditos Bioestatistica 30 h 2 Constru\u00e7\u00e3o da interdisciplinaridade no espa\u00e7o complexo de ensino e pesquisa 15 h 1 Did\u00e1tica para o ensino superior 30 h 2 Metodologia da pesquisa 15 h 1 Semin\u00e1rios interdisciplinares em sa\u00fade I 15 h 1 Semin\u00e1rios interdisciplinares&nbsp;&hellip;<\/p>\n","protected":false},"author":24,"featured_media":0,"parent":0,"menu_order":0,"comment_status":"closed","ping_status":"closed","template":"","meta":[],"_links":{"self":[{"href":"https:\/\/www2.uepg.br\/ppgcs\/wp-json\/wp\/v2\/pages\/36"}],"collection":[{"href":"https:\/\/www2.uepg.br\/ppgcs\/wp-json\/wp\/v2\/pages"}],"about":[{"href":"https:\/\/www2.uepg.br\/ppgcs\/wp-json\/wp\/v2\/types\/page"}],"author":[{"embeddable":true,"href":"https:\/\/www2.uepg.br\/ppgcs\/wp-json\/wp\/v2\/users\/24"}],"replies":[{"embeddable":true,"href":"https:\/\/www2.uepg.br\/ppgcs\/wp-json\/wp\/v2\/comments?post=36"}],"version-history":[{"count":7,"href":"https:\/\/www2.uepg.br\/ppgcs\/wp-json\/wp\/v2\/pages\/36\/revisions"}],"predecessor-version":[{"id":736,"href":"https:\/\/www2.uepg.br\/ppgcs\/wp-json\/wp\/v2\/pages\/36\/revisions\/736"}],"wp:attachment":[{"href":"https:\/\/www2.uepg.br\/ppgcs\/wp-json\/wp\/v2\/media?parent=36"}],"curies":[{"name":"wp","href":"https:\/\/api.w.org\/{rel}","templated":true}]}}