{"id":39,"date":"2019-11-21T14:05:04","date_gmt":"2019-11-21T17:05:04","guid":{"rendered":"http:\/\/www2.uepg.br\/ppgcs\/?page_id=39"},"modified":"2024-10-31T23:03:07","modified_gmt":"2024-11-01T02:03:07","slug":"docentes","status":"publish","type":"page","link":"https:\/\/www2.uepg.br\/ppgcs\/docentes\/","title":{"rendered":"Docentes"},"content":{"rendered":"<div id=\"pl-39\"  class=\"panel-layout\" ><div id=\"pg-39-0\"  class=\"panel-grid panel-no-style\" ><div id=\"pgc-39-0-0\"  class=\"panel-grid-cell\" ><div id=\"panel-39-0-0-0\" class=\"so-panel widget widget_sow-accordion panel-first-child panel-last-child\" data-index=\"0\" ><div\n\t\t\t\n\t\t\tclass=\"so-widget-sow-accordion so-widget-sow-accordion-default-a9f16f41d4be-39\"\n\t\t\t\n\t\t><div>\n\t<div class=\"sow-accordion\">\n\t\t\t<div class=\"sow-accordion-panel\"\n\t\t\t data-anchor=\"linha-1-investiga%c3%a7%c3%a3o-laboratorial-pr%c3%a9-cl%c3%adnica-e-cl%c3%adnica-de-doen%c3%a7as\">\n\t\t\t\t<div class=\"sow-accordion-panel-header-container\" role=\"heading\" aria-level=\"2\">\n\t\t\t\t\t<div class=\"sow-accordion-panel-header\" tabindex=\"0\" role=\"button\" id=\"accordion-label-linha-1-investiga%c3%a7%c3%a3o-laboratorial-pr%c3%a9-cl%c3%adnica-e-cl%c3%adnica-de-doen%c3%a7as\" aria-controls=\"accordion-content-linha-1-investiga%c3%a7%c3%a3o-laboratorial-pr%c3%a9-cl%c3%adnica-e-cl%c3%adnica-de-doen%c3%a7as\" aria-expanded=\"false\">\n\t\t\t\t\t\t<div class=\"sow-accordion-title sow-accordion-title-icon-left\">\n\t\t\t\t\t\t\t\t\t\t\t\t\t\tLINHA 1: Investiga\u00e7\u00e3o laboratorial, pr\u00e9-cl\u00ednica e cl\u00ednica de doen\u00e7as\t\t\t\t\t\t\t\t\t\t\t\t\t<\/div>\n\t\t\t\t\t\t<div class=\"sow-accordion-open-close-button\">\n\t\t\t\t\t\t\t<div class=\"sow-accordion-open-button\">\n\t\t\t\t\t\t\t\t<span class=\"sow-icon-ionicons\" data-sow-icon=\"&#xf218;\"\n\t\t \n\t\taria-hidden=\"true\"><\/span>\t\t\t\t\t\t\t<\/div>\n\t\t\t\t\t\t\t<div class=\"sow-accordion-close-button\">\n\t\t\t\t\t\t\t\t<span class=\"sow-icon-ionicons\" data-sow-icon=\"&#xf209;\"\n\t\t \n\t\taria-hidden=\"true\"><\/span>\t\t\t\t\t\t\t<\/div>\n\t\t\t\t\t\t<\/div>\n\t\t\t\t\t<\/div>\n\t\t\t\t<\/div>\n\n\t\t\t<div\n\t\t\t\tclass=\"sow-accordion-panel-content\"\n\t\t\t\trole=\"region\"\n\t\t\t\taria-labelledby=\"accordion-label-linha-1-investiga%c3%a7%c3%a3o-laboratorial-pr%c3%a9-cl%c3%adnica-e-cl%c3%adnica-de-doen%c3%a7as\"\n\t\t\t\tid=\"accordion-content-linha-1-investiga%c3%a7%c3%a3o-laboratorial-pr%c3%a9-cl%c3%adnica-e-cl%c3%adnica-de-doen%c3%a7as\"\n\t\t\t\tstyle=\"display: none;\"\t\t\t>\n\t\t\t\t<div class=\"sow-accordion-panel-border\" tabindex=\"0\">\n\t\t\t\t\t<table class=\"table table-hover\">\n<thead>\n<tr>\n<td><b>Pesquisadores<\/b><\/td>\n<td><b>Categoria<\/b><\/td>\n<td><b>Departamento<\/b><\/td>\n<td><b>E-mail<\/b><\/td>\n<td><b>Curr\u00edculo Lattes<\/b><\/td>\n<\/tr>\n<\/thead>\n<tbody>\n<tr>\n<td>Profa. Dra. Dion\u00edzia Xavier Scomparin<\/td>\n<td>Permanente<\/td>\n<td>Biologia Geral<\/td>\n<td>dxscomparin@uepg.br<\/td>\n<td><a href=\"http:\/\/lattes.cnpq.br\/0962771956150538\">lattes.cnpq.br\/4330613207619171<\/a><\/td>\n<\/tr>\n<tr>\n<td>Prof. Dr. Eduardo Bauml Campagnoli<\/td>\n<td>Permanente<\/td>\n<td>Odontologia<\/td>\n<td>ebcampagnoli@uepg.br<\/td>\n<td><a href=\"http:\/\/lattes.cnpq.br\/4070315872163102\">lattes.cnpq.br\/4070315872163102<\/a><\/td>\n<\/tr>\n<tr>\n<td>Profa. Dra. Elise Souza dos Santos Reis<\/td>\n<td>Permanente<\/td>\n<td>Medicina<\/td>\n<td>relisesouzadossantos@gmail.com<\/td>\n<td><a href=\"http:\/\/lattes.cnpq.br\/1023860854332218\">lattes.cnpq.br\/1023860854332218<\/a><\/td>\n<\/tr>\n<tr>\n<td>Prof. Dr. Gilson Cesar Nobre Franco<\/td>\n<td>Permanente<\/td>\n<td>Odontologia<\/td>\n<td>gilsoncnf@gmail.com<\/td>\n<td><a href=\"http:\/\/lattes.cnpq.br\/2921452181578324\">lattes.cnpq.br\/2921452181578324<\/a><\/td>\n<\/tr>\n<tr>\n<td>Prof. Dr. Leonardo Christiaan Welling<\/td>\n<td>Permanente<\/td>\n<td>Medicina<\/td>\n<td>leonardowelling@yahoo.com.br<\/td>\n<td><a href=\"http:\/\/lattes.cnpq.br\/7444042644475263\">lattes.cnpq.br\/7444042644475263<\/a><\/td>\n<\/tr>\n<tr>\n<td>Profa. Dra. Marcela Claudino da Silva Nardino<\/td>\n<td>Permanente<\/td>\n<td>Odontologia<\/td>\n<td>marcelaclaudino@hotmail.com<\/td>\n<td><a href=\"http:\/\/lattes.cnpq.br\/5010890537701905\">lattes.cnpq.br\/5010890537701905<\/a><\/td>\n<\/tr>\n<tr>\n<td>Profa. Dra. Marcia Tha\u00eds Pochapski<\/td>\n<td>Permanente<\/td>\n<td>Odontologia<\/td>\n<td>mpochapski@gmail.com<\/td>\n<td><a href=\"http:\/\/lattes.cnpq.br\/2485328010564604\">lattes.cnpq.br\/2485328010564604<\/a><\/td>\n<\/tr>\n<tr>\n<td>Prof. Dr. M\u00e1rio Augusto Cray da Costa<\/td>\n<td>Permanente<\/td>\n<td>\u00a0Medicina<\/td>\n<td>drmarioaugusto@uol.com.br<\/td>\n<td><a href=\"http:\/\/lattes.cnpq.br\/1099161614066217\">lattes.cnpq.br\/1099161614066217<\/a><\/td>\n<\/tr>\n<tr>\n<td>Prof. Dr. Nilo Massaru Okuno<\/td>\n<td>Permanente<\/td>\n<td>Educa\u00e7\u00e3o F\u00edsica<\/td>\n<td>nilookuno@yahoo.com.br<\/td>\n<td><a href=\"http:\/\/lattes.cnpq.br\/4921169330181659\">lattes.cnpq.br\/1099161614066217<\/a><\/td>\n<\/tr>\n<tr>\n<td>Prof. Dr. Ricardo Zanetti Gomes<\/td>\n<td>Permanente<\/td>\n<td>Medicina<\/td>\n<td>rzgomes@uepg.br<\/td>\n<td><a href=\"http:\/\/lattes.cnpq.br\/8881832386198407\">lattes.cnpq.br\/8881832386198407<\/a><\/td>\n<\/tr>\n<tr>\n<td>Profa. Dra. Shelon Cristina Souza Bandeca<\/td>\n<td>Permanente<\/td>\n<td>Odontologia<\/td>\n<td>shelonsouzap@gmail.com<\/td>\n<td><a href=\"http:\/\/lattes.cnpq.br\/6166550142693891\">lattes.cnpq.br\/6166550142693891<\/a><\/td>\n<\/tr>\n<tr>\n<td><\/td>\n<td><\/td>\n<td><\/td>\n<td><\/td>\n<td><\/td>\n<\/tr>\n<tr>\n<td><\/td>\n<td><\/td>\n<td><\/td>\n<td><\/td>\n<td><\/td>\n<\/tr>\n<\/tbody>\n<\/table>\n<p>&nbsp;<\/p>\n\t\t\t\t<\/div>\n\t\t\t<\/div>\n\t\t<\/div>\n\t\t\t<div class=\"sow-accordion-panel\"\n\t\t\t data-anchor=\"linha-2-assist%c3%aancia-integral-%c3%a0-sa%c3%bade-e-qualidade-de-vida\">\n\t\t\t\t<div class=\"sow-accordion-panel-header-container\" role=\"heading\" aria-level=\"2\">\n\t\t\t\t\t<div class=\"sow-accordion-panel-header\" tabindex=\"0\" role=\"button\" id=\"accordion-label-linha-2-assist%c3%aancia-integral-%c3%a0-sa%c3%bade-e-qualidade-de-vida\" aria-controls=\"accordion-content-linha-2-assist%c3%aancia-integral-%c3%a0-sa%c3%bade-e-qualidade-de-vida\" aria-expanded=\"false\">\n\t\t\t\t\t\t<div class=\"sow-accordion-title sow-accordion-title-icon-left\">\n\t\t\t\t\t\t\t\t\t\t\t\t\t\tLINHA 2: Assist\u00eancia integral \u00e0 sa\u00fade e qualidade de vida\t\t\t\t\t\t\t\t\t\t\t\t\t<\/div>\n\t\t\t\t\t\t<div class=\"sow-accordion-open-close-button\">\n\t\t\t\t\t\t\t<div class=\"sow-accordion-open-button\">\n\t\t\t\t\t\t\t\t<span class=\"sow-icon-ionicons\" data-sow-icon=\"&#xf218;\"\n\t\t \n\t\taria-hidden=\"true\"><\/span>\t\t\t\t\t\t\t<\/div>\n\t\t\t\t\t\t\t<div class=\"sow-accordion-close-button\">\n\t\t\t\t\t\t\t\t<span class=\"sow-icon-ionicons\" data-sow-icon=\"&#xf209;\"\n\t\t \n\t\taria-hidden=\"true\"><\/span>\t\t\t\t\t\t\t<\/div>\n\t\t\t\t\t\t<\/div>\n\t\t\t\t\t<\/div>\n\t\t\t\t<\/div>\n\n\t\t\t<div\n\t\t\t\tclass=\"sow-accordion-panel-content\"\n\t\t\t\trole=\"region\"\n\t\t\t\taria-labelledby=\"accordion-label-linha-2-assist%c3%aancia-integral-%c3%a0-sa%c3%bade-e-qualidade-de-vida\"\n\t\t\t\tid=\"accordion-content-linha-2-assist%c3%aancia-integral-%c3%a0-sa%c3%bade-e-qualidade-de-vida\"\n\t\t\t\tstyle=\"display: none;\"\t\t\t>\n\t\t\t\t<div class=\"sow-accordion-panel-border\" tabindex=\"0\">\n\t\t\t\t\t<table class=\"table table-hover\">\n<thead>\n<tr>\n<td><b>Pesquisadores<\/b><\/td>\n<td><b>Categoria<\/b><\/td>\n<td><b>Departamento<\/b><\/td>\n<td><b>E-mail<\/b><\/td>\n<td><b>Curr\u00edculo Lattes<\/b><\/td>\n<\/tr>\n<\/thead>\n<tbody>\n<tr>\n<td>Prof. Dr. Bruno Pedroso<\/td>\n<td>Permanente<\/td>\n<td>Educa\u00e7\u00e3o F\u00edsica<\/td>\n<td>prof.brunopedroso@gmail.com<\/td>\n<td><a href=\"http:\/\/lattes.cnpq.br\/3180182724063175\">lattes.cnpq.br\/3180182724063175<\/a><\/td>\n<\/tr>\n<tr>\n<td>Profa. Dra. Cristina Berger Fadel<\/td>\n<td>Permanente<\/td>\n<td>Odontologia<\/td>\n<td>cbfadel@gmail.com<\/td>\n<td><a href=\"http:\/\/lattes.cnpq.br\/1560667474007580\">lattes.cnpq.br\/4330613207619171<\/a><\/td>\n<\/tr>\n<tr>\n<td>Prof. Dr. Erildo Vicente M\u00fcller<\/td>\n<td>Permanente<\/td>\n<td>\u00a0Sa\u00fade P\u00fablica<\/td>\n<td>erildomuller@hotmail.com<\/td>\n<td><a href=\"http:\/\/lattes.cnpq.br\/8252210775702673\">lattes.cnpq.br\/8252210775702673<\/a><\/td>\n<\/tr>\n<tr>\n<td>Profa. Dra. Fabiana Bucholdz Teixeira Alves<\/td>\n<td>Permanente<\/td>\n<td>Odontologia<\/td>\n<td>fbtalves@uepg.br<\/td>\n<td><a href=\"http:\/\/lattes.cnpq.br\/5450966284131839\">lattes.cnpq.br\/5450966284131839<\/a><\/td>\n<\/tr>\n<tr>\n<td>Profa. Dra. Pollyanna K\u00e1ssia de Oliveira Borges<\/td>\n<td>Permanente<\/td>\n<td>Sa\u00fade P\u00fablica<\/td>\n<td>pollyannakassia@hotmail.com<\/td>\n<td><a href=\"http:\/\/lattes.cnpq.br\/4443754010685656\">lattes.cnpq.br\/4443754010685656<\/a><\/td>\n<\/tr>\n<tr>\n<td><\/td>\n<td><\/td>\n<td><\/td>\n<td><\/td>\n<td><\/td>\n<\/tr>\n<tr>\n<td><\/td>\n<td><\/td>\n<td><\/td>\n<td><\/td>\n<td><\/td>\n<\/tr>\n<\/tbody>\n<\/table>\n<p>&nbsp;<\/p>\n\t\t\t\t<\/div>\n\t\t\t<\/div>\n\t\t<\/div>\n\t\t\t<div class=\"sow-accordion-panel\"\n\t\t\t data-anchor=\"linha-3-pesquisa-desenvolvimento-e-inova%c3%a7%c3%a3o-tecnol%c3%b3gica-em-sa%c3%bade\">\n\t\t\t\t<div class=\"sow-accordion-panel-header-container\" role=\"heading\" aria-level=\"2\">\n\t\t\t\t\t<div class=\"sow-accordion-panel-header\" tabindex=\"0\" role=\"button\" id=\"accordion-label-linha-3-pesquisa-desenvolvimento-e-inova%c3%a7%c3%a3o-tecnol%c3%b3gica-em-sa%c3%bade\" aria-controls=\"accordion-content-linha-3-pesquisa-desenvolvimento-e-inova%c3%a7%c3%a3o-tecnol%c3%b3gica-em-sa%c3%bade\" aria-expanded=\"false\">\n\t\t\t\t\t\t<div class=\"sow-accordion-title sow-accordion-title-icon-left\">\n\t\t\t\t\t\t\t\t\t\t\t\t\t\tLINHA 3: Pesquisa, desenvolvimento e inova\u00e7\u00e3o tecnol\u00f3gica em sa\u00fade\t\t\t\t\t\t\t\t\t\t\t\t\t<\/div>\n\t\t\t\t\t\t<div class=\"sow-accordion-open-close-button\">\n\t\t\t\t\t\t\t<div class=\"sow-accordion-open-button\">\n\t\t\t\t\t\t\t\t<span class=\"sow-icon-ionicons\" data-sow-icon=\"&#xf218;\"\n\t\t \n\t\taria-hidden=\"true\"><\/span>\t\t\t\t\t\t\t<\/div>\n\t\t\t\t\t\t\t<div class=\"sow-accordion-close-button\">\n\t\t\t\t\t\t\t\t<span class=\"sow-icon-ionicons\" data-sow-icon=\"&#xf209;\"\n\t\t \n\t\taria-hidden=\"true\"><\/span>\t\t\t\t\t\t\t<\/div>\n\t\t\t\t\t\t<\/div>\n\t\t\t\t\t<\/div>\n\t\t\t\t<\/div>\n\n\t\t\t<div\n\t\t\t\tclass=\"sow-accordion-panel-content\"\n\t\t\t\trole=\"region\"\n\t\t\t\taria-labelledby=\"accordion-label-linha-3-pesquisa-desenvolvimento-e-inova%c3%a7%c3%a3o-tecnol%c3%b3gica-em-sa%c3%bade\"\n\t\t\t\tid=\"accordion-content-linha-3-pesquisa-desenvolvimento-e-inova%c3%a7%c3%a3o-tecnol%c3%b3gica-em-sa%c3%bade\"\n\t\t\t\tstyle=\"display: none;\"\t\t\t>\n\t\t\t\t<div class=\"sow-accordion-panel-border\" tabindex=\"0\">\n\t\t\t\t\t<p><a href=\"http:\/\/lattes.cnpq.br\/8194592641569687\">http:\/\/lattes.cnpq.br\/8194592641569687<\/a><\/p>\n<table class=\"table table-hover\">\n<thead>\n<tr>\n<td><b>Pesquisadores<\/b><\/td>\n<td><b>Categoria<\/b><\/td>\n<td><b>Departamento<\/b><\/td>\n<td><b>E-mail<\/b><\/td>\n<td><b>Curr\u00edculo Lattes<\/b><\/td>\n<\/tr>\n<\/thead>\n<tbody>\n<tr>\n<td>Profa. Dra. Andressa Novatski<\/td>\n<td>Permanente<\/td>\n<td>F\u00edsica<\/td>\n<td>anovatski2@gmail.com<\/td>\n<td><a href=\"http:\/\/lattes.cnpq.br\/9416844941446325\">lattes.cnpq.br\/9416844941446325<\/a><\/td>\n<\/tr>\n<tr>\n<td>Profa. Dra. Jane Manfron Budel<\/td>\n<td>Permanente<\/td>\n<td>Ci\u00eancias Farmac\u00eauticas<\/td>\n<td>janemanfron@hotmail.com<\/td>\n<td><a href=\"http:\/\/lattes.cnpq.br\/8072139191011151\">lattes.cnpq.br\/8072139191011151<\/a><\/td>\n<\/tr>\n<tr>\n<td>Prof. Dr. Leandro Cavalcante Lipinski<\/td>\n<td>Permanente<\/td>\n<td>Medicina<\/td>\n<td>leandrolipinski@yahoo.com.br<\/td>\n<td><a href=\"http:\/\/lattes.cnpq.br\/8776063396753167\">lattes.cnpq.br\/8776063396753167<\/a><\/td>\n<\/tr>\n<tr>\n<td>Prof. Dr. Luis Antonio Pinheiro<\/td>\n<td>Permanente<\/td>\n<td>Engenharia de Materiais<\/td>\n<td>lapinheiro@uepg.br<\/td>\n<td><a href=\"http:\/\/lattes.cnpq.br\/3497307186044440\">lattes.cnpq.br\/3497307186044440<\/a><\/td>\n<\/tr>\n<tr>\n<td>Prof. Dr. Paulo Vitor Farago\n<p>&nbsp;<\/p>\n<p>Profa. Dra. Patr\u00edcia Mathias D\u00f6ll Boscardin<\/p><\/td>\n<td>Permanente\n<p>&nbsp;<\/p>\n<p>Permanente<\/p><\/td>\n<td>Ci\u00eancias Farmac\u00eauticas\n<p>&nbsp;<\/p>\n<p>Ci\u00eancias Farmac\u00eauticas<\/p><\/td>\n<td>pvfarago@gmail.com\n<p>&nbsp;<\/p>\n<p>pdoll@uepg.br<\/p><\/td>\n<td><a href=\"http:\/\/lattes.cnpq.br\/0041349149649402\">lattes.cnpq.br\/0041349149649402<\/a>\n<p>&nbsp;<\/p>\n<p><a href=\"http:\/\/lattes.cnpq.br\/8194592641569687\">lattes.cnpq.br\/8194592641569687<\/a><\/p><\/td>\n<\/tr>\n<\/tbody>\n<\/table>\n<p>&nbsp;<\/p>\n\t\t\t\t<\/div>\n\t\t\t<\/div>\n\t\t<\/div>\n\t\t<\/div>\n<\/div>\n<\/div><\/div><\/div><\/div><\/div>","protected":false},"excerpt":{"rendered":"<p>LINHA 1: Investiga\u00e7\u00e3o laboratorial, pr\u00e9-cl\u00ednica e cl\u00ednica de doen\u00e7as Pesquisadores Categoria Departamento E-mail Curr\u00edculo Lattes Profa. Dra. Dion\u00edzia Xavier Scomparin Permanente Biologia Geral dxscomparin@uepg.br lattes.cnpq.br\/4330613207619171 Prof. Dr. Eduardo Bauml Campagnoli Permanente Odontologia ebcampagnoli@uepg.br lattes.cnpq.br\/4070315872163102 Profa. Dra. Elise Souza dos Santos Reis Permanente Medicina relisesouzadossantos@gmail.com lattes.cnpq.br\/1023860854332218 Prof. Dr. Gilson Cesar Nobre Franco Permanente Odontologia gilsoncnf@gmail.com lattes.cnpq.br\/2921452181578324&nbsp;&hellip;<\/p>\n","protected":false},"author":24,"featured_media":0,"parent":0,"menu_order":0,"comment_status":"closed","ping_status":"closed","template":"","meta":[],"_links":{"self":[{"href":"https:\/\/www2.uepg.br\/ppgcs\/wp-json\/wp\/v2\/pages\/39"}],"collection":[{"href":"https:\/\/www2.uepg.br\/ppgcs\/wp-json\/wp\/v2\/pages"}],"about":[{"href":"https:\/\/www2.uepg.br\/ppgcs\/wp-json\/wp\/v2\/types\/page"}],"author":[{"embeddable":true,"href":"https:\/\/www2.uepg.br\/ppgcs\/wp-json\/wp\/v2\/users\/24"}],"replies":[{"embeddable":true,"href":"https:\/\/www2.uepg.br\/ppgcs\/wp-json\/wp\/v2\/comments?post=39"}],"version-history":[{"count":18,"href":"https:\/\/www2.uepg.br\/ppgcs\/wp-json\/wp\/v2\/pages\/39\/revisions"}],"predecessor-version":[{"id":812,"href":"https:\/\/www2.uepg.br\/ppgcs\/wp-json\/wp\/v2\/pages\/39\/revisions\/812"}],"wp:attachment":[{"href":"https:\/\/www2.uepg.br\/ppgcs\/wp-json\/wp\/v2\/media?parent=39"}],"curies":[{"name":"wp","href":"https:\/\/api.w.org\/{rel}","templated":true}]}}