{"id":51,"date":"2019-11-21T15:09:20","date_gmt":"2019-11-21T18:09:20","guid":{"rendered":"http:\/\/www2.uepg.br\/ppgcs\/?page_id=51"},"modified":"2025-06-21T01:20:45","modified_gmt":"2025-06-21T04:20:45","slug":"instrucoes-normativas","status":"publish","type":"page","link":"https:\/\/www2.uepg.br\/ppgcs\/instrucoes-normativas\/","title":{"rendered":"Instru\u00e7\u00f5es Normativas e Documentos"},"content":{"rendered":"<p><strong>BOLSISTAS<\/strong><\/p>\n<p><a href=\"http:\/\/www2.uepg.br\/ppgcs\/wp-content\/uploads\/sites\/44\/2025\/06\/instrucao-normativa-01_2025-pdf.pdf\">Instru\u00e7\u00e3o Normativa N 01_2025 &#8211; Regulamenta as obriga\u00e7\u00f5es dos Mestrandos bolsistas e Doutorandos bolsistas no Programa de P\u00f3s-Gradua\u00e7\u00e3o em Ci\u00eancias da Sa\u00fade <\/a><\/p>\n<p>&nbsp;<\/p>\n<p><strong>AUTOAVALIA\u00c7\u00c3O E PLANEJAMENTO ESTRAT\u00c9GICO<\/strong><\/p>\n<p><a href=\"http:\/\/www2.uepg.br\/ppgcs\/wp-content\/uploads\/sites\/44\/2025\/03\/RELATORIO-AUTOAVALIACAO.pdf\">RELAT\u00d3RIO AUTOAVALIA\u00c7\u00c3O &#8211; 2024<\/a><\/p>\n<p><a href=\"http:\/\/www2.uepg.br\/ppgcs\/wp-content\/uploads\/sites\/44\/2025\/03\/PLANEJAMENTO-ESTRATEGIO-2025-2028.pdf\">PLANEJAMENTO ESTRAT\u00c9GICO 2025 &#8211; 2028<\/a><\/p>\n<p>&nbsp;<\/p>\n<p><strong>EST\u00c1GIO DE DOC\u00caNCIAS<\/strong><\/p>\n<p><a href=\"http:\/\/www2.uepg.br\/ppgcs\/wp-content\/uploads\/sites\/44\/2025\/03\/Regulamento-de-Estagio-de-Docencia.pdf\">Regulamento de Est\u00e1gio de Doc\u00eancia<\/a><\/p>\n<p><a href=\"http:\/\/www2.uepg.br\/ppgcs\/wp-content\/uploads\/sites\/44\/2025\/03\/Plano-de-Atividade-Estagio-de-Docencia.pdf\">Plano de Atividade Est\u00e1gio de Doc\u00eancia<\/a><\/p>\n<p><a href=\"http:\/\/www2.uepg.br\/ppgcs\/wp-content\/uploads\/sites\/44\/2025\/03\/Relatorio-Final-Estagio-de-Docencia.pdf\">Relat\u00f3rio Final Estagio de Doc\u00eancia<\/a><\/p>\n<p>&nbsp;<\/p>\n<p><strong>NORMATIVAS PARA QUALIFICA\u00c7\u00c3O E DEFESA<\/strong><\/p>\n<p><a href=\"http:\/\/www2.uepg.br\/ppgcs\/wp-content\/uploads\/sites\/44\/2025\/04\/Manual-5-ed-digital-1.pdf\">Manual de Normaliza\u00e7\u00e3o Bibliogr\u00e1fica para Trabalhos Cient\u00edficos da UEPG (5 ed. &#8211; 2023)<\/a><\/p>\n<p><a href=\"http:\/\/www2.uepg.br\/ppgcs\/wp-content\/uploads\/sites\/44\/2021\/08\/Instrucao-Normativa-N-03-2018-Regulamenta-a-requisicao-de-Defesa-de-Dissertacao-de-Mestrado-do-Programa-de-Pos-Graduacao-em-Ciencias-da-Saude-atualizada.pdf\">Instru\u00e7\u00e3o Normativa N 03-2018 &#8211; Regulamenta a requisi\u00e7\u00e3o de Defesa de Disserta\u00e7\u00e3o de Mestrado do Programa de P\u00f3s-Gradua\u00e7\u00e3o em Ci\u00eancias da Sa\u00fade atualizada<\/a><\/p>\n<p><a href=\"http:\/\/www2.uepg.br\/ppgcs\/wp-content\/uploads\/sites\/44\/2021\/08\/Instrucao-Normativa-N\u00b0-022018-Regulamenta-a-requisicao-de-Exame-de-Qualificacao-de-Mestrado-do-Programa-de-Pos-Graduacao-em-Ciencias-da-Saude-reformulada.pdf\">Instru\u00e7\u00e3o Normativa N\u00b0 02-2018 &#8211; Regulamenta a requisi\u00e7\u00e3o de Exame de Qualifica\u00e7\u00e3o de Mestrado do Programa de P\u00f3s-Gradua\u00e7\u00e3o em Ci\u00eancias da Sa\u00fade- reformulada<\/a><\/p>\n<p>&nbsp;<\/p>\n<p><strong>EST\u00c1GIO DE P\u00d3S-DOUTORADO<\/strong><\/p>\n<p><a href=\"http:\/\/www2.uepg.br\/ppgcs\/wp-content\/uploads\/sites\/44\/2019\/11\/instrucao01-2018.pdf\" target=\"_blank\" rel=\"noopener noreferrer\">Instru\u00e7\u00e3o Normativa N\u00b0 01\/2018 &#8211; Regulamenta o est\u00e1gio de p\u00f3s-doutorado sem bolsa do Programa de P\u00f3s-Gradua\u00e7\u00e3o em Ci\u00eancias da Sa\u00fade<\/a><b><\/b><\/p>\n","protected":false},"excerpt":{"rendered":"<p>BOLSISTAS Instru\u00e7\u00e3o Normativa N 01_2025 &#8211; Regulamenta as obriga\u00e7\u00f5es dos Mestrandos bolsistas e Doutorandos bolsistas no Programa de P\u00f3s-Gradua\u00e7\u00e3o em Ci\u00eancias da Sa\u00fade &nbsp; AUTOAVALIA\u00c7\u00c3O E PLANEJAMENTO ESTRAT\u00c9GICO RELAT\u00d3RIO AUTOAVALIA\u00c7\u00c3O &#8211; 2024 PLANEJAMENTO ESTRAT\u00c9GICO 2025 &#8211; 2028 &nbsp; EST\u00c1GIO DE DOC\u00caNCIAS Regulamento de Est\u00e1gio de Doc\u00eancia Plano de Atividade Est\u00e1gio de Doc\u00eancia Relat\u00f3rio Final Estagio&nbsp;&hellip;<\/p>\n","protected":false},"author":24,"featured_media":0,"parent":0,"menu_order":0,"comment_status":"closed","ping_status":"closed","template":"","meta":[],"_links":{"self":[{"href":"https:\/\/www2.uepg.br\/ppgcs\/wp-json\/wp\/v2\/pages\/51"}],"collection":[{"href":"https:\/\/www2.uepg.br\/ppgcs\/wp-json\/wp\/v2\/pages"}],"about":[{"href":"https:\/\/www2.uepg.br\/ppgcs\/wp-json\/wp\/v2\/types\/page"}],"author":[{"embeddable":true,"href":"https:\/\/www2.uepg.br\/ppgcs\/wp-json\/wp\/v2\/users\/24"}],"replies":[{"embeddable":true,"href":"https:\/\/www2.uepg.br\/ppgcs\/wp-json\/wp\/v2\/comments?post=51"}],"version-history":[{"count":14,"href":"https:\/\/www2.uepg.br\/ppgcs\/wp-json\/wp\/v2\/pages\/51\/revisions"}],"predecessor-version":[{"id":960,"href":"https:\/\/www2.uepg.br\/ppgcs\/wp-json\/wp\/v2\/pages\/51\/revisions\/960"}],"wp:attachment":[{"href":"https:\/\/www2.uepg.br\/ppgcs\/wp-json\/wp\/v2\/media?parent=51"}],"curies":[{"name":"wp","href":"https:\/\/api.w.org\/{rel}","templated":true}]}}