{"id":57,"date":"2019-11-21T15:11:33","date_gmt":"2019-11-21T18:11:33","guid":{"rendered":"http:\/\/www2.uepg.br\/ppgcs\/?page_id=57"},"modified":"2024-09-16T11:00:36","modified_gmt":"2024-09-16T14:00:36","slug":"regulamentos","status":"publish","type":"page","link":"https:\/\/www2.uepg.br\/ppgcs\/regulamentos\/","title":{"rendered":"Regulamentos"},"content":{"rendered":"<p style=\"text-align: center\">\u00a0 \u00a0 \u00a0 \u00a0 \u00a0 \u00a0 \u00a0<strong>Novo Regulamento do PPGCS (v\u00e1lido para ingressantes a partir de abril de 2024)<\/strong> &#8211;<\/p>\n<p style=\"text-align: center\"><a href=\"http:\/\/www2.uepg.br\/ppgcs\/wp-content\/uploads\/sites\/44\/2024\/09\/Resolucao-CEPE-2024.15-Novo-Regulamento-do-PPGCS.pdf\">Resolu\u00e7\u00e3o CEPE 2024.15 &#8211; Novo Regulamento do PPGCS<\/a><\/p>\n<p>&nbsp;<\/p>\n<p style=\"text-align: center\"><strong>REGULAMENTOS ANTERIORES<\/strong><\/p>\n<p style=\"text-align: center\"><a href=\"http:\/\/www2.uepg.br\/ppgcs\/wp-content\/uploads\/sites\/44\/2019\/11\/regulamento_novo.pdf\" target=\"_blank\" rel=\"noopener noreferrer\">Regulamento (v\u00e1lido para alunos ingressantes a partir de 17 de abril de 2018 at\u00e9 30 de mar\u00e7o de 2024)<\/a><\/p>\n<p style=\"text-align: center\"><a href=\"http:\/\/www2.uepg.br\/ppgcs\/wp-content\/uploads\/sites\/44\/2019\/11\/regulamento_antigo.pdf\" target=\"_blank\" rel=\"noopener noreferrer\">Regulamento (v\u00e1lido para alunos ingressantes at\u00e9 16 de abril de 2018 at\u00e9 16 de abril de 2018)<\/a><\/p>\n<p>&nbsp;<\/p>\n<p>&nbsp;<\/p>\n","protected":false},"excerpt":{"rendered":"<p>\u00a0 \u00a0 \u00a0 \u00a0 \u00a0 \u00a0 \u00a0Novo Regulamento do PPGCS (v\u00e1lido para ingressantes a partir de abril de 2024) &#8211; Resolu\u00e7\u00e3o CEPE 2024.15 &#8211; Novo Regulamento do PPGCS &nbsp; REGULAMENTOS ANTERIORES Regulamento (v\u00e1lido para alunos ingressantes a partir de 17 de abril de 2018 at\u00e9 30 de mar\u00e7o de 2024) Regulamento (v\u00e1lido para alunos ingressantes&nbsp;&hellip;<\/p>\n","protected":false},"author":24,"featured_media":0,"parent":0,"menu_order":0,"comment_status":"closed","ping_status":"closed","template":"","meta":[],"_links":{"self":[{"href":"https:\/\/www2.uepg.br\/ppgcs\/wp-json\/wp\/v2\/pages\/57"}],"collection":[{"href":"https:\/\/www2.uepg.br\/ppgcs\/wp-json\/wp\/v2\/pages"}],"about":[{"href":"https:\/\/www2.uepg.br\/ppgcs\/wp-json\/wp\/v2\/types\/page"}],"author":[{"embeddable":true,"href":"https:\/\/www2.uepg.br\/ppgcs\/wp-json\/wp\/v2\/users\/24"}],"replies":[{"embeddable":true,"href":"https:\/\/www2.uepg.br\/ppgcs\/wp-json\/wp\/v2\/comments?post=57"}],"version-history":[{"count":4,"href":"https:\/\/www2.uepg.br\/ppgcs\/wp-json\/wp\/v2\/pages\/57\/revisions"}],"predecessor-version":[{"id":778,"href":"https:\/\/www2.uepg.br\/ppgcs\/wp-json\/wp\/v2\/pages\/57\/revisions\/778"}],"wp:attachment":[{"href":"https:\/\/www2.uepg.br\/ppgcs\/wp-json\/wp\/v2\/media?parent=57"}],"curies":[{"name":"wp","href":"https:\/\/api.w.org\/{rel}","templated":true}]}}