{"id":8,"date":"2019-11-21T10:51:51","date_gmt":"2019-11-21T13:51:51","guid":{"rendered":"http:\/\/www2.uepg.br\/ppgcs\/?page_id=8"},"modified":"2025-06-22T20:52:06","modified_gmt":"2025-06-22T23:52:06","slug":"pagina-inicial","status":"publish","type":"page","link":"https:\/\/www2.uepg.br\/ppgcs\/","title":{"rendered":"P\u00e1gina Inicial"},"content":{"rendered":"<div id=\"pl-8\"  class=\"panel-layout\" ><div id=\"pg-8-0\"  class=\"panel-grid panel-no-style\" ><div id=\"pgc-8-0-0\"  class=\"panel-grid-cell\" ><div id=\"panel-8-0-0-0\" class=\"so-panel widget widget_sow-editor panel-first-child panel-last-child\" data-index=\"0\" ><div class=\"panel-widget-style panel-widget-style-for-8-0-0-0\" ><div\n\t\t\t\n\t\t\tclass=\"so-widget-sow-editor so-widget-sow-editor-base\"\n\t\t\t\n\t\t>\n<div class=\"siteorigin-widget-tinymce textwidget\">\n\t<h4 style=\"text-align: center\"><strong>\u00daltimas Not\u00edcias<\/strong><\/h4>\n\t\t<div class=\"wppsac-slick-carousel-wrp wppsac-clearfix \">\r\n\t\t\t<div id=\"wppsac-post-carousel-1\" class=\"wppsac-post-slider-init wppsac-post-carousel design-1\">\r\n\t\t\t\t\r\n<div class=\"wppsac-carousel-slides\">\r\n\t\t<div class=\"wppsac-post-content-position\">\r\n\t\t\t\t\t<div class=\"wppsac-post-categories\"><ul class=\"wppsac-post-categories-list\"><li><a href=\"https:\/\/www2.uepg.br\/ppgcs\/category\/noticias\/\" rel=\"category\"> Not\u00edcias <\/a><\/li><\/ul><\/div>\r\n\t\t\t  \t<h2 class=\"wppsac-post-title\">\r\n\t\t\t<a href=\"https:\/\/www2.uepg.br\/ppgcs\/publicacao-do-edital-referente-a-defesa-de-projetos-mestrado-25-2025-e-doutorado-26-2025\/\">Publica\u00e7\u00e3o do Edital referente a defesa de projetos Mestrado 25\/2025 e Doutorado 26\/2025<\/a>\r\n\t\t<\/h2>\r\n\t\t\t\t\t<div class=\"wppsac-post-date\">\r\n\t\t\t\t19 de fevereiro de 2026\t\t\t<\/div>\r\n\t\t\t\t\t<\/div>\r\n<\/div>\r\n<div class=\"wppsac-carousel-slides\">\r\n\t\t<div class=\"wppsac-post-content-position\">\r\n\t\t\t\t\t<div class=\"wppsac-post-categories\"><ul class=\"wppsac-post-categories-list\"><li><a href=\"https:\/\/www2.uepg.br\/ppgcs\/category\/noticias\/\" rel=\"category\"> Not\u00edcias <\/a><\/li><\/ul><\/div>\r\n\t\t\t  \t<h2 class=\"wppsac-post-title\">\r\n\t\t\t<a href=\"https:\/\/www2.uepg.br\/ppgcs\/selecao-de-alunos-mestrado-e-doutorado-2026\/\">Sele\u00e7\u00e3o de alunos Mestrado e Doutorado 2026<\/a>\r\n\t\t<\/h2>\r\n\t\t\t\t\t<div class=\"wppsac-post-date\">\r\n\t\t\t\t10 de novembro de 2025\t\t\t<\/div>\r\n\t\t\t\t\t<\/div>\r\n<\/div>\r\n<div class=\"wppsac-carousel-slides\">\r\n\t\t<div class=\"wppsac-post-content-position\">\r\n\t\t\t\t\t<div class=\"wppsac-post-categories\"><ul class=\"wppsac-post-categories-list\"><li><a href=\"https:\/\/www2.uepg.br\/ppgcs\/category\/noticias\/\" rel=\"category\"> Not\u00edcias <\/a><\/li><\/ul><\/div>\r\n\t\t\t  \t<h2 class=\"wppsac-post-title\">\r\n\t\t\t<a href=\"https:\/\/www2.uepg.br\/ppgcs\/vagas-remanescentes-aluno-especial\/\">VAGAS REMANESCENTES &#8211; ALUNO ESPECIAL<\/a>\r\n\t\t<\/h2>\r\n\t\t\t\t\t<div class=\"wppsac-post-date\">\r\n\t\t\t\t9 de abril de 2025\t\t\t<\/div>\r\n\t\t\t\t\t<\/div>\r\n<\/div>\r\n<div class=\"wppsac-carousel-slides\">\r\n\t\t<div class=\"wppsac-post-content-position\">\r\n\t\t\t\t\t<div class=\"wppsac-post-categories\"><ul class=\"wppsac-post-categories-list\"><li><a href=\"https:\/\/www2.uepg.br\/ppgcs\/category\/noticias\/\" rel=\"category\"> Not\u00edcias <\/a><\/li><\/ul><\/div>\r\n\t\t\t  \t<h2 class=\"wppsac-post-title\">\r\n\t\t\t<a href=\"https:\/\/www2.uepg.br\/ppgcs\/inscricoes-aprovadas-alunos-especiais\/\">INSCRI\u00c7\u00d5ES APROVADAS &#8211; ALUNOS ESPECIAIS<\/a>\r\n\t\t<\/h2>\r\n\t\t\t\t\t<div class=\"wppsac-post-date\">\r\n\t\t\t\t7 de abril de 2025\t\t\t<\/div>\r\n\t\t\t\t\t<\/div>\r\n<\/div>\r\n<div class=\"wppsac-carousel-slides\">\r\n\t\t<div class=\"wppsac-post-content-position\">\r\n\t\t\t\t\t<div class=\"wppsac-post-categories\"><ul class=\"wppsac-post-categories-list\"><li><a href=\"https:\/\/www2.uepg.br\/ppgcs\/category\/noticias\/\" rel=\"category\"> Not\u00edcias <\/a><\/li><\/ul><\/div>\r\n\t\t\t  \t<h2 class=\"wppsac-post-title\">\r\n\t\t\t<a href=\"https:\/\/www2.uepg.br\/ppgcs\/selecao-de-alunos-especiais\/\">SELE\u00c7\u00c3O DE ALUNOS ESPECIAIS<\/a>\r\n\t\t<\/h2>\r\n\t\t\t\t\t<div class=\"wppsac-post-date\">\r\n\t\t\t\t28 de mar\u00e7o de 2025\t\t\t<\/div>\r\n\t\t\t\t\t<\/div>\r\n<\/div>\r\n<div class=\"wppsac-carousel-slides\">\r\n\t\t<div class=\"wppsac-post-content-position\">\r\n\t\t\t\t\t<div class=\"wppsac-post-categories\"><ul class=\"wppsac-post-categories-list\"><li><a href=\"https:\/\/www2.uepg.br\/ppgcs\/category\/noticias\/\" rel=\"category\"> Not\u00edcias <\/a><\/li><\/ul><\/div>\r\n\t\t\t  \t<h2 class=\"wppsac-post-title\">\r\n\t\t\t<a href=\"https:\/\/www2.uepg.br\/ppgcs\/selecao-de-bolsistas-classificacao\/\">SELE\u00c7\u00c3O DE BOLSISTAS &#8211; CLASSIFICA\u00c7\u00c3O<\/a>\r\n\t\t<\/h2>\r\n\t\t\t\t\t<div class=\"wppsac-post-date\">\r\n\t\t\t\t12 de mar\u00e7o de 2025\t\t\t<\/div>\r\n\t\t\t\t\t<\/div>\r\n<\/div>\r\n<div class=\"wppsac-carousel-slides\">\r\n\t\t<div class=\"wppsac-post-content-position\">\r\n\t\t\t\t\t<div class=\"wppsac-post-categories\"><ul class=\"wppsac-post-categories-list\"><li><a href=\"https:\/\/www2.uepg.br\/ppgcs\/category\/noticias\/\" rel=\"category\"> Not\u00edcias <\/a><\/li><\/ul><\/div>\r\n\t\t\t  \t<h2 class=\"wppsac-post-title\">\r\n\t\t\t<a href=\"https:\/\/www2.uepg.br\/ppgcs\/processo-de-selacao-de-bolsistas-2025\/\">PROCESSO DE SELA\u00c7\u00c3O DE BOLSISTAS &#8211; 2025<\/a>\r\n\t\t<\/h2>\r\n\t\t\t\t\t<div class=\"wppsac-post-date\">\r\n\t\t\t\t7 de mar\u00e7o de 2025\t\t\t<\/div>\r\n\t\t\t\t\t<\/div>\r\n<\/div>\r\n<div class=\"wppsac-carousel-slides\">\r\n\t\t<div class=\"wppsac-post-content-position\">\r\n\t\t\t\t\t<div class=\"wppsac-post-categories\"><ul class=\"wppsac-post-categories-list\"><li><a href=\"https:\/\/www2.uepg.br\/ppgcs\/category\/noticias\/\" rel=\"category\"> Not\u00edcias <\/a><\/li><\/ul><\/div>\r\n\t\t\t  \t<h2 class=\"wppsac-post-title\">\r\n\t\t\t<a href=\"https:\/\/www2.uepg.br\/ppgcs\/855-2\/\">Disciplinas que ser\u00e3o ofertadas em 2025<\/a>\r\n\t\t<\/h2>\r\n\t\t\t\t\t<div class=\"wppsac-post-date\">\r\n\t\t\t\t19 de fevereiro de 2025\t\t\t<\/div>\r\n\t\t\t\t\t<\/div>\r\n<\/div>\r\n<div class=\"wppsac-carousel-slides\">\r\n\t\t<div class=\"wppsac-post-content-position\">\r\n\t\t\t\t\t<div class=\"wppsac-post-categories\"><ul class=\"wppsac-post-categories-list\"><li><a href=\"https:\/\/www2.uepg.br\/ppgcs\/category\/noticias\/\" rel=\"category\"> Not\u00edcias <\/a><\/li><\/ul><\/div>\r\n\t\t\t  \t<h2 class=\"wppsac-post-title\">\r\n\t\t\t<a href=\"https:\/\/www2.uepg.br\/ppgcs\/resultado-final-do-processo-de-selecao\/\">RESULTADO FINAL DO PROCESSO DE SELE\u00c7\u00c3O<\/a>\r\n\t\t<\/h2>\r\n\t\t\t\t\t<div class=\"wppsac-post-date\">\r\n\t\t\t\t18 de fevereiro de 2025\t\t\t<\/div>\r\n\t\t\t\t\t<\/div>\r\n<\/div>\r\n<div class=\"wppsac-carousel-slides\">\r\n\t\t<div class=\"wppsac-post-content-position\">\r\n\t\t\t\t\t<div class=\"wppsac-post-categories\"><ul class=\"wppsac-post-categories-list\"><li><a href=\"https:\/\/www2.uepg.br\/ppgcs\/category\/noticias\/\" rel=\"category\"> Not\u00edcias <\/a><\/li><\/ul><\/div>\r\n\t\t\t  \t<h2 class=\"wppsac-post-title\">\r\n\t\t\t<a href=\"https:\/\/www2.uepg.br\/ppgcs\/data-para-defesa-do-projeto-de-pesquisa-e-arguicoes\/\">DATA PARA DEFESA DO PROJETO DE PESQUISA E ARGUI\u00c7\u00d5ES<\/a>\r\n\t\t<\/h2>\r\n\t\t\t\t\t<div class=\"wppsac-post-date\">\r\n\t\t\t\t6 de fevereiro de 2025\t\t\t<\/div>\r\n\t\t\t\t\t<\/div>\r\n<\/div>\r\n<div class=\"wppsac-carousel-slides\">\r\n\t\t<div class=\"wppsac-post-content-position\">\r\n\t\t\t\t\t<div class=\"wppsac-post-categories\"><ul class=\"wppsac-post-categories-list\"><li><a href=\"https:\/\/www2.uepg.br\/ppgcs\/category\/noticias\/\" rel=\"category\"> Not\u00edcias <\/a><\/li><\/ul><\/div>\r\n\t\t\t  \t<h2 class=\"wppsac-post-title\">\r\n\t\t\t<a href=\"https:\/\/www2.uepg.br\/ppgcs\/aprovados-na-1o-etapa-do-processo-de-selecao\/\">APROVADOS NA 1\u00ba ETAPA DO PROCESSO DE SELE\u00c7\u00c3O<\/a>\r\n\t\t<\/h2>\r\n\t\t\t\t\t<div class=\"wppsac-post-date\">\r\n\t\t\t\t17 de dezembro de 2024\t\t\t<\/div>\r\n\t\t\t\t\t<\/div>\r\n<\/div>\r\n<div class=\"wppsac-carousel-slides\">\r\n\t\t<div class=\"wppsac-post-content-position\">\r\n\t\t\t\t\t<div class=\"wppsac-post-categories\"><ul class=\"wppsac-post-categories-list\"><li><a href=\"https:\/\/www2.uepg.br\/ppgcs\/category\/noticias\/\" rel=\"category\"> Not\u00edcias <\/a><\/li><\/ul><\/div>\r\n\t\t\t  \t<h2 class=\"wppsac-post-title\">\r\n\t\t\t<a href=\"https:\/\/www2.uepg.br\/ppgcs\/ensalamento\/\">ENSALAMENTO<\/a>\r\n\t\t<\/h2>\r\n\t\t\t\t\t<div class=\"wppsac-post-date\">\r\n\t\t\t\t11 de dezembro de 2024\t\t\t<\/div>\r\n\t\t\t\t\t<\/div>\r\n<\/div>\r\n<div class=\"wppsac-carousel-slides\">\r\n\t\t<div class=\"wppsac-post-content-position\">\r\n\t\t\t\t\t<div class=\"wppsac-post-categories\"><ul class=\"wppsac-post-categories-list\"><li><a href=\"https:\/\/www2.uepg.br\/ppgcs\/category\/noticias\/\" rel=\"category\"> Not\u00edcias <\/a><\/li><\/ul><\/div>\r\n\t\t\t  \t<h2 class=\"wppsac-post-title\">\r\n\t\t\t<a href=\"https:\/\/www2.uepg.br\/ppgcs\/inscricoes-homologadas-mestrado-e-doutorado\/\">INSCRI\u00c7\u00d5ES HOMOLOGADAS -Mestrado e Doutorado<\/a>\r\n\t\t<\/h2>\r\n\t\t\t\t\t<div class=\"wppsac-post-date\">\r\n\t\t\t\t4 de dezembro de 2024\t\t\t<\/div>\r\n\t\t\t\t\t<\/div>\r\n<\/div>\r\n<div class=\"wppsac-carousel-slides\">\r\n\t\t<div class=\"wppsac-post-content-position\">\r\n\t\t\t\t\t<div class=\"wppsac-post-categories\"><ul class=\"wppsac-post-categories-list\"><li><a href=\"https:\/\/www2.uepg.br\/ppgcs\/category\/noticias\/\" rel=\"category\"> Not\u00edcias <\/a><\/li><\/ul><\/div>\r\n\t\t\t  \t<h2 class=\"wppsac-post-title\">\r\n\t\t\t<a href=\"https:\/\/www2.uepg.br\/ppgcs\/selecao-para-mestrado-e-doutorado-ingresso-em-2025\/\">SELE\u00c7\u00c3O PARA MESTRADO E DOUTORADO &#8211; INGRESSO EM 2025<\/a>\r\n\t\t<\/h2>\r\n\t\t\t\t\t<div class=\"wppsac-post-date\">\r\n\t\t\t\t31 de outubro de 2024\t\t\t<\/div>\r\n\t\t\t\t\t<\/div>\r\n<\/div>\r\n<div class=\"wppsac-carousel-slides\">\r\n\t\t<div class=\"wppsac-post-content-position\">\r\n\t\t\t\t\t<div class=\"wppsac-post-categories\"><ul class=\"wppsac-post-categories-list\"><li><a href=\"https:\/\/www2.uepg.br\/ppgcs\/category\/noticias\/\" rel=\"category\"> Not\u00edcias <\/a><\/li><\/ul><\/div>\r\n\t\t\t  \t<h2 class=\"wppsac-post-title\">\r\n\t\t\t<a href=\"https:\/\/www2.uepg.br\/ppgcs\/alunos-especiais-inscricoes-aprovadas\/\">ALUNOS ESPECIAIS &#8211; INSCRI\u00c7\u00d5ES APROVADAS<\/a>\r\n\t\t<\/h2>\r\n\t\t\t\t\t<div class=\"wppsac-post-date\">\r\n\t\t\t\t1 de julho de 2024\t\t\t<\/div>\r\n\t\t\t\t\t<\/div>\r\n<\/div>\t\t\t<\/div>\r\n\t\t\t<div class=\"wppsac-carousel-conf wppsac-hide\" data-conf=\"{&quot;slides_to_show&quot;:&quot;4&quot;,&quot;slides_to_scroll&quot;:1,&quot;dots&quot;:&quot;false&quot;,&quot;arrows&quot;:&quot;true&quot;,&quot;autoplay&quot;:&quot;true&quot;,&quot;autoplay_interval&quot;:&quot;19500&quot;,&quot;speed&quot;:500,&quot;rtl&quot;:&quot;false&quot;,&quot;lazyload&quot;:&quot;&quot;}\"><\/div>\r\n\t\t<\/div>\r\n\t\n<\/div>\n<\/div><\/div><\/div><\/div><\/div><div id=\"pg-8-1\"  class=\"panel-grid panel-no-style\" ><div id=\"pgc-8-1-0\"  class=\"panel-grid-cell\" ><div id=\"panel-8-1-0-0\" class=\"so-panel widget widget_sow-button panel-first-child panel-last-child\" data-index=\"1\" ><div class=\"panel-widget-style panel-widget-style-for-8-1-0-0\" ><div\n\t\t\t\n\t\t\tclass=\"so-widget-sow-button so-widget-sow-button-atom-f28947f507e4-763\"\n\t\t\t\n\t\t><div class=\"ow-button-base ow-button-align-center\">\n\t<a href=\"https:\/\/www2.uepg.br\/ppgcs\/noticias\/\" class=\"ow-icon-placement-left ow-button-hover\" \t\t>\n\t\t<span>\n\t\t\t\n\t\t\tveja todas as not\u00edcias\t\t<\/span>\n\t<\/a>\n<\/div>\n<\/div><\/div><\/div><\/div><\/div><div id=\"pg-8-2\"  class=\"panel-grid panel-no-style\" ><div id=\"pgc-8-2-0\"  class=\"panel-grid-cell\" ><div id=\"panel-8-2-0-0\" class=\"so-panel widget widget_sow-editor panel-first-child panel-last-child\" data-index=\"2\" ><div\n\t\t\t\n\t\t\tclass=\"so-widget-sow-editor so-widget-sow-editor-base\"\n\t\t\t\n\t\t>\n<div class=\"siteorigin-widget-tinymce textwidget\">\n\t<div id=\"apresentacao\"><\/div>\n<h3 style=\"text-align: center\"><strong>Apresenta\u00e7\u00e3o<\/strong><\/h3>\n<p>O Programa de P\u00f3s-gradua\u00e7\u00e3o em Ci\u00eancias da Sa\u00fade, com \u00eanfase em Aten\u00e7\u00e3o Interdisciplinar em Sa\u00fade, tem a miss\u00e3o buscar a excel\u00eancia, tanto na forma\u00e7\u00e3o de recursos humanos qualificados, quanto na produ\u00e7\u00e3o do conhecimento cient\u00edfico, ampliando as oportunidades para a discuss\u00e3o de temas interdisciplinares relacionados \u00e0 \u00e1rea de sa\u00fade. Para isso, h\u00e1 que se romper com a l\u00f3gica da produ\u00e7\u00e3o de conhecimento fragmentada em disciplinas estanques, que n\u00e3o dialogam entre si, quer seja em termos de conhecimentos produzidos, ou das formas como estes s\u00e3o elaborados. Como se sabe, os problemas de sa\u00fade-doen\u00e7a s\u00e3o complexos por sua pr\u00f3pria natureza org\u00e2nica e, mais ainda, com a crescente complexifica\u00e7\u00e3o da vida em seus aspectos socioecon\u00f4micos, pol\u00edticos e culturais. Por isso, os objetos dessa \u00e1rea requerem uma abordagem multiprofissional e interdisciplinar, entendendo a interdisciplinaridade como uma forma espec\u00edfica de se abordar um determinado objeto, que rompa com as fronteiras da ci\u00eancia disciplinar e, pelo compartilhamento de m\u00e9todos e conhecimentos at\u00e9 ent\u00e3o isolados, produzam novos conhecimentos e novos profissionais. Assim, a articula\u00e7\u00e3o de conhecimentos multidisciplinares, em uma abordagem interdisciplinar, na \u00e1rea do presente programa de p\u00f3s-gradua\u00e7\u00e3o tem como metas criar um campo de estudo e pesquisas em constante desenvolvimento e ser ponto de conflu\u00eancia de um conjunto de saberes, pr\u00e1ticas e tecnologias comprometidas com a supera\u00e7\u00e3o dos modelos tradicionais de pesquisa em sa\u00fade. Dessa forma, pretende-se n\u00e3o s\u00f3 estudar e pesquisar os problemas de sa\u00fade-doen\u00e7a, mas tamb\u00e9m satisfazer necessidades e aspira\u00e7\u00f5es de qualidade de vida para diferentes grupos populacionais, com enfoques na promo\u00e7\u00e3o da sa\u00fade e no avan\u00e7o tecnol\u00f3gico e inova\u00e7\u00e3o em sa\u00fade.<\/p>\n<p>Cabe ressaltar que os docentes envolvidos na constru\u00e7\u00e3o deste programa de p\u00f3s-gradua\u00e7\u00e3o s\u00e3o pertencentes a oito departamentos da institui\u00e7\u00e3o: Departamento de Biologia Geral, Departamento de Ci\u00eancias Farmac\u00eauticas, Departamento de Educa\u00e7\u00e3o F\u00edsica, Departamento de Enfermagem e Sa\u00fade P\u00fablica, Departamento de Engenharia de Materiais, Departamento de F\u00edsica, Departamento de Medicina e Departamento de Odontologia, e que ap\u00f3s amplas discuss\u00f5es, elegeram como tema articulador do Mestrado em Ci\u00eancias da Sa\u00fade, a tem\u00e1tica da Aten\u00e7\u00e3o em Sa\u00fade, a partir de um conceito ampliado do adoecer humano, que supere a vis\u00e3o biologicista e entenda ser esse processo determinado socialmente. Acredita-se que o Programa de P\u00f3s-gradua\u00e7\u00e3o em Ci\u00eancias da Sa\u00fade servir\u00e1 de espa\u00e7o articulador para o desenvolvimento de pesquisas interdisciplinares no \u00e2mbito da UEPG, e para a forma\u00e7\u00e3o de mestres com um olhar diferenciado para os problemas de sa\u00fade, capazes de contribuir com uma vis\u00e3o cr\u00edtica e interdisciplinar para a solu\u00e7\u00e3o de quest\u00f5es complexas dessa \u00e1rea. Para atingir este objetivo \u00e9 fundamental destacar a participa\u00e7\u00e3o do Hospital Universit\u00e1rio Regional dos Campos Gerais Wallace Thadeu de Mello e Silva - HU-UEPG, o Hospital Universit\u00e1rio Materno Infantil da Universidade Estadual de Ponta Grossa - HUMAI-UEPG, importantes campos de pesquisa para nossos futuros mestres.<\/p>\n<p>Em s\u00edntese, o que se prop\u00f5e \u00e9 um curso de mestrado inovador, que al\u00e9m de resultar em artigos cient\u00edficos e em disserta\u00e7\u00f5es, possibilite tamb\u00e9m o desenvolvimento de produtos inovadores, por meio da pesquisa b\u00e1sica e aplicada, de modo a levar \u00e0 sociedade resultados pr\u00e1ticos, que traduzam propostas efetivas para solu\u00e7\u00e3o de problemas complexos, identificados na pr\u00e1tica cotidiana dos profissionais de diferentes \u00e1reas da s\u00e1ude.<\/p>\n<p>Ressalta-se, ent\u00e3o, que o diferencial desta proposta se baseia na implementa\u00e7\u00e3o de um curso de mestrado voltado fortemente para a pesquisa interdisciplinar, cujos produtos possam ser testados n\u00e3o s\u00f3 por seus desenvolvedores, mas tamb\u00e9m validados em intera\u00e7\u00e3o com outros dom\u00ednios do saber, em diferentes contextos, em que o foco dever\u00e1 ser sempre a aten\u00e7\u00e3o \u00e0 sa\u00fade, a forma\u00e7\u00e3o de um profissional com vis\u00e3o sist\u00eamica, mas sem perder de vista a necess\u00e1ria reflex\u00e3o te\u00f3rica fundamentada nos conceitos de sua \u00e1rea, nos fundamentos epistemol\u00f3gicos subjacentes ao processo de pesquisa e desenvolvimento.<\/p>\n<div id=\"area-de-concentracao\"><\/div>\n<h3 style=\"text-align: center\"><strong>\u00c1rea de Concentra\u00e7\u00e3o: Aten\u00e7\u00e3o Interdisciplinar em Sa\u00fade<\/strong><\/h3>\n<p>Essa \u00e1rea de concentra\u00e7\u00e3o \u00e9 dirigida \u00e0 qualifica\u00e7\u00e3o de recursos humanos da \u00e1rea de sa\u00fade e de \u00e1reas correlatas, com vis\u00e3o sist\u00eamica e abertura para o enfrentamento e\/ou desenvolvimento de novas perspectivas te\u00f3rico-metodol\u00f3gicas de pesquisa, ensino, extens\u00e3o e inova\u00e7\u00e3o em sa\u00fade humana. Em s\u00edntese, visa o estudo aprofundado de a\u00e7\u00f5es, estrat\u00e9gias, m\u00e9todos e processos relacionados \u00e0 sa\u00fade humana, empregados na promo\u00e7\u00e3o, prote\u00e7\u00e3o, recupera\u00e7\u00e3o e reabilita\u00e7\u00e3o de um paciente, bem como ao desenvolvimento de novas t\u00e9cnicas, protocolos, produtos e biomateriais para fins de sa\u00fade, por meio da discuss\u00e3o epistemol\u00f3gica, da reflex\u00e3o cr\u00edtica e da intera\u00e7\u00e3o m\u00fatua, destinadas \u00e0 resolu\u00e7\u00e3o de problemas complexos de pesquisa, os quais n\u00e3o podem ser respondidos por uma \u00e1rea disciplinar espec\u00edfica.<\/p>\n<div id=\"coordenacao\"><\/div>\n<h3 style=\"text-align: center\"><strong>Coordena\u00e7\u00e3o<\/strong><\/h3>\n<p style=\"text-align: center\"><b>Coordenadora<\/b><br \/>\nProfa. Dra. Fabiana Bucholdz Teixeira Alves<\/p>\n<p style=\"text-align: center\"><b>Vice-coordenador<\/b><br \/>\nProf. Dr. Paulo Vitor Farago<\/p>\n<p>&nbsp;<\/p>\n<p style=\"text-align: center\"><b>MEMBROS DO COLEGIADO<\/b><\/p>\n<p style=\"text-align: center\"><b>Linha de Pesquisa em Investiga\u00e7\u00e3o laboratorial, pr\u00e9-cl\u00ednica e cl\u00ednica de doen\u00e7as<\/b><\/p>\n<p style=\"text-align: center\">Prof. Dr. Leonardo Christiaan Welling<\/p>\n<p style=\"text-align: center\"><b>Linha de Pesquisa em Assist\u00eancia integral \u00e0 sa\u00fade e qualidade de vida<\/b><br \/>\nProf\u00aa. Dr\u00aa. Cristina Berger Fadel<\/p>\n<p style=\"text-align: center\">Prof. Dr. Erildo Vicente Muller<\/p>\n<p style=\"text-align: center\"><b>Linha de Pesquisa em Pesquisa, desenvolvimento e inova\u00e7\u00e3o tecnol\u00f3gica em sa\u00fade<\/b><br \/>\nProfa. Dra. Patr\u00edcia Mathias D\u00f6ll Boscardin<\/p>\n<p>&nbsp;<\/p>\n<p style=\"text-align: center\"><b>Representante discente<\/b><\/p>\n<p style=\"text-align: center\">Adriele Wience do Vale (Mestrandos)<\/p>\n<p style=\"text-align: center\">Luiz Ricardo Marafigo Zander (Doutorandos)<\/p>\n<p>&nbsp;<\/p>\n<\/div>\n<\/div><\/div><\/div><\/div><\/div>","protected":false},"excerpt":{"rendered":"<p>\u00daltimas Not\u00edcias Apresenta\u00e7\u00e3o O Programa de P\u00f3s-gradua\u00e7\u00e3o em Ci\u00eancias da Sa\u00fade, com \u00eanfase em Aten\u00e7\u00e3o Interdisciplinar em Sa\u00fade, tem a miss\u00e3o buscar a excel\u00eancia, tanto na forma\u00e7\u00e3o de recursos humanos qualificados, quanto na produ\u00e7\u00e3o do conhecimento cient\u00edfico, ampliando as oportunidades para a discuss\u00e3o de temas interdisciplinares relacionados \u00e0 \u00e1rea de sa\u00fade. Para isso, h\u00e1 que&nbsp;&hellip;<\/p>\n","protected":false},"author":24,"featured_media":0,"parent":0,"menu_order":0,"comment_status":"closed","ping_status":"closed","template":"","meta":[],"_links":{"self":[{"href":"https:\/\/www2.uepg.br\/ppgcs\/wp-json\/wp\/v2\/pages\/8"}],"collection":[{"href":"https:\/\/www2.uepg.br\/ppgcs\/wp-json\/wp\/v2\/pages"}],"about":[{"href":"https:\/\/www2.uepg.br\/ppgcs\/wp-json\/wp\/v2\/types\/page"}],"author":[{"embeddable":true,"href":"https:\/\/www2.uepg.br\/ppgcs\/wp-json\/wp\/v2\/users\/24"}],"replies":[{"embeddable":true,"href":"https:\/\/www2.uepg.br\/ppgcs\/wp-json\/wp\/v2\/comments?post=8"}],"version-history":[{"count":14,"href":"https:\/\/www2.uepg.br\/ppgcs\/wp-json\/wp\/v2\/pages\/8\/revisions"}],"predecessor-version":[{"id":961,"href":"https:\/\/www2.uepg.br\/ppgcs\/wp-json\/wp\/v2\/pages\/8\/revisions\/961"}],"wp:attachment":[{"href":"https:\/\/www2.uepg.br\/ppgcs\/wp-json\/wp\/v2\/media?parent=8"}],"curies":[{"name":"wp","href":"https:\/\/api.w.org\/{rel}","templated":true}]}}