{"id":123,"date":"2019-08-20T13:16:31","date_gmt":"2019-08-20T16:16:31","guid":{"rendered":"http:\/\/www2.uepg.br\/ppgcsa\/?page_id=123"},"modified":"2025-10-31T13:06:47","modified_gmt":"2025-10-31T16:06:47","slug":"nucleos-de-pesquisa","status":"publish","type":"page","link":"https:\/\/www2.uepg.br\/ppgcsa\/nucleos-de-pesquisa\/","title":{"rendered":"N\u00facleos de Pesquisa"},"content":{"rendered":"<h4>N\u00daCLEO DE PESQUISA INTERDISCIPLINAR EM ESTUDOS PARA A PAZ<\/h4>\n<p><a href=\"http:\/\/www2.uepg.br\/ppgcsa\/wp-content\/uploads\/sites\/34\/2025\/10\/INTERPAZ-1.pdf\">Apresenta\u00e7\u00e3o do N\u00facleo de Pesquisa<\/a><\/p>\n<p>&nbsp;<\/p>\n<h4>N\u00daCLEO DE PESQUISA EM INOVA\u00c7\u00c3O, CIDADANIA E POL\u00cdTICAS P\u00daBLICAS<\/h4>\n<p style=\"text-align: left\"><a href=\"http:\/\/www2.uepg.br\/ppgcsa\/wp-content\/uploads\/sites\/34\/2021\/09\/Nucleo-de-Pesquisa-em-Inovacao-Cidadania-e-Politicas-Publicas.pdf\">Apresenta\u00e7\u00e3o do N\u00facleo de Pesquisa<\/a><\/p>\n<p>&nbsp;<\/p>\n<h4>N\u00daCLEO DE PESQUISA EM DIREITOS HUMANOS, CIDADANIA E POL\u00cdTICAS P\u00daBLICAS<\/h4>\n<p><a href=\"http:\/\/www2.uepg.br\/ppgcsa\/wp-content\/uploads\/sites\/34\/2025\/10\/NUPEDH.pdf\">Apresenta\u00e7\u00e3o do N\u00facleo de Pesquisa<\/a><\/p>\n<p>&nbsp;<\/p>\n<h4>N\u00daCLEO DE PESQUISA ESTADO, POL\u00cdTICAS P\u00daBLICAS E PR\u00c1TICAS SOCIAIS<\/h4>\n<p><a href=\"http:\/\/www2.uepg.br\/ppgcsa\/wp-content\/uploads\/sites\/34\/2025\/03\/Apresentacao-Nucleo-de-Pesquisa.pdf\">Apresenta\u00e7\u00e3o do N\u00facleo de Pesquisa<\/a><\/p>\n<p>&nbsp;<\/p>\n<h4>N\u00daCLEO DE PESQUISA ESPORTE, LAZER E SOCIEDADE<\/h4>\n<p style=\"text-align: left\"><a href=\"http:\/\/www2.uepg.br\/ppgcsa\/wp-content\/uploads\/sites\/34\/2024\/07\/Nucleo-de-Pesquisa-Esporte-Lazer-e-Sociedade.pdf\">Apresenta\u00e7\u00e3o do N\u00facleo de Pesquisa<\/a><\/p>\n<p>&nbsp;<\/p>\n<h4>N\u00daCLEO DE PESQUISA QUEST\u00c3O AMBIENTAL, G\u00caNERO E CONDI\u00c7\u00c3O DE POBREZA<\/h4>\n<p style=\"text-align: left\"><a href=\"http:\/\/www2.uepg.br\/ppgcsa\/wp-content\/uploads\/sites\/34\/2022\/03\/Apresentacao-do-Nucleo-de-Pesquisa.pdf\">Apresenta\u00e7\u00e3o do N\u00facleo de Pesquisa<\/a><\/p>\n<p><a href=\"http:\/\/www2.uepg.br\/ppgcsa\/wp-content\/uploads\/sites\/34\/2022\/03\/Relatorio-final-da-Pesquisa-Fome-e-Pandemia-um-estudo-em-Ponta-Grossa.pdf\">Relat\u00f3rio final da Pesquisa &#8220;Fome e Pandemia: um estudo em Ponta Grossa&#8221;<\/a><\/p>\n<p><a href=\"http:\/\/www2.uepg.br\/ppgcsa\/wp-content\/uploads\/sites\/34\/2022\/03\/RELATORIO-PARCIAL-DA-PESQUISA-FOME-E-PANDEMIA-UM-ESTUDO-EM-PONTA-GROSSA.pdf\">Relat\u00f3rio final da Pesquisa &#8220;A\u00e7\u00f5es de combate \u00e0 fome em Ponta Grossa (PR) no contexto da COVID-19&#8221;<\/a><\/p>\n<p><a href=\"http:\/\/www2.uepg.br\/ppgcsa\/wp-content\/uploads\/sites\/34\/2022\/03\/TERMO-DE-CONSENTIMENTO-LIVRE-E-ESCLARECIDO-PESQUISA-FOME-E-PANDEMIA-UM-ESTUDO-EM-PONTA-GROSSA.pdf\">Termo de Consentimento Livre e Esclarecido (Pesquisa Fome e Pandemia: um estudo em Ponta Grossa)<\/a><\/p>\n<p><a href=\"http:\/\/www2.uepg.br\/ppgcsa\/wp-content\/uploads\/sites\/34\/2022\/03\/RELATORIO-FINAL-DA-PESQUISA-INSEGURANCA-ALIMENTAR-ASSOCIACAO-DE-RECICLADORES-DE-PONTA-GROSSA.pdf\">Relat\u00f3rio final da Pesquisa &#8220;(In)Seguran\u00e7a Alimentar: associa\u00e7\u00e3o de recicladores de Ponta Grossa&#8221;<\/a><\/p>\n<p><a href=\"https:\/\/drive.google.com\/file\/d\/1FVMUy-tgwE4qmk-oMHNLk1ALY2JVrzkG\/view?usp=sharing\">Relat\u00f3rio final da Pesquisa &#8220;Inseguran\u00e7a alimentar e vulnerabilidade social dos estudantes de gradua\u00e7\u00e3o da Universidade Estadual de Ponta Grossa&#8221;<\/a><\/p>\n<p><a href=\"https:\/\/drive.google.com\/file\/d\/1bV36EQGemJ67hT9U-xVN5KBhUho5Gj7M\/view?usp=sharing\">Carta da Confer\u00eancia Universit\u00e1ria de (In)seguran\u00e7a Alimentar (2024)<\/a><\/p>\n","protected":false},"excerpt":{"rendered":"<p>N\u00daCLEO DE PESQUISA INTERDISCIPLINAR EM ESTUDOS PARA A PAZ Apresenta\u00e7\u00e3o do N\u00facleo de Pesquisa &nbsp; N\u00daCLEO DE PESQUISA EM INOVA\u00c7\u00c3O, CIDADANIA E POL\u00cdTICAS P\u00daBLICAS Apresenta\u00e7\u00e3o do N\u00facleo de Pesquisa &nbsp; N\u00daCLEO DE PESQUISA EM DIREITOS HUMANOS, CIDADANIA E POL\u00cdTICAS P\u00daBLICAS Apresenta\u00e7\u00e3o do N\u00facleo de Pesquisa &nbsp; N\u00daCLEO DE PESQUISA ESTADO, POL\u00cdTICAS P\u00daBLICAS E PR\u00c1TICAS SOCIAIS&nbsp;&hellip;<\/p>\n","protected":false},"author":24,"featured_media":0,"parent":0,"menu_order":0,"comment_status":"closed","ping_status":"closed","template":"","meta":[],"_links":{"self":[{"href":"https:\/\/www2.uepg.br\/ppgcsa\/wp-json\/wp\/v2\/pages\/123"}],"collection":[{"href":"https:\/\/www2.uepg.br\/ppgcsa\/wp-json\/wp\/v2\/pages"}],"about":[{"href":"https:\/\/www2.uepg.br\/ppgcsa\/wp-json\/wp\/v2\/types\/page"}],"author":[{"embeddable":true,"href":"https:\/\/www2.uepg.br\/ppgcsa\/wp-json\/wp\/v2\/users\/24"}],"replies":[{"embeddable":true,"href":"https:\/\/www2.uepg.br\/ppgcsa\/wp-json\/wp\/v2\/comments?post=123"}],"version-history":[{"count":39,"href":"https:\/\/www2.uepg.br\/ppgcsa\/wp-json\/wp\/v2\/pages\/123\/revisions"}],"predecessor-version":[{"id":1952,"href":"https:\/\/www2.uepg.br\/ppgcsa\/wp-json\/wp\/v2\/pages\/123\/revisions\/1952"}],"wp:attachment":[{"href":"https:\/\/www2.uepg.br\/ppgcsa\/wp-json\/wp\/v2\/media?parent=123"}],"curies":[{"name":"wp","href":"https:\/\/api.w.org\/{rel}","templated":true}]}}