{"id":144,"date":"2019-08-20T14:21:36","date_gmt":"2019-08-20T17:21:36","guid":{"rendered":"http:\/\/www2.uepg.br\/ppgcsa\/?page_id=144"},"modified":"2021-09-20T19:04:08","modified_gmt":"2021-09-20T22:04:08","slug":"mestrado","status":"publish","type":"page","link":"https:\/\/www2.uepg.br\/ppgcsa\/mestrado\/","title":{"rendered":"Mestrado"},"content":{"rendered":"<div id=\"pl-144\"  class=\"panel-layout\" ><div id=\"pg-144-0\"  class=\"panel-grid panel-no-style\" ><div id=\"pgc-144-0-0\"  class=\"panel-grid-cell\" ><div id=\"panel-144-0-0-0\" class=\"so-panel widget widget_sow-tabs panel-first-child panel-last-child\" data-index=\"0\" ><div\n\t\t\t\n\t\t\tclass=\"so-widget-sow-tabs so-widget-sow-tabs-default-68971a9e08cc-144\"\n\t\t\t\n\t\t><div class=\"sow-tabs\">\n\t<div class=\"sow-tabs-tab-container\" role=\"tablist\">\n\t\t\t<div class=\"sow-tabs-tab sow-tabs-tab-selected\"\n\t\t\t role=\"tab\" data-anchor=\"%c3%a1rea-de-concentra%c3%a7%c3%a3o\"\n\t\t\t aria-selected=\"true\" tabindex=\"0\">\n\t\t\t<div class=\"sow-tabs-title sow-tabs-title-icon-left\">\n\t\t\t\t\t\t\t\t\u00c1rea de Concentra\u00e7\u00e3o\t\t\t\t\t\t\t<\/div>\n\t\t<\/div>\n\t\t\t<div class=\"sow-tabs-tab\"\n\t\t\t role=\"tab\" data-anchor=\"linhas-de-pesquisa\"\n\t\t\t aria-selected=\"false\" tabindex=\"-1\">\n\t\t\t<div class=\"sow-tabs-title sow-tabs-title-icon-left\">\n\t\t\t\t\t\t\t\tLinhas de Pesquisa\t\t\t\t\t\t\t<\/div>\n\t\t<\/div>\n\t\t\t<div class=\"sow-tabs-tab\"\n\t\t\t role=\"tab\" data-anchor=\"estrutura-curricular\"\n\t\t\t aria-selected=\"false\" tabindex=\"-1\">\n\t\t\t<div class=\"sow-tabs-title sow-tabs-title-icon-left\">\n\t\t\t\t\t\t\t\tEstrutura curricular\t\t\t\t\t\t\t<\/div>\n\t\t<\/div>\n\t\t\t<div class=\"sow-tabs-tab\"\n\t\t\t role=\"tab\" data-anchor=\"disciplinas-do-per%c3%adodo\"\n\t\t\t aria-selected=\"false\" tabindex=\"-1\">\n\t\t\t<div class=\"sow-tabs-title sow-tabs-title-icon-left\">\n\t\t\t\t\t\t\t\tDisciplinas do Per\u00edodo\t\t\t\t\t\t\t<\/div>\n\t\t<\/div>\n\t\t\t<div class=\"sow-tabs-tab\"\n\t\t\t role=\"tab\" data-anchor=\"ementas-do-mestrado\"\n\t\t\t aria-selected=\"false\" tabindex=\"-1\">\n\t\t\t<div class=\"sow-tabs-title sow-tabs-title-icon-left\">\n\t\t\t\t\t\t\t\tEmentas do Mestrado\t\t\t\t\t\t\t<\/div>\n\t\t<\/div>\n\t\t<\/div>\n\t\n\t<div class=\"sow-tabs-panel-container\">\n\t\t\t<div class=\"sow-tabs-panel\">\n\t\t\t<div class=\"sow-tabs-panel-content\" role=\"tabpanel\" tabindex=\"0\">\n\t\t\t\t<p style=\"text-align: center\"><strong>Cidadania e Pol\u00edticas P\u00fablicas<\/strong><\/p>\n<p>O Programa de Mestrado em Ci\u00eancias Sociais Aplicadas conta uma \u00c1rea de Concentra\u00e7\u00e3o \u2013 \u201cCidadania e Pol\u00edticas P\u00fablicas\u201d e com duas Linhas de Pesquisa: \u2013 Estado, Direitos e Pol\u00edticas P\u00fablicas e \u2013 Hist\u00f3ria, Cultura e Cidadania. \u00c1rea e Linhas com potencial integrador das diferentes express\u00f5es de Pol\u00edticas P\u00fablicas com vistas a compreens\u00f5es a respeito da Cidadania, eixos que balizaram as disserta\u00e7\u00f5es defendidas no tri\u00eanio. A preocupa\u00e7\u00e3o \u00e9 garantir que a intera\u00e7\u00e3o entre o singular e o plural, o universal e o particular possam ser contemplados na an\u00e1lise da sociedade humana via os n\u00facleos de Pesquisa, com base nos dois eixos (Pol\u00edticas P\u00fablicas e Cidadania).<\/p>\n\t\t\t<\/div>\n\t\t<\/div>\n\t\t\t<div class=\"sow-tabs-panel\">\n\t\t\t<div class=\"sow-tabs-panel-content\" role=\"tabpanel\" aria-hidden=\"true\">\n\t\t\t\t<p><strong>Estado, Direitos e Pol\u00edticas P\u00fablicas:<\/strong><\/p>\n<p>Centra na an\u00e1lise do Estado Moderno e nas Pol\u00edticas P\u00fablicas sob diferentes perspectivas te\u00f3ricas. Estudo das particularidades da forma\u00e7\u00e3o do Estado brasileiro, a din\u00e2mica entre Estado e sociedade civil. An\u00e1lise sobre a organiza\u00e7\u00e3o e as fun\u00e7\u00f5es do Estado, do seu poder de regula\u00e7\u00e3o e do impacto econ\u00f4mico e social das pol\u00edticas p\u00fablicas. An\u00e1lise dos direitos sociais e ambientais e sua rela\u00e7\u00e3o com o exerc\u00edcio da cidadania, envolvendo direitos e obriga\u00e7\u00f5es.<\/p>\n<p><strong>Hist\u00f3ria, Cultura e Cidadania:<\/strong><\/p>\n<p>A linha Hist\u00f3ria, Cultura e Cidadania t\u00eam como foco o estudo do desenvolvimento hist\u00f3rico e cultural da sociedade brasileira e do espa\u00e7o regional. An\u00e1lise da rela\u00e7\u00e3o entre estrutura social e express\u00f5es da cultura popular, identidades, linguagem, m\u00eddia e cidadania, a compreens\u00e3o do espa\u00e7o regional. Visa investigar a partir de uma perspectiva interdisciplinar as pr\u00e1ticas de sujeitos de v\u00e1rios grupos sociais, considerando a complexidade de suas representa\u00e7\u00f5es e apropria\u00e7\u00f5es acerca de sua cidadania e de sua participa\u00e7\u00e3o (ou n\u00e3o) nas pol\u00edticas p\u00fablicas.<\/p>\n\t\t\t<\/div>\n\t\t<\/div>\n\t\t\t<div class=\"sow-tabs-panel\">\n\t\t\t<div class=\"sow-tabs-panel-content\" role=\"tabpanel\" aria-hidden=\"true\">\n\t\t\t\t<p>Autorizado pela Resolu\u00e7\u00e3o UNIV. n\u00ba 06, de 11.03.98, Recomendado pela CAPES em 2001, em conformidade com as normas da Resolu\u00e7\u00e3o CEPE 039\/2008, e com as normas internas do Colegiado de Curso. Para completar o Programa de Mestrado em Ci\u00eancias Sociais Aplicadas, o mestrando dever\u00e1 cumprir um total de 36 cr\u00e9ditos.<\/p>\n<p>Para completar o Programa de P\u00f3s-Gradua\u00e7\u00e3o em Ci\u00eancias Sociais Aplicadas \u2013 Mestrado, o mestrando dever\u00e1 cumprir um total de 36 (trinta e seis) cr\u00e9ditos, a serem cumpridos em 24 (vinte e quatro) meses com a possibilidade, desde que justificado e aprovado pelo colegiado, de mais 6 meses assim distribu\u00eddos:<\/p>\n<p>a) Disciplinas obrigat\u00f3rias do N\u00facleo comum (12 cr\u00e9ditos)<\/p>\n<p>b) Orienta\u00e7\u00e3o de disserta\u00e7\u00e3o (8 cr\u00e9ditos)<\/p>\n<p>c) Disciplinas eletivas do elenco geral (12 cr\u00e9ditos \u2013 sendo no m\u00e1ximo 4 cr\u00e9ditos em t\u00f3picos especiais )<\/p>\n<p>d) Atividades programadas (4 cr\u00e9ditos)<\/p>\n<table>\n<tbody>\n<tr>\n<th>C\u00d3DIGO<\/th>\n<th>DISCIPLINA<\/th>\n<th>CARGA HOR\u00c1RIA<\/th>\n<th>CR\u00c9DITOS<\/th>\n<th>EMENTA<\/th>\n<\/tr>\n<tr>\n<td>93101<\/td>\n<td>Epistemologia e M\u00e9todos nas Ci\u00eancias Sociais<\/td>\n<td>60<\/td>\n<td>4<\/td>\n<td>\n<div title=\"Page 1\">\n<div>\n<div>\n<div>\n<p>Estudo cr\u00edtico dos princ\u00edpios e resultados das ci\u00eancias, dos m\u00e9todos utilizados nas pesquisas e da rela\u00e7\u00e3o entre o saber e os saberes: diferentes perspectivas frente \u00e0 quest\u00e3o da verdade, \u00e0 rela\u00e7\u00e3o entre saber cient\u00edfico e senso comum. Diferentes perspectivas epistemol\u00f3gicas na rela\u00e7\u00e3o sujeito-objeto. Objetividade e subjetividade: a objetividade como intersubjetividade. O problema da neutralidade cient\u00edfica. A relatividade do conhecimento \u2013 frente ao questionamento da neutralidade do cientista e ao pr\u00f3prio movimento do saber t\u00e9cnico-cient\u00edfico- e o problema do relativismo da verdade. As teorias do conhecimento como suporte para a discuss\u00e3o e o exerc\u00edcio da interdisciplinaridade no contexto dos estudos sobre sociedade. Interdisciplinaridade e intersubjetividade.<\/p>\n<\/div>\n<\/div>\n<\/div>\n<\/div>\n<\/td>\n<\/tr>\n<tr>\n<td>93102<\/td>\n<td>An\u00e1lise de Conjuntura<\/td>\n<td>60<\/td>\n<td>4<\/td>\n<td>\n<div title=\"Page 1\">\n<div>\n<div>\n<div>\n<p>Categorias fundamentais para an\u00e1lise de conjuntura: acontecimentos, cen\u00e1rios, atores, rela\u00e7\u00f5es de for\u00e7a, articula\u00e7\u00e3o entre estrutura e conjuntura. Natureza dos principais determinantes da conjuntura (contempor\u00e2nea). Comportamento do capital, do poder e do controle pol\u00edtico, no \u00e2mbito mundial, e elementos a n\u00edvel nacional, como preocupa\u00e7\u00f5es centrais do Governo, os grandes projetos nacionais e regionais, quest\u00f5es sociais mais expressivas, campos de confronto. Exerc\u00edcios de an\u00e1lise de conjuntura.<\/p>\n<\/div>\n<\/div>\n<\/div>\n<\/div>\n<\/td>\n<\/tr>\n<tr>\n<td>93103<\/td>\n<td>Metodologia da Pesquisa e Semin\u00e1rio de Disserta\u00e7\u00e3o<\/td>\n<td>60<\/td>\n<td>4<\/td>\n<td>O conhecimento cient\u00edfico. Tipos de pesquisa cient\u00edfica. Caracter\u00edsticas da linguagem cient\u00edfica. T\u00e9cnicas de leitura e an\u00e1lise de textos. Uso de bibliografia: normas t\u00e9cnicas e responsabilidade \u00e9tica.<br \/>\nPlanejamento da pesquisa e\u00a0metodologia da coleta de\u00a0informa\u00e7\u00f5es e de an\u00e1lise de dados. O papel da revis\u00e3o de literatura nas diferentes etapas da pesquisa e da conseq\u00fcente elabora\u00e7\u00e3o da \u201cDisserta\u00e7\u00e3o de Mestrado\u201d. Discuss\u00e3o sobre as tem\u00e1ticas eleitas e an\u00e1lise (discuss\u00e3o socializada) de diferentes possibilidades de conduz\u00ed-las rumo \u00e0 constru\u00e7\u00e3o da disserta\u00e7\u00e3o. Discuss\u00e3o dos problemas gerais, de natureza te\u00f3rico-metodol\u00f3gica, enfrentados nas pesquisas individuais dos mestrandos.<\/td>\n<\/tr>\n<tr>\n<td>93201<\/td>\n<td>Orienta\u00e7\u00e3o Disserta\u00e7\u00e3o\/Tese (ODT) \u2013 I<\/td>\n<td>30<\/td>\n<td>2<\/td>\n<td>Atividades de orienta\u00e7\u00e3o para desenvolvimento da disserta\u00e7\u00e3o de mestrado.<\/td>\n<\/tr>\n<tr>\n<td>93202<\/td>\n<td>Orienta\u00e7\u00e3o Disserta\u00e7\u00e3o\/Tese (ODT) \u2013 II<\/td>\n<td>30<\/td>\n<td>2<\/td>\n<td>Atividades de orienta\u00e7\u00e3o para desenvolvimento da disserta\u00e7\u00e3o de mestrado.<\/td>\n<\/tr>\n<tr>\n<td>93203<\/td>\n<td>Orienta\u00e7\u00e3o Disserta\u00e7\u00e3o\/Tese (ODT) \u2013 III<\/td>\n<td>30<\/td>\n<td>2<\/td>\n<td>Atividades de orienta\u00e7\u00e3o para desenvolvimento da disserta\u00e7\u00e3o de mestrado.<\/td>\n<\/tr>\n<tr>\n<td>93204<\/td>\n<td>Orienta\u00e7\u00e3o Disserta\u00e7\u00e3o\/Tese (ODT) \u2013 IV<\/td>\n<td>30<\/td>\n<td>2<\/td>\n<td>Atividades de orienta\u00e7\u00e3o para desenvolvimento da disserta\u00e7\u00e3o de mestrado.<\/td>\n<\/tr>\n<tr>\n<td>93301<\/td>\n<td>Estado e Pol\u00edticas P\u00fablicas<\/td>\n<td>60<\/td>\n<td>4<\/td>\n<td>Estado e Sociedade. Pol\u00edtica Econ\u00f4mica e social no Brasil. M\u00e9todos de an\u00e1lise de pol\u00edticas governamentais e suas<br \/>\nconseq\u00fc\u00eancias na sociedade.<br \/>\nImpacto das pol\u00edticas p\u00fablicas na organiza\u00e7\u00e3o territorial e no desenvolvimento regional. Pol\u00edtica P\u00fablica e as estrat\u00e9gias de desenvolvimento regional.<br \/>\nsociedade.<\/td>\n<\/tr>\n<tr>\n<td>93302<\/td>\n<td>Estado sociedade e desenvolvimento no Brasil<\/td>\n<td>60<\/td>\n<td>4<\/td>\n<td>Matrizes te\u00f3ricas do pensamento pol\u00edtico brasileiro na hist\u00f3ria e na contemporaneidade e suas diferentes express\u00f5es em face do movimento da sociedade, da posi\u00e7\u00e3o do Brasil no contexto das na\u00e7\u00f5es e das rela\u00e7\u00f5es do Brasil no contexto mundial frente \u00e0s tend\u00eancias atuais.<\/td>\n<\/tr>\n<tr>\n<td>93303<\/td>\n<td>Sociedade civil e democracia<\/td>\n<td>60<\/td>\n<td>4<\/td>\n<td>As rela\u00e7\u00f5es entre Estado, democracia e sociedade civil. Contextualiza\u00e7\u00e3o hist\u00f3rica da organiza\u00e7\u00e3o e do comportamento das classes e dos movimentos sociais no Brasil. Estrutura\u00e7\u00e3o da esfera p\u00fablica e das v\u00e1rias express\u00f5es e configura\u00e7\u00f5es da sociedade civil contempor\u00e2nea: terceiro setor, movimentos sociais, ONGS e outras.<\/td>\n<\/tr>\n<tr>\n<td>93304<\/td>\n<td>Direitos e Prote\u00e7\u00e3o Social<\/td>\n<td>60<\/td>\n<td>4<\/td>\n<td>Os modelos de prote\u00e7\u00e3o social e seus fundamentos. O desenvolvimento do sistema brasileiro de prote\u00e7\u00e3o social. O papel do Estado e da sociedade civil na formula\u00e7\u00e3o das pol\u00edticas p\u00fablicas. Redes de Prote\u00e7\u00e3o social e pol\u00edticas p\u00fablicas.<\/td>\n<\/tr>\n<tr>\n<td>93305<\/td>\n<td>Estrutura do Poder e Sistema de Decis\u00f5es<\/td>\n<td>60<\/td>\n<td>4<\/td>\n<td>An\u00e1lise das diferentes formas de estrutura\u00e7\u00e3o do poder e dos processos decis\u00f5rios delas decorrentes: estudo dos quadros te\u00f3ricos de refer\u00eancia dos temas \u201cpoder\u201d e \u201cdecis\u00e3o\u201d e da problem\u00e1tica derivada da rela\u00e7\u00e3o entre os mesmos. Estudos comparativos entre discursos te\u00f3ricos (de diferentes vis\u00f5es de mundo) sobre esses temas mais a rela\u00e7\u00e3o entre ambos e a operacionaliza\u00e7\u00e3o pr\u00e1tica de inten\u00e7\u00f5es calcadas nesses discursos, em distintos e\/ou determinados solos estruturais, conjunturais e culturais. Teorias pol\u00edticas e modelos de a\u00e7\u00e3o po\u00edtica. \u00c9tica e institui\u00e7\u00f5es pol\u00edticas.<\/td>\n<\/tr>\n<tr>\n<td>93306<\/td>\n<td>Comunica\u00e7\u00e3o, Pol\u00edtica e Sociabilidade Contempor\u00e2nea.<\/td>\n<td>60<\/td>\n<td>4<\/td>\n<td>A m\u00eddia como (novo) espa\u00e7o e mecanismo de constru\u00e7\u00e3o da subjetividade social. Poss\u00edveis altera\u00e7\u00f5es e perspectivaa das rela\u00e7\u00f5es de sociabilidade. A (re) configura\u00e7\u00e3o dos espa\u00e7os sociais.(p\u00fablico\/privado) contempor\u00e2neos a partir do fortalecimento dos meios eletr\u00f4nicos.<\/td>\n<\/tr>\n<tr>\n<td>93307<\/td>\n<td>Realidade, Conceitos Sociais, Representa\u00e7\u00f5es e Imagin\u00e1rio.<\/td>\n<td>60<\/td>\n<td>4<\/td>\n<td>Realidade: explica\u00e7\u00e3o cient\u00edfica dos fen\u00f4menos e significado particular dos mesmos para determinadas classes de sujeitos e para sujeitos singulares. As representa\u00e7\u00f5es e a relatividade da verdade: a pluralidade das raz\u00f5es; o outro como alteridade. Sistemas de valores. O imagin\u00e1rio social: imagina\u00e7\u00e3o individual e s\u00edmbolos coletivos. Representa\u00e7\u00f5es e ideologias.<\/td>\n<\/tr>\n<tr>\n<td>93308<\/td>\n<td>Intermedia\u00e7\u00e3o de interesses, cultura e governabilidade: dilemas do ideal democr\u00e1tico contempor\u00e2neo.<\/td>\n<td>60<\/td>\n<td>4<\/td>\n<td>Participa\u00e7\u00e3o popular e legitimidade da representa\u00e7\u00e3o. O legal, o leg\u00edtimo e o representativo. A natureza da rela\u00e7\u00e3o homem e poder: homem, poder e hist\u00f3ria. O indiv\u00edduo e a sociedade. O coletivo e a democracia frente ao caldo cultural do individualismo.<\/td>\n<\/tr>\n<tr>\n<td>93510<\/td>\n<td>Trabalho: aspectos hist\u00f3ricos e s\u00f3ciojur\u00eddicos<\/td>\n<td>60<\/td>\n<td>4<\/td>\n<td>Evolu\u00e7\u00e3o hist\u00f3rica das concep\u00e7\u00f5es do trabalho, desde a Antiguidade at\u00e9 a modernidade. An\u00e1lise do trabalho no tempo, sob a \u00f3tica do Direito Romano at\u00e9 a atualidade no direito brasileiro. Trabalho decente, Prote\u00e7\u00e3o Social e precariza\u00e7\u00e3o do trabalho.<\/td>\n<\/tr>\n<tr>\n<td>93311<\/td>\n<td>T\u00f3picos Especiais<\/td>\n<td>15 ou 30<\/td>\n<td>1 ou 2<\/td>\n<td>Discuss\u00e3o de temas por doutores com produ\u00e7\u00e3o expressiva em suas respectivas \u00e1reas, atrav\u00e9s de reflex\u00e3o e do debate, visando a atualiza\u00e7\u00e3o de conhecimento e\/ou divulga\u00e7\u00e3o dos avan\u00e7os da ci\u00eancia em diferentes \u00e1reas do saber, com vistas a subsidiar os alunos na realiza\u00e7\u00e3o de suas an\u00e1lises e na constru\u00e7\u00e3o de suas disserta\u00e7\u00f5es de mestrado.<\/td>\n<\/tr>\n<tr>\n<td>93401<\/td>\n<td>N\u00facleos Tem\u00e1ticos de Estudos e Pesquisa \u2013<\/td>\n<td>45<\/td>\n<td>2<\/td>\n<td>Participa\u00e7\u00e3o em n\u00facleo de pesquisa formalmente constitu\u00eddo em institui\u00e7\u00f5es de ensino superior ou institutos de pesquisa, comprovado por declara\u00e7\u00e3o de participa\u00e7\u00e3o carga hor\u00e1ria e per\u00edodo de participa\u00e7\u00e3o.<\/td>\n<\/tr>\n<\/tbody>\n<\/table>\n<p><em>Obs: os cr\u00e9ditos indicados em atividades programadas pontuam o m\u00e1ximo de cr\u00e9ditos que poder\u00e1 ser obtido por atividade.<\/em><\/p>\n<p><em>\u00b9 Est\u00e1gio de doc\u00eancia \u00e9 valido apenas para alunos n\u00e3o bolsistas de Capes\/Cnpq\/Funda\u00e7\u00e3o Arauc\u00e1ria, uma vez que este \u00e9 um crit\u00e9rio de exig\u00eancia para recebimento de bolsa.<\/em><\/p>\n\t\t\t<\/div>\n\t\t<\/div>\n\t\t\t<div class=\"sow-tabs-panel\">\n\t\t\t<div class=\"sow-tabs-panel-content\" role=\"tabpanel\" aria-hidden=\"true\">\n\t\t\t\t<p><strong>1\u00ba Semestre \u2013 2021:<\/strong><\/p>\n<p><a href=\"http:\/\/www2.uepg.br\/ppgcsa\/wp-content\/uploads\/sites\/34\/2021\/08\/Grade-de-Disciplinas-do-1o-semestre-de-2021.pdf\">Grade de Disciplinas do 1\u00ba semestre de 2021<\/a><\/p>\n<p><strong>2\u00ba Semestre \u2013 2021<\/strong><\/p>\n<p><a href=\"http:\/\/www2.uepg.br\/ppgcsa\/wp-content\/uploads\/sites\/34\/2021\/09\/Grade-de-disciplinas-2o-Semestre-MESTRADO.pdf\">Grade de Disciplinas do 2\u00ba Semestre de 2021<\/a><\/p>\n\t\t\t<\/div>\n\t\t<\/div>\n\t\t\t<div class=\"sow-tabs-panel\">\n\t\t\t<div class=\"sow-tabs-panel-content\" role=\"tabpanel\" aria-hidden=\"true\">\n\t\t\t\t<p style=\"text-align: center\"><a href=\"http:\/\/www2.uepg.br\/ppgcsa\/wp-content\/uploads\/sites\/34\/2019\/08\/Ementas-Mestrado.pdf\" target=\"_blank\" rel=\"noopener\">Ementas do Mestrado<\/a><\/p>\n\t\t\t<\/div>\n\t\t<\/div>\n\t\t<\/div>\n<\/div>\n<\/div><\/div><\/div><\/div><\/div>","protected":false},"excerpt":{"rendered":"<p>\u00c1rea de Concentra\u00e7\u00e3o Linhas de Pesquisa Estrutura curricular Disciplinas do Per\u00edodo Ementas do Mestrado Cidadania e Pol\u00edticas P\u00fablicas O Programa de Mestrado em Ci\u00eancias Sociais Aplicadas conta uma \u00c1rea de Concentra\u00e7\u00e3o \u2013 \u201cCidadania e Pol\u00edticas P\u00fablicas\u201d e com duas Linhas de Pesquisa: \u2013 Estado, Direitos e Pol\u00edticas P\u00fablicas e \u2013 Hist\u00f3ria, Cultura e Cidadania. \u00c1rea&nbsp;&hellip;<\/p>\n","protected":false},"author":24,"featured_media":0,"parent":0,"menu_order":0,"comment_status":"closed","ping_status":"closed","template":"","meta":[],"_links":{"self":[{"href":"https:\/\/www2.uepg.br\/ppgcsa\/wp-json\/wp\/v2\/pages\/144"}],"collection":[{"href":"https:\/\/www2.uepg.br\/ppgcsa\/wp-json\/wp\/v2\/pages"}],"about":[{"href":"https:\/\/www2.uepg.br\/ppgcsa\/wp-json\/wp\/v2\/types\/page"}],"author":[{"embeddable":true,"href":"https:\/\/www2.uepg.br\/ppgcsa\/wp-json\/wp\/v2\/users\/24"}],"replies":[{"embeddable":true,"href":"https:\/\/www2.uepg.br\/ppgcsa\/wp-json\/wp\/v2\/comments?post=144"}],"version-history":[{"count":4,"href":"https:\/\/www2.uepg.br\/ppgcsa\/wp-json\/wp\/v2\/pages\/144\/revisions"}],"predecessor-version":[{"id":903,"href":"https:\/\/www2.uepg.br\/ppgcsa\/wp-json\/wp\/v2\/pages\/144\/revisions\/903"}],"wp:attachment":[{"href":"https:\/\/www2.uepg.br\/ppgcsa\/wp-json\/wp\/v2\/media?parent=144"}],"curies":[{"name":"wp","href":"https:\/\/api.w.org\/{rel}","templated":true}]}}