{"id":148,"date":"2019-08-20T14:36:55","date_gmt":"2019-08-20T17:36:55","guid":{"rendered":"http:\/\/www2.uepg.br\/ppgcsa\/?page_id=148"},"modified":"2021-09-20T19:02:42","modified_gmt":"2021-09-20T22:02:42","slug":"doutorado","status":"publish","type":"page","link":"https:\/\/www2.uepg.br\/ppgcsa\/doutorado\/","title":{"rendered":"Doutorado"},"content":{"rendered":"<div id=\"pl-148\"  class=\"panel-layout\" ><div id=\"pg-148-0\"  class=\"panel-grid panel-no-style\" ><div id=\"pgc-148-0-0\"  class=\"panel-grid-cell\" ><div id=\"panel-148-0-0-0\" class=\"so-panel widget widget_sow-tabs panel-first-child panel-last-child\" data-index=\"0\" ><div\n\t\t\t\n\t\t\tclass=\"so-widget-sow-tabs so-widget-sow-tabs-default-68971a9e08cc-148\"\n\t\t\t\n\t\t><div class=\"sow-tabs\">\n\t<div class=\"sow-tabs-tab-container\" role=\"tablist\">\n\t\t\t<div class=\"sow-tabs-tab sow-tabs-tab-selected\"\n\t\t\t role=\"tab\" data-anchor=\"%c3%a1rea-de-concentra%c3%a7%c3%a3o\"\n\t\t\t aria-selected=\"true\" tabindex=\"0\">\n\t\t\t<div class=\"sow-tabs-title sow-tabs-title-icon-left\">\n\t\t\t\t\t\t\t\t\u00c1rea de Concentra\u00e7\u00e3o\t\t\t\t\t\t\t<\/div>\n\t\t<\/div>\n\t\t\t<div class=\"sow-tabs-tab\"\n\t\t\t role=\"tab\" data-anchor=\"linhas-de-pesquisa\"\n\t\t\t aria-selected=\"false\" tabindex=\"-1\">\n\t\t\t<div class=\"sow-tabs-title sow-tabs-title-icon-left\">\n\t\t\t\t\t\t\t\tLinhas de Pesquisa\t\t\t\t\t\t\t<\/div>\n\t\t<\/div>\n\t\t\t<div class=\"sow-tabs-tab\"\n\t\t\t role=\"tab\" data-anchor=\"estrutura-curricular\"\n\t\t\t aria-selected=\"false\" tabindex=\"-1\">\n\t\t\t<div class=\"sow-tabs-title sow-tabs-title-icon-left\">\n\t\t\t\t\t\t\t\tEstrutura curricular\t\t\t\t\t\t\t<\/div>\n\t\t<\/div>\n\t\t\t<div class=\"sow-tabs-tab\"\n\t\t\t role=\"tab\" data-anchor=\"disciplinas-do-per%c3%adodo\"\n\t\t\t aria-selected=\"false\" tabindex=\"-1\">\n\t\t\t<div class=\"sow-tabs-title sow-tabs-title-icon-left\">\n\t\t\t\t\t\t\t\tDisciplinas do Per\u00edodo\t\t\t\t\t\t\t<\/div>\n\t\t<\/div>\n\t\t\t<div class=\"sow-tabs-tab\"\n\t\t\t role=\"tab\" data-anchor=\"ementas-do-doutorado\"\n\t\t\t aria-selected=\"false\" tabindex=\"-1\">\n\t\t\t<div class=\"sow-tabs-title sow-tabs-title-icon-left\">\n\t\t\t\t\t\t\t\tEmentas do Doutorado\t\t\t\t\t\t\t<\/div>\n\t\t<\/div>\n\t\t<\/div>\n\t\n\t<div class=\"sow-tabs-panel-container\">\n\t\t\t<div class=\"sow-tabs-panel\">\n\t\t\t<div class=\"sow-tabs-panel-content\" role=\"tabpanel\" tabindex=\"0\">\n\t\t\t\t<p>O programa tem como\u00a0 \u00e1rea de concentra\u00e7\u00e3o\u00a0 Cidadania e Pol\u00edticas P\u00fablicas e\u00a0 duas Linhas de Pesquisa: \u2013 Estado, Direitos e Pol\u00edticas P\u00fablicas e \u2013 Hist\u00f3ria, Cultura e Cidadania. \u00c1rea e Linhas com potencial integrador\u00a0 dos eixos que balizam as pesquisas desenvolvidas no curso (Pol\u00edticas P\u00fablicas e Cidadania).A preocupa\u00e7\u00e3o \u00e9 garantir que a intera\u00e7\u00e3o entre o singular e o plural, o universal e o particular possam ser contemplados na an\u00e1lise da sociedade humana via os n\u00facleos e projetos de pesquisa.<\/p>\n\t\t\t<\/div>\n\t\t<\/div>\n\t\t\t<div class=\"sow-tabs-panel\">\n\t\t\t<div class=\"sow-tabs-panel-content\" role=\"tabpanel\" aria-hidden=\"true\">\n\t\t\t\t<p><strong>Estado, Direitos e Pol\u00edticas P\u00fablicas:<\/strong><\/p>\n<p>Centra na an\u00e1lise do Estado Moderno e nas Pol\u00edticas P\u00fablicas sob diferentes perspectivas te\u00f3ricas. Estudo das particularidades da forma\u00e7\u00e3o do Estado brasileiro, a din\u00e2mica entre Estado e sociedade civil. An\u00e1lise sobre a organiza\u00e7\u00e3o e as fun\u00e7\u00f5es do Estado, do seu poder de regula\u00e7\u00e3o e do impacto econ\u00f4mico e social das pol\u00edticas p\u00fablicas. An\u00e1lise dos direitos sociais e ambientais e sua rela\u00e7\u00e3o com o exerc\u00edcio da cidadania, envolvendo direitos e obriga\u00e7\u00f5es.<\/p>\n<p>&nbsp;<\/p>\n<p><strong>Hist\u00f3ria, Cultura e Cidadania:<\/strong><\/p>\n<p>O foco de aten\u00e7\u00e3o \u00e9 o estudo do desenvolvimento hist\u00f3rico e cultural da sociedade brasileira e do espa\u00e7o regional. An\u00e1lise da rela\u00e7\u00e3o entre estrutura social e express\u00f5es da cultura popular, identidades, linguagem, m\u00eddia e cidadania, a compreens\u00e3o do espa\u00e7o regional. Visa investigar a partir de uma perspectiva interdisciplinar as pr\u00e1ticas de sujeitos de v\u00e1rios grupos sociais, considerando a complexidade de suas representa\u00e7\u00f5es e apropria\u00e7\u00f5es acerca de sua cidadania e de sua participa\u00e7\u00e3o (ou n\u00e3o) nas pol\u00edticas p\u00fablicas.<\/p>\n\t\t\t<\/div>\n\t\t<\/div>\n\t\t\t<div class=\"sow-tabs-panel\">\n\t\t\t<div class=\"sow-tabs-panel-content\" role=\"tabpanel\" aria-hidden=\"true\">\n\t\t\t\t<p>A grade curricular deve ser integralizada no m\u00e1ximo em 48 meses, com as disciplinas e atividades\u00a0 assim distribu\u00eddas:<\/p>\n<ol>\n<li>Disciplinas obrigat\u00f3rias do N\u00facleo comum (16 cr\u00e9ditos)<\/li>\n<li>Disciplinas eletivas do elenco geral (08 cr\u00e9ditos \u2013 sendo no m\u00e1ximo 4 cr\u00e9ditos em t\u00f3picos especiais)<\/li>\n<li>Atividades programadas (8 cr\u00e9ditos)<\/li>\n<li>Orienta\u00e7\u00e3o de disserta\u00e7\u00e3o (16 cr\u00e9ditos)<\/li>\n<\/ol>\n<p>Total:\u00a0 48 cr\u00e9ditos<\/p>\n<table width=\"100%\" cellspacing=\"0\" cellpadding=\"0\">\n<tbody>\n<tr>\n<td colspan=\"2\"><strong>C\u00f3digos\/Disciplinas-<\/strong><\/td>\n<td><em>Carga Hor\u00e1ria<\/em><\/td>\n<td><em>Cr\u00e9ditos<\/em><\/td>\n<\/tr>\n<tr>\n<td colspan=\"2\"><strong>N\u00facleo Comum(1)<\/strong><\/td>\n<td><\/td>\n<td><\/td>\n<\/tr>\n<tr>\n<td>93101<\/td>\n<td>Epistemologia e M\u00e9todos nas Ci\u00eancias Sociais<\/td>\n<td>60<\/td>\n<td>4<\/td>\n<\/tr>\n<tr>\n<td>93102<\/td>\n<td>An\u00e1lise de Conjuntura<\/td>\n<td>60<\/td>\n<td>4<\/td>\n<\/tr>\n<tr>\n<td>D93500<\/td>\n<td>Semin\u00e1rio de Tese<\/td>\n<td>60<\/td>\n<td>4<\/td>\n<\/tr>\n<tr>\n<td>D93501<\/td>\n<td>Semin\u00e1rio Avan\u00e7ado: Cidadania e Pol\u00edticasP\u00fablicas<\/td>\n<td>60<\/td>\n<td>4<\/td>\n<\/tr>\n<tr>\n<td colspan=\"2\"><strong>Orienta\u00e7\u00e3o de Disserta\u00e7\u00e3o(2)<\/strong><\/td>\n<td><\/td>\n<td><\/td>\n<\/tr>\n<tr>\n<td>D93502<\/td>\n<td>Orienta\u00e7\u00e3o Disserta\u00e7\u00e3o\/Tese (ODT) \u2013 I<\/td>\n<td>30<\/td>\n<td>2<\/td>\n<\/tr>\n<tr>\n<td>D93503<\/td>\n<td>Orienta\u00e7\u00e3o Disserta\u00e7\u00e3o\/Tese (ODT) \u2013 II<\/td>\n<td>30<\/td>\n<td>2<\/td>\n<\/tr>\n<tr>\n<td>D93504<\/td>\n<td>Orienta\u00e7\u00e3o Disserta\u00e7\u00e3o\/Tese (ODT) \u2013 III<\/td>\n<td>30<\/td>\n<td>2<\/td>\n<\/tr>\n<tr>\n<td>D93505<\/td>\n<td>Orienta\u00e7\u00e3o Disserta\u00e7\u00e3o\/Tese (ODT) \u2013 IV<\/td>\n<td>30<\/td>\n<td>2<\/td>\n<\/tr>\n<tr>\n<td>D93506<\/td>\n<td>Orienta\u00e7\u00e3o Disserta\u00e7\u00e3o\/Tese (ODT) \u2013 V<\/td>\n<td>30<\/td>\n<td>2<\/td>\n<\/tr>\n<tr>\n<td>D93507<\/td>\n<td>Orienta\u00e7\u00e3o Disserta\u00e7\u00e3o\/Tese (ODT) \u2013 VI<\/td>\n<td>30<\/td>\n<td>2<\/td>\n<\/tr>\n<tr>\n<td>D93508<\/td>\n<td>Orienta\u00e7\u00e3o Disserta\u00e7\u00e3o\/Tese (ODT) \u2013 VII<\/td>\n<td>30<\/td>\n<td>2<\/td>\n<\/tr>\n<tr>\n<td>D93509<\/td>\n<td>Orienta\u00e7\u00e3o Disserta\u00e7\u00e3o\/Tese (ODT) \u2013 VIII<\/td>\n<td>30<\/td>\n<td>2<\/td>\n<\/tr>\n<tr>\n<td colspan=\"2\"><strong>Elenco Geral(3)<\/strong><\/td>\n<td><\/td>\n<td><\/td>\n<\/tr>\n<tr>\n<td>93301<\/td>\n<td>Estado e Pol\u00edticas P\u00fablicas<\/td>\n<td>60<\/td>\n<td>4<\/td>\n<\/tr>\n<tr>\n<td>93302<\/td>\n<td>Estado, sociedade e desenvolvimento no Brasil<\/td>\n<td>60<\/td>\n<td>4<\/td>\n<\/tr>\n<tr>\n<td>93303<\/td>\n<td>Sociedade civil e democracia<\/td>\n<td>60<\/td>\n<td>4<\/td>\n<\/tr>\n<tr>\n<td>93304<\/td>\n<td>Direitos e Prote\u00e7\u00e3o Social<\/td>\n<td>60<\/td>\n<td>4<\/td>\n<\/tr>\n<tr>\n<td>93305<\/td>\n<td>Estrutura do Poder e Sistema de Decis\u00f5es<\/td>\n<td>60<\/td>\n<td>4<\/td>\n<\/tr>\n<tr>\n<td>93306<\/td>\n<td>Comunica\u00e7\u00e3o, Pol\u00edtica e SociabilidadeContempor\u00e2nea.<\/td>\n<td>60<\/td>\n<td>4<\/td>\n<\/tr>\n<tr>\n<td>93307<\/td>\n<td>Realidade, Conceitos Sociais, representa\u00e7\u00f5es e Imagin\u00e1rio.<\/td>\n<td>60<\/td>\n<td>4<\/td>\n<\/tr>\n<tr>\n<td>93308<\/td>\n<td>Intermedia\u00e7\u00e3o de interesses, cultura egovernabilidade: dilemas do ideal democr\u00e1tico contempor\u00e2neo.<\/td>\n<td>60<\/td>\n<td>4<\/td>\n<\/tr>\n<tr>\n<td>93510<\/td>\n<td>\u00a0Trabalho: aspectos hist\u00f3ricos esociojur\u00eddicos.<\/td>\n<td>60<\/td>\n<td>4<\/td>\n<\/tr>\n<tr>\n<td>93311<\/td>\n<td>T\u00f3picos Especiais<\/td>\n<td>15 ou 30<\/td>\n<td>1 ou 2<\/td>\n<\/tr>\n<tr>\n<td colspan=\"2\"><strong>Atividades Programadas(4)<\/strong><\/td>\n<td><\/td>\n<td>Cr\u00e9dito m\u00e1x.<\/td>\n<\/tr>\n<tr>\n<td>93401<\/td>\n<td><strong>N\u00facleos Tem\u00e1ticos de Estudos e Pesquisa \u2013<\/strong>Participa\u00e7\u00e3o de \u2013 no m\u00ednimo \u2013 1 ano letivo ou no m\u00ednimo 45 horas de carga hor\u00e1ria, em n\u00facleo de pesquisa formalmente constitu\u00eddo em institui\u00e7\u00f5es de ensino superior ou institutos de pesquisa, comprovado por declara\u00e7\u00e3o de participa\u00e7\u00e3o carga hor\u00e1ria e per\u00edodo de participa\u00e7\u00e3o.<\/td>\n<td><\/td>\n<td><strong>2<\/strong><\/td>\n<\/tr>\n<tr>\n<td>93402<\/td>\n<td>Est\u00e1gio de doc\u00eancia de no m\u00ednimo 1 (um)semestre em institui\u00e7\u00e3o de ensino e pesquisa, no Pa\u00eds ou no Exterior.<\/td>\n<td><\/td>\n<td>2<\/td>\n<\/tr>\n<tr>\n<td>93403<\/td>\n<td>Participa\u00e7\u00e3o do mestrando em eventoscient\u00edficos (semin\u00e1rios, encontros, congressos\u2026), no Pa\u00eds e\/ou no Exterior, com publica\u00e7\u00e3o de artigo completo em anais.<\/td>\n<td><\/td>\n<td>2<\/td>\n<\/tr>\n<tr>\n<td>93404<\/td>\n<td>Trabalho publicado em peri\u00f3dico de express\u00e3o acad\u00eamica.<\/td>\n<td><\/td>\n<td>2<\/td>\n<\/tr>\n<tr>\n<td>93405<\/td>\n<td>Organiza\u00e7\u00e3o de eventos \/semin\u00e1rios noPrograma.<\/td>\n<td><\/td>\n<td>1<\/td>\n<\/tr>\n<tr>\n<td>93406<\/td>\n<td>Participa\u00e7\u00e3o em bancas de defesa de mestrado e doutorado (m\u00ednimo 4 participa\u00e7\u00f5es).<\/td>\n<td><\/td>\n<td>1<\/td>\n<\/tr>\n<tr>\n<td>93407<\/td>\n<td>Outras atividades n\u00e3o previstas, a ju\u00edzo doProfessor Orientador com o referendo e a aprova\u00e7\u00e3o do Colegiado do Programa.<\/td>\n<td><\/td>\n<td>1 a 2<\/td>\n<\/tr>\n<\/tbody>\n<\/table>\n<p><em>Obs: os cr\u00e9ditos indicados em atividades programadas pontuam o m\u00e1ximo de\u00a0cr\u00e9ditos\u00a0 que poder\u00e1 ser obtido por atividade.<\/em><\/p>\n\t\t\t<\/div>\n\t\t<\/div>\n\t\t\t<div class=\"sow-tabs-panel\">\n\t\t\t<div class=\"sow-tabs-panel-content\" role=\"tabpanel\" aria-hidden=\"true\">\n\t\t\t\t<p><strong>1\u00ba Semestre \u2013 2021:<\/strong><\/p>\n<p><a href=\"http:\/\/www2.uepg.br\/ppgcsa\/wp-content\/uploads\/sites\/34\/2021\/08\/Grade-de-Disciplinas-do-1o-semestre-de-2021.pdf\">Grade de Disciplinas do 1\u00ba semestre de 2021<\/a><\/p>\n<p><strong>2\u00ba Semestre \u2013 2021:<\/strong><\/p>\n<p><a href=\"http:\/\/www2.uepg.br\/ppgcsa\/wp-content\/uploads\/sites\/34\/2021\/09\/Grade-de-disciplinas-2o-Semestre-DOUTORADO.pdf\">Grade de Disciplinas do 2\u00ba Semestre de 2021<\/a><\/p>\n<p>&nbsp;<\/p>\n\t\t\t<\/div>\n\t\t<\/div>\n\t\t\t<div class=\"sow-tabs-panel\">\n\t\t\t<div class=\"sow-tabs-panel-content\" role=\"tabpanel\" aria-hidden=\"true\">\n\t\t\t\t<p style=\"text-align: center\"><a href=\"http:\/\/www2.uepg.br\/ppgcsa\/wp-content\/uploads\/sites\/34\/2019\/08\/Ementas-Doutorado.pdf\">Ementas do Doutorado<\/a><\/p>\n\t\t\t<\/div>\n\t\t<\/div>\n\t\t<\/div>\n<\/div>\n<\/div><\/div><\/div><\/div><\/div>","protected":false},"excerpt":{"rendered":"<p>\u00c1rea de Concentra\u00e7\u00e3o Linhas de Pesquisa Estrutura curricular Disciplinas do Per\u00edodo Ementas do Doutorado O programa tem como\u00a0 \u00e1rea de concentra\u00e7\u00e3o\u00a0 Cidadania e Pol\u00edticas P\u00fablicas e\u00a0 duas Linhas de Pesquisa: \u2013 Estado, Direitos e Pol\u00edticas P\u00fablicas e \u2013 Hist\u00f3ria, Cultura e Cidadania. \u00c1rea e Linhas com potencial integrador\u00a0 dos eixos que balizam as pesquisas desenvolvidas&nbsp;&hellip;<\/p>\n","protected":false},"author":24,"featured_media":0,"parent":0,"menu_order":0,"comment_status":"closed","ping_status":"closed","template":"","meta":[],"_links":{"self":[{"href":"https:\/\/www2.uepg.br\/ppgcsa\/wp-json\/wp\/v2\/pages\/148"}],"collection":[{"href":"https:\/\/www2.uepg.br\/ppgcsa\/wp-json\/wp\/v2\/pages"}],"about":[{"href":"https:\/\/www2.uepg.br\/ppgcsa\/wp-json\/wp\/v2\/types\/page"}],"author":[{"embeddable":true,"href":"https:\/\/www2.uepg.br\/ppgcsa\/wp-json\/wp\/v2\/users\/24"}],"replies":[{"embeddable":true,"href":"https:\/\/www2.uepg.br\/ppgcsa\/wp-json\/wp\/v2\/comments?post=148"}],"version-history":[{"count":3,"href":"https:\/\/www2.uepg.br\/ppgcsa\/wp-json\/wp\/v2\/pages\/148\/revisions"}],"predecessor-version":[{"id":900,"href":"https:\/\/www2.uepg.br\/ppgcsa\/wp-json\/wp\/v2\/pages\/148\/revisions\/900"}],"wp:attachment":[{"href":"https:\/\/www2.uepg.br\/ppgcsa\/wp-json\/wp\/v2\/media?parent=148"}],"curies":[{"name":"wp","href":"https:\/\/api.w.org\/{rel}","templated":true}]}}