{"id":156,"date":"2019-08-27T09:08:53","date_gmt":"2019-08-27T12:08:53","guid":{"rendered":"http:\/\/www2.uepg.br\/ppgcsa\/?page_id=156"},"modified":"2025-03-10T11:02:49","modified_gmt":"2025-03-10T14:02:49","slug":"apresentacao","status":"publish","type":"page","link":"https:\/\/www2.uepg.br\/ppgcsa\/","title":{"rendered":"Apresenta\u00e7\u00e3o"},"content":{"rendered":"<div id=\"pl-156\"  class=\"panel-layout\" ><div id=\"pg-156-0\"  class=\"panel-grid panel-no-style\" ><div id=\"pgc-156-0-0\"  class=\"panel-grid-cell\" ><div id=\"panel-156-0-0-0\" class=\"so-panel widget widget_sow-editor panel-first-child panel-last-child\" data-index=\"0\" ><div\n\t\t\t\n\t\t\tclass=\"so-widget-sow-editor so-widget-sow-editor-base\"\n\t\t\t\n\t\t>\n<div class=\"siteorigin-widget-tinymce textwidget\">\n\t<h4 style=\"text-align: center\">Apresenta\u00e7\u00e3o<\/h4>\n<p>O Programa de P\u00f3s Gradua\u00e7\u00e3o em Ci\u00eancias Sociais Aplicadas busca contribuir para a capacita\u00e7\u00e3o de docentes das diversas Universidades P\u00fablicas, bem como das demais Institui\u00e7\u00f5es de Ensino Superior, potencializando a melhoria da qualidade do ensino e o n\u00edvel de desempenho dos profissionais, como oportunidade de atualiza\u00e7\u00e3o e alargamento de horizontes para graduados docentes e n\u00e3o docentes.<\/p>\n<p>H\u00e1 preocupa\u00e7\u00e3o dos docentes do programa em propiciar forma\u00e7\u00e3o e a constante reciclagem de profissionais e de docentes com vistas ao fomento da pesquisa e uma interven\u00e7\u00e3o eficiente e eficaz na realidade, em especial nas quest\u00f5es e demandas diretamente relacionadas \u00e0 regi\u00e3o em que se situa a Universidade.<\/p>\n<p>A proposta do Programa de P\u00f3s Gradua\u00e7\u00e3o em Ci\u00eancias Sociais Aplicadas da UEPG considera a pesquisa numa perspectiva abrangente nas ci\u00eancias sociais e humanas, bem como em di\u00e1logo conceitual e metodol\u00f3gico com outros setores do conhecimento. Neste sentido\u00a0 prioriza a perspectiva interdisciplinar na constru\u00e7\u00e3o do saber cient\u00edfico, considerando a complexidade dos fen\u00f4menos da vida social, as novas formas de produ\u00e7\u00e3o do conhecimento, a gera\u00e7\u00e3o de novos conceitos e metodologias.<\/p>\n<p>A constru\u00e7\u00e3o de uma pr\u00e1tica interdisciplinar se traduz no eixo norteador das a\u00e7\u00f5es desenvolvidas no Programa, buscando formar um profissional com perfil distinto com forma\u00e7\u00e3o b\u00e1sica s\u00f3lida e integradora de saberes. O programa trabalha com diferentes \u00e1reas do conhecimento, n\u00e3o pertencentes \u00e0 mesma classe, que contribua para o avan\u00e7o das fronteiras da ci\u00eancia e tecnologia, atrav\u00e9s da transfer\u00eancia de m\u00e9todos de uma \u00e1rea para outra gerando novos conhecimentos ou disciplinas.<\/p>\n<p>O Programa de P\u00f3s Gradua\u00e7\u00e3o em Ci\u00eancias Sociais Aplicadas objetiva, ainda, fortalecer a pesquisa cient\u00edfica, ampliando a produ\u00e7\u00e3o e a qualidade do quadro docente vinculado \u00e0 gradua\u00e7\u00e3o, e fomentando a capacita\u00e7\u00e3o para egressos de pesquisas da gradua\u00e7\u00e3o, como \u00e9 o caso do Programa de Inicia\u00e7\u00e3o Cient\u00edfica (PIBIC CNPq\/UEPG\/Funda\u00e7\u00e3o Arauc\u00e1ria).<\/p>\n<p>Objetivos Gerais do Programa do em Ci\u00eancias Sociais Aplicadas da UEPG:<\/p>\n<ul>\n<li>formar pesquisadores na \u00e1rea das ci\u00eancias sociais aplicadas com uma perspectiva interdisciplinar na abordagem e an\u00e1lise dos problemas e temas inseridos na \u00e1rea de concentra\u00e7\u00e3o e linhas de pesquisa do programa;<\/li>\n<li>preparar profissionais da grande \u00e1rea de Ci\u00eancias Sociais Aplicadas e de \u00e1reas afins, por meio de atividades integradas de ensino e pesquisa, para a carreira docente, para a execu\u00e7\u00e3o de pesquisa e ao exerc\u00edcio profissional;<\/li>\n<li>incentivar o desenvolvimento de mentalidade cient\u00edfica e profissional cr\u00edtica, a partir da perspectiva interdisciplinar, nas tem\u00e1ticas compreendidas na \u00e1rea de concentra\u00e7\u00e3o do Programa;<\/li>\n<li>capacitar recursos humanos para uma pr\u00e1tica cient\u00edfica, pol\u00edtica e tecnicamente capaz nas distintas compet\u00eancias espec\u00edficas conferidas pelas diferentes gradua\u00e7\u00f5es, orientada para a melhoria da qualidade de vida da popula\u00e7\u00e3o;<\/li>\n<li>estimular a produ\u00e7\u00e3o acad\u00eamica, atrav\u00e9s de eventos, cursos e publica\u00e7\u00f5es de resultados de pesquisas nas diferentes formas de divulga\u00e7\u00e3o;<\/li>\n<li>concorrer para a melhoria da qualidade dos cursos de gradua\u00e7\u00e3o da UEPG e demais institui\u00e7\u00f5es de ensino superior, atrav\u00e9s da capacita\u00e7\u00e3o de docentes e dos egressos da gradua\u00e7\u00e3o;<\/li>\n<li>contribuir para o aprofundamento das reflex\u00f5es cient\u00edficas na \u00e1rea das Ci\u00eancias Sociais Aplicadas, com uma perspectiva interdisciplinar na abordagem dos diferentes objetos de estudos que se definem a partir da \u00e1rea de concentra\u00e7\u00e3o do programa e das linhas de pesquisas.<\/li>\n<li>Romper com a fragmenta\u00e7\u00e3o do saber sobre a realidade humana e social \u00e9 um desafio colocado aos pesquisadores, assim o programa busca desenvolver uma metodologia de pesquisa que integre os saberes das diferentes disciplinas envolvidas na respectiva \u00e1rea de concentra\u00e7\u00e3o.<\/li>\n<\/ul>\n<p>O Programa conta\u00a0 com o curso de Mestrado e Doutorado e desenvolve o conjunto de suas atividades de ensino e pesquisa para formar um profissional cr\u00edtico e comprometido com o desenvolvimento de processos emancipat\u00f3rios junto \u00e0s realidades sociais em que atua como docente ou como profissional no campo das pol\u00edticas p\u00fablicas, da sociedade civil e das pr\u00e1ticas sociais. Como pesquisador e formador dever\u00e1 ser capaz de dialogar com diferentes perspectivas te\u00f3ricas e metodol\u00f3gicas; contribuir para a constru\u00e7\u00e3o e socializa\u00e7\u00e3o de conhecimentos cr\u00edticos sobre as diversas express\u00f5es da quest\u00e3o social, bem como com a eleva\u00e7\u00e3o do n\u00edvel cultural e social da popula\u00e7\u00e3o que vive processos de exclus\u00e3o social, econ\u00f4mica, pol\u00edtica e cultural.<\/p>\n<h4 style=\"text-align: center\"><\/h4>\n<h4 style=\"text-align: center\">Coordenadora<\/h4>\n<p style=\"text-align: center\"><a href=\"http:\/\/lattes.cnpq.br\/3788365740475306\"><b>Dra. Lislei Teresinha Preuss<\/b><\/a><\/p>\n<h4 style=\"text-align: center\">Vice Coordenador<\/h4>\n<p style=\"text-align: center\"><a href=\"http:\/\/lattes.cnpq.br\/3478187864216384\" target=\"_blank\" rel=\"noopener noreferrer\"><strong>Dr. Carlos Eduardo Coradassi<\/strong><\/a><\/p>\n<\/div>\n<\/div><\/div><\/div><\/div><\/div>","protected":false},"excerpt":{"rendered":"<p>Apresenta\u00e7\u00e3o O Programa de P\u00f3s Gradua\u00e7\u00e3o em Ci\u00eancias Sociais Aplicadas busca contribuir para a capacita\u00e7\u00e3o de docentes das diversas Universidades P\u00fablicas, bem como das demais Institui\u00e7\u00f5es de Ensino Superior, potencializando a melhoria da qualidade do ensino e o n\u00edvel de desempenho dos profissionais, como oportunidade de atualiza\u00e7\u00e3o e alargamento de horizontes para graduados docentes e&nbsp;&hellip;<\/p>\n","protected":false},"author":24,"featured_media":0,"parent":0,"menu_order":0,"comment_status":"closed","ping_status":"closed","template":"","meta":[],"_links":{"self":[{"href":"https:\/\/www2.uepg.br\/ppgcsa\/wp-json\/wp\/v2\/pages\/156"}],"collection":[{"href":"https:\/\/www2.uepg.br\/ppgcsa\/wp-json\/wp\/v2\/pages"}],"about":[{"href":"https:\/\/www2.uepg.br\/ppgcsa\/wp-json\/wp\/v2\/types\/page"}],"author":[{"embeddable":true,"href":"https:\/\/www2.uepg.br\/ppgcsa\/wp-json\/wp\/v2\/users\/24"}],"replies":[{"embeddable":true,"href":"https:\/\/www2.uepg.br\/ppgcsa\/wp-json\/wp\/v2\/comments?post=156"}],"version-history":[{"count":30,"href":"https:\/\/www2.uepg.br\/ppgcsa\/wp-json\/wp\/v2\/pages\/156\/revisions"}],"predecessor-version":[{"id":1790,"href":"https:\/\/www2.uepg.br\/ppgcsa\/wp-json\/wp\/v2\/pages\/156\/revisions\/1790"}],"wp:attachment":[{"href":"https:\/\/www2.uepg.br\/ppgcsa\/wp-json\/wp\/v2\/media?parent=156"}],"curies":[{"name":"wp","href":"https:\/\/api.w.org\/{rel}","templated":true}]}}