{"id":1817,"date":"2025-03-27T15:40:12","date_gmt":"2025-03-27T18:40:12","guid":{"rendered":"https:\/\/www2.uepg.br\/ppgcsa\/?page_id=1817"},"modified":"2025-03-28T09:06:24","modified_gmt":"2025-03-28T12:06:24","slug":"autoavaliacao-institucional-e-planejamento-estrategico","status":"publish","type":"page","link":"https:\/\/www2.uepg.br\/ppgcsa\/autoavaliacao-institucional-e-planejamento-estrategico\/","title":{"rendered":"Autoavalia\u00e7\u00e3o Institucional e Planejamento Estrat\u00e9gico"},"content":{"rendered":"<p><span style=\"font-weight: 400\">O Relat\u00f3rio, aqui postado, resulta da<\/span> <span style=\"font-weight: 400\">Avalia\u00e7\u00e3o Institucional Interna, do Quadri\u00eanio 2021 a 2024, e do Planejamento Estrat\u00e9gico do Programa de P\u00f3s-Gradua\u00e7\u00e3o em Ci\u00eancias Sociais Aplicadas \u2013 Mestrado e Doutorado (PPGCSA) &#8211; UEPG para o pr\u00f3ximo quadri\u00eanio.<\/span><\/p>\n<p><span style=\"font-weight: 400\">A Avalia\u00e7\u00e3o Institucional Interna foi realizada com egressos, alunos regulares e docentes do PPGCSA, atrav\u00e9s de question\u00e1rios semi estruturados que se encontram aqui postados para consulta. As quest\u00f5es elaboradas objetivaram:\u00a0 identificar o perfil acad\u00eamico e profissional dos discentes, docentes e egressos do Programa; o cadastro no ORCID e demais plataformas para registro da vida acad\u00eamica de estudantes e pesquisadores; atualiza\u00e7\u00e3o do curr\u00edculo lattes; reunir as opini\u00f5es e percep\u00e7\u00f5es dos discentes sobre diferentes aspectos do programa, visando seu aprimoramento cont\u00ednuo bem como as percep\u00e7\u00f5es individuais e coletivas, permitindo compreender os aspectos que impactam a experi\u00eancia acad\u00eamica e a contribui\u00e7\u00e3o institucional, dentre outras destacadas no Relat\u00f3rio.<\/span><\/p>\n<p><span style=\"font-weight: 400\">Com base nas respostas fornecidas, estas foram compiladas, categorizadas e analisadas criticamente, considerando tanto as observa\u00e7\u00f5es objetivas quanto os coment\u00e1rios qualitativos dos participantes. Essa abordagem permitiu identificar tend\u00eancias, destacar os diferenciais do Programa e apontar \u00e1reas que demandam de maior aten\u00e7\u00e3o e aprimoramento. Al\u00e9m disso, as percep\u00e7\u00f5es sobre o ambiente externo revelaram fatores conjunturais e estruturais que influenciam o desenvolvimento do programa, como as pol\u00edticas p\u00fablicas de ci\u00eancia e tecnologia e as condi\u00e7\u00f5es econ\u00f4micas e sociais.<\/span><\/p>\n<p><span style=\"font-weight: 400\">Os resultados foram organizados em an\u00e1lises detalhadas para cada uma das quest\u00f5es, complementadas por quadros-s\u00edntese que resumem os principais achados em categorias espec\u00edficas, facilitando a compreens\u00e3o e a utiliza\u00e7\u00e3o dos dados para embasar decis\u00f5es estrat\u00e9gicas e direcionar futuras a\u00e7\u00f5es do programa. Assim, tendo dom\u00ednio dos resultados da pesquisa, foi poss\u00edvel ter subs\u00eddios para a reflex\u00e3o e o planejamento institucional, fortalecendo o papel do PPGCSA como uma refer\u00eancia no campo das Ci\u00eancias Sociais Aplicadas.<\/span><\/p>\n<p><span style=\"font-weight: 400\">No dia 09 de dezembro de 2024, o Programa realizou o 1\u00ba Semin\u00e1rio Interno de Autoavalia\u00e7\u00e3o Institucional do Programa de P\u00f3s-Gradua\u00e7\u00e3o em Ci\u00eancias Sociais Aplicadas \/ PPGCSA e elaborou o Planejamento Estrat\u00e9gico para o quadri\u00eanio 2025-2028. Participaram dessa atividade docentes, discentes e egressos.<\/span><\/p>\n<p><span style=\"font-weight: 400\">A partir desta breve contextualiza\u00e7\u00e3o, voc\u00ea encontrar\u00e1 no Relat\u00f3rio os resultados da Avalia\u00e7\u00e3o Institucional Interna do PPGCSA do Quadri\u00eanio 2021 a 2024 bem como seu Planejamento Estrat\u00e9gico, detalhando as metas estabelecidas para o quadri\u00eanio, que inicia neste ano de 2025.<\/span><\/p>\n<p>&nbsp;<\/p>\n<p><span style=\"font-weight: 400\">Colegiado de Coordena\u00e7\u00e3o do Curso do Programa de P\u00f3s-gradua\u00e7\u00e3o em Ci\u00eancias Sociais Aplicadas \u2013 Mestrado e Doutorado<\/span><\/p>\n<p>&nbsp;<\/p>\n<blockquote><p>Acesso \u00e0 \u00edntegra dos question\u00e1rios e do relat\u00f3rio final pelos links abaixo:<\/p>\n<p><a href=\"http:\/\/www2.uepg.br\/ppgcsa\/wp-content\/uploads\/sites\/34\/2025\/03\/AVALIACAO-E-PLANEJAMENTO-ESTRATEGICO.docx.pdf\">RELAT\u00d3RIO DA AUTOAVALIA\u00c7\u00c3O INSTITUCIONAL E DO PLANEJAMENTO ESTRAT\u00c9GICO<\/a><\/p>\n<p><a href=\"http:\/\/www2.uepg.br\/ppgcsa\/wp-content\/uploads\/sites\/34\/2025\/03\/PPGSCA-AVALIACAO-DOCENTES-Formularios-Google-1.pdf\">FORMUL\u00c1RIO APLICADO AOS DOCENTES<\/a><\/p>\n<p><a href=\"http:\/\/www2.uepg.br\/ppgcsa\/wp-content\/uploads\/sites\/34\/2025\/03\/PPCSA-AVALIACAO-ALUNOS-REGULARES-Formularios-1-1.pdf\">FORMUL\u00c1RIO APLICADO AOS ALUNOS REGULARES<\/a><\/p>\n<p><a href=\"http:\/\/www2.uepg.br\/ppgcsa\/wp-content\/uploads\/sites\/34\/2025\/03\/PPGCSA-AVALIACAO-ALUNOS-EGRESSOS-Formularios-1-1.pdf\">FORMUL\u00c1RIO APLICADO AOS ALUNOS EGRESSOS<\/a><\/p><\/blockquote>\n","protected":false},"excerpt":{"rendered":"<p>O Relat\u00f3rio, aqui postado, resulta da Avalia\u00e7\u00e3o Institucional Interna, do Quadri\u00eanio 2021 a 2024, e do Planejamento Estrat\u00e9gico do Programa de P\u00f3s-Gradua\u00e7\u00e3o em Ci\u00eancias Sociais Aplicadas \u2013 Mestrado e Doutorado (PPGCSA) &#8211; UEPG para o pr\u00f3ximo quadri\u00eanio. A Avalia\u00e7\u00e3o Institucional Interna foi realizada com egressos, alunos regulares e docentes do PPGCSA, atrav\u00e9s de question\u00e1rios semi&nbsp;&hellip;<\/p>\n","protected":false},"author":378,"featured_media":0,"parent":0,"menu_order":0,"comment_status":"closed","ping_status":"closed","template":"","meta":[],"_links":{"self":[{"href":"https:\/\/www2.uepg.br\/ppgcsa\/wp-json\/wp\/v2\/pages\/1817"}],"collection":[{"href":"https:\/\/www2.uepg.br\/ppgcsa\/wp-json\/wp\/v2\/pages"}],"about":[{"href":"https:\/\/www2.uepg.br\/ppgcsa\/wp-json\/wp\/v2\/types\/page"}],"author":[{"embeddable":true,"href":"https:\/\/www2.uepg.br\/ppgcsa\/wp-json\/wp\/v2\/users\/378"}],"replies":[{"embeddable":true,"href":"https:\/\/www2.uepg.br\/ppgcsa\/wp-json\/wp\/v2\/comments?post=1817"}],"version-history":[{"count":3,"href":"https:\/\/www2.uepg.br\/ppgcsa\/wp-json\/wp\/v2\/pages\/1817\/revisions"}],"predecessor-version":[{"id":1829,"href":"https:\/\/www2.uepg.br\/ppgcsa\/wp-json\/wp\/v2\/pages\/1817\/revisions\/1829"}],"wp:attachment":[{"href":"https:\/\/www2.uepg.br\/ppgcsa\/wp-json\/wp\/v2\/media?parent=1817"}],"curies":[{"name":"wp","href":"https:\/\/api.w.org\/{rel}","templated":true}]}}