{"id":930,"date":"2021-11-24T01:04:01","date_gmt":"2021-11-24T04:04:01","guid":{"rendered":"https:\/\/www2.uepg.br\/ppgcsa\/?page_id=930"},"modified":"2025-01-11T10:48:42","modified_gmt":"2025-01-11T13:48:42","slug":"anais-de-eventos","status":"publish","type":"page","link":"https:\/\/www2.uepg.br\/ppgcsa\/arquivos\/anais-de-eventos\/","title":{"rendered":"Eventos e Anais de Eventos"},"content":{"rendered":"<div id=\"pl-930\" class=\"panel-layout\">\n<div id=\"pg-930-0\" class=\"panel-grid panel-no-style\">\n<div id=\"pgc-930-0-0\" class=\"panel-grid-cell\">\n<div id=\"panel-930-0-0-0\" class=\"so-panel widget widget_sow-editor panel-first-child panel-last-child\">\n<div class=\"so-widget-sow-editor so-widget-sow-editor-base\">\n<div class=\"siteorigin-widget-tinymce textwidget\">\n<h4><strong>EVENTOS<\/strong><\/h4>\n<p><a href=\"https:\/\/drive.google.com\/drive\/folders\/1Ficxsrzq3mxszdwS-P7RMMT-UIiGjRHa?usp=sharing\"><strong>2\u00b0 SIMP\u00d3SIO INTERAMERICANO PERSPECTIVAS SOBRE ALIMENTA\u00c7\u00c3O &#8220;Alimenta\u00e7\u00e3o na Universidade&#8221;<\/strong><\/a><\/p>\n<\/div>\n<p><img loading=\"lazy\" class=\"alignnone wp-image-1484\" src=\"http:\/\/www2.uepg.br\/ppgcsa\/wp-content\/uploads\/sites\/34\/2024\/06\/Post-Salve-a-Data-Instagram-2-Simposio3.jpg\" alt=\"\" width=\"492\" height=\"492\" \/><\/p>\n<p>Inscri\u00e7\u00e3o: <a href=\"http:\/\/u.uepg.br\/ciek\">CLIQUE AQUI <\/a><\/p>\n<\/div>\n<p>Saiba mais em: <a href=\"https:\/\/drive.google.com\/drive\/folders\/1Ficxsrzq3mxszdwS-P7RMMT-UIiGjRHa?usp=sharing\">ARQUIVOS<\/a><\/p>\n<p>Anais: <a href=\"https:\/\/drive.google.com\/file\/d\/1AqLLpbSUL_ryfxCTf8Y2FAvsjR6W4YBe\/view?usp=sharing\">CLIQUE AQUI<\/a><\/p>\n<p>&nbsp;<\/p>\n<p><strong>Pr\u00e9-evento do II Simp\u00f3sio Interamericano Perspectivas sobre Alimenta\u00e7\u00e3o:<\/strong> Confer\u00eancia Universit\u00e1ria de (In)seguran\u00e7a Alimentar<\/p>\n<\/div>\n<\/div>\n<\/div>\n<\/div>\n<p><img loading=\"lazy\" class=\" wp-image-1538\" src=\"http:\/\/www2.uepg.br\/ppgcsa\/wp-content\/uploads\/sites\/34\/2024\/08\/WhatsApp-Image-2024-08-14-at-18.31.51.jpeg\" alt=\"\" width=\"488\" height=\"488\" \/><\/p>\n<div id=\"pl-930\" class=\"panel-layout\">\n<div id=\"pg-930-0\" class=\"panel-grid panel-no-style\">\n<div id=\"pgc-930-0-0\" class=\"panel-grid-cell\">\n<div id=\"panel-930-0-0-0\" class=\"so-panel widget widget_sow-editor panel-first-child panel-last-child\">\n<ul>\n<li>Devolutiva e Proposi\u00e7\u00f5es Coletivas para a Alimenta\u00e7\u00e3o na UEPG<\/li>\n<li>Data: 18\/07 Local: Grande Audit\u00f3rio Campus Central<\/li>\n<li>Inscri\u00e7\u00e3o Pr\u00e9-evento: https:\/\/forms.gle\/qxJwFgDrHNm6WtVG6<\/li>\n<\/ul>\n<p>&nbsp;<\/p>\n<div class=\"so-widget-sow-editor so-widget-sow-editor-base\">\n<div class=\"siteorigin-widget-tinymce textwidget\">\n<p><a href=\"https:\/\/www.youtube.com\/live\/fRmm8dDl7jo?si=1O3gCOXO8GPGWs4p\"><strong>Live: PENSADORES DAS CI\u00caNCIAS HUMANAS E O PROBLEMA DA DEFINI\u00c7\u00c3O DO CONTEMPOR\u00c2NEO + MATERIAL DE BOLSO PPGCSA<\/strong><\/a><\/p>\n<p>&nbsp;<\/p>\n<p><img loading=\"lazy\" class=\"wp-image-1482 alignnone\" src=\"http:\/\/www2.uepg.br\/ppgcsa\/wp-content\/uploads\/sites\/34\/2024\/06\/WhatsApp-Image-2024-06-10-at-13.13.54.jpeg\" alt=\"\" width=\"491\" height=\"491\" \/><\/p>\n<\/div>\n<\/div>\n<\/div>\n<\/div>\n<\/div>\n<\/div>\n<p><img loading=\"lazy\" class=\"wp-image-1481 alignleft\" src=\"http:\/\/www2.uepg.br\/ppgcsa\/wp-content\/uploads\/sites\/34\/2024\/06\/WhatsApp-Image-2024-06-10-at-13.13.541.jpeg\" alt=\"\" width=\"490\" height=\"490\" \/><\/p>\n<p>&nbsp;<\/p>\n<p>&nbsp;<\/p>\n<p>&nbsp;<\/p>\n<p>&nbsp;<\/p>\n<p>&nbsp;<\/p>\n<p>&nbsp;<\/p>\n<p>&nbsp;<\/p>\n<p>&nbsp;<\/p>\n<p>&nbsp;<\/p>\n<p>&nbsp;<\/p>\n<p>&nbsp;<\/p>\n<p>&nbsp;<\/p>\n<div id=\"pl-930\" class=\"panel-layout\">\n<div id=\"pg-930-0\" class=\"panel-grid panel-no-style\">\n<div id=\"pgc-930-0-0\" class=\"panel-grid-cell\"><\/div>\n<\/div>\n<\/div>\n<ul>\n<li>Para acessar a transmiss\u00e3o do evento clique aqui: <a href=\"https:\/\/www.youtube.com\/live\/fRmm8dDl7jo?si=1O3gCOXO8GPGWs4p\">LINK YOUTUBE<\/a><\/li>\n<li>Material complementar indicado pelo palestrante: https:\/\/drive.google.com\/drive\/folders\/1byMCxVwm5b2c-kMUVAK-ovf1T-ZzgqVI?usp=sharing<\/li>\n<\/ul>\n<p>&nbsp;<\/p>\n<div id=\"pl-930\" class=\"panel-layout\">\n<div id=\"pg-930-0\" class=\"panel-grid panel-no-style\">\n<div id=\"pgc-930-0-0\" class=\"panel-grid-cell\">\n<div id=\"panel-930-0-0-0\" class=\"so-panel widget widget_sow-editor panel-first-child panel-last-child\">\n<p><a href=\"https:\/\/www.uepg.br\/1a-jornada-internacionalizacao-ppgcsa\/\"><strong>Jornada de Internacionaliza\u00e7\u00e3o do PPGCSA &#8211; Evento Pr\u00e9-ICA 2025<\/strong><\/a><\/p>\n<p>&nbsp;<\/p>\n<\/div>\n<\/div>\n<\/div>\n<\/div>\n<p><img loading=\"lazy\" class=\"wp-image-1479 alignleft\" src=\"http:\/\/www2.uepg.br\/ppgcsa\/wp-content\/uploads\/sites\/34\/2024\/06\/1.png\" alt=\"\" width=\"507\" height=\"717\" \/> <img loading=\"lazy\" class=\"wp-image-1480 alignleft\" src=\"http:\/\/www2.uepg.br\/ppgcsa\/wp-content\/uploads\/sites\/34\/2024\/06\/2.png\" alt=\"\" width=\"518\" height=\"733\" \/><\/p>\n<p>&nbsp;<\/p>\n<p>&nbsp;<\/p>\n<p>&nbsp;<\/p>\n<p>&nbsp;<\/p>\n<p>&nbsp;<\/p>\n<p>&nbsp;<\/p>\n<p>&nbsp;<\/p>\n<p>&nbsp;<\/p>\n<p>&nbsp;<\/p>\n<p>&nbsp;<\/p>\n<p>&nbsp;<\/p>\n<p>&nbsp;<\/p>\n<p>&nbsp;<\/p>\n<p>&nbsp;<\/p>\n<p>&nbsp;<\/p>\n<p>&nbsp;<\/p>\n<p>&nbsp;<\/p>\n<p>&nbsp;<\/p>\n<p>&nbsp;<\/p>\n<p>&nbsp;<\/p>\n<p>&nbsp;<\/p>\n<p>&nbsp;<\/p>\n<div id=\"pl-930\" class=\"panel-layout\">\n<div id=\"pg-930-0\" class=\"panel-grid panel-no-style\">\n<div id=\"pgc-930-0-0\" class=\"panel-grid-cell\">\n<div id=\"panel-930-0-0-0\" class=\"so-panel widget widget_sow-editor panel-first-child panel-last-child\">\n<div class=\"so-widget-sow-editor so-widget-sow-editor-base\">\n<div class=\"siteorigin-widget-tinymce textwidget\">\n<h4><\/h4>\n<p>&nbsp;<\/p>\n<p>&nbsp;<\/p>\n<p>&nbsp;<\/p>\n<p>&nbsp;<\/p>\n<p>&nbsp;<\/p>\n<p>&nbsp;<\/p>\n<p>&nbsp;<\/p>\n<p>&nbsp;<\/p>\n<p>&nbsp;<\/p>\n<p>&nbsp;<\/p>\n<p>&nbsp;<\/p>\n<p>&nbsp;<\/p>\n<p>&nbsp;<\/p>\n<p>&nbsp;<\/p>\n<p>&nbsp;<\/p>\n<p>MINICURSO: Patrim\u00f4nio, Identidade e Desenvolvimento Territorial<\/p>\n<h4><strong><img loading=\"lazy\" class=\"alignnone wp-image-1121\" src=\"http:\/\/www2.uepg.br\/ppgcsa\/wp-content\/uploads\/sites\/34\/2022\/10\/Evento-300x300.jpeg\" alt=\"\" width=\"505\" height=\"505\" srcset=\"https:\/\/www2.uepg.br\/ppgcsa\/wp-content\/uploads\/sites\/34\/2022\/10\/Evento-300x300.jpeg 300w, https:\/\/www2.uepg.br\/ppgcsa\/wp-content\/uploads\/sites\/34\/2022\/10\/Evento-1024x1024.jpeg 1024w, https:\/\/www2.uepg.br\/ppgcsa\/wp-content\/uploads\/sites\/34\/2022\/10\/Evento-150x150.jpeg 150w, https:\/\/www2.uepg.br\/ppgcsa\/wp-content\/uploads\/sites\/34\/2022\/10\/Evento-768x768.jpeg 768w, https:\/\/www2.uepg.br\/ppgcsa\/wp-content\/uploads\/sites\/34\/2022\/10\/Evento.jpeg 1080w\" sizes=\"(max-width: 505px) 100vw, 505px\" \/><\/strong><\/h4>\n<\/div>\n<\/div>\n<\/div>\n<\/div>\n<\/div>\n<\/div>\n<div id=\"pl-930\" class=\"panel-layout\">\n<div id=\"pg-930-0\" class=\"panel-grid panel-no-style\">\n<div id=\"pgc-930-0-0\" class=\"panel-grid-cell\">\n<div id=\"panel-930-0-0-0\" class=\"so-panel widget widget_sow-editor panel-first-child panel-last-child\">\n<div class=\"so-widget-sow-editor so-widget-sow-editor-base\">\n<div class=\"siteorigin-widget-tinymce textwidget\">\n<h4>ANAIS DE EVENTOS<\/h4>\n<p><a href=\"http:\/\/www2.uepg.br\/ppgcsa\/wp-content\/uploads\/sites\/34\/2023\/04\/Programa-completo-I-SIMPOSIO-EN-CIENCIAS-SOCIALES-APLICADAS-DCS-y-UEPG.pdf\">I Simp\u00f3sio DCS-UNJU\/UEPG de Ci\u00eancias Sociais Aplicadas<\/a><\/p>\n<p><a href=\"http:\/\/www2.uepg.br\/ppgcsa\/wp-content\/uploads\/sites\/34\/2021\/11\/Anais-do-1-Simp\u00f3sio-Interamericano-Perspectivas-sobre-Alimenta\u00e7\u00e3o.pdf\">Anais do I Simp\u00f3sio Interamericano Perspectivas sobre Alimenta\u00e7\u00e3o<\/a><\/p>\n<p><a href=\"http:\/\/www2.uepg.br\/ppgcsa\/wp-content\/uploads\/sites\/34\/2021\/11\/Anais-do-I-Coloquio-Inter-Nucleos-de-Pesquisa.pdf\">Anais do I Col\u00f3quio Inter-N\u00facleos de Pesquisa<\/a><\/p>\n<p><a href=\"http:\/\/www2.uepg.br\/ppgcsa\/wp-content\/uploads\/sites\/34\/2021\/11\/Anais-do-III-Simposio-Internacional-Interdisciplinar-em-Ciencias-Sociais-Aplicadas-Democracia-e-Direitos-Humanso.pdf\">Anais do III Simp\u00f3sio Internacional Interdisciplinar em Ci\u00eancias Sociais Aplicadas: Democracia e Direitos Humanos<\/a><\/p>\n<p><a href=\"https:\/\/drive.google.com\/file\/d\/1FVMUy-tgwE4qmk-oMHNLk1ALY2JVrzkG\/view?usp=sharing\">Arquivos II Simp\u00f3sio Interamericano Perspectivas sobre Alimenta\u00e7\u00e3o<\/a><\/p>\n<p>&nbsp;<\/p>\n<p>&nbsp;<\/p>\n<\/div>\n<\/div>\n<\/div>\n<\/div>\n<\/div>\n<\/div>\n","protected":false},"excerpt":{"rendered":"<p>EVENTOS 2\u00b0 SIMP\u00d3SIO INTERAMERICANO PERSPECTIVAS SOBRE ALIMENTA\u00c7\u00c3O &#8220;Alimenta\u00e7\u00e3o na Universidade&#8221; Inscri\u00e7\u00e3o: CLIQUE AQUI Saiba mais em: ARQUIVOS Anais: CLIQUE AQUI &nbsp; Pr\u00e9-evento do II Simp\u00f3sio Interamericano Perspectivas sobre Alimenta\u00e7\u00e3o: Confer\u00eancia Universit\u00e1ria de (In)seguran\u00e7a Alimentar Devolutiva e Proposi\u00e7\u00f5es Coletivas para a Alimenta\u00e7\u00e3o na UEPG Data: 18\/07 Local: Grande Audit\u00f3rio Campus Central Inscri\u00e7\u00e3o Pr\u00e9-evento: https:\/\/forms.gle\/qxJwFgDrHNm6WtVG6 &nbsp; Live:&nbsp;&hellip;<\/p>\n","protected":false},"author":184,"featured_media":0,"parent":70,"menu_order":0,"comment_status":"closed","ping_status":"closed","template":"","meta":[],"_links":{"self":[{"href":"https:\/\/www2.uepg.br\/ppgcsa\/wp-json\/wp\/v2\/pages\/930"}],"collection":[{"href":"https:\/\/www2.uepg.br\/ppgcsa\/wp-json\/wp\/v2\/pages"}],"about":[{"href":"https:\/\/www2.uepg.br\/ppgcsa\/wp-json\/wp\/v2\/types\/page"}],"author":[{"embeddable":true,"href":"https:\/\/www2.uepg.br\/ppgcsa\/wp-json\/wp\/v2\/users\/184"}],"replies":[{"embeddable":true,"href":"https:\/\/www2.uepg.br\/ppgcsa\/wp-json\/wp\/v2\/comments?post=930"}],"version-history":[{"count":27,"href":"https:\/\/www2.uepg.br\/ppgcsa\/wp-json\/wp\/v2\/pages\/930\/revisions"}],"predecessor-version":[{"id":1590,"href":"https:\/\/www2.uepg.br\/ppgcsa\/wp-json\/wp\/v2\/pages\/930\/revisions\/1590"}],"up":[{"embeddable":true,"href":"https:\/\/www2.uepg.br\/ppgcsa\/wp-json\/wp\/v2\/pages\/70"}],"wp:attachment":[{"href":"https:\/\/www2.uepg.br\/ppgcsa\/wp-json\/wp\/v2\/media?parent=930"}],"curies":[{"name":"wp","href":"https:\/\/api.w.org\/{rel}","templated":true}]}}