{"id":98,"date":"2019-08-19T15:15:37","date_gmt":"2019-08-19T18:15:37","guid":{"rendered":"http:\/\/www2.uepg.br\/ppgcsa\/?page_id=98"},"modified":"2019-08-19T15:15:37","modified_gmt":"2019-08-19T18:15:37","slug":"bolsas-de-estudo","status":"publish","type":"page","link":"https:\/\/www2.uepg.br\/ppgcsa\/bolsas-de-estudo\/","title":{"rendered":"Bolsas de Estudo"},"content":{"rendered":"<blockquote><p><strong>Portaria N\u00ba 76, de 14 de abril de 2010 \u2013 Regulamento de Demanda Social 2010.<\/strong><\/p><\/blockquote>\n<p>Crit\u00e9rios para Concess\u00e3o de Bolsas de Demanda Social:<br \/>\n\u2013 ser aluno(a) regular do Programa, ou seja, aprovado em processo seletivo e devidamente matriculado no programa;<br \/>\n\u2013 dedica\u00e7\u00e3o integral \u00e0s atividades do programa de p\u00f3s-gradua\u00e7\u00e3o;<br \/>\n\u2013 quando possuir v\u00ednculo empregat\u00edcio, estar liberado das atividades profissionais sem percep\u00e7\u00e3o de vencimentos;<br \/>\n\u2013 n\u00e3o possuir qualquer rela\u00e7\u00e3o de trabalho com o programa de p\u00f3s-gradua\u00e7\u00e3o;<br \/>\n\u2013 n\u00e3o ser aluno em programa de resid\u00eancia m\u00e9dica;<br \/>\n\u2013 n\u00e3o se encontrar aposentado ou em situa\u00e7\u00e3o equiparada;<br \/>\n\u2013 carecer, quando da concess\u00e3o da bolsa, do exerc\u00edcio laboral por tempo n\u00e3o inferior a dez anos para obter aposentadoria compuls\u00f3ria;<br \/>\n\u2013 n\u00e3o acumular a percep\u00e7\u00e3o da bolsa com qualquer modalidade de aux\u00edlio ou bolsa de outro programa da CAPES e\/ou Funda\u00e7\u00e3o Arauc\u00e1ria, ou de outra ag\u00eancia de fomento p\u00fablica nacional;<\/p>\n<p>Se classificado no processo seletivo especialmente instaurado pela promotora do curso o bolsista dever\u00e1 no per\u00edodo de 24 meses:<br \/>\n\u2013 comprovar desempenho acad\u00eamico, atrav\u00e9s de documento comprobat\u00f3rio de encaminhamento de 2 artigos durante o per\u00edodo de bolsa a uma Revista Cient\u00edfica classificada no qualis\/capes, 1 artigo ao ano;<br \/>\n\u2013 comprovar a apresenta\u00e7\u00e3o de 2 trabalhos em eventos significativos para o programa, ou por indica\u00e7\u00e3o do professor orientador;<br \/>\n\u2013 realizar est\u00e1gio docente definido pelo orientador e aprovado pelo colegiado;<br \/>\n\u2013 apresentar e defender disserta\u00e7\u00e3o de mestrado.<\/p>\n","protected":false},"excerpt":{"rendered":"<p>Portaria N\u00ba 76, de 14 de abril de 2010 \u2013 Regulamento de Demanda Social 2010. Crit\u00e9rios para Concess\u00e3o de Bolsas de Demanda Social: \u2013 ser aluno(a) regular do Programa, ou seja, aprovado em processo seletivo e devidamente matriculado no programa; \u2013 dedica\u00e7\u00e3o integral \u00e0s atividades do programa de p\u00f3s-gradua\u00e7\u00e3o; \u2013 quando possuir v\u00ednculo empregat\u00edcio, estar&nbsp;&hellip;<\/p>\n","protected":false},"author":24,"featured_media":0,"parent":0,"menu_order":0,"comment_status":"closed","ping_status":"closed","template":"","meta":[],"_links":{"self":[{"href":"https:\/\/www2.uepg.br\/ppgcsa\/wp-json\/wp\/v2\/pages\/98"}],"collection":[{"href":"https:\/\/www2.uepg.br\/ppgcsa\/wp-json\/wp\/v2\/pages"}],"about":[{"href":"https:\/\/www2.uepg.br\/ppgcsa\/wp-json\/wp\/v2\/types\/page"}],"author":[{"embeddable":true,"href":"https:\/\/www2.uepg.br\/ppgcsa\/wp-json\/wp\/v2\/users\/24"}],"replies":[{"embeddable":true,"href":"https:\/\/www2.uepg.br\/ppgcsa\/wp-json\/wp\/v2\/comments?post=98"}],"version-history":[{"count":2,"href":"https:\/\/www2.uepg.br\/ppgcsa\/wp-json\/wp\/v2\/pages\/98\/revisions"}],"predecessor-version":[{"id":100,"href":"https:\/\/www2.uepg.br\/ppgcsa\/wp-json\/wp\/v2\/pages\/98\/revisions\/100"}],"wp:attachment":[{"href":"https:\/\/www2.uepg.br\/ppgcsa\/wp-json\/wp\/v2\/media?parent=98"}],"curies":[{"name":"wp","href":"https:\/\/api.w.org\/{rel}","templated":true}]}}