{"id":10,"date":"2019-10-17T08:54:21","date_gmt":"2019-10-17T11:54:21","guid":{"rendered":"http:\/\/www2.uepg.br\/ppgcta\/?page_id=10"},"modified":"2023-07-20T13:50:15","modified_gmt":"2023-07-20T16:50:15","slug":"informacoes-e-contato","status":"publish","type":"page","link":"https:\/\/www2.uepg.br\/ppgcta\/informacoes-e-contato\/","title":{"rendered":"Informa\u00e7\u00f5es e Contato"},"content":{"rendered":"<h3 style=\"text-align: center\">INFORMA\u00c7\u00d5ES<\/h3>\n<p>&nbsp;<\/p>\n<p style=\"text-align: center\"><strong>A CIDADE E SUA LOCALIZA\u00c7\u00c3O<\/strong><br \/>\nPonta Grossa est\u00e1 localizada na Regi\u00e3o dos Campos Gerais a uma altitude m\u00e9dia de 980 m, distante 100 km da Capital do Estado do Paran\u00e1. Trata-se de um polo comercial e industrial importante, onde se atende uma popula\u00e7\u00e3o flutuante expressiva com uma intensa atividade universit\u00e1ria.<\/p>\n<p>&nbsp;<\/p>\n<p style=\"text-align: center\"><strong>A UNIVERSIDADE E SUA INSER\u00c7\u00c3O<\/strong><br \/>\nPr\u00f3-Reitoria de Pesquisa e de P\u00f3s-Gradua\u00e7\u00e3o.<\/p>\n<p style=\"text-align: center\">Centro Interdisciplinar de P\u00f3s-Gradua\u00e7\u00e3o.<\/p>\n<p style=\"text-align: center\">Setor de Engenharias, Ci\u00eancias Agr\u00e1rias e de Tecnologia.<\/p>\n<p style=\"text-align: center\">Departamento de Engenharia de Alimentos<\/p>\n<p>&nbsp;<\/p>\n<h3 style=\"text-align: center\">CONTATO<\/h3>\n<p style=\"text-align: center\"><em><strong>Coordena\u00e7\u00e3o do Programa de P\u00f3s-gradua\u00e7\u00e3o em C &amp; T Alimentos<\/strong><\/em><br \/>\nCoordenadora: Profa. Dra. Aline Alberti<br \/>\nVice-Coordenadora: Profa. Dra. Renata Dinnies Santos Salem<\/p>\n<p style=\"text-align: center\"><strong><em>Centro Interdisciplinar de Pesquisa e P\u00f3s-Gradua\u00e7\u00e3o &#8211; CIPP &#8211; Sala LP-118<\/em><\/strong><br \/>\nAv. Carlos Cavalcanti, 4748 &#8211; Campus Universit\u00e1rio de Uvaranas<br \/>\nCEP 84030-900- Ponta Grossa &#8211; Paran\u00e1 &#8211; BRASIL<\/p>\n<p><strong><em>Secretaria Acad\u00eamica de P\u00f3s-gradua\u00e7\u00e3o-CIPP- Sala LP-117<\/em><\/strong><br \/>\nAv. Carlos Cavalcanti, 4748 &#8211; Campus Universit\u00e1rio de Uvaranas<br \/>\nCEP 84030-900- Ponta Grossa &#8211; Paran\u00e1 &#8211; BRASIL<br \/>\nFone: (42) 3220-3093 \/(42) 2102-8921<br \/>\nE-mail: sspg.cipp@uepg.br<\/p>\n","protected":false},"excerpt":{"rendered":"<p>INFORMA\u00c7\u00d5ES &nbsp; A CIDADE E SUA LOCALIZA\u00c7\u00c3O Ponta Grossa est\u00e1 localizada na Regi\u00e3o dos Campos Gerais a uma altitude m\u00e9dia de 980 m, distante 100 km da Capital do Estado do Paran\u00e1. Trata-se de um polo comercial e industrial importante, onde se atende uma popula\u00e7\u00e3o flutuante expressiva com uma intensa atividade universit\u00e1ria. &nbsp; A UNIVERSIDADE&nbsp;&hellip;<\/p>\n","protected":false},"author":24,"featured_media":0,"parent":0,"menu_order":0,"comment_status":"closed","ping_status":"closed","template":"","meta":[],"_links":{"self":[{"href":"https:\/\/www2.uepg.br\/ppgcta\/wp-json\/wp\/v2\/pages\/10"}],"collection":[{"href":"https:\/\/www2.uepg.br\/ppgcta\/wp-json\/wp\/v2\/pages"}],"about":[{"href":"https:\/\/www2.uepg.br\/ppgcta\/wp-json\/wp\/v2\/types\/page"}],"author":[{"embeddable":true,"href":"https:\/\/www2.uepg.br\/ppgcta\/wp-json\/wp\/v2\/users\/24"}],"replies":[{"embeddable":true,"href":"https:\/\/www2.uepg.br\/ppgcta\/wp-json\/wp\/v2\/comments?post=10"}],"version-history":[{"count":6,"href":"https:\/\/www2.uepg.br\/ppgcta\/wp-json\/wp\/v2\/pages\/10\/revisions"}],"predecessor-version":[{"id":1031,"href":"https:\/\/www2.uepg.br\/ppgcta\/wp-json\/wp\/v2\/pages\/10\/revisions\/1031"}],"wp:attachment":[{"href":"https:\/\/www2.uepg.br\/ppgcta\/wp-json\/wp\/v2\/media?parent=10"}],"curies":[{"name":"wp","href":"https:\/\/api.w.org\/{rel}","templated":true}]}}