{"id":104,"date":"2019-10-17T10:17:47","date_gmt":"2019-10-17T13:17:47","guid":{"rendered":"http:\/\/www2.uepg.br\/ppgcta\/?page_id=104"},"modified":"2023-09-23T13:51:10","modified_gmt":"2023-09-23T16:51:10","slug":"corpo-docente","status":"publish","type":"page","link":"https:\/\/www2.uepg.br\/ppgcta\/corpo-docente\/","title":{"rendered":"Corpo Docente"},"content":{"rendered":"<p><strong>DOCENTES<\/strong><\/p>\n<table style=\"height: 1648px\" width=\"770\">\n<tbody>\n<tr>\n<td width=\"219\"><img loading=\"lazy\" class=\"aligncenter wp-image-278\" src=\"http:\/\/www2.uepg.br\/ppgcta\/wp-content\/uploads\/sites\/40\/2019\/11\/Alessandro.jpg\" alt=\"\" width=\"100\" height=\"119\" \/><\/td>\n<td width=\"87\">Prof. Dr. Alessandro Nogueira<\/td>\n<td width=\"195\"><a href=\"mailto:alessandronog@yahoo.com.br\">alessandronog@yahoo.com.br<\/a><\/p>\n<p><a href=\"https:\/\/orcid.org\/0000-0001-7671-3056\">ORCID<\/a><\/p>\n<p><a href=\"http:\/\/lattes.cnpq.br\/4765044162346741\">LATTES<\/a><\/p>\n<p><a href=\"https:\/\/www.scopus.com\/authid\/detail.uri?authorId=14058571800\">SCOPUS<\/a><\/p>\n<p><a href=\"https:\/\/scholar.google.com.br\/citations?user=SaAahosAAAAJ&amp;hl=pt-BR\">Google acad\u00eamico<\/a><\/td>\n<\/tr>\n<tr>\n<td width=\"219\"><img loading=\"lazy\" class=\"aligncenter wp-image-279\" src=\"http:\/\/www2.uepg.br\/ppgcta\/wp-content\/uploads\/sites\/40\/2019\/11\/Aline-150x150.jpg\" alt=\"\" width=\"100\" height=\"127\" srcset=\"https:\/\/www2.uepg.br\/ppgcta\/wp-content\/uploads\/sites\/40\/2019\/11\/Aline-236x300.jpg 236w, https:\/\/www2.uepg.br\/ppgcta\/wp-content\/uploads\/sites\/40\/2019\/11\/Aline.jpg 347w\" sizes=\"(max-width: 100px) 100vw, 100px\" \/><\/td>\n<td width=\"87\">Prof\u00aa Dr\u00aa Aline Alberti<\/td>\n<td width=\"195\"><a href=\"mailto:%20alinealberti@gmail.com\">alinealberti@gmail.com<\/a><\/p>\n<p><a href=\"https:\/\/orcid.org\/0000-0002-9787-4630\">ORCID<\/a><\/p>\n<p><a href=\"http:\/\/buscatextual.cnpq.br\/buscatextual\/visualizacv.do?id=K4556117D8\">LATTES<\/a><\/p>\n<p><a href=\"https:\/\/www.scopus.com\/authid\/detail.uri?authorId=39861067400\">SCOPUS<\/a><\/p>\n<p><a href=\"https:\/\/scholar.google.com.br\/citations?hl=pt-BR&amp;user=zyN-Z58AAAAJ\">Google acad\u00eamico<\/a><\/td>\n<\/tr>\n<tr>\n<td width=\"219\"><img loading=\"lazy\" class=\"aligncenter wp-image-280\" src=\"http:\/\/www2.uepg.br\/ppgcta\/wp-content\/uploads\/sites\/40\/2019\/11\/Ana-133x150.jpg\" alt=\"\" width=\"100\" height=\"133\" \/><\/td>\n<td width=\"87\">Prof\u00aa Dr\u00aa Ana Cl\u00e1udia Barana<\/td>\n<td width=\"195\"><a href=\"mailto:anabarana@yahoo.com\">anabarana@yahoo.com<\/a><\/p>\n<p><a href=\"https:\/\/orcid.org\/0000-0003-0445-5240\">ORCID<\/a><\/p>\n<p><a href=\"http:\/\/lattes.cnpq.br\/1251375044697776\">LATTES<\/a><\/p>\n<p><a href=\"https:\/\/www.scopus.com\/authid\/detail.uri?authorId=23993816400\">SCOPUS<\/a><\/p>\n<p><a href=\"https:\/\/scholar.google.com\/citations?user=E63315kAAAAJ&amp;hl=pt-BR\">Google acad\u00eamico<\/a><\/td>\n<\/tr>\n<tr>\n<td width=\"219\"><\/td>\n<td width=\"87\"><\/td>\n<td width=\"195\"><\/td>\n<\/tr>\n<tr>\n<td width=\"219\"><img loading=\"lazy\" class=\"aligncenter wp-image-283\" src=\"http:\/\/www2.uepg.br\/ppgcta\/wp-content\/uploads\/sites\/40\/2019\/11\/Egon.jpg\" alt=\"\" width=\"100\" height=\"143\" \/><\/td>\n<td width=\"87\">Prof. Dr. Egon Schnitzler<\/td>\n<td width=\"195\"><a href=\"mailto:egons@uepg.br\">egons@uepg.br<\/a><\/p>\n<p><a href=\"https:\/\/orcid.org\/0000-0003-2696-4441\">ORCID<\/a><\/p>\n<p><a href=\"http:\/\/lattes.cnpq.br\/2329470715245984\">LATTES<\/a><\/p>\n<p><a href=\"https:\/\/www.scopus.com\/authid\/detail.uri?authorId=8354737900\">SCOPUS<\/a><\/p>\n<p><a href=\"https:\/\/scholar.google.com.br\/citations?hl=pt-BR&amp;user=ceo1J1UAAAAJ\">Google acad\u00eamico<\/a><\/td>\n<\/tr>\n<tr>\n<td width=\"219\"><img loading=\"lazy\" class=\"aligncenter wp-image-284\" src=\"http:\/\/www2.uepg.br\/ppgcta\/wp-content\/uploads\/sites\/40\/2019\/11\/Eliane-263x300.jpg\" alt=\"\" width=\"100\" height=\"114\" srcset=\"https:\/\/www2.uepg.br\/ppgcta\/wp-content\/uploads\/sites\/40\/2019\/11\/Eliane-263x300.jpg 263w, https:\/\/www2.uepg.br\/ppgcta\/wp-content\/uploads\/sites\/40\/2019\/11\/Eliane.jpg 317w\" sizes=\"(max-width: 100px) 100vw, 100px\" \/><\/td>\n<td width=\"87\">Prof\u00aa Dr\u00aa Eliane Dalva Godoy Danesi<\/p>\n<p>&nbsp;<\/td>\n<td width=\"195\"><a href=\"mailto:elianegodoydanesi@hotmail.com\">elianegodoydanesi@hotmail.com<\/a><\/p>\n<p><a href=\"https:\/\/orcid.org\/0000-0003-1291-3950\">ORCID<\/a><\/p>\n<p><a href=\"http:\/\/buscatextual.cnpq.br\/buscatextual\/visualizacv.do?id=K4797445J5\">LATTES<\/a><\/p>\n<p><a href=\"https:\/\/www.scopus.com\/authid\/detail.uri?authorId=6507858608\">SCOPUS<\/a><\/p>\n<p><a href=\"https:\/\/scholar.google.com.br\/citations?hl=pt-BR&amp;user=Fp_UjLYAAAAJ\">Google acad\u00eamico<\/a><\/td>\n<\/tr>\n<tr>\n<td width=\"219\"><\/td>\n<td width=\"87\"><\/td>\n<td width=\"195\"><\/td>\n<\/tr>\n<tr>\n<td width=\"219\"><img loading=\"lazy\" class=\"aligncenter wp-image-286\" src=\"http:\/\/www2.uepg.br\/ppgcta\/wp-content\/uploads\/sites\/40\/2019\/11\/Ivo.jpg\" alt=\"\" width=\"100\" height=\"117\" \/><\/td>\n<td width=\"87\">Prof. Dr. Ivo Mottin Demiate<\/td>\n<td width=\"195\"><a href=\"mailto:demiate@yahoo.com\">demiate@yahoo.com<\/a><\/p>\n<p><a href=\"https:\/\/orcid.org\/0000-0002-5609-0186\">ORCID<\/a><\/p>\n<p><a href=\"http:\/\/lattes.cnpq.br\/7271461019945310\">LATTES<\/a><\/p>\n<p><a href=\"https:\/\/www.scopus.com\/authid\/detail.uri?authorId=8386663400\">SCOPUS<\/a><\/p>\n<p><a href=\"https:\/\/scholar.google.com\/citations?hl=pt-BR&amp;authuser=1&amp;user=7UsilcUAAAAJ\">Google acad\u00eamico<\/a><\/td>\n<\/tr>\n<tr>\n<td width=\"219\"><img loading=\"lazy\" class=\"aligncenter wp-image-287\" src=\"http:\/\/www2.uepg.br\/ppgcta\/wp-content\/uploads\/sites\/40\/2019\/11\/Juliana.jpg\" alt=\"\" width=\"100\" height=\"122\" \/><\/td>\n<td width=\"87\">Prof\u00aa Dr\u00aa Juliana Bonametti Olivato<\/td>\n<td width=\"195\"><a href=\"mailto:jubonametti@gmail.com\">jubonametti@gmail.com<\/a><\/p>\n<p><a href=\"https:\/\/orcid.org\/0000-0001-6463-6380\">ORCID<\/a><\/p>\n<p><a href=\"http:\/\/lattes.cnpq.br\/8398262188143940\">LATTES<\/a><\/p>\n<p><a href=\"https:\/\/www.scopus.com\/authid\/detail.uri?authorId=46261374700\">SCOPUS<\/a><\/p>\n<p><a href=\"https:\/\/scholar.google.com\/citations?user=xYnBiIYAAAAJ&amp;hl=pt-BR\">Google acad\u00eamico<\/a><\/td>\n<\/tr>\n<tr>\n<td width=\"219\"><img loading=\"lazy\" class=\"aligncenter wp-image-288\" src=\"http:\/\/www2.uepg.br\/ppgcta\/wp-content\/uploads\/sites\/40\/2019\/11\/Luiz.jpg\" alt=\"\" width=\"100\" height=\"111\" \/><\/td>\n<td width=\"87\">Prof. Dr. Luiz Gustavo Lacerda<\/td>\n<td width=\"195\"><a href=\"mailto:luizgustavo75@gmail.com\">luizgustavo75@gmail.com<\/a><\/p>\n<p><a href=\"https:\/\/orcid.org\/0000-0002-4689-5431\">ORCID<\/a><\/p>\n<p><a href=\"http:\/\/lattes.cnpq.br\/0289495208554953\">LATTES<\/a><\/p>\n<p><a href=\"https:\/\/www.scopus.com\/authid\/detail.uri?authorId=24481653100\">SCOPUS<\/a><\/p>\n<p><a href=\"https:\/\/scholar.google.com\/citations?user=oyQQb14AAAAJ&amp;hl=pt-BR\">Google acad\u00eamico<\/a><\/td>\n<\/tr>\n<tr>\n<td width=\"219\"><img loading=\"lazy\" class=\"aligncenter wp-image-289\" src=\"http:\/\/www2.uepg.br\/ppgcta\/wp-content\/uploads\/sites\/40\/2019\/11\/Marcelo.jpg\" alt=\"\" width=\"100\" height=\"113\" \/><\/td>\n<td width=\"87\">Prof. Dr. Marcelo Lazzarotto<\/td>\n<td width=\"195\"><a href=\"mailto:marcelo.lazzarotto@embrapa.br\">marcelo.lazzarotto@embrapa.br<\/a><\/p>\n<p><a href=\"https:\/\/orcid.org\/0000-0002-8860-0670\">ORCID<\/a><\/p>\n<p><a href=\"http:\/\/lattes.cnpq.br\/8608527792873084\">LATTES<\/a><\/p>\n<p><a href=\"https:\/\/www.scopus.com\/authid\/detail.uri?authorId=6603449305\">SCOPUS<\/a><\/p>\n<p><a href=\"https:\/\/scholar.google.com.br\/citations?hl=pt-BR&amp;user=5mDVEsAAAAAJ&amp;view_op=list_works&amp;gmla=AOV7GLOu8hlbgPAh6pAYRkpKvj6XtIviuJ8YTsO2avdKrb6MvVSQQtKu5ovYKeUsqEq0pnIeOp_6cHIGSWeBC008ZSY\">Google acad\u00eamico<\/a><\/td>\n<\/tr>\n<tr>\n<td width=\"219\"><img loading=\"lazy\" class=\"aligncenter wp-image-290\" src=\"http:\/\/www2.uepg.br\/ppgcta\/wp-content\/uploads\/sites\/40\/2019\/11\/Marina.jpg\" alt=\"\" width=\"100\" height=\"132\" \/><\/td>\n<td width=\"87\">Prof\u00aa Dr\u00aa Marina Tolentino Marinho<\/td>\n<td width=\"195\"><a href=\"mailto:mtolentinomarinho@gmail.com\">mtolentinomarinho@gmail.com<\/a><\/p>\n<p><a href=\"https:\/\/orcid.org\/0000-0002-4734-6856\">ORCID<\/a><\/p>\n<p><a href=\"http:\/\/buscatextual.cnpq.br\/buscatextual\/visualizacv.do?id=K4228591Z4\">LATTES<\/a><\/p>\n<p><a href=\"https:\/\/www.scopus.com\/authid\/detail.uri?authorId=56602530100\">SCOPUS<\/a><\/p>\n<p><a href=\"https:\/\/scholar.google.com\/citations?hl=pt-BR&amp;user=4PrWEdQAAAAJ&amp;view_op=list_works&amp;gmla=AOV7GLMSIRs3GL7R0dPWsXA6X7B27FxqfOUNALQ1gk0Hkd0nODQJlmWuSpk0G9Cw_2YvwVYrljnZ8tk\">Google acad\u00eamico<\/a><\/td>\n<\/tr>\n<tr>\n<td width=\"219\"><img loading=\"lazy\" class=\"aligncenter wp-image-292\" src=\"http:\/\/www2.uepg.br\/ppgcta\/wp-content\/uploads\/sites\/40\/2019\/11\/Renata.jpg\" alt=\"\" width=\"100\" height=\"115\" \/><\/td>\n<td width=\"87\">Prof\u00aa Dr\u00aa Renata Dinnies Santos Salem<\/td>\n<td width=\"195\"><a href=\"mailto:renatadinnies@gmail.com\">renatadinnies@gmail.com<\/a><\/p>\n<p><a href=\"https:\/\/orcid.org\/0000-0001-6211-9697\">ORCID<\/a><\/p>\n<p><a href=\"http:\/\/buscatextual.cnpq.br\/buscatextual\/visualizacv.do?id=K4794174U6\">LATTES<\/a><\/p>\n<p><a href=\"https:\/\/www.scopus.com\/authid\/detail.uri?authorId=56180265700\">SCOPUS<\/a><\/p>\n<p><a href=\"https:\/\/scholar.google.com\/citations?user=lclB3rcAAAAJ&amp;hl=en\">Google acad\u00eamico<\/a><\/td>\n<\/tr>\n<\/tbody>\n<\/table>\n<p><strong>COLABORADORES<\/strong><\/p>\n<table style=\"height: 253px\" width=\"775\">\n<tbody>\n<tr>\n<td width=\"150\"><img loading=\"lazy\" class=\"aligncenter wp-image-282\" src=\"http:\/\/www2.uepg.br\/ppgcta\/wp-content\/uploads\/sites\/40\/2019\/11\/Deise.jpg\" alt=\"\" width=\"100\" height=\"148\" \/><\/td>\n<td width=\"186\">Prof\u00aa Dr\u00aa. Deise Rosana Silva Sim\u00f5es<\/td>\n<td width=\"234\"><a href=\"mailto:deise.rsimoes@gmail.com\">deise.rsimoes@gmail.com<\/a><\/p>\n<p><a href=\"https:\/\/orcid.org\/0000-0001-7430-1234\">ORCID<\/a><\/p>\n<p><a href=\"http:\/\/lattes.cnpq.br\/6769881275854295\">LATTES<\/a><\/p>\n<p><a href=\"https:\/\/www.scopus.com\/authid\/detail.uri?authorId=14058839300\">SCOPUS<\/a><\/p>\n<p><a href=\"https:\/\/scholar.google.com\/citations?view_op=list_works&amp;hl=pt-BR&amp;user=m9wgni8AAAAJ&amp;gmla=AOV7GLM2e9EzIqlWafVcuWxdrUt6yyZBY2GsK_cqxnnTF6Fj83P3JcWTTID74lNne5G7__JRiUQPCJFy9wGtHXtH85lG6KuzMYKw96Q\">Google acad\u00eamico<\/a><\/td>\n<\/tr>\n<tr>\n<td width=\"150\"><img loading=\"lazy\" class=\"wp-image-965 aligncenter\" src=\"http:\/\/www2.uepg.br\/ppgcta\/wp-content\/uploads\/sites\/40\/2023\/02\/Imagem1-254x300.jpg\" alt=\"\" width=\"125\" height=\"148\" srcset=\"https:\/\/www2.uepg.br\/ppgcta\/wp-content\/uploads\/sites\/40\/2023\/02\/Imagem1-254x300.jpg 254w, https:\/\/www2.uepg.br\/ppgcta\/wp-content\/uploads\/sites\/40\/2023\/02\/Imagem1.jpg 609w\" sizes=\"(max-width: 125px) 100vw, 125px\" \/><\/td>\n<td width=\"186\">Prof\u00aa Dr\u00aa. Vivian Cristina Ito<\/td>\n<td width=\"234\">vivianito@gmail.com<\/p>\n<p><a href=\"https:\/\/orcid.org\/0000-0001-5143-590X\">ORCID<\/a><\/p>\n<p><a href=\"http:\/\/lattes.cnpq.br\/2269922006286286\">LATTES<\/a><\/p>\n<p><a href=\"https:\/\/www.scopus.com\/authid\/detail.uri?authorId=56035669300\">SCOPUS<\/a><\/p>\n<p><a href=\"https:\/\/scholar.google.com.br\/citations?hl=pt-BR&amp;user=iFG0MG8AAAAJ\">Google acad\u00eamico<\/a><\/td>\n<\/tr>\n<\/tbody>\n<\/table>\n<p>&nbsp;<\/p>\n<p>&nbsp;<\/p>\n<p>&nbsp;<\/p>\n<p>&nbsp;<\/p>\n<p>&nbsp;<\/p>\n<p>&nbsp;<\/p>\n<p>&nbsp;<\/p>\n","protected":false},"excerpt":{"rendered":"<p>DOCENTES Prof. Dr. Alessandro Nogueira alessandronog@yahoo.com.br ORCID LATTES SCOPUS Google acad\u00eamico Prof\u00aa Dr\u00aa Aline Alberti alinealberti@gmail.com ORCID LATTES SCOPUS Google acad\u00eamico Prof\u00aa Dr\u00aa Ana Cl\u00e1udia Barana anabarana@yahoo.com ORCID LATTES SCOPUS Google acad\u00eamico Prof. Dr. Egon Schnitzler egons@uepg.br ORCID LATTES SCOPUS Google acad\u00eamico Prof\u00aa Dr\u00aa Eliane Dalva Godoy Danesi &nbsp; elianegodoydanesi@hotmail.com ORCID LATTES SCOPUS Google acad\u00eamico&nbsp;&hellip;<\/p>\n","protected":false},"author":24,"featured_media":0,"parent":0,"menu_order":0,"comment_status":"closed","ping_status":"closed","template":"","meta":[],"_links":{"self":[{"href":"https:\/\/www2.uepg.br\/ppgcta\/wp-json\/wp\/v2\/pages\/104"}],"collection":[{"href":"https:\/\/www2.uepg.br\/ppgcta\/wp-json\/wp\/v2\/pages"}],"about":[{"href":"https:\/\/www2.uepg.br\/ppgcta\/wp-json\/wp\/v2\/types\/page"}],"author":[{"embeddable":true,"href":"https:\/\/www2.uepg.br\/ppgcta\/wp-json\/wp\/v2\/users\/24"}],"replies":[{"embeddable":true,"href":"https:\/\/www2.uepg.br\/ppgcta\/wp-json\/wp\/v2\/comments?post=104"}],"version-history":[{"count":25,"href":"https:\/\/www2.uepg.br\/ppgcta\/wp-json\/wp\/v2\/pages\/104\/revisions"}],"predecessor-version":[{"id":823,"href":"https:\/\/www2.uepg.br\/ppgcta\/wp-json\/wp\/v2\/pages\/104\/revisions\/823"}],"wp:attachment":[{"href":"https:\/\/www2.uepg.br\/ppgcta\/wp-json\/wp\/v2\/media?parent=104"}],"curies":[{"name":"wp","href":"https:\/\/api.w.org\/{rel}","templated":true}]}}