{"id":1177,"date":"2024-09-16T08:14:43","date_gmt":"2024-09-16T11:14:43","guid":{"rendered":"https:\/\/www2.uepg.br\/ppgcta\/?page_id=1177"},"modified":"2025-10-28T14:54:39","modified_gmt":"2025-10-28T17:54:39","slug":"regulamento","status":"publish","type":"page","link":"https:\/\/www2.uepg.br\/ppgcta\/regulamento\/","title":{"rendered":"Regulamento"},"content":{"rendered":"<p>Regulamento geral do PPGCTA<\/p>\n<p style=\"text-align: center\"><a href=\"http:\/\/www2.uepg.br\/ppgcta\/wp-content\/uploads\/sites\/40\/2020\/02\/2017-11-21_Resolucao-CEPE-035-2017-Novo-Regulamento-PPG-CTA.pdf\">Regulamento do Programa Acad\u00eamico de P\u00f3s-Gradua\u00e7\u00e3o em Ci\u00eancia e Tecnologia de Alimentos, da UEPG-2017.<\/a><\/p>\n<p>&nbsp;<\/p>\n<p>Resolu\u00e7\u00e3o sobre documentos para solicita\u00e7\u00e3o de aprova\u00e7\u00e3o de banca de defesa e publica\u00e7\u00f5es cient\u00edficas<\/p>\n<p style=\"text-align: center\"><a href=\"http:\/\/www2.uepg.br\/ppgcta\/wp-content\/uploads\/sites\/40\/2024\/10\/Resolucao-n\u00b002-2022-publicacoes.pdf\">Resolu\u00e7\u00e3o PPGCTA n\u00b002\/2022<\/a><\/p>\n<p>Resolu\u00e7\u00e3o sobre Ac\u00famulo de bolsa: decis\u00e3o colegiada 2023<\/p>\n<p style=\"text-align: center\"><a href=\"http:\/\/www2.uepg.br\/ppgcta\/wp-content\/uploads\/sites\/40\/2025\/10\/Resolucao-n\u00b001-2025-Acumulo-de-Bolsa.pdf\">Resolu\u00e7\u00e3o PPGCTA n\u00b001 2025<\/a><\/p>\n","protected":false},"excerpt":{"rendered":"<p>Regulamento geral do PPGCTA Regulamento do Programa Acad\u00eamico de P\u00f3s-Gradua\u00e7\u00e3o em Ci\u00eancia e Tecnologia de Alimentos, da UEPG-2017. &nbsp; Resolu\u00e7\u00e3o sobre documentos para solicita\u00e7\u00e3o de aprova\u00e7\u00e3o de banca de defesa e publica\u00e7\u00f5es cient\u00edficas Resolu\u00e7\u00e3o PPGCTA n\u00b002\/2022 Resolu\u00e7\u00e3o sobre Ac\u00famulo de bolsa: decis\u00e3o colegiada 2023 Resolu\u00e7\u00e3o PPGCTA n\u00b001 2025<\/p>\n","protected":false},"author":661,"featured_media":0,"parent":0,"menu_order":0,"comment_status":"closed","ping_status":"closed","template":"","meta":[],"_links":{"self":[{"href":"https:\/\/www2.uepg.br\/ppgcta\/wp-json\/wp\/v2\/pages\/1177"}],"collection":[{"href":"https:\/\/www2.uepg.br\/ppgcta\/wp-json\/wp\/v2\/pages"}],"about":[{"href":"https:\/\/www2.uepg.br\/ppgcta\/wp-json\/wp\/v2\/types\/page"}],"author":[{"embeddable":true,"href":"https:\/\/www2.uepg.br\/ppgcta\/wp-json\/wp\/v2\/users\/661"}],"replies":[{"embeddable":true,"href":"https:\/\/www2.uepg.br\/ppgcta\/wp-json\/wp\/v2\/comments?post=1177"}],"version-history":[{"count":5,"href":"https:\/\/www2.uepg.br\/ppgcta\/wp-json\/wp\/v2\/pages\/1177\/revisions"}],"predecessor-version":[{"id":1376,"href":"https:\/\/www2.uepg.br\/ppgcta\/wp-json\/wp\/v2\/pages\/1177\/revisions\/1376"}],"wp:attachment":[{"href":"https:\/\/www2.uepg.br\/ppgcta\/wp-json\/wp\/v2\/media?parent=1177"}],"curies":[{"name":"wp","href":"https:\/\/api.w.org\/{rel}","templated":true}]}}