{"id":1268,"date":"2025-05-16T10:34:13","date_gmt":"2025-05-16T13:34:13","guid":{"rendered":"https:\/\/www2.uepg.br\/ppgcta\/?page_id=1268"},"modified":"2025-05-20T10:47:09","modified_gmt":"2025-05-20T13:47:09","slug":"autoavaliacao","status":"publish","type":"page","link":"https:\/\/www2.uepg.br\/ppgcta\/autoavaliacao\/","title":{"rendered":"Autoavalia\u00e7\u00e3o"},"content":{"rendered":"<p><a href=\"http:\/\/www2.uepg.br\/ppgcta\/wp-content\/uploads\/sites\/40\/2025\/05\/Resultado-autoavaliacao-PPGCTA-2024.pdf\">Resultado autoavalia\u00e7\u00e3o PPGCTA 2024<\/a><\/p>\n<p><a href=\"https:\/\/drive.google.com\/file\/d\/1f89B9zYqIGiGOkD6EIM7AFWTn2lRvKa6\/view?usp=sharing\">Reuni\u00e3o autoavalia\u00e7\u00e3o 2024<\/a> &#8211; Visualiza\u00e7\u00e3o dispon\u00edveis para usu\u00e1rios da UEPG<\/p>\n<p><a href=\"http:\/\/www2.uepg.br\/ppgcta\/wp-content\/uploads\/sites\/40\/2025\/05\/Ata-autoavaliacao-2023.pdf\">Ata autoavalia\u00e7\u00e3o 2023 <\/a>\u00a0&#8211; <a href=\"https:\/\/drive.google.com\/file\/d\/1mYV1n8Y8lUueSMhAOgqBs76-ExJy7IY9\/view?usp=sharing\">Link<\/a> da grava\u00e7\u00e3o da reuni\u00e3o para usu\u00e1rios da UEPG<\/p>\n<p><a href=\"http:\/\/www2.uepg.br\/ppgcta\/wp-content\/uploads\/sites\/40\/2025\/05\/Autoavaliacao-do-PPGCTA-2021.pdf\">Autoavalia\u00e7\u00e3o do PPGCTA 2021<\/a><\/p>\n","protected":false},"excerpt":{"rendered":"<p>Resultado autoavalia\u00e7\u00e3o PPGCTA 2024 Reuni\u00e3o autoavalia\u00e7\u00e3o 2024 &#8211; Visualiza\u00e7\u00e3o dispon\u00edveis para usu\u00e1rios da UEPG Ata autoavalia\u00e7\u00e3o 2023 \u00a0&#8211; Link da grava\u00e7\u00e3o da reuni\u00e3o para usu\u00e1rios da UEPG Autoavalia\u00e7\u00e3o do PPGCTA 2021<\/p>\n","protected":false},"author":378,"featured_media":0,"parent":0,"menu_order":0,"comment_status":"closed","ping_status":"closed","template":"","meta":[],"_links":{"self":[{"href":"https:\/\/www2.uepg.br\/ppgcta\/wp-json\/wp\/v2\/pages\/1268"}],"collection":[{"href":"https:\/\/www2.uepg.br\/ppgcta\/wp-json\/wp\/v2\/pages"}],"about":[{"href":"https:\/\/www2.uepg.br\/ppgcta\/wp-json\/wp\/v2\/types\/page"}],"author":[{"embeddable":true,"href":"https:\/\/www2.uepg.br\/ppgcta\/wp-json\/wp\/v2\/users\/378"}],"replies":[{"embeddable":true,"href":"https:\/\/www2.uepg.br\/ppgcta\/wp-json\/wp\/v2\/comments?post=1268"}],"version-history":[{"count":3,"href":"https:\/\/www2.uepg.br\/ppgcta\/wp-json\/wp\/v2\/pages\/1268\/revisions"}],"predecessor-version":[{"id":1287,"href":"https:\/\/www2.uepg.br\/ppgcta\/wp-json\/wp\/v2\/pages\/1268\/revisions\/1287"}],"wp:attachment":[{"href":"https:\/\/www2.uepg.br\/ppgcta\/wp-json\/wp\/v2\/media?parent=1268"}],"curies":[{"name":"wp","href":"https:\/\/api.w.org\/{rel}","templated":true}]}}