{"id":175,"date":"2019-10-17T15:31:03","date_gmt":"2019-10-17T18:31:03","guid":{"rendered":"http:\/\/www2.uepg.br\/ppgcta\/?page_id=175"},"modified":"2026-02-13T14:05:39","modified_gmt":"2026-02-13T17:05:39","slug":"horarios","status":"publish","type":"page","link":"https:\/\/www2.uepg.br\/ppgcta\/horarios\/","title":{"rendered":"Hor\u00e1rios"},"content":{"rendered":"<p class=\"x_ydp41288388MsoNormal\">Hor\u00e1rio das disciplinas do 1\u00ba Semestre \/2026<\/p>\n<p><strong>(Os hor\u00e1rios das aulas podem sofrer altera\u00e7\u00f5es, as quais ser\u00e3o comunicadas previamente)<\/strong><\/p>\n<p><a href=\"http:\/\/www2.uepg.br\/ppgcta\/wp-content\/uploads\/sites\/40\/2026\/02\/Disciplinas-1o-semestre-2026.pdf\">Disciplinas 1\u00ba semestre 2026<\/a><\/p>\n<p>&nbsp;<\/p>\n","protected":false},"excerpt":{"rendered":"<p>Hor\u00e1rio das disciplinas do 1\u00ba Semestre \/2026 (Os hor\u00e1rios das aulas podem sofrer altera\u00e7\u00f5es, as quais ser\u00e3o comunicadas previamente) Disciplinas 1\u00ba semestre 2026 &nbsp;<\/p>\n","protected":false},"author":24,"featured_media":0,"parent":0,"menu_order":0,"comment_status":"closed","ping_status":"closed","template":"","meta":[],"_links":{"self":[{"href":"https:\/\/www2.uepg.br\/ppgcta\/wp-json\/wp\/v2\/pages\/175"}],"collection":[{"href":"https:\/\/www2.uepg.br\/ppgcta\/wp-json\/wp\/v2\/pages"}],"about":[{"href":"https:\/\/www2.uepg.br\/ppgcta\/wp-json\/wp\/v2\/types\/page"}],"author":[{"embeddable":true,"href":"https:\/\/www2.uepg.br\/ppgcta\/wp-json\/wp\/v2\/users\/24"}],"replies":[{"embeddable":true,"href":"https:\/\/www2.uepg.br\/ppgcta\/wp-json\/wp\/v2\/comments?post=175"}],"version-history":[{"count":17,"href":"https:\/\/www2.uepg.br\/ppgcta\/wp-json\/wp\/v2\/pages\/175\/revisions"}],"predecessor-version":[{"id":1244,"href":"https:\/\/www2.uepg.br\/ppgcta\/wp-json\/wp\/v2\/pages\/175\/revisions\/1244"}],"wp:attachment":[{"href":"https:\/\/www2.uepg.br\/ppgcta\/wp-json\/wp\/v2\/media?parent=175"}],"curies":[{"name":"wp","href":"https:\/\/api.w.org\/{rel}","templated":true}]}}